{"id":5264,"date":"2023-01-27T11:57:09","date_gmt":"2023-01-27T10:57:09","guid":{"rendered":"https:\/\/agora.xtec.cat\/iesjoanot\/?page_id=5264"},"modified":"2023-01-27T12:50:05","modified_gmt":"2023-01-27T11:50:05","slug":"aicle","status":"publish","type":"page","link":"https:\/\/agora.xtec.cat\/iesjoanot\/projectes-de-centre-2015-16\/gep\/aicle\/","title":{"rendered":"AICLE"},"content":{"rendered":"<p><a href=\"https:\/\/agora.xtec.cat\/iesjoanot\/tag\/aicle\/\" target=\"_blank\" rel=\"noopener\">Tots els articles amb l&#8217;etiqueta AICLE!<\/a><\/p>\n<p>El programa<strong> GEP<\/strong> es basa en l\u2019enfocament <strong>AICLE<\/strong> (Aprenentatge integrat de continguts i llengua estrangera) o <strong>CLIL<\/strong> (Content Language Integrated Learning).<\/p>\n<p>L\u2019aprenentatge integrat de contingut i llengua estrangera (AICLE-CLIL) \u00e9s un enfocament educatiu en el qual una llengua estrangera s\u2019utilitza com a mitj\u00e0 d&#8217;instrucci\u00f3 per ensenyar continguts de mat\u00e8ria a un nombre majoritari d\u2019aprenents. L\u2019aplicaci\u00f3 d\u2019aquesta metodologia es tradueix en un increment de les oportunitats d&#8217;aprendre la llengua i practicar-la sense incrementar les hores del curr\u00edculum espec\u00edficament destinades a l&#8217;ensenyament i a l&#8217;aprenentatge de la llengua. L\u2019AICLE contribueix a incrementar la compet\u00e8ncia ling\u00fc\u00edstica de l\u2019aprenent a trav\u00e9s de reptes cognitius i d\u2019activitats de resoluci\u00f3 de problemes, promou i encoratja l&#8217;autonomia de l&#8217;aprenent i l\u2019ajuda a desenvolupar compet\u00e8ncies del pensament (<em>thinking skills<\/em>). Les classes AICLE es caracteritzen per l&#8217;\u00fas que es fa de la llengua amb un prop\u00f2sit real, \u00e9s a dir, el seu \u00fas \u00e9s aut\u00e8ntic i, per tant, molt m\u00e9s significatiu per als alumnes.<\/p>\n","protected":false},"excerpt":{"rendered":"<p>Tots els articles amb l&#8217;etiqueta AICLE! El programa GEP es basa en l\u2019enfocament AICLE (Aprenentatge integrat de continguts i llengua estrangera) o CLIL (Content Language Integrated Learning). L\u2019aprenentatge integrat de contingut i llengua estrangera (AICLE-CLIL) \u00e9s un enfocament educatiu en el qual una llengua estrangera s\u2019utilitza com a mitj\u00e0 d&#8217;instrucci\u00f3 per ensenyar continguts de mat\u00e8ria [&hellip;]<\/p>\n","protected":false},"author":1,"featured_media":0,"parent":5088,"menu_order":0,"comment_status":"closed","ping_status":"closed","template":"page-templates\/side-menu.php","meta":{"_bbp_topic_count":0,"_bbp_reply_count":0,"_bbp_total_topic_count":0,"_bbp_total_reply_count":0,"_bbp_voice_count":0,"_bbp_anonymous_reply_count":0,"_bbp_topic_count_hidden":0,"_bbp_reply_count_hidden":0,"_bbp_forum_subforum_count":0,"site-sidebar-layout":"default","site-content-layout":"","ast-site-content-layout":"","site-content-style":"default","site-sidebar-style":"default","ast-global-header-display":"","ast-banner-title-visibility":"","ast-main-header-display":"","ast-hfb-above-header-display":"","ast-hfb-below-header-display":"","ast-hfb-mobile-header-display":"","site-post-title":"","ast-breadcrumbs-content":"","ast-featured-img":"","footer-sml-layout":"","theme-transparent-header-meta":"","adv-header-id-meta":"","stick-header-meta":"","header-above-stick-meta":"","header-main-stick-meta":"","header-below-stick-meta":"","astra-migrate-meta-layouts":"default","ast-page-background-enabled":"default","ast-page-background-meta":{"desktop":{"background-color":"var(--ast-global-color-4)","background-image":"","background-repeat":"repeat","background-position":"center center","background-size":"auto","background-attachment":"scroll","background-type":"","background-media":"","overlay-type":"","overlay-color":"","overlay-opacity":"","overlay-gradient":""},"tablet":{"background-color":"","background-image":"","background-repeat":"repeat","background-position":"center center","background-size":"auto","background-attachment":"scroll","background-type":"","background-media":"","overlay-type":"","overlay-color":"","overlay-opacity":"","overlay-gradient":""},"mobile":{"background-color":"","background-image":"","background-repeat":"repeat","background-position":"center center","background-size":"auto","background-attachment":"scroll","background-type":"","background-media":"","overlay-type":"","overlay-color":"","overlay-opacity":"","overlay-gradient":""}},"ast-content-background-meta":{"desktop":{"background-color":"var(--ast-global-color-5)","background-image":"","background-repeat":"repeat","background-position":"center center","background-size":"auto","background-attachment":"scroll","background-type":"","background-media":"","overlay-type":"","overlay-color":"","overlay-opacity":"","overlay-gradient":""},"tablet":{"background-color":"var(--ast-global-color-5)","background-image":"","background-repeat":"repeat","background-position":"center center","background-size":"auto","background-attachment":"scroll","background-type":"","background-media":"","overlay-type":"","overlay-color":"","overlay-opacity":"","overlay-gradient":""},"mobile":{"background-color":"var(--ast-global-color-5)","background-image":"","background-repeat":"repeat","background-position":"center center","background-size":"auto","background-attachment":"scroll","background-type":"","background-media":"","overlay-type":"","overlay-color":"","overlay-opacity":"","overlay-gradient":""}},"footnotes":""},"class_list":["post-5264","page","type-page","status-publish","hentry"],"post_mailing_queue_ids":[],"_links":{"self":[{"href":"https:\/\/agora.xtec.cat\/iesjoanot\/wp-json\/wp\/v2\/pages\/5264","targetHints":{"allow":["GET"]}}],"collection":[{"href":"https:\/\/agora.xtec.cat\/iesjoanot\/wp-json\/wp\/v2\/pages"}],"about":[{"href":"https:\/\/agora.xtec.cat\/iesjoanot\/wp-json\/wp\/v2\/types\/page"}],"author":[{"embeddable":true,"href":"https:\/\/agora.xtec.cat\/iesjoanot\/wp-json\/wp\/v2\/users\/1"}],"replies":[{"embeddable":true,"href":"https:\/\/agora.xtec.cat\/iesjoanot\/wp-json\/wp\/v2\/comments?post=5264"}],"version-history":[{"count":3,"href":"https:\/\/agora.xtec.cat\/iesjoanot\/wp-json\/wp\/v2\/pages\/5264\/revisions"}],"predecessor-version":[{"id":5313,"href":"https:\/\/agora.xtec.cat\/iesjoanot\/wp-json\/wp\/v2\/pages\/5264\/revisions\/5313"}],"up":[{"embeddable":true,"href":"https:\/\/agora.xtec.cat\/iesjoanot\/wp-json\/wp\/v2\/pages\/5088"}],"wp:attachment":[{"href":"https:\/\/agora.xtec.cat\/iesjoanot\/wp-json\/wp\/v2\/media?parent=5264"}],"curies":[{"name":"wp","href":"https:\/\/api.w.org\/{rel}","templated":true}]}}