{"id":5088,"date":"2022-11-20T19:09:19","date_gmt":"2022-11-20T18:09:19","guid":{"rendered":"https:\/\/agora.xtec.cat\/iesjoanot\/?page_id=5088"},"modified":"2025-07-14T10:02:43","modified_gmt":"2025-07-14T08:02:43","slug":"gep","status":"publish","type":"page","link":"https:\/\/agora.xtec.cat\/iesjoanot\/projectes-de-centre-2015-16\/gep\/","title":{"rendered":"GEP &#8211; Generaci\u00f3 Pluriling\u00fce"},"content":{"rendered":"<p><img decoding=\"async\" class=\"n3VNCb KAlRDb aligncenter\" src=\"https:\/\/projectes.xtec.cat\/gep\/wp-content\/uploads\/usu682\/2019\/09\/gep.png\" alt=\"El projecte GEP | Generaci\u00f3 Pluriling\u00fce\" data-noaft=\"1\" \/><\/p>\n<h5><strong>Objectius generals<\/strong><\/h5>\n<p>Els objectius generals del programa s\u00f3n promoure l\u2019aplicaci\u00f3 a l\u2019aula de metodologies per a l\u2019aprenentatge integrat de continguts i llengua estrangera (AICLE); fomentar el desenvolupament de projectes interdisciplinars en llengua estrangera, i oferir pautes per a l\u2019organitzaci\u00f3 educativa i el disseny curricular. A trav\u00e9s del GEP tamb\u00e9 es vol refor\u00e7ar el treball cooperatiu entre el professorat, fomentar la innovaci\u00f3 educativa i promoure l\u2019intercanvi de bones pr\u00e0ctiques entre els centres educatius participants.<\/p>\n<h5><strong>Objectius espec\u00edfics<\/strong><\/h5>\n<p>Els objectius espec\u00edfics del GEP en relaci\u00f3 a l\u2019alumnat s\u00f3n els seg\u00fcents:<\/p>\n<ul style=\"list-style-type: disc;\">\n<li>Millorar la compet\u00e8ncia comunicativa en llengua estrangera<\/li>\n<li>Desenvolupar compet\u00e8ncies clau per al s. XXI (b\u00e0siques, del pensament i actitudinals o personals)<\/li>\n<li>Fomentar el treball cooperatiu i per projectes<\/li>\n<li>Adquirir estrat\u00e8gies per a l\u2019aprenentatge aut\u00f2nom (aprendre a aprendre)<\/li>\n<\/ul>\n<h5><strong>Estructura del programa<\/strong><\/h5>\n<p>El programa GEP t\u00e9 una durada de <b>tres anys<\/b>. Com s\u2019estructura el programa?<\/p>\n<h6><b>GEP 1r any &#8211; 2022\/23<\/b><\/h6>\n<ul style=\"list-style-type: disc;\">\n<li>Grup impulsor i pla d\u2019acci\u00f3<\/li>\n<li>Formaci\u00f3 GEP 1<\/li>\n<li>Implementaci\u00f3 a l\u2019aula<\/li>\n<\/ul>\n<h6><a href=\"https:\/\/agora.xtec.cat\/iesjoanot\/tag\/gep-2\/\"><strong>GEP 2n any &#8211; 2023\/24<\/strong><\/a><\/h6>\n<ul style=\"list-style-type: disc;\">\n<li>Formaci\u00f3 GEP 2<\/li>\n<li>Implementaci\u00f3 a l\u2019aula<\/li>\n<li>Recollida de resultats<\/li>\n<\/ul>\n<h6><a href=\"https:\/\/agora.xtec.cat\/iesjoanot\/tag\/gep-3\/\"><strong>GEP 3r any &#8211; 2024\/25<\/strong><\/a><\/h6>\n<ul style=\"list-style-type: disc;\">\n<li>Difusi\u00f3<\/li>\n<li>Consolidaci\u00f3<\/li>\n<li>Lliurament de la mem\u00f2ria del projecte<\/li>\n<\/ul>\n\n\n<div style=\"height:100px\" aria-hidden=\"true\" class=\"wp-block-spacer\"><\/div>\n\n\n\n<h4 class=\"wp-block-heading has-text-align-center\">Darreres not\u00edcies<\/h4>\n\n\n\n<div style=\"height:39px\" aria-hidden=\"true\" class=\"wp-block-spacer\"><\/div>\n\n\n        <div class=\"wp-block-getwid-custom-post-type custom-post-type-post has-layout-list\">\n            <div class=\"wp-block-getwid-custom-post-type__wrapper\">\n                \t\t\t\t\t\t\t\t<div class='wp-block-getwid-custom-post-type__post'>\n\t\t\t\t\t\t\t\t\t\n<div class=\"wp-block-getwid-custom-post-type__post-wrapper\">\n            <div class=\"wp-block-getwid-custom-post-type__post-thumbnail\">\n            <a href=\"https:\/\/agora.xtec.cat\/iesjoanot\/general\/tornem-amb-el-programa-sharing-to-learn\/\"><img loading=\"lazy\" decoding=\"async\" width=\"2560\" height=\"1920\" src=\"https:\/\/agora.xtec.cat\/iesjoanot\/wp-content\/uploads\/usu589\/2025\/10\/IMG_3951-scaled.jpg\" class=\"attachment-post-thumbnail size-post-thumbnail wp-post-image\" alt=\"\" srcset=\"https:\/\/agora.xtec.cat\/iesjoanot\/wp-content\/uploads\/usu589\/2025\/10\/IMG_3951-scaled.jpg 2560w, https:\/\/agora.xtec.cat\/iesjoanot\/wp-content\/uploads\/usu589\/2025\/10\/IMG_3951-300x225.jpg 300w, https:\/\/agora.xtec.cat\/iesjoanot\/wp-content\/uploads\/usu589\/2025\/10\/IMG_3951-1024x768.jpg 1024w, https:\/\/agora.xtec.cat\/iesjoanot\/wp-content\/uploads\/usu589\/2025\/10\/IMG_3951-768x576.jpg 768w, https:\/\/agora.xtec.cat\/iesjoanot\/wp-content\/uploads\/usu589\/2025\/10\/IMG_3951-1536x1152.jpg 1536w, https:\/\/agora.xtec.cat\/iesjoanot\/wp-content\/uploads\/usu589\/2025\/10\/IMG_3951-2048x1536.jpg 2048w\" sizes=\"auto, (max-width: 2560px) 100vw, 2560px\" \/><\/a>\n        <\/div>\n        <div class=\"wp-block-getwid-custom-post-type__content-wrapper\">\n        <div class=\"wp-block-getwid-custom-post-type__post-header\">\n            <h3 class=\"wp-block-getwid-custom-post-type__post-title\"><a href=\"https:\/\/agora.xtec.cat\/iesjoanot\/general\/tornem-amb-el-programa-sharing-to-learn\/\">Tornem amb el programa\u00a0Sharing to Learn<\/a><\/h3>        <\/div>\n        <div class=\"wp-block-getwid-custom-post-type__post-excerpt \"><p>El passat dimecres 8 d&#8217;octubre, les nou alumnes que participaran en el programa Sharing to Learn d&#8217;enguany van anar a l&#8217;American School of Barcelona. All\u00e0 van con\u00e8ixer les seves mentores de l&#8217;Escola de Prim\u00e0ria, on faran el voluntariat donant un cop de m\u00e0 a les mestres d&#8217;infantil i prim\u00e0ria a l&#8217;hora d&#8217;angl\u00e8s per posar en [&hellip;]<\/p>\n<\/div>\n    <\/div>\n<\/div>\n\t\t\t\t\t\t\t\t<\/div>\n\t\t\t\t\t\t\t\t\t\t\t\t\t\t\t<div class='wp-block-getwid-custom-post-type__post'>\n\t\t\t\t\t\t\t\t\t\n<div class=\"wp-block-getwid-custom-post-type__post-wrapper\">\n            <div class=\"wp-block-getwid-custom-post-type__post-thumbnail\">\n            <a href=\"https:\/\/agora.xtec.cat\/iesjoanot\/general\/entrega-dels-certificats-cambridge-del-curs-2024-25\/\"><img loading=\"lazy\" decoding=\"async\" width=\"1077\" height=\"808\" src=\"https:\/\/agora.xtec.cat\/iesjoanot\/wp-content\/uploads\/usu589\/2025\/10\/IMG_3723.png\" class=\"attachment-post-thumbnail size-post-thumbnail wp-post-image\" alt=\"\" srcset=\"https:\/\/agora.xtec.cat\/iesjoanot\/wp-content\/uploads\/usu589\/2025\/10\/IMG_3723.png 1077w, https:\/\/agora.xtec.cat\/iesjoanot\/wp-content\/uploads\/usu589\/2025\/10\/IMG_3723-300x225.png 300w, https:\/\/agora.xtec.cat\/iesjoanot\/wp-content\/uploads\/usu589\/2025\/10\/IMG_3723-1024x768.png 1024w, https:\/\/agora.xtec.cat\/iesjoanot\/wp-content\/uploads\/usu589\/2025\/10\/IMG_3723-768x576.png 768w\" sizes=\"auto, (max-width: 1077px) 100vw, 1077px\" \/><\/a>\n        <\/div>\n        <div class=\"wp-block-getwid-custom-post-type__content-wrapper\">\n        <div class=\"wp-block-getwid-custom-post-type__post-header\">\n            <h3 class=\"wp-block-getwid-custom-post-type__post-title\"><a href=\"https:\/\/agora.xtec.cat\/iesjoanot\/general\/entrega-dels-certificats-cambridge-del-curs-2024-25\/\">Entrega dels certificats CAMBRIDGE del curs 2024\/25<\/a><\/h3>        <\/div>\n        <div class=\"wp-block-getwid-custom-post-type__post-excerpt \"><p>Aquest setembre\u00a0hem\u00a0lliurat les titulacions B1\u00a0Preliminary\u00a0 i B2 First de la Universitat de Cambridge obtingudes el curs passat\u00a0al Joanot.\u00a0En total han sigut un total de 20 t\u00edtols entregats.\u00a0Aquestes certificacions, reconegudes internacionalment, acrediten el nivell d&#8217;angl\u00e8s del nostre alumnat i els obren portes en l&#8217;\u00e0mbit acad\u00e8mic i professional. Al Joanot, apostem per un aprenentatge personalitzat i oferim [&hellip;]<\/p>\n<\/div>\n    <\/div>\n<\/div>\n\t\t\t\t\t\t\t\t<\/div>\n\t\t\t\t\t\t\t\t\t\t\t\t\t\t\t<div class='wp-block-getwid-custom-post-type__post'>\n\t\t\t\t\t\t\t\t\t\n<div class=\"wp-block-getwid-custom-post-type__post-wrapper\">\n            <div class=\"wp-block-getwid-custom-post-type__post-thumbnail\">\n            <a href=\"https:\/\/agora.xtec.cat\/iesjoanot\/general\/cloenda-global-scholars\/\"><img loading=\"lazy\" decoding=\"async\" width=\"2016\" height=\"1512\" src=\"https:\/\/agora.xtec.cat\/iesjoanot\/wp-content\/uploads\/usu589\/2025\/07\/1r-.jpg\" class=\"attachment-post-thumbnail size-post-thumbnail wp-post-image\" alt=\"\" srcset=\"https:\/\/agora.xtec.cat\/iesjoanot\/wp-content\/uploads\/usu589\/2025\/07\/1r-.jpg 2016w, https:\/\/agora.xtec.cat\/iesjoanot\/wp-content\/uploads\/usu589\/2025\/07\/1r--300x225.jpg 300w, https:\/\/agora.xtec.cat\/iesjoanot\/wp-content\/uploads\/usu589\/2025\/07\/1r--1024x768.jpg 1024w, https:\/\/agora.xtec.cat\/iesjoanot\/wp-content\/uploads\/usu589\/2025\/07\/1r--768x576.jpg 768w, https:\/\/agora.xtec.cat\/iesjoanot\/wp-content\/uploads\/usu589\/2025\/07\/1r--1536x1152.jpg 1536w, https:\/\/agora.xtec.cat\/iesjoanot\/wp-content\/uploads\/usu589\/2025\/07\/1r--200x150.jpg 200w\" sizes=\"auto, (max-width: 2016px) 100vw, 2016px\" \/><\/a>\n        <\/div>\n        <div class=\"wp-block-getwid-custom-post-type__content-wrapper\">\n        <div class=\"wp-block-getwid-custom-post-type__post-header\">\n            <h3 class=\"wp-block-getwid-custom-post-type__post-title\"><a href=\"https:\/\/agora.xtec.cat\/iesjoanot\/general\/cloenda-global-scholars\/\">Cloenda <i> Global Scholars <\/i><\/a><\/h3>        <\/div>\n        <div class=\"wp-block-getwid-custom-post-type__post-excerpt \"><p>Aquest curs hem tancat l&#8217;optativa de\u00a0Global Scholars\u00a0al Joanot amb l&#8217;entrega de diplomes a tots els participants. Al llarg de l&#8217;any hem aprofundit en la tem\u00e0tica de les\u00a0Sustainable Cities, treballant valors com la sostenibilitat i la responsabilitat ciutadana. L&#8217;any vinent seguirem en contacte amb escoles d&#8217;arreu del m\u00f3n amb un nou repte global:\u00a0Food, Cities, and Our [&hellip;]<\/p>\n<\/div>\n    <\/div>\n<\/div>\n\t\t\t\t\t\t\t\t<\/div>\n\t\t\t\t\t\t\t\t\t\t\t\t\t\t\t<div class='wp-block-getwid-custom-post-type__post'>\n\t\t\t\t\t\t\t\t\t\n<div class=\"wp-block-getwid-custom-post-type__post-wrapper\">\n            <div class=\"wp-block-getwid-custom-post-type__post-thumbnail\">\n            <a href=\"https:\/\/agora.xtec.cat\/iesjoanot\/general\/sharing-to-learn-24-25-aprenentatge-servei-amb-les-escoles-lola-anglada-i-matilde-orduna\/\"><img loading=\"lazy\" decoding=\"async\" width=\"1024\" height=\"768\" src=\"https:\/\/agora.xtec.cat\/iesjoanot\/wp-content\/uploads\/usu589\/2025\/07\/CLOSING-ASB-CERTIFICATES-copia.jpg\" class=\"attachment-post-thumbnail size-post-thumbnail wp-post-image\" alt=\"\" srcset=\"https:\/\/agora.xtec.cat\/iesjoanot\/wp-content\/uploads\/usu589\/2025\/07\/CLOSING-ASB-CERTIFICATES-copia.jpg 1024w, https:\/\/agora.xtec.cat\/iesjoanot\/wp-content\/uploads\/usu589\/2025\/07\/CLOSING-ASB-CERTIFICATES-copia-300x225.jpg 300w, https:\/\/agora.xtec.cat\/iesjoanot\/wp-content\/uploads\/usu589\/2025\/07\/CLOSING-ASB-CERTIFICATES-copia-768x576.jpg 768w, https:\/\/agora.xtec.cat\/iesjoanot\/wp-content\/uploads\/usu589\/2025\/07\/CLOSING-ASB-CERTIFICATES-copia-200x150.jpg 200w\" sizes=\"auto, (max-width: 1024px) 100vw, 1024px\" \/><\/a>\n        <\/div>\n        <div class=\"wp-block-getwid-custom-post-type__content-wrapper\">\n        <div class=\"wp-block-getwid-custom-post-type__post-header\">\n            <h3 class=\"wp-block-getwid-custom-post-type__post-title\"><a href=\"https:\/\/agora.xtec.cat\/iesjoanot\/general\/sharing-to-learn-24-25-aprenentatge-servei-amb-les-escoles-lola-anglada-i-matilde-orduna\/\">SHARING TO LEARN 24\/25  Aprenentatge servei amb les escoles Lola Anglada i Matilde Ordu\u00f1a<\/a><\/h3>        <\/div>\n        <div class=\"wp-block-getwid-custom-post-type__post-excerpt \"><p>\u00c9s el 6\u00e8 curs que l&#8217;Institut Joanot Martorell participa en el programa Sharing to Learn amb escoles de prim\u00e0ria d&#8217;Esplugues. L&#8217;objectiu d&#8217;aquest programa \u00e9s afavorir l\u2019intercanvi entre alumnat de diferents etapes educatives i donar suport a la millora de l\u2019expressi\u00f3 oral en llengua anglesa. Aquest curs hem comptat la participaci\u00f3 de 10 alumnes d&#8217;entre 4t [&hellip;]<\/p>\n<\/div>\n    <\/div>\n<\/div>\n\t\t\t\t\t\t\t\t<\/div>\n\t\t\t\t\t\t\t\t\t\t\t\t\t\t\t<div class='wp-block-getwid-custom-post-type__post'>\n\t\t\t\t\t\t\t\t\t\n<div class=\"wp-block-getwid-custom-post-type__post-wrapper\">\n            <div class=\"wp-block-getwid-custom-post-type__post-thumbnail\">\n            <a href=\"https:\/\/agora.xtec.cat\/iesjoanot\/general\/global-scholars-1st-eso-long-live-aluminium-bottles\/\"><img loading=\"lazy\" decoding=\"async\" width=\"1024\" height=\"573\" src=\"https:\/\/agora.xtec.cat\/iesjoanot\/wp-content\/uploads\/usu589\/2025\/06\/Captura-de-pantalla-2025-06-24-a-las-19.07.52.png\" class=\"attachment-post-thumbnail size-post-thumbnail wp-post-image\" alt=\"\" srcset=\"https:\/\/agora.xtec.cat\/iesjoanot\/wp-content\/uploads\/usu589\/2025\/06\/Captura-de-pantalla-2025-06-24-a-las-19.07.52.png 1024w, https:\/\/agora.xtec.cat\/iesjoanot\/wp-content\/uploads\/usu589\/2025\/06\/Captura-de-pantalla-2025-06-24-a-las-19.07.52-300x168.png 300w, https:\/\/agora.xtec.cat\/iesjoanot\/wp-content\/uploads\/usu589\/2025\/06\/Captura-de-pantalla-2025-06-24-a-las-19.07.52-768x430.png 768w\" sizes=\"auto, (max-width: 1024px) 100vw, 1024px\" \/><\/a>\n        <\/div>\n        <div class=\"wp-block-getwid-custom-post-type__content-wrapper\">\n        <div class=\"wp-block-getwid-custom-post-type__post-header\">\n            <h3 class=\"wp-block-getwid-custom-post-type__post-title\"><a href=\"https:\/\/agora.xtec.cat\/iesjoanot\/general\/global-scholars-1st-eso-long-live-aluminium-bottles\/\"><i> Global scholars &#8211; 1st ESO &#8211; Long live aluminium bottles! <\/i><\/a><\/h3>        <\/div>\n        <div class=\"wp-block-getwid-custom-post-type__post-excerpt \"><p>Long live aluminium bottles In this Community Action Project our goal was to reduce the number of plastic bottles that end up in landfills. In each class, the students had a decorated bin where they put their plastic bottles. The 1st ESO class that collected the most plastic bottles, won a Global Scholars aluminium bottle [&hellip;]<\/p>\n<\/div>\n    <\/div>\n<\/div>\n\t\t\t\t\t\t\t\t<\/div>\n\t\t\t\t\t\t\t            <\/div>\n\n                            <nav class=\"navigation pagination\" role=\"navigation\">\n                    <h2 class=\"screen-reader-text\"><\/h2>\n                    <div class=\"nav-links\">\n                    <span aria-current=\"page\" class=\"page-numbers current\">1<\/span>\n<a class=\"page-numbers\" href=\"https:\/\/agora.xtec.cat\/iesjoanot\/wp-json\/wp\/v2\/pages\/5088\/page\/2\/\">2<\/a>\n<span class=\"page-numbers dots\">&hellip;<\/span>\n<a class=\"page-numbers\" href=\"https:\/\/agora.xtec.cat\/iesjoanot\/wp-json\/wp\/v2\/pages\/5088\/page\/22\/\">22<\/a>\n<a class=\"page-numbers\" href=\"https:\/\/agora.xtec.cat\/iesjoanot\/wp-json\/wp\/v2\/pages\/5088\/page\/23\/\">23<\/a>\n<a class=\"next page-numbers\" href=\"https:\/\/agora.xtec.cat\/iesjoanot\/wp-json\/wp\/v2\/pages\/5088\/page\/2\/\">> <i><\/i><\/a>                    <\/div>\n                <\/nav>\n                    <\/div>\n        ","protected":false},"excerpt":{"rendered":"<p>Objectius generals Els objectius generals del programa s\u00f3n promoure l\u2019aplicaci\u00f3 a l\u2019aula de metodologies per a l\u2019aprenentatge integrat de continguts i llengua estrangera (AICLE); fomentar el desenvolupament de projectes interdisciplinars en llengua estrangera, i oferir pautes per a l\u2019organitzaci\u00f3 educativa i el disseny curricular. A trav\u00e9s del GEP tamb\u00e9 es vol refor\u00e7ar el treball cooperatiu [&hellip;]<\/p>\n","protected":false},"author":1,"featured_media":0,"parent":427,"menu_order":2,"comment_status":"closed","ping_status":"closed","template":"","meta":{"_bbp_topic_count":0,"_bbp_reply_count":0,"_bbp_total_topic_count":0,"_bbp_total_reply_count":0,"_bbp_voice_count":0,"_bbp_anonymous_reply_count":0,"_bbp_topic_count_hidden":0,"_bbp_reply_count_hidden":0,"_bbp_forum_subforum_count":0,"site-sidebar-layout":"default","site-content-layout":"","ast-site-content-layout":"default","site-content-style":"default","site-sidebar-style":"default","ast-global-header-display":"","ast-banner-title-visibility":"","ast-main-header-display":"","ast-hfb-above-header-display":"","ast-hfb-below-header-display":"","ast-hfb-mobile-header-display":"","site-post-title":"","ast-breadcrumbs-content":"","ast-featured-img":"","footer-sml-layout":"","theme-transparent-header-meta":"","adv-header-id-meta":"","stick-header-meta":"","header-above-stick-meta":"","header-main-stick-meta":"","header-below-stick-meta":"","astra-migrate-meta-layouts":"set","ast-page-background-enabled":"default","ast-page-background-meta":{"desktop":{"background-color":"var(--ast-global-color-4)","background-image":"","background-repeat":"repeat","background-position":"center center","background-size":"auto","background-attachment":"scroll","background-type":"","background-media":"","overlay-type":"","overlay-color":"","overlay-opacity":"","overlay-gradient":""},"tablet":{"background-color":"","background-image":"","background-repeat":"repeat","background-position":"center center","background-size":"auto","background-attachment":"scroll","background-type":"","background-media":"","overlay-type":"","overlay-color":"","overlay-opacity":"","overlay-gradient":""},"mobile":{"background-color":"","background-image":"","background-repeat":"repeat","background-position":"center center","background-size":"auto","background-attachment":"scroll","background-type":"","background-media":"","overlay-type":"","overlay-color":"","overlay-opacity":"","overlay-gradient":""}},"ast-content-background-meta":{"desktop":{"background-color":"var(--ast-global-color-5)","background-image":"","background-repeat":"repeat","background-position":"center center","background-size":"auto","background-attachment":"scroll","background-type":"","background-media":"","overlay-type":"","overlay-color":"","overlay-opacity":"","overlay-gradient":""},"tablet":{"background-color":"var(--ast-global-color-5)","background-image":"","background-repeat":"repeat","background-position":"center center","background-size":"auto","background-attachment":"scroll","background-type":"","background-media":"","overlay-type":"","overlay-color":"","overlay-opacity":"","overlay-gradient":""},"mobile":{"background-color":"var(--ast-global-color-5)","background-image":"","background-repeat":"repeat","background-position":"center center","background-size":"auto","background-attachment":"scroll","background-type":"","background-media":"","overlay-type":"","overlay-color":"","overlay-opacity":"","overlay-gradient":""}},"footnotes":""},"class_list":["post-5088","page","type-page","status-publish","hentry"],"post_mailing_queue_ids":[],"_links":{"self":[{"href":"https:\/\/agora.xtec.cat\/iesjoanot\/wp-json\/wp\/v2\/pages\/5088","targetHints":{"allow":["GET"]}}],"collection":[{"href":"https:\/\/agora.xtec.cat\/iesjoanot\/wp-json\/wp\/v2\/pages"}],"about":[{"href":"https:\/\/agora.xtec.cat\/iesjoanot\/wp-json\/wp\/v2\/types\/page"}],"author":[{"embeddable":true,"href":"https:\/\/agora.xtec.cat\/iesjoanot\/wp-json\/wp\/v2\/users\/1"}],"replies":[{"embeddable":true,"href":"https:\/\/agora.xtec.cat\/iesjoanot\/wp-json\/wp\/v2\/comments?post=5088"}],"version-history":[{"count":5,"href":"https:\/\/agora.xtec.cat\/iesjoanot\/wp-json\/wp\/v2\/pages\/5088\/revisions"}],"predecessor-version":[{"id":7055,"href":"https:\/\/agora.xtec.cat\/iesjoanot\/wp-json\/wp\/v2\/pages\/5088\/revisions\/7055"}],"up":[{"embeddable":true,"href":"https:\/\/agora.xtec.cat\/iesjoanot\/wp-json\/wp\/v2\/pages\/427"}],"wp:attachment":[{"href":"https:\/\/agora.xtec.cat\/iesjoanot\/wp-json\/wp\/v2\/media?parent=5088"}],"curies":[{"name":"wp","href":"https:\/\/api.w.org\/{rel}","templated":true}]}}