{"id":4873,"date":"2022-08-20T11:43:22","date_gmt":"2022-08-20T09:43:22","guid":{"rendered":"https:\/\/agora.xtec.cat\/iesjoanot\/?page_id=4873"},"modified":"2025-07-07T18:45:42","modified_gmt":"2025-07-07T16:45:42","slug":"comunicacio","status":"publish","type":"page","link":"https:\/\/agora.xtec.cat\/iesjoanot\/projectes-de-centre-2015-16\/estrategia-digital-de-centre-edc-en-construccio\/cultura-digital\/comunicacio\/","title":{"rendered":"Comunicaci\u00f3"},"content":{"rendered":"<p>Els canals de comunicaci\u00f3 del centre s\u00f3n els seg\u00fcents:<\/p>\n<p style=\"text-align: center;\">\n<ul>\n<li style=\"list-style-type: none;\">\n<ul>\n<li style=\"list-style-type: none;\">\n<ul style=\"list-style-type: circle;\">\n<li style=\"text-align: left;\">Tel\u00e8fon del centre: <strong>93 371 25 39<br \/>\n<\/strong><\/li>\n<li style=\"text-align: left;\">De forma presencial, segons els horaris de secretaria que hi ha penjats al web o per reunions individuals o en grup, de tutoria, etc., despr\u00e9s de concretar-les amb tutors\/es, equip directiu, etc.<\/li>\n<li style=\"text-align: left;\"><strong>Correu electr\u00f2nic:<\/strong> tot l&#8217;alumnat i professorat disposen d&#8217;un correu electr\u00f2nic corporatiu en el domini @iesjoanot.cat. En el cas d&#8217;alumnat, la forma del correu \u00e9s <strong>nom.cognom@iesjoanot.cat<\/strong><\/li>\n<li style=\"text-align: left;\">Plataforma <strong>Dinantia<\/strong>.<\/li>\n<li style=\"text-align: left;\">P\u00e0gina web: la p\u00e0gina web del centre, <a href=\"https:\/\/agora.xtec.cat\/iesjoanot\/\" target=\"_blank\" rel=\"noopener\"><strong>aquesta mateixa<\/strong><\/a>, cont\u00e9 molta informaci\u00f3 sobre nosaltres. Els avisos importants\/immediats surten a la portada, en forma de rectangles vermells i verds. A banda, hi ha publicacions regulars d&#8217;articles en els quals podeu trobar explicacions i material multim\u00e8dia sobre activitats, sortides, viatges, etc. que duem a terme a l&#8217;institut. Si feu servir les etiquetes dels articles, podeu filtrar per cursos, nivells, mat\u00e8ries, etc. No deixeu de buscar i remenar per la web!<\/li>\n<li style=\"text-align: left;\">Canal de Telegram: el <a href=\"https:\/\/t.me\/InsJoanotMartorell\" target=\"_blank\" rel=\"noopener\"><strong>canal de Telegram<\/strong><\/a> \u00e9s molt \u00fatil per rebre de forma r\u00e0pida totes les informacions i enlla\u00e7os del centre, us animem a que us subscriviu!<\/li>\n<\/ul>\n<\/li>\n<\/ul>\n<\/li>\n<\/ul>\n","protected":false},"excerpt":{"rendered":"<p>Els canals de comunicaci\u00f3 del centre s\u00f3n els seg\u00fcents: Tel\u00e8fon del centre: 93 371 25 39 De forma presencial, segons els horaris de secretaria que hi ha penjats al web o per reunions individuals o en grup, de tutoria, etc., despr\u00e9s de concretar-les amb tutors\/es, equip directiu, etc. Correu electr\u00f2nic: tot l&#8217;alumnat i professorat disposen [&hellip;]<\/p>\n","protected":false},"author":1,"featured_media":0,"parent":4845,"menu_order":20,"comment_status":"closed","ping_status":"closed","template":"page-templates\/side-menu.php","meta":{"_bbp_topic_count":0,"_bbp_reply_count":0,"_bbp_total_topic_count":0,"_bbp_total_reply_count":0,"_bbp_voice_count":0,"_bbp_anonymous_reply_count":0,"_bbp_topic_count_hidden":0,"_bbp_reply_count_hidden":0,"_bbp_forum_subforum_count":0,"site-sidebar-layout":"default","site-content-layout":"","ast-site-content-layout":"","site-content-style":"default","site-sidebar-style":"default","ast-global-header-display":"","ast-banner-title-visibility":"","ast-main-header-display":"","ast-hfb-above-header-display":"","ast-hfb-below-header-display":"","ast-hfb-mobile-header-display":"","site-post-title":"","ast-breadcrumbs-content":"","ast-featured-img":"","footer-sml-layout":"","theme-transparent-header-meta":"","adv-header-id-meta":"","stick-header-meta":"","header-above-stick-meta":"","header-main-stick-meta":"","header-below-stick-meta":"","astra-migrate-meta-layouts":"default","ast-page-background-enabled":"default","ast-page-background-meta":{"desktop":{"background-color":"var(--ast-global-color-4)","background-image":"","background-repeat":"repeat","background-position":"center center","background-size":"auto","background-attachment":"scroll","background-type":"","background-media":"","overlay-type":"","overlay-color":"","overlay-opacity":"","overlay-gradient":""},"tablet":{"background-color":"","background-image":"","background-repeat":"repeat","background-position":"center center","background-size":"auto","background-attachment":"scroll","background-type":"","background-media":"","overlay-type":"","overlay-color":"","overlay-opacity":"","overlay-gradient":""},"mobile":{"background-color":"","background-image":"","background-repeat":"repeat","background-position":"center center","background-size":"auto","background-attachment":"scroll","background-type":"","background-media":"","overlay-type":"","overlay-color":"","overlay-opacity":"","overlay-gradient":""}},"ast-content-background-meta":{"desktop":{"background-color":"var(--ast-global-color-5)","background-image":"","background-repeat":"repeat","background-position":"center center","background-size":"auto","background-attachment":"scroll","background-type":"","background-media":"","overlay-type":"","overlay-color":"","overlay-opacity":"","overlay-gradient":""},"tablet":{"background-color":"var(--ast-global-color-5)","background-image":"","background-repeat":"repeat","background-position":"center center","background-size":"auto","background-attachment":"scroll","background-type":"","background-media":"","overlay-type":"","overlay-color":"","overlay-opacity":"","overlay-gradient":""},"mobile":{"background-color":"var(--ast-global-color-5)","background-image":"","background-repeat":"repeat","background-position":"center center","background-size":"auto","background-attachment":"scroll","background-type":"","background-media":"","overlay-type":"","overlay-color":"","overlay-opacity":"","overlay-gradient":""}},"footnotes":""},"class_list":["post-4873","page","type-page","status-publish","hentry"],"post_mailing_queue_ids":[],"_links":{"self":[{"href":"https:\/\/agora.xtec.cat\/iesjoanot\/wp-json\/wp\/v2\/pages\/4873","targetHints":{"allow":["GET"]}}],"collection":[{"href":"https:\/\/agora.xtec.cat\/iesjoanot\/wp-json\/wp\/v2\/pages"}],"about":[{"href":"https:\/\/agora.xtec.cat\/iesjoanot\/wp-json\/wp\/v2\/types\/page"}],"author":[{"embeddable":true,"href":"https:\/\/agora.xtec.cat\/iesjoanot\/wp-json\/wp\/v2\/users\/1"}],"replies":[{"embeddable":true,"href":"https:\/\/agora.xtec.cat\/iesjoanot\/wp-json\/wp\/v2\/comments?post=4873"}],"version-history":[{"count":4,"href":"https:\/\/agora.xtec.cat\/iesjoanot\/wp-json\/wp\/v2\/pages\/4873\/revisions"}],"predecessor-version":[{"id":6945,"href":"https:\/\/agora.xtec.cat\/iesjoanot\/wp-json\/wp\/v2\/pages\/4873\/revisions\/6945"}],"up":[{"embeddable":true,"href":"https:\/\/agora.xtec.cat\/iesjoanot\/wp-json\/wp\/v2\/pages\/4845"}],"wp:attachment":[{"href":"https:\/\/agora.xtec.cat\/iesjoanot\/wp-json\/wp\/v2\/media?parent=4873"}],"curies":[{"name":"wp","href":"https:\/\/api.w.org\/{rel}","templated":true}]}}