{"id":4858,"date":"2022-08-20T11:39:52","date_gmt":"2022-08-20T09:39:52","guid":{"rendered":"https:\/\/agora.xtec.cat\/iesjoanot\/?page_id=4858"},"modified":"2023-02-20T12:51:33","modified_gmt":"2023-02-20T11:51:33","slug":"objectius","status":"publish","type":"page","link":"https:\/\/agora.xtec.cat\/iesjoanot\/projectes-de-centre-2015-16\/estrategia-digital-de-centre-edc-en-construccio\/part-estrategica\/objectius\/","title":{"rendered":"Objectius"},"content":{"rendered":"<p>A partir de l&#8217;enquesta SELFIE i revisant quins serien els punts amb la puntuaci\u00f3 m\u00e9s baixa (de l&#8217;1 al 5), a m\u00e9s d&#8217;altres consideracions, la comissi\u00f3 digital del centre, juntament amb l&#8217;equip directiu, decideix que els objectius a tenir en compte, seran:<\/p>\n<p><strong>1.\u00a0Generalitzar l&#8217;\u00fas d&#8217;eines tecnol\u00f2giques en els processos d&#8217;ensenyament i aprenentatge de l&#8217;alumnat.<\/strong><\/p>\n<p><strong>2. Fer \u00fas de les tecnologies digitals per a avaluar les habilitats de l\u2019alumnat i promoure el seu \u00fas per a facilitar la retroalimentaci\u00f3 (feedback).<\/strong><\/p>\n<p><strong>3. Fomentar la participaci\u00f3 del nostre alumnat en projectes interdisciplinaris mitjan\u00e7ant la tecnologia.<\/strong><\/p>\n<p><strong>4. Millorar l&#8217;acollida digital del professorat.<\/strong><\/p>\n<p><strong>5. Millorar l&#8217;acolliment digital de les fam\u00edlies.<\/strong><\/p>\n<p style=\"text-align: center;\"><iframe loading=\"lazy\" src=\"https:\/\/docs.google.com\/spreadsheets\/d\/e\/2PACX-1vSf3Cnz-DMy_-4U_I8knFJKeKyyGWVb6fOMBXj7CDEeUzfGtTWF4HgApvgCJk-lmJVCbzmhdH5mYlD6\/pubhtml?widget=true&amp;headers=false\" width=\"1110\" height=\"400\"><span style=\"display: inline-block; width: 0px; overflow: hidden; line-height: 0;\" data-mce-type=\"bookmark\" class=\"mce_SELRES_start\">\ufeff<\/span><span style=\"display: inline-block; width: 0px; overflow: hidden; line-height: 0;\" data-mce-type=\"bookmark\" class=\"mce_SELRES_start\">\ufeff<\/span><span style=\"display: inline-block; width: 0px; overflow: hidden; line-height: 0;\" data-mce-type=\"bookmark\" class=\"mce_SELRES_start\">\ufeff<\/span><span style=\"display: inline-block; width: 0px; overflow: hidden; line-height: 0;\" data-mce-type=\"bookmark\" class=\"mce_SELRES_start\">\ufeff<\/span><span style=\"display: inline-block; width: 0px; overflow: hidden; line-height: 0;\" data-mce-type=\"bookmark\" class=\"mce_SELRES_start\">\ufeff<\/span><span style=\"display: inline-block; width: 0px; overflow: hidden; line-height: 0;\" data-mce-type=\"bookmark\" class=\"mce_SELRES_start\">\ufeff<\/span><\/iframe><\/p>\n","protected":false},"excerpt":{"rendered":"<p>A partir de l&#8217;enquesta SELFIE i revisant quins serien els punts amb la puntuaci\u00f3 m\u00e9s baixa (de l&#8217;1 al 5), a m\u00e9s d&#8217;altres consideracions, la comissi\u00f3 digital del centre, juntament amb l&#8217;equip directiu, decideix que els objectius a tenir en compte, seran: 1.\u00a0Generalitzar l&#8217;\u00fas d&#8217;eines tecnol\u00f2giques en els processos d&#8217;ensenyament i aprenentatge de l&#8217;alumnat. 2. [&hellip;]<\/p>\n","protected":false},"author":1,"featured_media":0,"parent":4843,"menu_order":10,"comment_status":"closed","ping_status":"closed","template":"page-templates\/side-menu.php","meta":{"_bbp_topic_count":0,"_bbp_reply_count":0,"_bbp_total_topic_count":0,"_bbp_total_reply_count":0,"_bbp_voice_count":0,"_bbp_anonymous_reply_count":0,"_bbp_topic_count_hidden":0,"_bbp_reply_count_hidden":0,"_bbp_forum_subforum_count":0,"site-sidebar-layout":"default","site-content-layout":"","ast-site-content-layout":"","site-content-style":"default","site-sidebar-style":"default","ast-global-header-display":"","ast-banner-title-visibility":"","ast-main-header-display":"","ast-hfb-above-header-display":"","ast-hfb-below-header-display":"","ast-hfb-mobile-header-display":"","site-post-title":"","ast-breadcrumbs-content":"","ast-featured-img":"","footer-sml-layout":"","theme-transparent-header-meta":"","adv-header-id-meta":"","stick-header-meta":"","header-above-stick-meta":"","header-main-stick-meta":"","header-below-stick-meta":"","astra-migrate-meta-layouts":"default","ast-page-background-enabled":"default","ast-page-background-meta":{"desktop":{"background-color":"var(--ast-global-color-4)","background-image":"","background-repeat":"repeat","background-position":"center center","background-size":"auto","background-attachment":"scroll","background-type":"","background-media":"","overlay-type":"","overlay-color":"","overlay-opacity":"","overlay-gradient":""},"tablet":{"background-color":"","background-image":"","background-repeat":"repeat","background-position":"center center","background-size":"auto","background-attachment":"scroll","background-type":"","background-media":"","overlay-type":"","overlay-color":"","overlay-opacity":"","overlay-gradient":""},"mobile":{"background-color":"","background-image":"","background-repeat":"repeat","background-position":"center center","background-size":"auto","background-attachment":"scroll","background-type":"","background-media":"","overlay-type":"","overlay-color":"","overlay-opacity":"","overlay-gradient":""}},"ast-content-background-meta":{"desktop":{"background-color":"var(--ast-global-color-5)","background-image":"","background-repeat":"repeat","background-position":"center center","background-size":"auto","background-attachment":"scroll","background-type":"","background-media":"","overlay-type":"","overlay-color":"","overlay-opacity":"","overlay-gradient":""},"tablet":{"background-color":"var(--ast-global-color-5)","background-image":"","background-repeat":"repeat","background-position":"center center","background-size":"auto","background-attachment":"scroll","background-type":"","background-media":"","overlay-type":"","overlay-color":"","overlay-opacity":"","overlay-gradient":""},"mobile":{"background-color":"var(--ast-global-color-5)","background-image":"","background-repeat":"repeat","background-position":"center center","background-size":"auto","background-attachment":"scroll","background-type":"","background-media":"","overlay-type":"","overlay-color":"","overlay-opacity":"","overlay-gradient":""}},"footnotes":""},"class_list":["post-4858","page","type-page","status-publish","hentry"],"post_mailing_queue_ids":[],"_links":{"self":[{"href":"https:\/\/agora.xtec.cat\/iesjoanot\/wp-json\/wp\/v2\/pages\/4858","targetHints":{"allow":["GET"]}}],"collection":[{"href":"https:\/\/agora.xtec.cat\/iesjoanot\/wp-json\/wp\/v2\/pages"}],"about":[{"href":"https:\/\/agora.xtec.cat\/iesjoanot\/wp-json\/wp\/v2\/types\/page"}],"author":[{"embeddable":true,"href":"https:\/\/agora.xtec.cat\/iesjoanot\/wp-json\/wp\/v2\/users\/1"}],"replies":[{"embeddable":true,"href":"https:\/\/agora.xtec.cat\/iesjoanot\/wp-json\/wp\/v2\/comments?post=4858"}],"version-history":[{"count":4,"href":"https:\/\/agora.xtec.cat\/iesjoanot\/wp-json\/wp\/v2\/pages\/4858\/revisions"}],"predecessor-version":[{"id":5462,"href":"https:\/\/agora.xtec.cat\/iesjoanot\/wp-json\/wp\/v2\/pages\/4858\/revisions\/5462"}],"up":[{"embeddable":true,"href":"https:\/\/agora.xtec.cat\/iesjoanot\/wp-json\/wp\/v2\/pages\/4843"}],"wp:attachment":[{"href":"https:\/\/agora.xtec.cat\/iesjoanot\/wp-json\/wp\/v2\/media?parent=4858"}],"curies":[{"name":"wp","href":"https:\/\/api.w.org\/{rel}","templated":true}]}}