{"id":4855,"date":"2022-08-20T11:39:02","date_gmt":"2022-08-20T09:39:02","guid":{"rendered":"https:\/\/agora.xtec.cat\/iesjoanot\/?page_id=4855"},"modified":"2023-02-20T12:48:19","modified_gmt":"2023-02-20T11:48:19","slug":"contextualitzacio-i-diagnosi","status":"publish","type":"page","link":"https:\/\/agora.xtec.cat\/iesjoanot\/projectes-de-centre-2015-16\/estrategia-digital-de-centre-edc-en-construccio\/part-estrategica\/contextualitzacio-i-diagnosi\/","title":{"rendered":"Diagnosi"},"content":{"rendered":"<p>L&#8217;Institut Joanot Martorell ha realitzat la diagnosi de l&#8217;EDC a partir de l&#8217;enquesta SELFIE. SELFIE (les sigles de la qual en angl\u00e8s volen dir &#8220;reflexi\u00f3 personal sobre un aprenentatge efectiu mitjan\u00e7ant el foment de la innovaci\u00f3 a trav\u00e9s de tecnologies educatives&#8221;) \u00e9s una eina gratu\u00efta dissenyada per ajudar als centres educatius a integrar les tecnologies digitals a l&#8217;ensenyament, aprenentatge i avaluaci\u00f3. T\u00e9 una base s\u00f2lida d&#8217;investigaci\u00f3 i s&#8217;ha desenvolupat a partir del <a href=\"https:\/\/publications.jrc.ec.europa.eu\/repository\/\" target=\"_blank\" rel=\"noopener\">marc de la Comissi\u00f3 Europea relatiu a la promoci\u00f3 de l&#8217;aprenentatge en l&#8217;era digital a les institucions educatives<\/a>.<\/p>\n<p>SELFIE recull, de forma an\u00f2nima, les opinions de l&#8217;alumnat, el professorat i l&#8217;equip directiu sobre la manera en que es fan servir les tecnologies al seu centre educatiu. Per fer-ho, es fan servir afirmacions i preguntes breus amb una escala simple de l&#8217;1 al 5 per respondre. A partir de la informaci\u00f3 recollida mitjan\u00e7ant aquestes preguntes, l&#8217;eina genera un informe, com si fos una instant\u00e0nia (un &#8220;selfi&#8221;), dels punts forts i febles del centre educatiu a l&#8217;hora de fer servir les tecnologies.<\/p>\n<p>L&#8217;enquesta es va passar entre alumnat, professorat i equip directiu al desembre de 2021 i aquest \u00e9s el resum dels resultats:<\/p>\n<p><img loading=\"lazy\" decoding=\"async\" class=\"aligncenter size-full wp-image-4904\" src=\"https:\/\/agora.xtec.cat\/iesjoanot\/wp-content\/uploads\/usu589\/2022\/08\/Resum-selfie.png\" alt=\"\" width=\"564\" height=\"807\" srcset=\"https:\/\/agora.xtec.cat\/iesjoanot\/wp-content\/uploads\/usu589\/2022\/08\/Resum-selfie.png 564w, https:\/\/agora.xtec.cat\/iesjoanot\/wp-content\/uploads\/usu589\/2022\/08\/Resum-selfie-210x300.png 210w\" sizes=\"auto, (max-width: 564px) 100vw, 564px\" \/><\/p>\n<p><img loading=\"lazy\" decoding=\"async\" class=\"aligncenter size-full wp-image-4905\" src=\"https:\/\/agora.xtec.cat\/iesjoanot\/wp-content\/uploads\/usu589\/2022\/08\/selfie-per-grups.png\" alt=\"\" width=\"1123\" height=\"794\" srcset=\"https:\/\/agora.xtec.cat\/iesjoanot\/wp-content\/uploads\/usu589\/2022\/08\/selfie-per-grups.png 1123w, https:\/\/agora.xtec.cat\/iesjoanot\/wp-content\/uploads\/usu589\/2022\/08\/selfie-per-grups-300x212.png 300w, https:\/\/agora.xtec.cat\/iesjoanot\/wp-content\/uploads\/usu589\/2022\/08\/selfie-per-grups-1024x724.png 1024w, https:\/\/agora.xtec.cat\/iesjoanot\/wp-content\/uploads\/usu589\/2022\/08\/selfie-per-grups-768x543.png 768w\" sizes=\"auto, (max-width: 1123px) 100vw, 1123px\" \/><\/p>\n<p>Per informaci\u00f3 m\u00e9s detallada, podeu consultar tots els resultats de la SELFIE en <a href=\"https:\/\/agora.xtec.cat\/iesjoanot\/wp-content\/uploads\/usu589\/2022\/08\/Resultats-SELFIE.pdf\" target=\"_blank\" rel=\"noopener\">aquest document<\/a>.<\/p>\n","protected":false},"excerpt":{"rendered":"<p>L&#8217;Institut Joanot Martorell ha realitzat la diagnosi de l&#8217;EDC a partir de l&#8217;enquesta SELFIE. SELFIE (les sigles de la qual en angl\u00e8s volen dir &#8220;reflexi\u00f3 personal sobre un aprenentatge efectiu mitjan\u00e7ant el foment de la innovaci\u00f3 a trav\u00e9s de tecnologies educatives&#8221;) \u00e9s una eina gratu\u00efta dissenyada per ajudar als centres educatius a integrar les tecnologies [&hellip;]<\/p>\n","protected":false},"author":1,"featured_media":0,"parent":4843,"menu_order":0,"comment_status":"closed","ping_status":"closed","template":"page-templates\/side-menu.php","meta":{"_bbp_topic_count":0,"_bbp_reply_count":0,"_bbp_total_topic_count":0,"_bbp_total_reply_count":0,"_bbp_voice_count":0,"_bbp_anonymous_reply_count":0,"_bbp_topic_count_hidden":0,"_bbp_reply_count_hidden":0,"_bbp_forum_subforum_count":0,"site-sidebar-layout":"default","site-content-layout":"","ast-site-content-layout":"","site-content-style":"default","site-sidebar-style":"default","ast-global-header-display":"","ast-banner-title-visibility":"","ast-main-header-display":"","ast-hfb-above-header-display":"","ast-hfb-below-header-display":"","ast-hfb-mobile-header-display":"","site-post-title":"","ast-breadcrumbs-content":"","ast-featured-img":"","footer-sml-layout":"","theme-transparent-header-meta":"","adv-header-id-meta":"","stick-header-meta":"","header-above-stick-meta":"","header-main-stick-meta":"","header-below-stick-meta":"","astra-migrate-meta-layouts":"default","ast-page-background-enabled":"default","ast-page-background-meta":{"desktop":{"background-color":"var(--ast-global-color-4)","background-image":"","background-repeat":"repeat","background-position":"center center","background-size":"auto","background-attachment":"scroll","background-type":"","background-media":"","overlay-type":"","overlay-color":"","overlay-opacity":"","overlay-gradient":""},"tablet":{"background-color":"","background-image":"","background-repeat":"repeat","background-position":"center center","background-size":"auto","background-attachment":"scroll","background-type":"","background-media":"","overlay-type":"","overlay-color":"","overlay-opacity":"","overlay-gradient":""},"mobile":{"background-color":"","background-image":"","background-repeat":"repeat","background-position":"center center","background-size":"auto","background-attachment":"scroll","background-type":"","background-media":"","overlay-type":"","overlay-color":"","overlay-opacity":"","overlay-gradient":""}},"ast-content-background-meta":{"desktop":{"background-color":"var(--ast-global-color-5)","background-image":"","background-repeat":"repeat","background-position":"center center","background-size":"auto","background-attachment":"scroll","background-type":"","background-media":"","overlay-type":"","overlay-color":"","overlay-opacity":"","overlay-gradient":""},"tablet":{"background-color":"var(--ast-global-color-5)","background-image":"","background-repeat":"repeat","background-position":"center center","background-size":"auto","background-attachment":"scroll","background-type":"","background-media":"","overlay-type":"","overlay-color":"","overlay-opacity":"","overlay-gradient":""},"mobile":{"background-color":"var(--ast-global-color-5)","background-image":"","background-repeat":"repeat","background-position":"center center","background-size":"auto","background-attachment":"scroll","background-type":"","background-media":"","overlay-type":"","overlay-color":"","overlay-opacity":"","overlay-gradient":""}},"footnotes":""},"class_list":["post-4855","page","type-page","status-publish","hentry"],"post_mailing_queue_ids":[],"_links":{"self":[{"href":"https:\/\/agora.xtec.cat\/iesjoanot\/wp-json\/wp\/v2\/pages\/4855","targetHints":{"allow":["GET"]}}],"collection":[{"href":"https:\/\/agora.xtec.cat\/iesjoanot\/wp-json\/wp\/v2\/pages"}],"about":[{"href":"https:\/\/agora.xtec.cat\/iesjoanot\/wp-json\/wp\/v2\/types\/page"}],"author":[{"embeddable":true,"href":"https:\/\/agora.xtec.cat\/iesjoanot\/wp-json\/wp\/v2\/users\/1"}],"replies":[{"embeddable":true,"href":"https:\/\/agora.xtec.cat\/iesjoanot\/wp-json\/wp\/v2\/comments?post=4855"}],"version-history":[{"count":3,"href":"https:\/\/agora.xtec.cat\/iesjoanot\/wp-json\/wp\/v2\/pages\/4855\/revisions"}],"predecessor-version":[{"id":4908,"href":"https:\/\/agora.xtec.cat\/iesjoanot\/wp-json\/wp\/v2\/pages\/4855\/revisions\/4908"}],"up":[{"embeddable":true,"href":"https:\/\/agora.xtec.cat\/iesjoanot\/wp-json\/wp\/v2\/pages\/4843"}],"wp:attachment":[{"href":"https:\/\/agora.xtec.cat\/iesjoanot\/wp-json\/wp\/v2\/media?parent=4855"}],"curies":[{"name":"wp","href":"https:\/\/api.w.org\/{rel}","templated":true}]}}