{"id":4845,"date":"2022-08-12T19:28:32","date_gmt":"2022-08-12T17:28:32","guid":{"rendered":"https:\/\/agora.xtec.cat\/iesjoanot\/?page_id=4845"},"modified":"2023-02-20T12:56:48","modified_gmt":"2023-02-20T11:56:48","slug":"cultura-digital","status":"publish","type":"page","link":"https:\/\/agora.xtec.cat\/iesjoanot\/projectes-de-centre-2015-16\/estrategia-digital-de-centre-edc-en-construccio\/cultura-digital\/","title":{"rendered":"Cultura Digital"},"content":{"rendered":"<p>L&#8217;INS Joanot Martorell porta ja molts cursos fent servir les tecnologies aplicades a l&#8217;aprenentatge.<\/p>\n<p>En els darrers cursos, degut a la pand\u00e8mia, s&#8217;ha generalitzat l&#8217;\u00fas de les tecnologies aplicades a l&#8217;aprenentatge per raons \u00f2bvies, per\u00f2 al Joanot ja fa m\u00e9s d&#8217;una d\u00e8cada que fem servir el <a href=\"https:\/\/educaciodigital.cat\/iesjoanot\/moodle\/\" target=\"_blank\" rel=\"noopener\">Moodle<\/a> com a Entorn Virtual d&#8217;Aprenentatge (EVA), amb m\u00e9s de 100 cursos per diferents mat\u00e8ries i nivells, apart de cursos internivells, transversals i d&#8217;\u00fas intern per al professorat.<\/p>\n<p>A m\u00e9s, els darrers tres cursos hem participat del projecte <a href=\"https:\/\/joanaeinesdigitals.wordpress.com\/\" target=\"_blank\" rel=\"noopener\">m\u00f2bils.edu<\/a>, cercant estrat\u00e8gies per normalitzar l\u2019\u00fas dels m\u00f2bils al centre, convertint-los en eines d\u2019aprenentatge significatiu i creant espais per difondre coneixement i experi\u00e8ncies.<\/p>\n<p>Aquest apartat de l&#8217;EDC anomenat Cultura Digital, vol ser un espai on podem recollir i agrupar eines, processos, etc., relacionats amb la tecnologia relacionada amb l&#8217;aprenentatge que fem servir al Joanot. Aqu\u00ed, alumnat, fam\u00edlies i professorat podeu trobar tota la informaci\u00f3 que necessiteu. Com que aquestes tecnologies s\u00f3n quelcom en constant evoluci\u00f3, aquest espai tamb\u00e9 anir\u00e0 canviant i evolucionant amb el temps.<\/p>\n<p>Per comen\u00e7ar, agruparem la informaci\u00f3 en aquestes subp\u00e0gines, que podeu anar seguint amb el men\u00fa desplegable de l&#8217;esquerra:<\/p>\n<ul>\n<li><a href=\"https:\/\/agora.xtec.cat\/iesjoanot\/projecte-educatiu\/estrategia-digital-de-centre-edc-en-construccio\/cultura-digital\/documentacio-basica\/\">Documentaci\u00f3 b\u00e0sica (en construcci\u00f3)<\/a><\/li>\n<li><a href=\"https:\/\/agora.xtec.cat\/iesjoanot\/projecte-educatiu\/estrategia-digital-de-centre-edc-en-construccio\/cultura-digital\/el-moodle-del-centre\/\" target=\"_blank\" rel=\"noopener\">El Moodle del centre<\/a><\/li>\n<li><a href=\"https:\/\/agora.xtec.cat\/iesjoanot\/projecte-educatiu\/estrategia-digital-de-centre-edc-en-construccio\/cultura-digital\/comunicacio\/\" target=\"_blank\" rel=\"noopener\">Comunicaci\u00f3<\/a><\/li>\n<li><a href=\"https:\/\/agora.xtec.cat\/iesjoanot\/projecte-educatiu\/estrategia-digital-de-centre-edc-en-construccio\/cultura-digital\/competencies-digitals-alumnat\/\" target=\"_blank\" rel=\"noopener\">Compet\u00e8ncies digitals alumnat<\/a><\/li>\n<li><a href=\"https:\/\/agora.xtec.cat\/iesjoanot\/projecte-educatiu\/estrategia-digital-de-centre-edc-en-construccio\/cultura-digital\/competencies-digitals-professorat\/\" target=\"_blank\" rel=\"noopener\">Compet\u00e8ncies digitals professorat<\/a><\/li>\n<li><a href=\"https:\/\/agora.xtec.cat\/iesjoanot\/projecte-educatiu\/estrategia-digital-de-centre-edc-en-construccio\/cultura-digital\/aplicacions\/\" target=\"_blank\" rel=\"noopener\">Aplicacions (en construcci\u00f3)<\/a><\/li>\n<li><a href=\"https:\/\/agora.xtec.cat\/iesjoanot\/projecte-educatiu\/estrategia-digital-de-centre-edc-en-construccio\/cultura-digital\/maquinari\/\" target=\"_blank\" rel=\"noopener\">Maquinari<\/a><\/li>\n<\/ul>\n<p><strong>\ud83d\udc49\u00a0 Informaci\u00f3 pel professorat\u00a0 \ud83d\udc48<br \/>\n<\/strong><\/p>\n<p>En <a href=\"https:\/\/docs.google.com\/document\/d\/1VQPf-KFwmJs063ozGFOjIgjEwvp27Q27-FmvWXKaQDo\/edit#\">aquest document<\/a> compartit entre el professorat (sobretot pel professorat nouvingut), trobareu les preguntes m\u00e9s freq\u00fcents relacionades amb aspectes pr\u00e0ctics de l&#8217;\u00fas de les TIC al centre (connexions al wifi, impressores, etc.)<\/p>\n","protected":false},"excerpt":{"rendered":"<p>L&#8217;INS Joanot Martorell porta ja molts cursos fent servir les tecnologies aplicades a l&#8217;aprenentatge. En els darrers cursos, degut a la pand\u00e8mia, s&#8217;ha generalitzat l&#8217;\u00fas de les tecnologies aplicades a l&#8217;aprenentatge per raons \u00f2bvies, per\u00f2 al Joanot ja fa m\u00e9s d&#8217;una d\u00e8cada que fem servir el Moodle com a Entorn Virtual d&#8217;Aprenentatge (EVA), amb m\u00e9s [&hellip;]<\/p>\n","protected":false},"author":1,"featured_media":0,"parent":4838,"menu_order":0,"comment_status":"closed","ping_status":"closed","template":"page-templates\/side-menu.php","meta":{"_bbp_topic_count":0,"_bbp_reply_count":0,"_bbp_total_topic_count":0,"_bbp_total_reply_count":0,"_bbp_voice_count":0,"_bbp_anonymous_reply_count":0,"_bbp_topic_count_hidden":0,"_bbp_reply_count_hidden":0,"_bbp_forum_subforum_count":0,"site-sidebar-layout":"default","site-content-layout":"","ast-site-content-layout":"","site-content-style":"default","site-sidebar-style":"default","ast-global-header-display":"","ast-banner-title-visibility":"","ast-main-header-display":"","ast-hfb-above-header-display":"","ast-hfb-below-header-display":"","ast-hfb-mobile-header-display":"","site-post-title":"","ast-breadcrumbs-content":"","ast-featured-img":"","footer-sml-layout":"","theme-transparent-header-meta":"","adv-header-id-meta":"","stick-header-meta":"","header-above-stick-meta":"","header-main-stick-meta":"","header-below-stick-meta":"","astra-migrate-meta-layouts":"default","ast-page-background-enabled":"default","ast-page-background-meta":{"desktop":{"background-color":"var(--ast-global-color-4)","background-image":"","background-repeat":"repeat","background-position":"center center","background-size":"auto","background-attachment":"scroll","background-type":"","background-media":"","overlay-type":"","overlay-color":"","overlay-opacity":"","overlay-gradient":""},"tablet":{"background-color":"","background-image":"","background-repeat":"repeat","background-position":"center center","background-size":"auto","background-attachment":"scroll","background-type":"","background-media":"","overlay-type":"","overlay-color":"","overlay-opacity":"","overlay-gradient":""},"mobile":{"background-color":"","background-image":"","background-repeat":"repeat","background-position":"center center","background-size":"auto","background-attachment":"scroll","background-type":"","background-media":"","overlay-type":"","overlay-color":"","overlay-opacity":"","overlay-gradient":""}},"ast-content-background-meta":{"desktop":{"background-color":"var(--ast-global-color-5)","background-image":"","background-repeat":"repeat","background-position":"center center","background-size":"auto","background-attachment":"scroll","background-type":"","background-media":"","overlay-type":"","overlay-color":"","overlay-opacity":"","overlay-gradient":""},"tablet":{"background-color":"var(--ast-global-color-5)","background-image":"","background-repeat":"repeat","background-position":"center center","background-size":"auto","background-attachment":"scroll","background-type":"","background-media":"","overlay-type":"","overlay-color":"","overlay-opacity":"","overlay-gradient":""},"mobile":{"background-color":"var(--ast-global-color-5)","background-image":"","background-repeat":"repeat","background-position":"center center","background-size":"auto","background-attachment":"scroll","background-type":"","background-media":"","overlay-type":"","overlay-color":"","overlay-opacity":"","overlay-gradient":""}},"footnotes":""},"class_list":["post-4845","page","type-page","status-publish","hentry"],"post_mailing_queue_ids":[],"_links":{"self":[{"href":"https:\/\/agora.xtec.cat\/iesjoanot\/wp-json\/wp\/v2\/pages\/4845","targetHints":{"allow":["GET"]}}],"collection":[{"href":"https:\/\/agora.xtec.cat\/iesjoanot\/wp-json\/wp\/v2\/pages"}],"about":[{"href":"https:\/\/agora.xtec.cat\/iesjoanot\/wp-json\/wp\/v2\/types\/page"}],"author":[{"embeddable":true,"href":"https:\/\/agora.xtec.cat\/iesjoanot\/wp-json\/wp\/v2\/users\/1"}],"replies":[{"embeddable":true,"href":"https:\/\/agora.xtec.cat\/iesjoanot\/wp-json\/wp\/v2\/comments?post=4845"}],"version-history":[{"count":3,"href":"https:\/\/agora.xtec.cat\/iesjoanot\/wp-json\/wp\/v2\/pages\/4845\/revisions"}],"predecessor-version":[{"id":4961,"href":"https:\/\/agora.xtec.cat\/iesjoanot\/wp-json\/wp\/v2\/pages\/4845\/revisions\/4961"}],"up":[{"embeddable":true,"href":"https:\/\/agora.xtec.cat\/iesjoanot\/wp-json\/wp\/v2\/pages\/4838"}],"wp:attachment":[{"href":"https:\/\/agora.xtec.cat\/iesjoanot\/wp-json\/wp\/v2\/media?parent=4845"}],"curies":[{"name":"wp","href":"https:\/\/api.w.org\/{rel}","templated":true}]}}