{"id":4838,"date":"2022-08-12T19:08:42","date_gmt":"2022-08-12T17:08:42","guid":{"rendered":"https:\/\/agora.xtec.cat\/iesjoanot\/?page_id=4838"},"modified":"2025-07-14T10:04:34","modified_gmt":"2025-07-14T08:04:34","slug":"estrategia-digital-de-centre-edc-en-construccio","status":"publish","type":"page","link":"https:\/\/agora.xtec.cat\/iesjoanot\/projectes-de-centre-2015-16\/estrategia-digital-de-centre-edc-en-construccio\/","title":{"rendered":"Estrat\u00e8gia Digital de Centre (EDC)"},"content":{"rendered":"<div class=\"ast-oembed-container \" style=\"height: 100%;\"><iframe loading=\"lazy\" title=\"Estrat\u00e8gia digital de centre\" width=\"500\" height=\"281\" src=\"https:\/\/www.youtube.com\/embed\/uS5UUZIYLPQ?feature=oembed\" frameborder=\"0\" allow=\"accelerometer; autoplay; clipboard-write; encrypted-media; gyroscope; picture-in-picture; web-share\" referrerpolicy=\"strict-origin-when-cross-origin\" allowfullscreen><\/iframe><\/div>\n<p>En aquest apartat trobareu l&#8217;Estrat\u00e8gia Digital de Centre (EDC) de l&#8217;INS Joanot Martorell. L&#8217;EDC pret\u00e9n ser un instrument on, de forma pr\u00e0ctica, quedi reflectit tot all\u00f2 que t\u00e9 a veure amb l&#8217;\u00fas de la tecnologia en el nostre centre, des de diferents vessants: compet\u00e8ncies digitals de l&#8217;alumnat, del professorat, la normativa i governan\u00e7a tecnol\u00f2giques aix\u00ed com altres aspectes de car\u00e0cter m\u00e9s pr\u00e0ctic.<br \/>\nEls objectius generals de l&#8217;EDC s\u00f3n:<\/p>\n<ul>\n<li>Assegurar la compet\u00e8ncia digital de tot l&#8217;alumnat.<\/li>\n<li>Aconseguir la integraci\u00f3 curricular de les TIC.<\/li>\n<li>Afavorir la inclusi\u00f3 digital de tota la comunitat educativa.<\/li>\n<li>Promoure la innovaci\u00f3 pedag\u00f2gica.<\/li>\n<li>Documentar l&#8217;Estrat\u00e8gia Digital del Centre.<\/li>\n<\/ul>\n<p>L&#8217;EDC es divideix en dos grans apartats: Part Estrat\u00e8gica i Cultura Digital, que trobeu desglossats en el men\u00fa de l&#8217;esquerra.<\/p>\n","protected":false},"excerpt":{"rendered":"<p>En aquest apartat trobareu l&#8217;Estrat\u00e8gia Digital de Centre (EDC) de l&#8217;INS Joanot Martorell. L&#8217;EDC pret\u00e9n ser un instrument on, de forma pr\u00e0ctica, quedi reflectit tot all\u00f2 que t\u00e9 a veure amb l&#8217;\u00fas de la tecnologia en el nostre centre, des de diferents vessants: compet\u00e8ncies digitals de l&#8217;alumnat, del professorat, la normativa i governan\u00e7a tecnol\u00f2giques aix\u00ed [&hellip;]<\/p>\n","protected":false},"author":1,"featured_media":0,"parent":427,"menu_order":60,"comment_status":"closed","ping_status":"closed","template":"","meta":{"_bbp_topic_count":0,"_bbp_reply_count":0,"_bbp_total_topic_count":0,"_bbp_total_reply_count":0,"_bbp_voice_count":0,"_bbp_anonymous_reply_count":0,"_bbp_topic_count_hidden":0,"_bbp_reply_count_hidden":0,"_bbp_forum_subforum_count":0,"site-sidebar-layout":"default","site-content-layout":"","ast-site-content-layout":"default","site-content-style":"default","site-sidebar-style":"default","ast-global-header-display":"","ast-banner-title-visibility":"","ast-main-header-display":"","ast-hfb-above-header-display":"","ast-hfb-below-header-display":"","ast-hfb-mobile-header-display":"","site-post-title":"","ast-breadcrumbs-content":"","ast-featured-img":"","footer-sml-layout":"","theme-transparent-header-meta":"","adv-header-id-meta":"","stick-header-meta":"","header-above-stick-meta":"","header-main-stick-meta":"","header-below-stick-meta":"","astra-migrate-meta-layouts":"set","ast-page-background-enabled":"default","ast-page-background-meta":{"desktop":{"background-color":"var(--ast-global-color-4)","background-image":"","background-repeat":"repeat","background-position":"center center","background-size":"auto","background-attachment":"scroll","background-type":"","background-media":"","overlay-type":"","overlay-color":"","overlay-opacity":"","overlay-gradient":""},"tablet":{"background-color":"","background-image":"","background-repeat":"repeat","background-position":"center center","background-size":"auto","background-attachment":"scroll","background-type":"","background-media":"","overlay-type":"","overlay-color":"","overlay-opacity":"","overlay-gradient":""},"mobile":{"background-color":"","background-image":"","background-repeat":"repeat","background-position":"center center","background-size":"auto","background-attachment":"scroll","background-type":"","background-media":"","overlay-type":"","overlay-color":"","overlay-opacity":"","overlay-gradient":""}},"ast-content-background-meta":{"desktop":{"background-color":"var(--ast-global-color-5)","background-image":"","background-repeat":"repeat","background-position":"center center","background-size":"auto","background-attachment":"scroll","background-type":"","background-media":"","overlay-type":"","overlay-color":"","overlay-opacity":"","overlay-gradient":""},"tablet":{"background-color":"var(--ast-global-color-5)","background-image":"","background-repeat":"repeat","background-position":"center center","background-size":"auto","background-attachment":"scroll","background-type":"","background-media":"","overlay-type":"","overlay-color":"","overlay-opacity":"","overlay-gradient":""},"mobile":{"background-color":"var(--ast-global-color-5)","background-image":"","background-repeat":"repeat","background-position":"center center","background-size":"auto","background-attachment":"scroll","background-type":"","background-media":"","overlay-type":"","overlay-color":"","overlay-opacity":"","overlay-gradient":""}},"footnotes":""},"class_list":["post-4838","page","type-page","status-publish","hentry"],"post_mailing_queue_ids":[],"_links":{"self":[{"href":"https:\/\/agora.xtec.cat\/iesjoanot\/wp-json\/wp\/v2\/pages\/4838","targetHints":{"allow":["GET"]}}],"collection":[{"href":"https:\/\/agora.xtec.cat\/iesjoanot\/wp-json\/wp\/v2\/pages"}],"about":[{"href":"https:\/\/agora.xtec.cat\/iesjoanot\/wp-json\/wp\/v2\/types\/page"}],"author":[{"embeddable":true,"href":"https:\/\/agora.xtec.cat\/iesjoanot\/wp-json\/wp\/v2\/users\/1"}],"replies":[{"embeddable":true,"href":"https:\/\/agora.xtec.cat\/iesjoanot\/wp-json\/wp\/v2\/comments?post=4838"}],"version-history":[{"count":4,"href":"https:\/\/agora.xtec.cat\/iesjoanot\/wp-json\/wp\/v2\/pages\/4838\/revisions"}],"predecessor-version":[{"id":7129,"href":"https:\/\/agora.xtec.cat\/iesjoanot\/wp-json\/wp\/v2\/pages\/4838\/revisions\/7129"}],"up":[{"embeddable":true,"href":"https:\/\/agora.xtec.cat\/iesjoanot\/wp-json\/wp\/v2\/pages\/427"}],"wp:attachment":[{"href":"https:\/\/agora.xtec.cat\/iesjoanot\/wp-json\/wp\/v2\/media?parent=4838"}],"curies":[{"name":"wp","href":"https:\/\/api.w.org\/{rel}","templated":true}]}}