{"id":19,"date":"2014-09-17T14:56:56","date_gmt":"2014-09-17T14:56:56","guid":{"rendered":"http:\/\/agora.xtec.cat\/iesjoanot\/?page_id=19"},"modified":"2025-07-11T18:31:52","modified_gmt":"2025-07-11T16:31:52","slug":"linstitut","status":"publish","type":"page","link":"https:\/\/agora.xtec.cat\/iesjoanot\/linstitut\/","title":{"rendered":"L&#8217;institut"},"content":{"rendered":"<p style=\"text-align: justify;\"><img loading=\"lazy\" decoding=\"async\" class=\"wp-image-6976 alignright\" src=\"https:\/\/agora.xtec.cat\/iesjoanot\/wp-content\/uploads\/usu589\/2025\/07\/entrada-683x1024.jpg\" alt=\"\" width=\"358\" height=\"537\" srcset=\"https:\/\/agora.xtec.cat\/iesjoanot\/wp-content\/uploads\/usu589\/2025\/07\/entrada-683x1024.jpg 683w, https:\/\/agora.xtec.cat\/iesjoanot\/wp-content\/uploads\/usu589\/2025\/07\/entrada-200x300.jpg 200w, https:\/\/agora.xtec.cat\/iesjoanot\/wp-content\/uploads\/usu589\/2025\/07\/entrada-768x1152.jpg 768w, https:\/\/agora.xtec.cat\/iesjoanot\/wp-content\/uploads\/usu589\/2025\/07\/entrada.jpg 1024w\" sizes=\"auto, (max-width: 358px) 100vw, 358px\" \/><\/p>\n<p>L\u2019Institut Joanot Martorell, inaugurat l\u2019any 1971, \u00e9s un centre docent p\u00fablic que enguany celebra el seu 50\u00e8 aniversari. Es troba situat a la localitat d\u2019Esplugues de Llobregat. Actualment acollim uns 500 alumnes distribu\u00efts entre l\u2019ESO, el Batxillerat i el Batxillerat Esportiu. L\u2019alumnat que ve al nostre institut \u00e9s de proced\u00e8ncia molt diversa. Majorit\u00e0riament s\u00f3n nois i noies que viuen al barri de Can Vidalet i a l\u2019Hospitalet de Llobregat.<\/p>\n<p>Apostem per la bona imatge del centre i la qualitat del servei educatiu tot garantint un ensenyament de qualitat, integrant les noves tecnologies mitjan\u00e7ant el desenvolupament de la informatitzaci\u00f3 integral de l\u2019institut (professorat i alumnat) amb la utilitzaci\u00f3 de l\u2019aplicatiu Moodle, la instal\u00b7laci\u00f3 inform\u00e0tica i pissarres digitals a totes les aules i la incorporaci\u00f3 dels llibres digitals en algunes mat\u00e8ries.<\/p>\n<p>Tenim el privilegi de gaudir d\u2019un equip professional i hum\u00e0 altament qualificat, implicat i que est\u00e0 en formaci\u00f3 constant. En aquest sentit destaquem alguns dels projectes que desenvolupem al Joanot: GEP, Teatre en angl\u00e8s, DELF Scolaire, FIRST Certificate, Aprenentatge Servei Comunitari, etc.<\/p>\n<p>L\u2019\u00fas i aprenentatge de lleng\u00fces estrangeres (angl\u00e8s i franc\u00e8s) en contextos significatius \u00e9s un dels aspectes que m\u00e9s estem treballant aquests darrers cursos. I en aquest sentit, aquest curs formem part de la xarxa de centres docents que tenen el plaer de comptar del projecte GEP.<\/p>\n<p>Des dels or\u00edgens de l\u2019institut sempre hem acollit professorat en pr\u00e0ctiques i som centre Formador del Pr\u00e0cticum del M\u00e0ster de formaci\u00f3 del professorat d&#8217;Educaci\u00f3 Secund\u00e0ria Obligat\u00f2ria i Batxillerat, gr\u00e0cies a la nostra llarga experi\u00e8ncia.<\/p>\n<p>Tenim convenis de col\u00b7laboraci\u00f3 amb l\u2019Ajuntament d\u2019Esplugues en diversos \u00e0mbits i un tarann\u00e0 que fa que treballem en xarxa entre els diversos \u00e0mbits i sectors professionals d\u2019Esplugues de Llobregat (Ajuntament, Serveis Socials, Casals de barri, Mossos d\u2019Esquadra, Policia, etc.).<\/p>\n<p>Som un centre educatiu obert que acull a la gent del poble (projectes com el Taller Inergeneracional) i que estem oberts a tota la poblaci\u00f3 d\u2019Esplugues (sortim al carrer a compartir les nostres experi\u00e8ncies&#8230;).<\/p>\n","protected":false},"excerpt":{"rendered":"<p>L\u2019Institut Joanot Martorell, inaugurat l\u2019any 1971, \u00e9s un centre docent p\u00fablic que enguany celebra el seu 50\u00e8 aniversari. Es troba situat a la localitat d\u2019Esplugues de Llobregat. Actualment acollim uns 500 alumnes distribu\u00efts entre l\u2019ESO, el Batxillerat i el Batxillerat Esportiu. L\u2019alumnat que ve al nostre institut \u00e9s de proced\u00e8ncia molt diversa. Majorit\u00e0riament s\u00f3n nois [&hellip;]<\/p>\n","protected":false},"author":1,"featured_media":0,"parent":0,"menu_order":0,"comment_status":"closed","ping_status":"closed","template":"page-templates\/side-menu.php","meta":{"_bbp_topic_count":0,"_bbp_reply_count":0,"_bbp_total_topic_count":0,"_bbp_total_reply_count":0,"_bbp_voice_count":0,"_bbp_anonymous_reply_count":0,"_bbp_topic_count_hidden":0,"_bbp_reply_count_hidden":0,"_bbp_forum_subforum_count":0,"site-sidebar-layout":"default","site-content-layout":"","ast-site-content-layout":"","site-content-style":"default","site-sidebar-style":"default","ast-global-header-display":"","ast-banner-title-visibility":"","ast-main-header-display":"","ast-hfb-above-header-display":"","ast-hfb-below-header-display":"","ast-hfb-mobile-header-display":"","site-post-title":"","ast-breadcrumbs-content":"","ast-featured-img":"","footer-sml-layout":"","theme-transparent-header-meta":"","adv-header-id-meta":"","stick-header-meta":"","header-above-stick-meta":"","header-main-stick-meta":"","header-below-stick-meta":"","astra-migrate-meta-layouts":"default","ast-page-background-enabled":"default","ast-page-background-meta":{"desktop":{"background-color":"var(--ast-global-color-4)","background-image":"","background-repeat":"repeat","background-position":"center center","background-size":"auto","background-attachment":"scroll","background-type":"","background-media":"","overlay-type":"","overlay-color":"","overlay-opacity":"","overlay-gradient":""},"tablet":{"background-color":"","background-image":"","background-repeat":"repeat","background-position":"center center","background-size":"auto","background-attachment":"scroll","background-type":"","background-media":"","overlay-type":"","overlay-color":"","overlay-opacity":"","overlay-gradient":""},"mobile":{"background-color":"","background-image":"","background-repeat":"repeat","background-position":"center center","background-size":"auto","background-attachment":"scroll","background-type":"","background-media":"","overlay-type":"","overlay-color":"","overlay-opacity":"","overlay-gradient":""}},"ast-content-background-meta":{"desktop":{"background-color":"var(--ast-global-color-5)","background-image":"","background-repeat":"repeat","background-position":"center center","background-size":"auto","background-attachment":"scroll","background-type":"","background-media":"","overlay-type":"","overlay-color":"","overlay-opacity":"","overlay-gradient":""},"tablet":{"background-color":"var(--ast-global-color-5)","background-image":"","background-repeat":"repeat","background-position":"center center","background-size":"auto","background-attachment":"scroll","background-type":"","background-media":"","overlay-type":"","overlay-color":"","overlay-opacity":"","overlay-gradient":""},"mobile":{"background-color":"var(--ast-global-color-5)","background-image":"","background-repeat":"repeat","background-position":"center center","background-size":"auto","background-attachment":"scroll","background-type":"","background-media":"","overlay-type":"","overlay-color":"","overlay-opacity":"","overlay-gradient":""}},"footnotes":""},"class_list":["post-19","page","type-page","status-publish","hentry"],"post_mailing_queue_ids":[],"_links":{"self":[{"href":"https:\/\/agora.xtec.cat\/iesjoanot\/wp-json\/wp\/v2\/pages\/19","targetHints":{"allow":["GET"]}}],"collection":[{"href":"https:\/\/agora.xtec.cat\/iesjoanot\/wp-json\/wp\/v2\/pages"}],"about":[{"href":"https:\/\/agora.xtec.cat\/iesjoanot\/wp-json\/wp\/v2\/types\/page"}],"author":[{"embeddable":true,"href":"https:\/\/agora.xtec.cat\/iesjoanot\/wp-json\/wp\/v2\/users\/1"}],"replies":[{"embeddable":true,"href":"https:\/\/agora.xtec.cat\/iesjoanot\/wp-json\/wp\/v2\/comments?post=19"}],"version-history":[{"count":6,"href":"https:\/\/agora.xtec.cat\/iesjoanot\/wp-json\/wp\/v2\/pages\/19\/revisions"}],"predecessor-version":[{"id":7138,"href":"https:\/\/agora.xtec.cat\/iesjoanot\/wp-json\/wp\/v2\/pages\/19\/revisions\/7138"}],"wp:attachment":[{"href":"https:\/\/agora.xtec.cat\/iesjoanot\/wp-json\/wp\/v2\/media?parent=19"}],"curies":[{"name":"wp","href":"https:\/\/api.w.org\/{rel}","templated":true}]}}