{"id":1426,"date":"2016-10-11T12:07:20","date_gmt":"2016-10-11T11:07:20","guid":{"rendered":"http:\/\/agora.xtec.cat\/iesjoanot\/?page_id=1426"},"modified":"2023-02-07T14:20:10","modified_gmt":"2023-02-07T13:20:10","slug":"impulsem-la-robotica-4t-deso","status":"publish","type":"page","link":"https:\/\/agora.xtec.cat\/iesjoanot\/projectes-de-centre-2015-16\/impulsem-la-robotica-4t-deso\/","title":{"rendered":"Impulsem la Rob\u00f2tica &#8211; 4t d&#8217;ESO"},"content":{"rendered":"<p>Aqu\u00ed trobareu tots els articles amb l&#8217;etiqueta <a href=\"https:\/\/agora.xtec.cat\/iesjoanot\/tag\/robotica\/\" target=\"_blank\" rel=\"noopener\">Rob\u00f2tica<\/a>.<\/p>\n<p><img loading=\"lazy\" decoding=\"async\" class=\"size-full wp-image-1427 aligncenter\" src=\"http:\/\/agora.xtec.cat\/iesjoanot\/wp-content\/uploads\/usu589\/2016\/10\/simbol.jpg\" alt=\"simbol\" width=\"170\" height=\"120\" \/><\/p>\n<p><img loading=\"lazy\" decoding=\"async\" class=\"size-full wp-image-1428 aligncenter\" src=\"http:\/\/agora.xtec.cat\/iesjoanot\/wp-content\/uploads\/usu589\/2016\/10\/simbol-CTC.jpg\" alt=\"simbol-ctc\" width=\"327\" height=\"43\" srcset=\"https:\/\/agora.xtec.cat\/iesjoanot\/wp-content\/uploads\/usu589\/2016\/10\/simbol-CTC.jpg 327w, https:\/\/agora.xtec.cat\/iesjoanot\/wp-content\/uploads\/usu589\/2016\/10\/simbol-CTC-300x39.jpg 300w\" sizes=\"auto, (max-width: 327px) 100vw, 327px\" \/><\/p>\n<p>El curs 2016-2017 el nostre institut va estar seleccionat per participar en el programa <strong>Impulsem la Rob\u00f2tica. Tecnologies creatives a l\u2019aula<\/strong>. Es tracta d\u2019un projecte dirigit als alumnes de 4t curs d\u2019ESO, en el qual la rob\u00f2tica i la programaci\u00f3 assoleixen un protagonisme molt important dins el curr\u00edculum de la mat\u00e8ria de Tecnologia.<\/p>\n<p>Aquest projecte esdev\u00e9 una oportunitat per aprofundir de forma sistem\u00e0tica en el desenvolupament d\u2019un conjunt d\u2019activitats orientades al treball per projectes sobre la plataforma Arduino. Les activitats, experiments i projectes es realitzen amb un kit que inclou components electr\u00f2nics, dispositius de control i elements mec\u00e0nics de recolzament. L\u2019objectiu principal d\u2019aquestes activitats \u00e9s ajudar l\u2019alumnat a transformar el seu rol d\u2019usuaris de tecnologia en creadors de tecnologia.<\/p>\n<p>Durant els cursos seg\u00fcents es va organitzar una Fira de projectes on ens vam reunir tots els instituts que particip\u00e0vem en aquest projecte i on es van mostrar i es van compartir els projectes duts a terme durant el curs.<\/p>\n<p>Actualment continuem duent a terme el projecte, tot i que la Fira ja no es fa.<\/p>\n","protected":false},"excerpt":{"rendered":"<p>Aqu\u00ed trobareu tots els articles amb l&#8217;etiqueta Rob\u00f2tica. El curs 2016-2017 el nostre institut va estar seleccionat per participar en el programa Impulsem la Rob\u00f2tica. Tecnologies creatives a l\u2019aula. Es tracta d\u2019un projecte dirigit als alumnes de 4t curs d\u2019ESO, en el qual la rob\u00f2tica i la programaci\u00f3 assoleixen un protagonisme molt important dins el [&hellip;]<\/p>\n","protected":false},"author":1,"featured_media":0,"parent":427,"menu_order":80,"comment_status":"closed","ping_status":"closed","template":"page-templates\/side-menu.php","meta":{"_bbp_topic_count":0,"_bbp_reply_count":0,"_bbp_total_topic_count":0,"_bbp_total_reply_count":0,"_bbp_voice_count":0,"_bbp_anonymous_reply_count":0,"_bbp_topic_count_hidden":0,"_bbp_reply_count_hidden":0,"_bbp_forum_subforum_count":0,"site-sidebar-layout":"default","site-content-layout":"","ast-site-content-layout":"","site-content-style":"default","site-sidebar-style":"default","ast-global-header-display":"","ast-banner-title-visibility":"","ast-main-header-display":"","ast-hfb-above-header-display":"","ast-hfb-below-header-display":"","ast-hfb-mobile-header-display":"","site-post-title":"","ast-breadcrumbs-content":"","ast-featured-img":"","footer-sml-layout":"","theme-transparent-header-meta":"","adv-header-id-meta":"","stick-header-meta":"","header-above-stick-meta":"","header-main-stick-meta":"","header-below-stick-meta":"","astra-migrate-meta-layouts":"default","ast-page-background-enabled":"default","ast-page-background-meta":{"desktop":{"background-color":"var(--ast-global-color-4)","background-image":"","background-repeat":"repeat","background-position":"center center","background-size":"auto","background-attachment":"scroll","background-type":"","background-media":"","overlay-type":"","overlay-color":"","overlay-opacity":"","overlay-gradient":""},"tablet":{"background-color":"","background-image":"","background-repeat":"repeat","background-position":"center center","background-size":"auto","background-attachment":"scroll","background-type":"","background-media":"","overlay-type":"","overlay-color":"","overlay-opacity":"","overlay-gradient":""},"mobile":{"background-color":"","background-image":"","background-repeat":"repeat","background-position":"center center","background-size":"auto","background-attachment":"scroll","background-type":"","background-media":"","overlay-type":"","overlay-color":"","overlay-opacity":"","overlay-gradient":""}},"ast-content-background-meta":{"desktop":{"background-color":"var(--ast-global-color-5)","background-image":"","background-repeat":"repeat","background-position":"center center","background-size":"auto","background-attachment":"scroll","background-type":"","background-media":"","overlay-type":"","overlay-color":"","overlay-opacity":"","overlay-gradient":""},"tablet":{"background-color":"var(--ast-global-color-5)","background-image":"","background-repeat":"repeat","background-position":"center center","background-size":"auto","background-attachment":"scroll","background-type":"","background-media":"","overlay-type":"","overlay-color":"","overlay-opacity":"","overlay-gradient":""},"mobile":{"background-color":"var(--ast-global-color-5)","background-image":"","background-repeat":"repeat","background-position":"center center","background-size":"auto","background-attachment":"scroll","background-type":"","background-media":"","overlay-type":"","overlay-color":"","overlay-opacity":"","overlay-gradient":""}},"footnotes":""},"class_list":["post-1426","page","type-page","status-publish","hentry"],"post_mailing_queue_ids":[],"_links":{"self":[{"href":"https:\/\/agora.xtec.cat\/iesjoanot\/wp-json\/wp\/v2\/pages\/1426","targetHints":{"allow":["GET"]}}],"collection":[{"href":"https:\/\/agora.xtec.cat\/iesjoanot\/wp-json\/wp\/v2\/pages"}],"about":[{"href":"https:\/\/agora.xtec.cat\/iesjoanot\/wp-json\/wp\/v2\/types\/page"}],"author":[{"embeddable":true,"href":"https:\/\/agora.xtec.cat\/iesjoanot\/wp-json\/wp\/v2\/users\/1"}],"replies":[{"embeddable":true,"href":"https:\/\/agora.xtec.cat\/iesjoanot\/wp-json\/wp\/v2\/comments?post=1426"}],"version-history":[{"count":3,"href":"https:\/\/agora.xtec.cat\/iesjoanot\/wp-json\/wp\/v2\/pages\/1426\/revisions"}],"predecessor-version":[{"id":5418,"href":"https:\/\/agora.xtec.cat\/iesjoanot\/wp-json\/wp\/v2\/pages\/1426\/revisions\/5418"}],"up":[{"embeddable":true,"href":"https:\/\/agora.xtec.cat\/iesjoanot\/wp-json\/wp\/v2\/pages\/427"}],"wp:attachment":[{"href":"https:\/\/agora.xtec.cat\/iesjoanot\/wp-json\/wp\/v2\/media?parent=1426"}],"curies":[{"name":"wp","href":"https:\/\/api.w.org\/{rel}","templated":true}]}}