{"id":7727,"date":"2022-09-10T10:57:41","date_gmt":"2022-09-10T08:57:41","guid":{"rendered":"https:\/\/agora.xtec.cat\/iesjoanbrudieu\/?page_id=7727"},"modified":"2022-09-10T10:59:40","modified_gmt":"2022-09-10T08:59:40","slug":"videos-curs-2021-2022","status":"publish","type":"page","link":"https:\/\/agora.xtec.cat\/iesjoanbrudieu\/videos-de-linstitut\/videos-curs-2021-2022\/","title":{"rendered":"V\u00eddeos: curs 2021-2022"},"content":{"rendered":"<h2 class=\"titolh2\">CURS 2021-2022<\/h2>\n<div class=\"blocimg\"><a href=\"https:\/\/youtu.be\/PMcHXIXHDCw\" target=\"_blank\" rel=\"noopener noreferrer\"><img decoding=\"async\" class=\"size-thumbnail wp-image-1717 aligncenter img150x150\" src=\"https:\/\/institutjoanbrudieu.cat\/public\/web_centre\/html\/documents\/fotos_videos_web\/220617_TdS_S3.jpg\" alt=\"220617_TdS_S3\" \/>220617 Treball de S\u00edntesi de 3r ESO<\/a><\/div>\n<div class=\"blocimg\"><a href=\"https:\/\/youtu.be\/DG0RQqBOnhU\" target=\"_blank\" rel=\"noopener noreferrer\"><img decoding=\"async\" class=\"size-thumbnail wp-image-1717 aligncenter img150x150\" src=\"https:\/\/institutjoanbrudieu.cat\/public\/web_centre\/html\/documents\/fotos_videos_web\/220616_Alinya_IFE.jpg\" alt=\"220616_Alinya_IFE\" \/>220616 IFE a Aliny\u00e0<\/a><\/div>\n<div class=\"blocimg\"><a href=\"https:\/\/youtu.be\/Dfrce2lYIzc\" target=\"_blank\" rel=\"noopener noreferrer\"><img decoding=\"async\" class=\"size-thumbnail wp-image-1717 aligncenter img150x150\" src=\"https:\/\/institutjoanbrudieu.cat\/public\/web_centre\/html\/documents\/fotos_videos_web\/220614_Barranquisme.jpg\" alt=\"220614_Barranquisme\" \/>220614 Activitat de barranquisme (S2)<\/a><\/div>\n<div class=\"blocimg\"><a href=\"https:\/\/www.youtube.com\/watch?v=8MYFqyHjBEg\" target=\"_blank\" rel=\"noopener noreferrer\"><img decoding=\"async\" class=\"size-thumbnail wp-image-1717 aligncenter img150x150\" src=\"https:\/\/institutjoanbrudieu.cat\/public\/web_centre\/html\/documents\/fotos_videos_web\/2122_Diploma_Graduacio.jpg\" alt=\"2122_Diploma_Graduacio\" \/>220527 Festa de Graduaci\u00f3 BTX-FP<\/a><\/div>\n<div class=\"blocimg\"><a href=\"https:\/\/www.youtube.com\/watch?v=SA3bxDwKpqc\" target=\"_blank\" rel=\"noopener noreferrer\"><img decoding=\"async\" class=\"size-thumbnail wp-image-1717 aligncenter img150x150\" src=\"https:\/\/institutjoanbrudieu.cat\/public\/web_centre\/html\/documents\/fotos_videos_web\/220514_SIEI_Mobile_Week.jpg\" alt=\"220514_SIEI_Mobile_Week\" \/>220514_SIEI al Mobile Week &#8211; la Seu d&#8217;Urgell<\/a><\/div>\n<div class=\"blocimg\"><a href=\"https:\/\/youtu.be\/-rlAlWwY25E\" target=\"_blank\" rel=\"noopener noreferrer\"><img decoding=\"async\" class=\"size-thumbnail wp-image-1717 aligncenter img150x150\" src=\"https:\/\/institutjoanbrudieu.cat\/public\/web_centre\/html\/documents\/fotos_videos_web\/220324_Laura_Casanovas.jpg\" alt=\"220324_Laura_Casanovas\" \/>220324 i 220331 L&#8217;escriptora Laura Casanovas visita l&#8217;alumnat de 3r ESO<\/a><\/div>\n<div class=\"blocimg\"><a href=\"https:\/\/youtu.be\/Mzv5EbFayvw\" target=\"_blank\" rel=\"noopener noreferrer\"><img decoding=\"async\" class=\"size-thumbnail wp-image-1717 aligncenter img150x150\" src=\"https:\/\/institutjoanbrudieu.cat\/public\/web_centre\/html\/documents\/fotos_videos_web\/220322_Visita_alcalde_IFE.jpg\" alt=\"220322_Visita_alcalde_IFE\" \/>220322 Visita de l&#8217;alcalde de la Seu d&#8217;Urgell a l&#8217;IFE<\/a><\/div>\n<div class=\"blocimg\"><a href=\"https:\/\/youtu.be\/3TeVsOdENnE\" target=\"_blank\" rel=\"noopener noreferrer\"><img decoding=\"async\" class=\"size-thumbnail wp-image-1717 aligncenter img150x150\" src=\"https:\/\/institutjoanbrudieu.cat\/public\/web_centre\/html\/documents\/fotos_videos_web\/220304_Esquiada_ESO.jpg\" alt=\"220304_Esquiada_ESO\" \/>220304 Esquiada de l&#8217;alumnat de l&#8217;ESO<\/a><\/div>\n<div class=\"blocimg\"><a href=\"https:\/\/youtu.be\/vdgIbspLPKg\" target=\"_blank\" rel=\"noopener noreferrer\"><img decoding=\"async\" class=\"size-thumbnail wp-image-1717 aligncenter img150x150\" src=\"https:\/\/institutjoanbrudieu.cat\/public\/web_centre\/html\/documents\/fotos_videos_web\/220225_Carnestoltes.jpg\" alt=\"220225_Carnestoltes\" \/>220225 Carnestoltes<\/a><\/div>\n<div class=\"blocimg\"><a href=\"https:\/\/youtu.be\/DwympabEnNE\" target=\"_blank\" rel=\"noopener noreferrer\"><img decoding=\"async\" class=\"size-thumbnail wp-image-1717 aligncenter img150x150\" src=\"https:\/\/institutjoanbrudieu.cat\/public\/web_centre\/html\/documents\/fotos_videos_web\/220225_Bev_Allan_Institut_Joan_Brudieu.jpg\" alt=\"220225_Bev_Allan_Institut_Joan_Brudieu\" \/>220225 Bev Allan visita l&#8217;Institut Joan Brudieu &#8211; Alumnat B1<\/a><\/div>\n<div class=\"blocimg\"><a href=\"https:\/\/youtu.be\/NJZ07FS3ulQ\" target=\"_blank\" rel=\"noopener noreferrer\"><img decoding=\"async\" class=\"size-thumbnail wp-image-1717 aligncenter img150x150\" src=\"https:\/\/institutjoanbrudieu.cat\/public\/web_centre\/html\/documents\/fotos_videos_web\/220224_Mates_Problemes_esprint_S1_S2.jpg\" alt=\"220224_Mates_Problemes_esprint_S1_S2\" \/>211213 Problemes de Matem\u00e0tiques a l&#8217;esprint &#8211; Alumnat S1 i S2 (Reporters gr\u00e0fics: Alumnat de SIEI)<\/a><\/div>\n<div class=\"blocimg\"><a href=\"https:\/\/youtu.be\/nSlZiRHwSNk\" target=\"_blank\" rel=\"noopener noreferrer\"><img decoding=\"async\" class=\"size-thumbnail wp-image-1717 aligncenter img150x150\" src=\"https:\/\/institutjoanbrudieu.cat\/public\/web_centre\/html\/documents\/fotos_videos_web\/220221_Mates_Sortida_S2.jpg\" alt=\"220221_Mates_Sortida_S2\" \/>220221 Sortida de Matem\u00e0tiques &#8211; Alumnat S2<\/a><\/div>\n<div class=\"blocimg\"><a href=\"https:\/\/youtu.be\/L3D-rEIEYzs\" target=\"_blank\" rel=\"noopener noreferrer\"><img decoding=\"async\" class=\"size-thumbnail wp-image-1717 aligncenter img150x150\" src=\"https:\/\/institutjoanbrudieu.cat\/public\/web_centre\/html\/documents\/fotos_videos_web\/220215_Mates_Sortida_S3.jpg\" alt=\"220215_Mates_Sortida_S3\" \/>220215 Sortida de Matem\u00e0tiques &#8211; Alumnat S3<\/a><\/div>\n<div class=\"blocimg\"><a href=\"https:\/\/youtu.be\/1vLyyZt6PYE\" target=\"_blank\" rel=\"noopener noreferrer\"><img decoding=\"async\" class=\"size-thumbnail wp-image-1717 aligncenter img150x150\" src=\"https:\/\/institutjoanbrudieu.cat\/public\/web_centre\/html\/documents\/fotos_videos_web\/220210_danses_escoceses.jpg\" alt=\"220210_danses_escoceses\" \/>220210 Taller de danses escoceses<\/a><\/div>\n<div class=\"blocimg\"><a href=\"https:\/\/youtu.be\/nqxo6p3QtT0\" target=\"_blank\" rel=\"noopener noreferrer\"><img decoding=\"async\" class=\"size-thumbnail wp-image-1717 aligncenter img150x150\" src=\"https:\/\/institutjoanbrudieu.cat\/public\/web_centre\/html\/documents\/fotos_videos_web\/220208_Socials_Sortida_S2_Muralles_La_Seu.jpg\" alt=\"220208_Socials_Sortida_S2_Muralles_La_Seu\" \/>220208 Sortida Socials S2 i SIEI: Muralles de la Seu <\/a><\/div>\n<div class=\"blocimg\"><a href=\"https:\/\/youtu.be\/5KBubyObtkA\" target=\"_blank\" rel=\"noopener noreferrer\"><img decoding=\"async\" class=\"size-thumbnail wp-image-1717 aligncenter img150x150\" src=\"https:\/\/institutjoanbrudieu.cat\/public\/web_centre\/html\/documents\/fotos_videos_web\/220128_IFE_Taller_de_costura.jpg\" alt=\"220128_IFE_Taller_de_costura\" \/>220128 IFE Taller de costura<\/a><\/div>\n<div class=\"blocimg\"><a href=\"https:\/\/youtu.be\/TTrVO5SGpNs\" target=\"_blank\" rel=\"noopener noreferrer\"><img decoding=\"async\" class=\"size-thumbnail wp-image-1717 aligncenter img150x150\" src=\"https:\/\/institutjoanbrudieu.cat\/public\/web_centre\/html\/documents\/fotos_videos_web\/220126_Mates_Sortida_B2.jpg\" alt=\"220126_Mates_Sortida_B2\" \/>220126 Sortida de Matem\u00e0tiques &#8211; Alumnat B2<\/a><\/div>\n<div class=\"blocimg\"><a href=\"https:\/\/youtu.be\/fUBoTyb4L8o\" target=\"_blank\" rel=\"noopener noreferrer\"><img decoding=\"async\" class=\"size-thumbnail wp-image-1717 aligncenter img150x150\" src=\"https:\/\/institutjoanbrudieu.cat\/public\/web_centre\/html\/documents\/fotos_videos_web\/220125_Taller_mapes_personals.jpg\" alt=\"220125_Taller_mapes_personals\" \/>220125 Taller mapes personals &#8211; Alumnat B2<\/a><\/div>\n<div class=\"blocimg\"><a href=\"https:\/\/youtu.be\/TZFw2mRTFfI\" target=\"_blank\" rel=\"noopener noreferrer\"><img decoding=\"async\" class=\"size-thumbnail wp-image-1717 aligncenter img150x150\" src=\"https:\/\/institutjoanbrudieu.cat\/public\/web_centre\/html\/documents\/fotos_videos_web\/Nadala_2021_Institut_Joan_Brudieu_web.jpg\" alt=\"Nadala_2021_Institut_Joan_Brudieu_web\" \/>211222 Nadal al SIEI<\/a><\/div>\n<div class=\"blocimg\"><a href=\"https:\/\/youtu.be\/HTdA_DB8cew\" target=\"_blank\" rel=\"noopener noreferrer\"><img decoding=\"async\" class=\"size-thumbnail wp-image-1717 aligncenter img150x150\" src=\"https:\/\/institutjoanbrudieu.cat\/public\/web_centre\/html\/documents\/fotos_videos_web\/211221_IFE_Taller_de_cuina.jpg\" alt=\"211221_IFE_Taller_de_cuina\" \/>211221 Taller de cuina a c\u00e0rrec de l&#8217;alumnat de l&#8217;IFE<\/a><\/div>\n<div class=\"blocimg\"><a href=\"https:\/\/youtu.be\/PXHtxvmmeL8\" target=\"_blank\" rel=\"noopener noreferrer\"><img decoding=\"async\" class=\"size-thumbnail wp-image-1717 aligncenter img150x150\" src=\"https:\/\/institutjoanbrudieu.cat\/public\/web_centre\/html\/documents\/fotos_videos_web\/211220_Mates_Vitrina_Nadal.jpg\" alt=\"211220_Mates_Vitrina_Nadal\" \/>211220 Matem\u00e0tiques, vitrina, globus: Nadal matem\u00e0tic<\/a><\/div>\n<div class=\"blocimg\"><a href=\"https:\/\/youtu.be\/oXacEhOeoRA\" target=\"_blank\" rel=\"noopener noreferrer\"><img decoding=\"async\" class=\"size-thumbnail wp-image-1717 aligncenter img150x150\" src=\"https:\/\/institutjoanbrudieu.cat\/public\/web_centre\/html\/documents\/fotos_videos_web\/211213_Mates_Problemes_esprint.jpg\" alt=\"211213_Mates_Problemes_esprint\" \/>211213 Problemes de Matem\u00e0tiques a l&#8217;esprint<\/a><\/div>\n<div class=\"blocimg\"><a href=\"https:\/\/youtu.be\/uY8PDaN6STk\" target=\"_blank\" rel=\"noopener noreferrer\"><img decoding=\"async\" class=\"size-thumbnail wp-image-1717 aligncenter img150x150\" src=\"https:\/\/institutjoanbrudieu.cat\/public\/web_centre\/html\/documents\/fotos_videos_web\/211202_La_tardor_SIEI_Brudieu.jpg\" alt=\"211202_La_tardor_SIEI_Brudieu\" \/>211202 La tardor (alumnat del SIEI)<\/a><\/div>\n<div class=\"blocimg\"><a href=\"https:\/\/youtu.be\/dzZy7zb4yi8\" target=\"_blank\" rel=\"noopener noreferrer\"><img decoding=\"async\" class=\"size-thumbnail wp-image-1717 aligncenter img150x150\" src=\"https:\/\/institutjoanbrudieu.cat\/public\/web_centre\/html\/documents\/fotos_videos_web\/211130_Manteniment_Gimnas_IFE.jpg\" alt=\"2211130_Manteniment_Gimnas_IFE\" \/>211130 Manteniment del Gimn\u00e0s per l&#8217;alumnat de l&#8217;IFE<\/a><\/div>\n<div class=\"blocimg\"><a href=\"https:\/\/youtu.be\/ivDIECuFXk8\" target=\"_blank\" rel=\"noopener noreferrer\"><img decoding=\"async\" class=\"size-thumbnail wp-image-1717 aligncenter img150x150\" src=\"http:\/\/institutjoanbrudieu.cat\/public\/web_centre\/html\/documents\/fotos_videos_web\/211125_Mates_Sortida_B1.jpg\" alt=\"211125_Mates_Sortida_B1\" \/>211125 Sortida de Matem\u00e0tiques &#8211; Alumnat B1<\/a><\/div>\n<div class=\"blocimg\"><a href=\"https:\/\/youtu.be\/gY9gUtjk8NQ\" target=\"_blank\" rel=\"noopener noreferrer\"><img decoding=\"async\" class=\"size-thumbnail wp-image-1717 aligncenter img150x150\" src=\"https:\/\/institutjoanbrudieu.cat\/public\/web_centre\/html\/documents\/fotos_videos_web\/211125_Mural_25N.jpg\" alt=\"211125_Mural_25N\" \/>211125 Acte commemoratiu 25N (mural, lectura manifest i minut de silenci)<\/a><\/div>\n<div class=\"blocimg\"><a href=\"https:\/\/youtu.be\/LlLt0X2Uzpw\" target=\"_blank\" rel=\"noopener noreferrer\"><img decoding=\"async\" class=\"size-thumbnail wp-image-1717 aligncenter img150x150\" src=\"https:\/\/institutjoanbrudieu.cat\/public\/web_centre\/html\/documents\/fotos_videos_web\/211125_Cartells_25N.jpg\" alt=\"211125_Cartells_25N\" \/>211125 Cartells commemoratius 25N (alumnat B2 ARTS)<\/a><\/div>\n<div class=\"blocimg\"><a href=\"https:\/\/youtu.be\/DJQMMEHNR5w\" target=\"_blank\" rel=\"noopener noreferrer\"><img decoding=\"async\" class=\"size-thumbnail wp-image-1717 aligncenter img150x150\" src=\"https:\/\/institutjoanbrudieu.cat\/public\/web_centre\/html\/documents\/fotos_videos_web\/211029_Dibuix_Acollida_S1.jpg\" alt=\"211029_Dibuix_Acollida_S1\" \/>211029 Dibuix Projecte d&#8217;Acollida a S1<\/a><\/div>\n","protected":false},"excerpt":{"rendered":"<p>CURS 2021-2022 220617 Treball de S\u00edntesi de 3r ESO 220616 IFE a Aliny\u00e0 220614 Activitat de barranquisme (S2) 220527 Festa de Graduaci\u00f3 BTX-FP 220514_SIEI al Mobile Week &#8211; la Seu d&#8217;Urgell 220324 i 220331 L&#8217;escriptora Laura Casanovas visita l&#8217;alumnat de 3r ESO 220322 Visita de l&#8217;alcalde de la Seu d&#8217;Urgell a l&#8217;IFE 220304 Esquiada de [&hellip;]<\/p>\n","protected":false},"author":1,"featured_media":0,"parent":2043,"menu_order":17,"comment_status":"closed","ping_status":"closed","template":"page-templates\/side-menu.php","meta":{"_bbp_topic_count":0,"_bbp_reply_count":0,"_bbp_total_topic_count":0,"_bbp_total_reply_count":0,"_bbp_voice_count":0,"_bbp_anonymous_reply_count":0,"_bbp_topic_count_hidden":0,"_bbp_reply_count_hidden":0,"_bbp_forum_subforum_count":0,"site-sidebar-layout":"default","site-content-layout":"","ast-site-content-layout":"","site-content-style":"default","site-sidebar-style":"default","ast-global-header-display":"","ast-banner-title-visibility":"","ast-main-header-display":"","ast-hfb-above-header-display":"","ast-hfb-below-header-display":"","ast-hfb-mobile-header-display":"","site-post-title":"","ast-breadcrumbs-content":"","ast-featured-img":"","footer-sml-layout":"","theme-transparent-header-meta":"","adv-header-id-meta":"","stick-header-meta":"","header-above-stick-meta":"","header-main-stick-meta":"","header-below-stick-meta":"","astra-migrate-meta-layouts":"default","ast-page-background-enabled":"default","ast-page-background-meta":{"desktop":{"background-color":"var(--ast-global-color-4)","background-image":"","background-repeat":"repeat","background-position":"center center","background-size":"auto","background-attachment":"scroll","background-type":"","background-media":"","overlay-type":"","overlay-color":"","overlay-opacity":"","overlay-gradient":""},"tablet":{"background-color":"","background-image":"","background-repeat":"repeat","background-position":"center center","background-size":"auto","background-attachment":"scroll","background-type":"","background-media":"","overlay-type":"","overlay-color":"","overlay-opacity":"","overlay-gradient":""},"mobile":{"background-color":"","background-image":"","background-repeat":"repeat","background-position":"center center","background-size":"auto","background-attachment":"scroll","background-type":"","background-media":"","overlay-type":"","overlay-color":"","overlay-opacity":"","overlay-gradient":""}},"ast-content-background-meta":{"desktop":{"background-color":"var(--ast-global-color-5)","background-image":"","background-repeat":"repeat","background-position":"center center","background-size":"auto","background-attachment":"scroll","background-type":"","background-media":"","overlay-type":"","overlay-color":"","overlay-opacity":"","overlay-gradient":""},"tablet":{"background-color":"var(--ast-global-color-5)","background-image":"","background-repeat":"repeat","background-position":"center center","background-size":"auto","background-attachment":"scroll","background-type":"","background-media":"","overlay-type":"","overlay-color":"","overlay-opacity":"","overlay-gradient":""},"mobile":{"background-color":"var(--ast-global-color-5)","background-image":"","background-repeat":"repeat","background-position":"center center","background-size":"auto","background-attachment":"scroll","background-type":"","background-media":"","overlay-type":"","overlay-color":"","overlay-opacity":"","overlay-gradient":""}},"footnotes":""},"class_list":["post-7727","page","type-page","status-publish","hentry"],"post_mailing_queue_ids":[],"_links":{"self":[{"href":"https:\/\/agora.xtec.cat\/iesjoanbrudieu\/wp-json\/wp\/v2\/pages\/7727","targetHints":{"allow":["GET"]}}],"collection":[{"href":"https:\/\/agora.xtec.cat\/iesjoanbrudieu\/wp-json\/wp\/v2\/pages"}],"about":[{"href":"https:\/\/agora.xtec.cat\/iesjoanbrudieu\/wp-json\/wp\/v2\/types\/page"}],"author":[{"embeddable":true,"href":"https:\/\/agora.xtec.cat\/iesjoanbrudieu\/wp-json\/wp\/v2\/users\/1"}],"replies":[{"embeddable":true,"href":"https:\/\/agora.xtec.cat\/iesjoanbrudieu\/wp-json\/wp\/v2\/comments?post=7727"}],"version-history":[{"count":1,"href":"https:\/\/agora.xtec.cat\/iesjoanbrudieu\/wp-json\/wp\/v2\/pages\/7727\/revisions"}],"predecessor-version":[{"id":7728,"href":"https:\/\/agora.xtec.cat\/iesjoanbrudieu\/wp-json\/wp\/v2\/pages\/7727\/revisions\/7728"}],"up":[{"embeddable":true,"href":"https:\/\/agora.xtec.cat\/iesjoanbrudieu\/wp-json\/wp\/v2\/pages\/2043"}],"wp:attachment":[{"href":"https:\/\/agora.xtec.cat\/iesjoanbrudieu\/wp-json\/wp\/v2\/media?parent=7727"}],"curies":[{"name":"wp","href":"https:\/\/api.w.org\/{rel}","templated":true}]}}