{"id":7597,"date":"2022-06-24T18:38:22","date_gmt":"2022-06-24T16:38:22","guid":{"rendered":"https:\/\/agora.xtec.cat\/iesjoanbrudieu\/?page_id=7597"},"modified":"2023-09-27T17:18:01","modified_gmt":"2023-09-27T15:18:01","slug":"alexia","status":"publish","type":"page","link":"https:\/\/agora.xtec.cat\/iesjoanbrudieu\/secretaria\/alexia\/","title":{"rendered":"ALEXIA"},"content":{"rendered":"<p><a href=\"https:\/\/agora.xtec.cat\/iesjoanbrudieu\/wp-content\/uploads\/usu1248\/2017\/09\/logo_alexia_nou-e1506357122613.jpg\"><img loading=\"lazy\" decoding=\"async\" class=\"aligncenter wp-image-3045\" src=\"https:\/\/agora.xtec.cat\/iesjoanbrudieu\/wp-content\/uploads\/usu1248\/2017\/09\/logo_alexia_nou-e1506357122613.jpg\" alt=\"\" width=\"337\" height=\"129\" \/><\/a><\/p>\n<h2><span style=\"color: #ff0000;\"><strong>ALEXIA &#8211; Fam\u00edlies<\/strong><br \/>\n<\/span><\/h2>\n<p>Les fam\u00edlies podeu accedir a ALEXIA mitjan\u00e7ant l\u2019APP \u00ab<strong>Alexia Fam\u00edlia<\/strong>\u00bb que us podeu descarregar en les store d\u2019Apple o Google, segons correspongui. Un cop instal\u00b7lada, per accedir-hi cal informar de l\u2019usuari i contrasenya d\u2019Alexia aix\u00ed com el codi de centre propi d&#8217;ALEXIA.<\/p>\n<ul>\n<li>Per accedir a Alexia cal introduir l\u2019usuari i la contrasenya facilitats mitjan\u00e7ant un correu electr\u00f2nic per la secretaria del centre.<\/li>\n<li>El codi de centre propi d&#8217;ALEXIA el trobeu a l\u2019aplicatiu Alexia Web, al capdamunt, clicant la icona que s\u2019anomena \u201cMobilitat\u201d.<\/li>\n<li><a href=\"https:\/\/institutjoanbrudieu.cat\/public\/web_centre\/html\/documents\/secretaria\/documents\/TALEX-FAM_Tutorial_ALEXIA_families.pdf\" target=\"_blank\" rel=\"noopener noreferrer\"><strong>ALEXIA:<\/strong> Tutorial fam\u00edlies<\/a>.<\/li>\n<\/ul>\n<p style=\"text-align: center;\"><object style=\"width: 800px; height: 600px;\" data=\"https:\/\/institutjoanbrudieu.cat\/public\/web_centre\/html\/documents\/secretaria\/documents\/TALEX-FAM_Tutorial_ALEXIA_families.pdf\" width=\"300\" height=\"150\"><span style=\"display: inline-block; width: 0px; overflow: hidden; line-height: 0;\" data-mce-type=\"bookmark\" class=\"mce_SELRES_start\">\ufeff<\/span><\/object><\/p>\n<h2><strong><span style=\"color: #ff0000;\">ALEXIA &#8211; Professorat<\/span><\/strong><\/h2>\n<p>El professorat tamb\u00e9 t\u00e9 el seu APP, que s\u2019anomena \u00ab<strong>Alexia Aula<\/strong>\u00bb. Un cop instal\u00b7lada, per accedir-hi cal informar de l\u2019usuari i contrasenya d\u2019Alexia aix\u00ed com el codi de centre propi d&#8217;ALEXIA.<\/p>\n<ul>\n<li>Per accedir a Alexia cal introduir l\u2019usuari i la contrasenya facilitats mitjan\u00e7ant un correu electr\u00f2nic per la secretaria del centre.<\/li>\n<li>El codi de centre propi d&#8217;ALEXIA el trobeu a l\u2019aplicatiu Alexia Web, al capdamunt, clicant la icona que s\u2019anomena \u201cMobilitat\u201d.<\/li>\n<li><a href=\"https:\/\/institutjoanbrudieu.cat\/public\/web_centre\/html\/documents\/secretaria\/documents\/TALEX-PROF_Tutorial_ALEXIA_professorat.pdf\" target=\"_blank\" rel=\"noopener noreferrer\"><strong>ALEXIA: <\/strong>Tutorial professorat<\/a>.<\/li>\n<\/ul>\n<p style=\"text-align: center;\"><object style=\"width: 800px; height: 600px;\" data=\"https:\/\/institutjoanbrudieu.cat\/public\/web_centre\/html\/documents\/secretaria\/documents\/TALEX-PROF_Tutorial_ALEXIA_professorat.pdf\" width=\"300\" height=\"150\"><\/object><\/p>\n<h2><span style=\"color: #ff0000;\"><strong>Dubtes i dificultats<\/strong><\/span><\/h2>\n<ul>\n<li>Si el vostre acc\u00e9s a ALEXIA s&#8217;ha bloquejat per equivocar-vos diverses vegades amb les credencials (usuari &#8211; contrasenya), cal que espereu una mitja hora i ho intenteu de nou. Per motius de seguretat, es bloqueja. Passat aquest temps, es desbloqueja de manera autom\u00e0tica.<\/li>\n<li>Si heu oblidat la contrasenya d&#8217;ALEXIA, segui el procediment AUTOM\u00c0TIC &#8220;Heu oblidat la vostra contrasenya?) Quan ho h\u00e0giu realitzat, us enviaran les credencials al vostre correu, registrat dins ALEXIA. AQUEST PROCEDIMENT \u00c9S IMMEDIAT. Si el sistema usi indica, en el proc\u00e9s autom\u00e0tic de recuperaci\u00f3 de contrasenyes anterior, que existeixen dos usuaris amb el vostre mateix correu electr\u00f2nic, pot tractar-se d&#8217;alg\u00fa de la vostra fam\u00edlia que l&#8217;est\u00e0 utilitzant ( o l&#8217;hagi usat en el passat) com a dada de contacte d&#8217;ALEXIA. En aquest cas, us demanem que us poseu en contacte amb la Secretaria de l&#8217;Institut, que ho solucionar\u00e0 amb la nova adre\u00e7a de correu que ens indiqueu.<\/li>\n<li>Quan rebeu un correu amb les credencials d&#8217;acc\u00e9s \u00e9s molt important que seguiu, al detall, totes les instruccions i que utilitzeu un ordinador per tal d&#8217;activar-les.<\/li>\n<li>Si rebeu un correu recordatori amb les credencials d&#8217;acc\u00e9s i no les necessiteu, perqu\u00e8 les actuals us funcionen, podeu eliminar-lo sense cap problema.<\/li>\n<li>Recordeu que, si amb aquests punts anteriors no heu pogut solucionar les vostres dificultats, poseu-vos en contacte amb la Secretaria de l&#8217;Institut.<\/li>\n<\/ul>\n","protected":false},"excerpt":{"rendered":"<p>ALEXIA &#8211; Fam\u00edlies Les fam\u00edlies podeu accedir a ALEXIA mitjan\u00e7ant l\u2019APP \u00abAlexia Fam\u00edlia\u00bb que us podeu descarregar en les store d\u2019Apple o Google, segons correspongui. Un cop instal\u00b7lada, per accedir-hi cal informar de l\u2019usuari i contrasenya d\u2019Alexia aix\u00ed com el codi de centre propi d&#8217;ALEXIA. Per accedir a Alexia cal introduir l\u2019usuari i la contrasenya [&hellip;]<\/p>\n","protected":false},"author":1,"featured_media":0,"parent":81,"menu_order":34,"comment_status":"closed","ping_status":"closed","template":"page-templates\/side-menu.php","meta":{"_bbp_topic_count":0,"_bbp_reply_count":0,"_bbp_total_topic_count":0,"_bbp_total_reply_count":0,"_bbp_voice_count":0,"_bbp_anonymous_reply_count":0,"_bbp_topic_count_hidden":0,"_bbp_reply_count_hidden":0,"_bbp_forum_subforum_count":0,"site-sidebar-layout":"default","site-content-layout":"","ast-site-content-layout":"","site-content-style":"default","site-sidebar-style":"default","ast-global-header-display":"","ast-banner-title-visibility":"","ast-main-header-display":"","ast-hfb-above-header-display":"","ast-hfb-below-header-display":"","ast-hfb-mobile-header-display":"","site-post-title":"","ast-breadcrumbs-content":"","ast-featured-img":"","footer-sml-layout":"","theme-transparent-header-meta":"","adv-header-id-meta":"","stick-header-meta":"","header-above-stick-meta":"","header-main-stick-meta":"","header-below-stick-meta":"","astra-migrate-meta-layouts":"default","ast-page-background-enabled":"default","ast-page-background-meta":{"desktop":{"background-color":"var(--ast-global-color-4)","background-image":"","background-repeat":"repeat","background-position":"center center","background-size":"auto","background-attachment":"scroll","background-type":"","background-media":"","overlay-type":"","overlay-color":"","overlay-opacity":"","overlay-gradient":""},"tablet":{"background-color":"","background-image":"","background-repeat":"repeat","background-position":"center center","background-size":"auto","background-attachment":"scroll","background-type":"","background-media":"","overlay-type":"","overlay-color":"","overlay-opacity":"","overlay-gradient":""},"mobile":{"background-color":"","background-image":"","background-repeat":"repeat","background-position":"center center","background-size":"auto","background-attachment":"scroll","background-type":"","background-media":"","overlay-type":"","overlay-color":"","overlay-opacity":"","overlay-gradient":""}},"ast-content-background-meta":{"desktop":{"background-color":"var(--ast-global-color-5)","background-image":"","background-repeat":"repeat","background-position":"center center","background-size":"auto","background-attachment":"scroll","background-type":"","background-media":"","overlay-type":"","overlay-color":"","overlay-opacity":"","overlay-gradient":""},"tablet":{"background-color":"var(--ast-global-color-5)","background-image":"","background-repeat":"repeat","background-position":"center center","background-size":"auto","background-attachment":"scroll","background-type":"","background-media":"","overlay-type":"","overlay-color":"","overlay-opacity":"","overlay-gradient":""},"mobile":{"background-color":"var(--ast-global-color-5)","background-image":"","background-repeat":"repeat","background-position":"center center","background-size":"auto","background-attachment":"scroll","background-type":"","background-media":"","overlay-type":"","overlay-color":"","overlay-opacity":"","overlay-gradient":""}},"footnotes":""},"class_list":["post-7597","page","type-page","status-publish","hentry"],"post_mailing_queue_ids":[],"_links":{"self":[{"href":"https:\/\/agora.xtec.cat\/iesjoanbrudieu\/wp-json\/wp\/v2\/pages\/7597","targetHints":{"allow":["GET"]}}],"collection":[{"href":"https:\/\/agora.xtec.cat\/iesjoanbrudieu\/wp-json\/wp\/v2\/pages"}],"about":[{"href":"https:\/\/agora.xtec.cat\/iesjoanbrudieu\/wp-json\/wp\/v2\/types\/page"}],"author":[{"embeddable":true,"href":"https:\/\/agora.xtec.cat\/iesjoanbrudieu\/wp-json\/wp\/v2\/users\/1"}],"replies":[{"embeddable":true,"href":"https:\/\/agora.xtec.cat\/iesjoanbrudieu\/wp-json\/wp\/v2\/comments?post=7597"}],"version-history":[{"count":4,"href":"https:\/\/agora.xtec.cat\/iesjoanbrudieu\/wp-json\/wp\/v2\/pages\/7597\/revisions"}],"predecessor-version":[{"id":8740,"href":"https:\/\/agora.xtec.cat\/iesjoanbrudieu\/wp-json\/wp\/v2\/pages\/7597\/revisions\/8740"}],"up":[{"embeddable":true,"href":"https:\/\/agora.xtec.cat\/iesjoanbrudieu\/wp-json\/wp\/v2\/pages\/81"}],"wp:attachment":[{"href":"https:\/\/agora.xtec.cat\/iesjoanbrudieu\/wp-json\/wp\/v2\/media?parent=7597"}],"curies":[{"name":"wp","href":"https:\/\/api.w.org\/{rel}","templated":true}]}}