{"id":75,"date":"2014-09-18T10:21:02","date_gmt":"2014-09-18T09:21:02","guid":{"rendered":"http:\/\/agora.xtec.cat\/iesjoanbrudieu\/?page_id=75"},"modified":"2016-07-03T10:38:25","modified_gmt":"2016-07-03T09:38:25","slug":"camiescola","status":"publish","type":"page","link":"https:\/\/agora.xtec.cat\/iesjoanbrudieu\/serveis\/camiescola\/","title":{"rendered":"Camiescola"},"content":{"rendered":"<h3><span style=\"color: #ff0000;\"><strong>El Cam<a href=\"http:\/\/agora.xtec.cat\/iesjoanbrudieu\/wp-content\/uploads\/usu1248\/2014\/09\/logo_camiescola.jpg\" rel=\"attachment wp-att-1562\"><img loading=\"lazy\" decoding=\"async\" class=\"size-full wp-image-1562 alignleft\" src=\"http:\/\/agora.xtec.cat\/iesjoanbrudieu\/wp-content\/uploads\/usu1248\/2014\/09\/logo_camiescola.jpg\" alt=\"logo_camiescola\" width=\"130\" height=\"130\" \/><\/a>\u00ed a escoles i instituts<\/strong><\/span><\/h3>\n<p><span style=\"color: #ff0000;\"><strong>Qu\u00e8 \u00e9s el Cam\u00ed?<\/strong><\/span><\/p>\n<p>El Cam\u00ed \u00e9s una ruta de senderisme cultural en proc\u00e9s de senyalitzaci\u00f3. El seu tra\u00e7 es fa de forma participativa i recorre totes les comarques i illes de parla catalana, prenent una forma de 8 irregular. L\u2019objectiu final \u00e9s el d\u2019enlla\u00e7ar diferents pobles a trav\u00e9s de la cultura, la hist\u00f2ria, el paisatge i l&#8217;esperit de la nostra terra.<\/p>\n<p><span style=\"color: #ff0000;\"><strong>Qu\u00e8 \u00e9s el Camiescola?<\/strong><\/span><\/p>\n<p>La Camiescola \u00e9s el nou projecte d\u2019El Cam\u00ed dirigit a nois i noies a partir de 12 anys que es proposa formar a escoles i instituts de secund\u00e0ria perqu\u00e8 esdevinguin vetlladors del seu poble o ciutat. A trav\u00e9s d\u2019El Cam\u00ed infants i joves experimenten valors com el treball en equip, la responsabilitat, el servei a la societat i l&#8217;estima de l&#8217;entorn, entre d\u2019altres.<\/p>\n<p><span style=\"color: #ff0000;\"><strong>Qui fa el Cam\u00ed? Els vetlladors i vetlladores del Cam\u00ed<\/strong><\/span><\/p>\n<p>Els vetlladors\/es s\u00f3n el conjunt d\u2019entitats, centres educatius, ve\u00efns i institucions de cada municipi, que defineixen, senyalitzen i repassen un o dos cops a l\u2019any una etapa del Cam\u00ed. S\u2019encarreguen a m\u00e9s, dels continguts de la guia (Camip\u00e8dia) i dels punts d\u2019inter\u00e8s que inclou aquella etapa que vetllen.<\/p>\n<p><span style=\"color: #ff0000;\"><strong>Qu\u00e8 fa l&#8217;Institut Joan Brudieu?<\/strong><\/span><\/p>\n<p>L&#8217;Institut Joan Brudieu, a trav\u00e9s de l&#8217;alumnat de la Unitat de Suport a l&#8217;Educaci\u00f3 Especial, de l&#8217;Aula Oberta i de l&#8217;Aula d&#8217;Acollida, forma part d&#8217;aquest projecte, tot esdevenint vetlladors de l&#8217;etapa <strong>La Seu d&#8217;Urgell &#8211; Al\u00e0s <\/strong>corresponent al tram <strong>Capcir &#8211; Andorra &#8211; Alt Urgell<\/strong>.<\/p>\n<p><a href=\"http:\/\/agora.xtec.cat\/iesjoanbrudieu\/wp-content\/uploads\/usu1248\/2014\/09\/cami_mapa.jpg\" rel=\"attachment wp-att-1564\"><img loading=\"lazy\" decoding=\"async\" class=\"aligncenter wp-image-1564\" src=\"http:\/\/agora.xtec.cat\/iesjoanbrudieu\/wp-content\/uploads\/usu1248\/2014\/09\/cami_mapa-836x1024.jpg\" alt=\"cami_mapa\" width=\"800\" height=\"980\" srcset=\"https:\/\/agora.xtec.cat\/iesjoanbrudieu\/wp-content\/uploads\/usu1248\/2014\/09\/cami_mapa-836x1024.jpg 836w, https:\/\/agora.xtec.cat\/iesjoanbrudieu\/wp-content\/uploads\/usu1248\/2014\/09\/cami_mapa-245x300.jpg 245w, https:\/\/agora.xtec.cat\/iesjoanbrudieu\/wp-content\/uploads\/usu1248\/2014\/09\/cami_mapa-768x940.jpg 768w, https:\/\/agora.xtec.cat\/iesjoanbrudieu\/wp-content\/uploads\/usu1248\/2014\/09\/cami_mapa.jpg 1514w\" sizes=\"auto, (max-width: 800px) 100vw, 800px\" \/><\/a><a href=\"http:\/\/agora.xtec.cat\/iesjoanbrudieu\/wp-content\/uploads\/usu1248\/2014\/09\/cami_perfil_tram.jpg\" rel=\"attachment wp-att-1561\"><img loading=\"lazy\" decoding=\"async\" class=\"wp-image-1560 aligncenter\" src=\"http:\/\/agora.xtec.cat\/iesjoanbrudieu\/wp-content\/uploads\/usu1248\/2014\/09\/cami_mapa_laseu-1024x588.jpg\" alt=\"cami_mapa_laseu\" width=\"800\" height=\"459\" srcset=\"https:\/\/agora.xtec.cat\/iesjoanbrudieu\/wp-content\/uploads\/usu1248\/2014\/09\/cami_mapa_laseu-1024x588.jpg 1024w, https:\/\/agora.xtec.cat\/iesjoanbrudieu\/wp-content\/uploads\/usu1248\/2014\/09\/cami_mapa_laseu-300x172.jpg 300w, https:\/\/agora.xtec.cat\/iesjoanbrudieu\/wp-content\/uploads\/usu1248\/2014\/09\/cami_mapa_laseu-768x441.jpg 768w, https:\/\/agora.xtec.cat\/iesjoanbrudieu\/wp-content\/uploads\/usu1248\/2014\/09\/cami_mapa_laseu.jpg 1600w\" sizes=\"auto, (max-width: 800px) 100vw, 800px\" \/><img loading=\"lazy\" decoding=\"async\" class=\"aligncenter wp-image-1561\" src=\"http:\/\/agora.xtec.cat\/iesjoanbrudieu\/wp-content\/uploads\/usu1248\/2014\/09\/cami_perfil_tram-1024x181.jpg\" alt=\"cami_perfil_tram\" width=\"800\" height=\"141\" srcset=\"https:\/\/agora.xtec.cat\/iesjoanbrudieu\/wp-content\/uploads\/usu1248\/2014\/09\/cami_perfil_tram-1024x181.jpg 1024w, https:\/\/agora.xtec.cat\/iesjoanbrudieu\/wp-content\/uploads\/usu1248\/2014\/09\/cami_perfil_tram-300x53.jpg 300w, https:\/\/agora.xtec.cat\/iesjoanbrudieu\/wp-content\/uploads\/usu1248\/2014\/09\/cami_perfil_tram-768x136.jpg 768w, https:\/\/agora.xtec.cat\/iesjoanbrudieu\/wp-content\/uploads\/usu1248\/2014\/09\/cami_perfil_tram.jpg 2048w\" sizes=\"auto, (max-width: 800px) 100vw, 800px\" \/><\/a><\/p>\n<ul>\n<li><a href=\"http:\/\/elcami.cat\/\" target=\"_blank\">P\u00e0gina web del Projecte &#8220;El Cam\u00ed&#8221;<\/a><\/li>\n<li><a href=\"http:\/\/institutjoanbrudieu.cat\/public\/web_centre\/html\/documents\/institut\/camiescola\/cami_projecte_2014.pdf\" target=\"_blank\">Projecte &#8220;El Cam\u00ed&#8221;<\/a> i <a href=\"http:\/\/institutjoanbrudieu.cat\/public\/web_centre\/html\/documents\/institut\/camiescola\/cami_fulleto.pdf\" target=\"_blank\">fullet\u00f3<\/a><\/li>\n<li><a href=\"http:\/\/institutjoanbrudieu.cat\/public\/web_centre\/html\/documents\/institut\/camiescola\/cami_projecte_camiescola.pdf\" target=\"_blank\">Projecte &#8220;Camiescola&#8221;<\/a><\/li>\n<li>Vetlladors: <a href=\"http:\/\/institutjoanbrudieu.cat\/public\/web_centre\/html\/documents\/institut\/camiescola\/cami_vetlladors.pdf\" target=\"_blank\">fullet\u00f3<\/a> i <a href=\"http:\/\/institutjoanbrudieu.cat\/public\/web_centre\/html\/documents\/institut\/camiescola\/cami_vetlladors_pautes_tecniques.pdf\">pautes t\u00e8cniques<\/a><\/li>\n<li><a href=\"http:\/\/institutjoanbrudieu.cat\/public\/web_centre\/html\/documents\/institut\/camiescola\/cami_tram_capcir-andorra-alt_urgell.pdf\" target=\"_blank\">Tram Capcir &#8211; Andorra &#8211; Alt Urgell <\/a>i <a href=\"http:\/\/institutjoanbrudieu.cat\/public\/web_centre\/html\/documents\/institut\/camiescola\/cami_mapes_parcials_alturgell.pdf\" target=\"_blank\">Mapes parcials de la Seu d&#8217;Urgell<\/a><\/li>\n<\/ul>\n","protected":false},"excerpt":{"rendered":"<p>El Cam\u00ed a escoles i instituts Qu\u00e8 \u00e9s el Cam\u00ed? El Cam\u00ed \u00e9s una ruta de senderisme cultural en proc\u00e9s de senyalitzaci\u00f3. El seu tra\u00e7 es fa de forma participativa i recorre totes les comarques i illes de parla catalana, prenent una forma de 8 irregular. L\u2019objectiu final \u00e9s el d\u2019enlla\u00e7ar diferents pobles a trav\u00e9s [&hellip;]<\/p>\n","protected":false},"author":1,"featured_media":0,"parent":63,"menu_order":40,"comment_status":"closed","ping_status":"closed","template":"page-templates\/side-menu.php","meta":{"_bbp_topic_count":0,"_bbp_reply_count":0,"_bbp_total_topic_count":0,"_bbp_total_reply_count":0,"_bbp_voice_count":0,"_bbp_anonymous_reply_count":0,"_bbp_topic_count_hidden":0,"_bbp_reply_count_hidden":0,"_bbp_forum_subforum_count":0,"site-sidebar-layout":"default","site-content-layout":"","ast-site-content-layout":"","site-content-style":"default","site-sidebar-style":"default","ast-global-header-display":"","ast-banner-title-visibility":"","ast-main-header-display":"","ast-hfb-above-header-display":"","ast-hfb-below-header-display":"","ast-hfb-mobile-header-display":"","site-post-title":"","ast-breadcrumbs-content":"","ast-featured-img":"","footer-sml-layout":"","theme-transparent-header-meta":"","adv-header-id-meta":"","stick-header-meta":"","header-above-stick-meta":"","header-main-stick-meta":"","header-below-stick-meta":"","astra-migrate-meta-layouts":"default","ast-page-background-enabled":"default","ast-page-background-meta":{"desktop":{"background-color":"var(--ast-global-color-4)","background-image":"","background-repeat":"repeat","background-position":"center center","background-size":"auto","background-attachment":"scroll","background-type":"","background-media":"","overlay-type":"","overlay-color":"","overlay-opacity":"","overlay-gradient":""},"tablet":{"background-color":"","background-image":"","background-repeat":"repeat","background-position":"center center","background-size":"auto","background-attachment":"scroll","background-type":"","background-media":"","overlay-type":"","overlay-color":"","overlay-opacity":"","overlay-gradient":""},"mobile":{"background-color":"","background-image":"","background-repeat":"repeat","background-position":"center center","background-size":"auto","background-attachment":"scroll","background-type":"","background-media":"","overlay-type":"","overlay-color":"","overlay-opacity":"","overlay-gradient":""}},"ast-content-background-meta":{"desktop":{"background-color":"var(--ast-global-color-5)","background-image":"","background-repeat":"repeat","background-position":"center center","background-size":"auto","background-attachment":"scroll","background-type":"","background-media":"","overlay-type":"","overlay-color":"","overlay-opacity":"","overlay-gradient":""},"tablet":{"background-color":"var(--ast-global-color-5)","background-image":"","background-repeat":"repeat","background-position":"center center","background-size":"auto","background-attachment":"scroll","background-type":"","background-media":"","overlay-type":"","overlay-color":"","overlay-opacity":"","overlay-gradient":""},"mobile":{"background-color":"var(--ast-global-color-5)","background-image":"","background-repeat":"repeat","background-position":"center center","background-size":"auto","background-attachment":"scroll","background-type":"","background-media":"","overlay-type":"","overlay-color":"","overlay-opacity":"","overlay-gradient":""}},"footnotes":""},"class_list":["post-75","page","type-page","status-publish","hentry"],"post_mailing_queue_ids":[],"_links":{"self":[{"href":"https:\/\/agora.xtec.cat\/iesjoanbrudieu\/wp-json\/wp\/v2\/pages\/75","targetHints":{"allow":["GET"]}}],"collection":[{"href":"https:\/\/agora.xtec.cat\/iesjoanbrudieu\/wp-json\/wp\/v2\/pages"}],"about":[{"href":"https:\/\/agora.xtec.cat\/iesjoanbrudieu\/wp-json\/wp\/v2\/types\/page"}],"author":[{"embeddable":true,"href":"https:\/\/agora.xtec.cat\/iesjoanbrudieu\/wp-json\/wp\/v2\/users\/1"}],"replies":[{"embeddable":true,"href":"https:\/\/agora.xtec.cat\/iesjoanbrudieu\/wp-json\/wp\/v2\/comments?post=75"}],"version-history":[{"count":3,"href":"https:\/\/agora.xtec.cat\/iesjoanbrudieu\/wp-json\/wp\/v2\/pages\/75\/revisions"}],"predecessor-version":[{"id":1566,"href":"https:\/\/agora.xtec.cat\/iesjoanbrudieu\/wp-json\/wp\/v2\/pages\/75\/revisions\/1566"}],"up":[{"embeddable":true,"href":"https:\/\/agora.xtec.cat\/iesjoanbrudieu\/wp-json\/wp\/v2\/pages\/63"}],"wp:attachment":[{"href":"https:\/\/agora.xtec.cat\/iesjoanbrudieu\/wp-json\/wp\/v2\/media?parent=75"}],"curies":[{"name":"wp","href":"https:\/\/api.w.org\/{rel}","templated":true}]}}