{"id":7332,"date":"2022-04-02T11:18:37","date_gmt":"2022-04-02T09:18:37","guid":{"rendered":"https:\/\/agora.xtec.cat\/iesjoanbrudieu\/?page_id=7332"},"modified":"2023-10-17T10:23:00","modified_gmt":"2023-10-17T08:23:00","slug":"estrategia-digital-de-centre-edc","status":"publish","type":"page","link":"https:\/\/agora.xtec.cat\/iesjoanbrudieu\/estrategia-digital-de-centre-edc\/","title":{"rendered":"Estrat\u00e8gia Digital de Centre (EDC)"},"content":{"rendered":"<p style=\"text-align: center;\"><iframe loading=\"lazy\" title=\"YouTube video player\" src=\"https:\/\/www.youtube.com\/embed\/uS5UUZIYLPQ\" width=\"560\" height=\"315\" frameborder=\"0\" allowfullscreen=\"allowfullscreen\"><\/iframe><\/p>\n<p>Amb aquest v\u00eddeo us presentem un resum de l\u2019estructura b\u00e0sica de l\u2019Estrat\u00e8gia digital de centre. L\u2019EDC consta de dues parts: la d\u2019Estrat\u00e8gia i la de Cultura digital, i la seva realitzaci\u00f3 consisteix en un cercle de millora cont\u00ednua que s\u2019inicia amb la diagnosi i continua amb la concreci\u00f3 d\u2019objectius, activitats, per continuar amb l\u2019avaluaci\u00f3.<\/p>\n<p>P\u00e0gina web de suport a l&#8217;<a href=\"https:\/\/projectes.xtec.cat\/edc-suport\/\" target=\"_blank\" rel=\"noopener\">Estrat\u00e8gia Digital de Centre<\/a> (EDC). Aquest web acompanya als centres en el disseny, la redacci\u00f3, la implementaci\u00f3 i l\u2019avaluaci\u00f3 de la seva Estrat\u00e8gia Digital de Centre (EDC).<\/p>\n<h2><strong><span style=\"color: #ff0000;\">Estrat\u00e8gia i Cultura digital de l&#8217;Institut Joan Brudieu<br \/>\n<\/span><\/strong><\/h2>\n<p><a href=\"https:\/\/sites.google.com\/insjoanbrudieu.cat\/edcjoanbrudieu\/estrat%C3%A8gia-digital-centre\" target=\"_blank\" rel=\"noopener\">P\u00e0gina web<\/a> de l&#8217;Estrat\u00e8gia i Cultura Digital de l&#8217;Institut Joan Brudieu.<\/p>\n<p><a href=\"https:\/\/sites.google.com\/insjoanbrudieu.cat\/edcjoanbrudieu\/estrat%C3%A8gia-digital-centre\" target=\"_blank\" rel=\"noopener\"><img loading=\"lazy\" decoding=\"async\" class=\"aligncenter wp-image-6937 \" src=\"https:\/\/institutjoanbrudieu.cat\/public\/web_centre\/html\/documents\/institut\/curs\/Pantalla_EDC_Brudieu.jpg\" alt=\"\" width=\"756\" height=\"378\" \/><\/a><\/p>\n<h2><strong><span style=\"color: #ff0000;\">Pla d&#8217;Educaci\u00f3 Digital de Catalunya (PEDC)<\/span><\/strong><\/h2>\n<p>El Pla d&#8217;educaci\u00f3 digital de Catalunya 2020-2023, presentat pel Departament d&#8217;Educaci\u00f3 en el marc de la XII legislatura, t\u00e9 com a objectiu contribuir al desenvolupament de les compet\u00e8ncies digitals que els ciutadans i les ciutadanes necessiten per viure i treballar en una societat caracteritzada per les transformacions i els canvis accelerats derivats de les mateixes tecnologies. Amb aquest Pla es vol situar Catalunya com un pa\u00eds capdavanter en l&#8217;\u00fas educatiu de la tecnologia per a l&#8217;\u00e8xit educatiu i social, al mateix temps que es pret\u00e9n millorar la compet\u00e8ncia digital de l&#8217;alumnat, el professorat i els centres educatius en el marc de la transformaci\u00f3 educativa.<\/p>\n<p>P\u00e0gina web del <a href=\"https:\/\/educacio.gencat.cat\/ca\/departament\/linies-estrategiques\/pla-educacio-digital\/\" target=\"_blank\" rel=\"noopener\">Pla d&#8217;Educaci\u00f3 Digital de Catalunya<\/a> (PEDC)<\/p>\n<p style=\"text-align: center;\"><iframe loading=\"lazy\" title=\"YouTube video player\" src=\"https:\/\/www.youtube.com\/embed\/drnnIYke2Ec\" width=\"560\" height=\"315\" frameborder=\"0\" allowfullscreen=\"allowfullscreen\"><\/iframe><\/p>\n","protected":false},"excerpt":{"rendered":"<p>Amb aquest v\u00eddeo us presentem un resum de l\u2019estructura b\u00e0sica de l\u2019Estrat\u00e8gia digital de centre. L\u2019EDC consta de dues parts: la d\u2019Estrat\u00e8gia i la de Cultura digital, i la seva realitzaci\u00f3 consisteix en un cercle de millora cont\u00ednua que s\u2019inicia amb la diagnosi i continua amb la concreci\u00f3 d\u2019objectius, activitats, per continuar amb l\u2019avaluaci\u00f3. P\u00e0gina [&hellip;]<\/p>\n","protected":false},"author":1,"featured_media":0,"parent":0,"menu_order":0,"comment_status":"closed","ping_status":"closed","template":"page-templates\/side-menu.php","meta":{"_bbp_topic_count":0,"_bbp_reply_count":0,"_bbp_total_topic_count":0,"_bbp_total_reply_count":0,"_bbp_voice_count":0,"_bbp_anonymous_reply_count":0,"_bbp_topic_count_hidden":0,"_bbp_reply_count_hidden":0,"_bbp_forum_subforum_count":0,"site-sidebar-layout":"default","site-content-layout":"","ast-site-content-layout":"","site-content-style":"default","site-sidebar-style":"default","ast-global-header-display":"","ast-banner-title-visibility":"","ast-main-header-display":"","ast-hfb-above-header-display":"","ast-hfb-below-header-display":"","ast-hfb-mobile-header-display":"","site-post-title":"","ast-breadcrumbs-content":"","ast-featured-img":"","footer-sml-layout":"","theme-transparent-header-meta":"","adv-header-id-meta":"","stick-header-meta":"","header-above-stick-meta":"","header-main-stick-meta":"","header-below-stick-meta":"","astra-migrate-meta-layouts":"default","ast-page-background-enabled":"default","ast-page-background-meta":{"desktop":{"background-color":"var(--ast-global-color-4)","background-image":"","background-repeat":"repeat","background-position":"center center","background-size":"auto","background-attachment":"scroll","background-type":"","background-media":"","overlay-type":"","overlay-color":"","overlay-opacity":"","overlay-gradient":""},"tablet":{"background-color":"","background-image":"","background-repeat":"repeat","background-position":"center center","background-size":"auto","background-attachment":"scroll","background-type":"","background-media":"","overlay-type":"","overlay-color":"","overlay-opacity":"","overlay-gradient":""},"mobile":{"background-color":"","background-image":"","background-repeat":"repeat","background-position":"center center","background-size":"auto","background-attachment":"scroll","background-type":"","background-media":"","overlay-type":"","overlay-color":"","overlay-opacity":"","overlay-gradient":""}},"ast-content-background-meta":{"desktop":{"background-color":"var(--ast-global-color-5)","background-image":"","background-repeat":"repeat","background-position":"center center","background-size":"auto","background-attachment":"scroll","background-type":"","background-media":"","overlay-type":"","overlay-color":"","overlay-opacity":"","overlay-gradient":""},"tablet":{"background-color":"var(--ast-global-color-5)","background-image":"","background-repeat":"repeat","background-position":"center center","background-size":"auto","background-attachment":"scroll","background-type":"","background-media":"","overlay-type":"","overlay-color":"","overlay-opacity":"","overlay-gradient":""},"mobile":{"background-color":"var(--ast-global-color-5)","background-image":"","background-repeat":"repeat","background-position":"center center","background-size":"auto","background-attachment":"scroll","background-type":"","background-media":"","overlay-type":"","overlay-color":"","overlay-opacity":"","overlay-gradient":""}},"footnotes":""},"class_list":["post-7332","page","type-page","status-publish","hentry"],"post_mailing_queue_ids":[],"_links":{"self":[{"href":"https:\/\/agora.xtec.cat\/iesjoanbrudieu\/wp-json\/wp\/v2\/pages\/7332","targetHints":{"allow":["GET"]}}],"collection":[{"href":"https:\/\/agora.xtec.cat\/iesjoanbrudieu\/wp-json\/wp\/v2\/pages"}],"about":[{"href":"https:\/\/agora.xtec.cat\/iesjoanbrudieu\/wp-json\/wp\/v2\/types\/page"}],"author":[{"embeddable":true,"href":"https:\/\/agora.xtec.cat\/iesjoanbrudieu\/wp-json\/wp\/v2\/users\/1"}],"replies":[{"embeddable":true,"href":"https:\/\/agora.xtec.cat\/iesjoanbrudieu\/wp-json\/wp\/v2\/comments?post=7332"}],"version-history":[{"count":6,"href":"https:\/\/agora.xtec.cat\/iesjoanbrudieu\/wp-json\/wp\/v2\/pages\/7332\/revisions"}],"predecessor-version":[{"id":8783,"href":"https:\/\/agora.xtec.cat\/iesjoanbrudieu\/wp-json\/wp\/v2\/pages\/7332\/revisions\/8783"}],"wp:attachment":[{"href":"https:\/\/agora.xtec.cat\/iesjoanbrudieu\/wp-json\/wp\/v2\/media?parent=7332"}],"curies":[{"name":"wp","href":"https:\/\/api.w.org\/{rel}","templated":true}]}}