{"id":6753,"date":"2021-12-18T14:24:14","date_gmt":"2021-12-18T13:24:14","guid":{"rendered":"https:\/\/agora.xtec.cat\/iesjoanbrudieu\/?page_id=6753"},"modified":"2021-12-18T16:44:04","modified_gmt":"2021-12-18T15:44:04","slug":"desfibrillador-dea","status":"publish","type":"page","link":"https:\/\/agora.xtec.cat\/iesjoanbrudieu\/serveis\/desfibrillador-dea\/","title":{"rendered":"Desfibril\u00b7lador (DEA)"},"content":{"rendered":"<p><a href=\"https:\/\/agora.xtec.cat\/iesjoanbrudieu\/wp-content\/uploads\/usu1248\/2021\/12\/cartell_DEA.png\"><img loading=\"lazy\" decoding=\"async\" class=\"aligncenter size-full wp-image-6754\" src=\"https:\/\/agora.xtec.cat\/iesjoanbrudieu\/wp-content\/uploads\/usu1248\/2021\/12\/cartell_DEA.png\" alt=\"\" width=\"189\" height=\"267\" \/><\/a><\/p>\n<p>Des de finals de desembre de 2017, l\u2019institut Joan Brudieu disposa d\u2019un desfibril\u00b7lador semiautom\u00e0tic de la marca <a href=\"https:\/\/es.heartsine.com\/\" target=\"_blank\" rel=\"noopener\">Heartsine Samaritan PAD<\/a>, adquirit pel Departament d\u2019Educaci\u00f3 per tal de donar compliment al que estableix el <a href=\"https:\/\/portaldogc.gencat.cat\/utilsEADOP\/PDF\/6824\/1409116.pdf\" target=\"_blank\" rel=\"noopener\">Decret 30\/2015, de 3 de mar\u00e7<\/a>, pel qual s\u2019aprova el cat\u00e0leg d\u2019activitats i centres obligats a adoptar mesures d\u2019autoprotecci\u00f3 i es fixa el contingut d\u2019aquestes mesures. En concret el Departament ha dotat de desfibril\u00b7ladors els establiments d\u2019\u00fas docent amb una ocupaci\u00f3 inferior a 2.000 persones i superior a 1.000 persones, fins a 85 centres de tot Catalunya.<\/p>\n<p><a href=\"https:\/\/agora.xtec.cat\/iesjoanbrudieu\/wp-content\/uploads\/usu1248\/2018\/01\/171222_Desfibrilador.jpg\"><img loading=\"lazy\" decoding=\"async\" class=\"aligncenter wp-image-3288\" src=\"https:\/\/agora.xtec.cat\/iesjoanbrudieu\/wp-content\/uploads\/usu1248\/2018\/01\/171222_Desfibrilador.jpg\" alt=\"\" width=\"418\" height=\"308\" \/><\/a><\/p>\n<p>Es tracta del model <a href=\"https:\/\/es.heartsine.com\/product\/p\/rest-of-world\/350p\/\" target=\"_blank\" rel=\"noopener\">Samaritan P350<\/a> d\u2019\u00fas molt intu\u00eftiu, que, conjuntament amb la formaci\u00f3 i certificaci\u00f3 rebuda per part del <a href=\"https:\/\/ccr.cat\/\" target=\"_blank\" rel=\"noopener\">Consell Catal\u00e0 de Ressuscitaci\u00f3<\/a> (<a href=\"https:\/\/sites.google.com\/suportvitalccr.org\/suport-vital-als-centres-educa\/home?authuser=0\" target=\"_blank\" rel=\"noopener\">Suport Vital als Centres Educatius de Catalunya<\/a>) a personal de la comunitat educativa del Centre (professorat, directiva i PAS), permet una excel\u00b7lent cobertura, tant del nostre centre com de l\u2019entorn immediat, en casos d\u2019emerg\u00e8ncia.<\/p>\n<p style=\"text-align: center;\"><iframe loading=\"lazy\" title=\"YouTube video player\" src=\"https:\/\/www.youtube.com\/embed\/yG7gh8rCjsc\" width=\"560\" height=\"315\" frameborder=\"0\" allowfullscreen=\"allowfullscreen\"><\/iframe><\/p>\n<p style=\"text-align: center;\"><iframe loading=\"lazy\" src=\"https:\/\/player.vimeo.com\/video\/429684384?h=16d09c8346&amp;title=0&amp;byline=0&amp;portrait=0\" width=\"640\" height=\"360\" frameborder=\"0\" allowfullscreen=\"allowfullscreen\"><\/iframe><\/p>\n<p style=\"text-align: center;\"><iframe loading=\"lazy\" src=\"https:\/\/institutjoanbrudieu.cat\/public\/web_centre\/html\/documents\/institut\/curs\/SVB_DEA_Catala.pdf\" width=\"900px\" height=\"800px\"><span style=\"display: inline-block; width: 0px; overflow: hidden; line-height: 0;\" data-mce-type=\"bookmark\" class=\"mce_SELRES_start\">\ufeff<\/span><span style=\"display: inline-block; width: 0px; overflow: hidden; line-height: 0;\" data-mce-type=\"bookmark\" class=\"mce_SELRES_start\">\ufeff<\/span><span style=\"display: inline-block; width: 0px; overflow: hidden; line-height: 0;\" data-mce-type=\"bookmark\" class=\"mce_SELRES_start\">\ufeff<\/span>\ufeff<\/iframe><\/p>\n<p style=\"text-align: center;\"><iframe loading=\"lazy\" src=\"https:\/\/institutjoanbrudieu.cat\/public\/web_centre\/html\/documents\/institut\/curs\/SVB_DEA_Catala_curt.pdf\" width=\"900px\" height=\"800px\"><span style=\"display: inline-block; width: 0px; overflow: hidden; line-height: 0;\" data-mce-type=\"bookmark\" class=\"mce_SELRES_start\">\ufeff<\/span><span style=\"display: inline-block; width: 0px; overflow: hidden; line-height: 0;\" data-mce-type=\"bookmark\" class=\"mce_SELRES_start\">\ufeff<\/span><span style=\"display: inline-block; width: 0px; overflow: hidden; line-height: 0;\" data-mce-type=\"bookmark\" class=\"mce_SELRES_start\">\ufeff<\/span><span style=\"display: inline-block; width: 0px; overflow: hidden; line-height: 0;\" data-mce-type=\"bookmark\" class=\"mce_SELRES_start\">\ufeff<\/span>\ufeff<\/iframe><\/p>\n<p>El <strong>Dia de Conscienciaci\u00f3 de l&#8217;Aturada Card\u00edaca<\/strong> va ser creat l&#8217;any 2012, gr\u00e0cies a la Declaraci\u00f3 del Patrimoni Europeu per tal de crear una setmana europea de conscienciaci\u00f3 davant l&#8217;aturada card\u00edaca. Es celebra el <strong>16 d&#8217;octubre<\/strong> de cada any i, des de l&#8217;any 2018, es celebra a nivell mundial, gr\u00e0cies al recolzalment de l&#8217;ILCOR (International Liaison Committee on Resuscitations), que agrupa els Consells de Ressuscitaci\u00f3 Cardiopulmonars dels 5 continents.<\/p>\n<p><a href=\"https:\/\/agora.xtec.cat\/iesjoanbrudieu\/wp-content\/uploads\/usu1248\/2021\/12\/Logo_16O_Dia_Mundial_Conscienciacio_Aturada_Cardiaca.jpg\"><img loading=\"lazy\" decoding=\"async\" class=\"aligncenter size-full wp-image-6762\" src=\"https:\/\/agora.xtec.cat\/iesjoanbrudieu\/wp-content\/uploads\/usu1248\/2021\/12\/Logo_16O_Dia_Mundial_Conscienciacio_Aturada_Cardiaca.jpg\" alt=\"\" width=\"600\" height=\"388\" srcset=\"https:\/\/agora.xtec.cat\/iesjoanbrudieu\/wp-content\/uploads\/usu1248\/2021\/12\/Logo_16O_Dia_Mundial_Conscienciacio_Aturada_Cardiaca.jpg 600w, https:\/\/agora.xtec.cat\/iesjoanbrudieu\/wp-content\/uploads\/usu1248\/2021\/12\/Logo_16O_Dia_Mundial_Conscienciacio_Aturada_Cardiaca-300x194.jpg 300w\" sizes=\"auto, (max-width: 600px) 100vw, 600px\" \/><\/a><\/p>\n","protected":false},"excerpt":{"rendered":"<p>Des de finals de desembre de 2017, l\u2019institut Joan Brudieu disposa d\u2019un desfibril\u00b7lador semiautom\u00e0tic de la marca Heartsine Samaritan PAD, adquirit pel Departament d\u2019Educaci\u00f3 per tal de donar compliment al que estableix el Decret 30\/2015, de 3 de mar\u00e7, pel qual s\u2019aprova el cat\u00e0leg d\u2019activitats i centres obligats a adoptar mesures d\u2019autoprotecci\u00f3 i es fixa [&hellip;]<\/p>\n","protected":false},"author":1,"featured_media":0,"parent":63,"menu_order":7,"comment_status":"closed","ping_status":"closed","template":"page-templates\/side-menu.php","meta":{"_bbp_topic_count":0,"_bbp_reply_count":0,"_bbp_total_topic_count":0,"_bbp_total_reply_count":0,"_bbp_voice_count":0,"_bbp_anonymous_reply_count":0,"_bbp_topic_count_hidden":0,"_bbp_reply_count_hidden":0,"_bbp_forum_subforum_count":0,"site-sidebar-layout":"default","site-content-layout":"","ast-site-content-layout":"","site-content-style":"default","site-sidebar-style":"default","ast-global-header-display":"","ast-banner-title-visibility":"","ast-main-header-display":"","ast-hfb-above-header-display":"","ast-hfb-below-header-display":"","ast-hfb-mobile-header-display":"","site-post-title":"","ast-breadcrumbs-content":"","ast-featured-img":"","footer-sml-layout":"","theme-transparent-header-meta":"","adv-header-id-meta":"","stick-header-meta":"","header-above-stick-meta":"","header-main-stick-meta":"","header-below-stick-meta":"","astra-migrate-meta-layouts":"default","ast-page-background-enabled":"default","ast-page-background-meta":{"desktop":{"background-color":"var(--ast-global-color-4)","background-image":"","background-repeat":"repeat","background-position":"center center","background-size":"auto","background-attachment":"scroll","background-type":"","background-media":"","overlay-type":"","overlay-color":"","overlay-opacity":"","overlay-gradient":""},"tablet":{"background-color":"","background-image":"","background-repeat":"repeat","background-position":"center center","background-size":"auto","background-attachment":"scroll","background-type":"","background-media":"","overlay-type":"","overlay-color":"","overlay-opacity":"","overlay-gradient":""},"mobile":{"background-color":"","background-image":"","background-repeat":"repeat","background-position":"center center","background-size":"auto","background-attachment":"scroll","background-type":"","background-media":"","overlay-type":"","overlay-color":"","overlay-opacity":"","overlay-gradient":""}},"ast-content-background-meta":{"desktop":{"background-color":"var(--ast-global-color-5)","background-image":"","background-repeat":"repeat","background-position":"center center","background-size":"auto","background-attachment":"scroll","background-type":"","background-media":"","overlay-type":"","overlay-color":"","overlay-opacity":"","overlay-gradient":""},"tablet":{"background-color":"var(--ast-global-color-5)","background-image":"","background-repeat":"repeat","background-position":"center center","background-size":"auto","background-attachment":"scroll","background-type":"","background-media":"","overlay-type":"","overlay-color":"","overlay-opacity":"","overlay-gradient":""},"mobile":{"background-color":"var(--ast-global-color-5)","background-image":"","background-repeat":"repeat","background-position":"center center","background-size":"auto","background-attachment":"scroll","background-type":"","background-media":"","overlay-type":"","overlay-color":"","overlay-opacity":"","overlay-gradient":""}},"footnotes":""},"class_list":["post-6753","page","type-page","status-publish","hentry"],"post_mailing_queue_ids":[],"_links":{"self":[{"href":"https:\/\/agora.xtec.cat\/iesjoanbrudieu\/wp-json\/wp\/v2\/pages\/6753","targetHints":{"allow":["GET"]}}],"collection":[{"href":"https:\/\/agora.xtec.cat\/iesjoanbrudieu\/wp-json\/wp\/v2\/pages"}],"about":[{"href":"https:\/\/agora.xtec.cat\/iesjoanbrudieu\/wp-json\/wp\/v2\/types\/page"}],"author":[{"embeddable":true,"href":"https:\/\/agora.xtec.cat\/iesjoanbrudieu\/wp-json\/wp\/v2\/users\/1"}],"replies":[{"embeddable":true,"href":"https:\/\/agora.xtec.cat\/iesjoanbrudieu\/wp-json\/wp\/v2\/comments?post=6753"}],"version-history":[{"count":3,"href":"https:\/\/agora.xtec.cat\/iesjoanbrudieu\/wp-json\/wp\/v2\/pages\/6753\/revisions"}],"predecessor-version":[{"id":6763,"href":"https:\/\/agora.xtec.cat\/iesjoanbrudieu\/wp-json\/wp\/v2\/pages\/6753\/revisions\/6763"}],"up":[{"embeddable":true,"href":"https:\/\/agora.xtec.cat\/iesjoanbrudieu\/wp-json\/wp\/v2\/pages\/63"}],"wp:attachment":[{"href":"https:\/\/agora.xtec.cat\/iesjoanbrudieu\/wp-json\/wp\/v2\/media?parent=6753"}],"curies":[{"name":"wp","href":"https:\/\/api.w.org\/{rel}","templated":true}]}}