{"id":6750,"date":"2021-12-18T14:08:52","date_gmt":"2021-12-18T13:08:52","guid":{"rendered":"https:\/\/agora.xtec.cat\/iesjoanbrudieu\/?page_id=6750"},"modified":"2025-12-08T16:33:34","modified_gmt":"2025-12-08T15:33:34","slug":"usapps","status":"publish","type":"page","link":"https:\/\/agora.xtec.cat\/iesjoanbrudieu\/serveis\/usapps\/","title":{"rendered":"UsApps"},"content":{"rendered":"<p><a href=\"https:\/\/agora.xtec.cat\/iesjoanbrudieu\/wp-content\/uploads\/usu1248\/2023\/03\/Enganxina_UsApps.jpg\"><img loading=\"lazy\" decoding=\"async\" class=\"aligncenter size-full wp-image-8161\" src=\"https:\/\/agora.xtec.cat\/iesjoanbrudieu\/wp-content\/uploads\/usu1248\/2023\/03\/Enganxina_UsApps.jpg\" alt=\"\" width=\"538\" height=\"538\" srcset=\"https:\/\/agora.xtec.cat\/iesjoanbrudieu\/wp-content\/uploads\/usu1248\/2023\/03\/Enganxina_UsApps.jpg 538w, https:\/\/agora.xtec.cat\/iesjoanbrudieu\/wp-content\/uploads\/usu1248\/2023\/03\/Enganxina_UsApps-300x300.jpg 300w, https:\/\/agora.xtec.cat\/iesjoanbrudieu\/wp-content\/uploads\/usu1248\/2023\/03\/Enganxina_UsApps-150x150.jpg 150w\" sizes=\"auto, (max-width: 538px) 100vw, 538px\" \/><\/a><\/p>\n<p>El Departament d\u2019Educaci\u00f3 posa en marxa la web-app &#8220;<strong>UsApps<\/strong>&#8220;, emmarcada dins del <a href=\"https:\/\/educacio.gencat.cat\/ca\/departament\/linies-estrategiques\/escoles-lliures-de-violencies\/\" target=\"_blank\" rel=\"noopener\">Pla estrat\u00e8gic <strong>Les Escoles lliures de viol\u00e8ncies (LELV)<\/strong><\/a> [<a href=\"https:\/\/institutjoanbrudieu.cat\/public\/web_centre\/html\/documents\/institut\/curs\/escoles_lliures_violencies.pdf\" target=\"_blank\" rel=\"noopener\">document PDF<\/a>]. La &#8220;<strong>UsApps<\/strong>&#8221; \u00e9s l\u2019eina que el Departament d\u2019Educaci\u00f3 posa a disposici\u00f3 de totes les persones de la comunitat educativa per comunicar les diferents situacions de viol\u00e8ncia que l\u2019alumnat pot viure o ser-ne testimoni: casos d&#8217;assetjament, agressi\u00f3 sexual o qualsevol forma de viol\u00e8ncia f\u00edsica, sexual, psicol\u00f2gica, emocional, verbal i no verbal. \u00c9s un canal fiable, accessible, confidencial, r\u00e0pid i inclusiu. S&#8217;hi accedeix des de l&#8217;adre\u00e7a <a href=\"https:\/\/usav.educacio.gencat.cat\/\" target=\"_blank\" rel=\"noopener\">https:\/\/usav.educacio.gencat.cat\/<\/a> .<\/p>\n<p><a href=\"https:\/\/usav.educacio.gencat.cat\/\" target=\"_blank\" rel=\"noopener\"><img loading=\"lazy\" decoding=\"async\" class=\"aligncenter wp-image-6741 size-full\" src=\"https:\/\/agora.xtec.cat\/iesjoanbrudieu\/wp-content\/uploads\/usu1248\/2021\/12\/logo_UsApps.jpg\" alt=\"\" width=\"350\" height=\"131\" srcset=\"https:\/\/agora.xtec.cat\/iesjoanbrudieu\/wp-content\/uploads\/usu1248\/2021\/12\/logo_UsApps.jpg 350w, https:\/\/agora.xtec.cat\/iesjoanbrudieu\/wp-content\/uploads\/usu1248\/2021\/12\/logo_UsApps-300x112.jpg 300w\" sizes=\"auto, (max-width: 350px) 100vw, 350px\" \/><\/a><\/p>\n<p>Darrere de la &#8220;<strong>UsApps<\/strong>&#8221; hi ha la USAV (Unitat de Suport a l\u2019Alumnat en Situacions de Viol\u00e8ncia) formada per diferents professionals especialistes que en fan l&#8217;acollida, atenci\u00f3 i assessorament, i que donen suport als centres educatius per a l&#8217;activaci\u00f3 dels protocols corresponents. Si teniu coneixement d&#8217;una situaci\u00f3 de viol\u00e8ncia podeu contactar directament amb la USAV per tel\u00e8fon (900 92 30 98) o a trav\u00e9s de l&#8217;adre\u00e7a electr\u00f2nica (usav.educacio@gencat.cat).<\/p>\n<p>En aquest <a href=\"https:\/\/www.youtube.com\/watch?v=yOkZeAaPJww\" target=\"_blank\" rel=\"noopener\">v\u00eddeo explicatiu<\/a> i en la <a href=\"https:\/\/institutjoanbrudieu.cat\/public\/web_centre\/html\/documents\/institut\/curs\/que_es_usapps_infografia_2021.pdf\" target=\"_blank\" rel=\"noopener\">infografia<\/a> podeu consultar el funcionament de la &#8220;<strong>UsApps<\/strong>&#8220;.<\/p>\n<p style=\"text-align: center;\"><iframe loading=\"lazy\" title=\"YouTube video player\" src=\"https:\/\/www.youtube.com\/embed\/yOkZeAaPJww?si=Wv9rGyohcYwRcxAD\" width=\"560\" height=\"315\" frameborder=\"0\" allowfullscreen=\"allowfullscreen\"><\/iframe><\/p>\n<p style=\"text-align: center;\"><object style=\"width: 800px; height: 600px;\" data=\"https:\/\/institutjoanbrudieu.cat\/public\/web_centre\/html\/documents\/institut\/curs\/que_es_usapps_infografia_2021.pdf\" width=\"300\" height=\"150\"><span style=\"display: inline-block; width: 0px; overflow: hidden; line-height: 0;\" data-mce-type=\"bookmark\" class=\"mce_SELRES_start\">\ufeff<\/span><\/object><\/p>\n","protected":false},"excerpt":{"rendered":"<p>El Departament d\u2019Educaci\u00f3 posa en marxa la web-app &#8220;UsApps&#8220;, emmarcada dins del Pla estrat\u00e8gic Les Escoles lliures de viol\u00e8ncies (LELV) [document PDF]. La &#8220;UsApps&#8221; \u00e9s l\u2019eina que el Departament d\u2019Educaci\u00f3 posa a disposici\u00f3 de totes les persones de la comunitat educativa per comunicar les diferents situacions de viol\u00e8ncia que l\u2019alumnat pot viure o ser-ne testimoni: [&hellip;]<\/p>\n","protected":false},"author":1,"featured_media":0,"parent":63,"menu_order":3,"comment_status":"closed","ping_status":"closed","template":"page-templates\/side-menu.php","meta":{"_bbp_topic_count":0,"_bbp_reply_count":0,"_bbp_total_topic_count":0,"_bbp_total_reply_count":0,"_bbp_voice_count":0,"_bbp_anonymous_reply_count":0,"_bbp_topic_count_hidden":0,"_bbp_reply_count_hidden":0,"_bbp_forum_subforum_count":0,"site-sidebar-layout":"default","site-content-layout":"","ast-site-content-layout":"","site-content-style":"default","site-sidebar-style":"default","ast-global-header-display":"","ast-banner-title-visibility":"","ast-main-header-display":"","ast-hfb-above-header-display":"","ast-hfb-below-header-display":"","ast-hfb-mobile-header-display":"","site-post-title":"","ast-breadcrumbs-content":"","ast-featured-img":"","footer-sml-layout":"","theme-transparent-header-meta":"","adv-header-id-meta":"","stick-header-meta":"","header-above-stick-meta":"","header-main-stick-meta":"","header-below-stick-meta":"","astra-migrate-meta-layouts":"default","ast-page-background-enabled":"default","ast-page-background-meta":{"desktop":{"background-color":"var(--ast-global-color-4)","background-image":"","background-repeat":"repeat","background-position":"center center","background-size":"auto","background-attachment":"scroll","background-type":"","background-media":"","overlay-type":"","overlay-color":"","overlay-opacity":"","overlay-gradient":""},"tablet":{"background-color":"","background-image":"","background-repeat":"repeat","background-position":"center center","background-size":"auto","background-attachment":"scroll","background-type":"","background-media":"","overlay-type":"","overlay-color":"","overlay-opacity":"","overlay-gradient":""},"mobile":{"background-color":"","background-image":"","background-repeat":"repeat","background-position":"center center","background-size":"auto","background-attachment":"scroll","background-type":"","background-media":"","overlay-type":"","overlay-color":"","overlay-opacity":"","overlay-gradient":""}},"ast-content-background-meta":{"desktop":{"background-color":"var(--ast-global-color-5)","background-image":"","background-repeat":"repeat","background-position":"center center","background-size":"auto","background-attachment":"scroll","background-type":"","background-media":"","overlay-type":"","overlay-color":"","overlay-opacity":"","overlay-gradient":""},"tablet":{"background-color":"var(--ast-global-color-5)","background-image":"","background-repeat":"repeat","background-position":"center center","background-size":"auto","background-attachment":"scroll","background-type":"","background-media":"","overlay-type":"","overlay-color":"","overlay-opacity":"","overlay-gradient":""},"mobile":{"background-color":"var(--ast-global-color-5)","background-image":"","background-repeat":"repeat","background-position":"center center","background-size":"auto","background-attachment":"scroll","background-type":"","background-media":"","overlay-type":"","overlay-color":"","overlay-opacity":"","overlay-gradient":""}},"footnotes":""},"class_list":["post-6750","page","type-page","status-publish","hentry"],"post_mailing_queue_ids":[],"_links":{"self":[{"href":"https:\/\/agora.xtec.cat\/iesjoanbrudieu\/wp-json\/wp\/v2\/pages\/6750","targetHints":{"allow":["GET"]}}],"collection":[{"href":"https:\/\/agora.xtec.cat\/iesjoanbrudieu\/wp-json\/wp\/v2\/pages"}],"about":[{"href":"https:\/\/agora.xtec.cat\/iesjoanbrudieu\/wp-json\/wp\/v2\/types\/page"}],"author":[{"embeddable":true,"href":"https:\/\/agora.xtec.cat\/iesjoanbrudieu\/wp-json\/wp\/v2\/users\/1"}],"replies":[{"embeddable":true,"href":"https:\/\/agora.xtec.cat\/iesjoanbrudieu\/wp-json\/wp\/v2\/comments?post=6750"}],"version-history":[{"count":5,"href":"https:\/\/agora.xtec.cat\/iesjoanbrudieu\/wp-json\/wp\/v2\/pages\/6750\/revisions"}],"predecessor-version":[{"id":10503,"href":"https:\/\/agora.xtec.cat\/iesjoanbrudieu\/wp-json\/wp\/v2\/pages\/6750\/revisions\/10503"}],"up":[{"embeddable":true,"href":"https:\/\/agora.xtec.cat\/iesjoanbrudieu\/wp-json\/wp\/v2\/pages\/63"}],"wp:attachment":[{"href":"https:\/\/agora.xtec.cat\/iesjoanbrudieu\/wp-json\/wp\/v2\/media?parent=6750"}],"curies":[{"name":"wp","href":"https:\/\/api.w.org\/{rel}","templated":true}]}}