{"id":6268,"date":"2021-04-14T14:46:43","date_gmt":"2021-04-14T12:46:43","guid":{"rendered":"http:\/\/agora.xtec.cat\/iesjoanbrudieu\/?page_id=6268"},"modified":"2021-04-15T15:20:58","modified_gmt":"2021-04-15T13:20:58","slug":"tokapp","status":"publish","type":"page","link":"https:\/\/agora.xtec.cat\/iesjoanbrudieu\/secretaria\/tokapp\/","title":{"rendered":"TOKAPP"},"content":{"rendered":"<p><a href=\"https:\/\/agora.xtec.cat\/iesjoanbrudieu\/wp-content\/uploads\/usu1248\/2021\/04\/LogoTokAppSchool_Horizontal.png\"><img loading=\"lazy\" decoding=\"async\" class=\"aligncenter wp-image-6269\" src=\"https:\/\/agora.xtec.cat\/iesjoanbrudieu\/wp-content\/uploads\/usu1248\/2021\/04\/LogoTokAppSchool_Horizontal.png\" alt=\"\" width=\"365\" height=\"99\" \/><\/a><\/p>\n<h2><span style=\"color: #ff0000;\">Cartes i documentaci\u00f3<\/span><\/h2>\n<ul>\n<li><a href=\"https:\/\/institutjoanbrudieu.cat\/public\/web_centre\/html\/documents\/secretaria\/documents\/TOKAPP_Familia_carta_presentacio_i_pagament.pdf\" target=\"_blank\" rel=\"noopener noreferrer\"><strong>Fam\u00edlia<\/strong>: carta de presentaci\u00f3 i instruccions per a pagaments<\/a>.<\/li>\n<li><a href=\"https:\/\/institutjoanbrudieu.cat\/public\/web_centre\/html\/documents\/secretaria\/documents\/TOKAPP_Familia_autoritzacio.pdf\" target=\"_blank\" rel=\"noopener noreferrer\"><strong>Fam\u00edlia<\/strong>: full d&#8217;autoritzaci\u00f3 de dades<\/a>.<\/li>\n<li><a href=\"https:\/\/institutjoanbrudieu.cat\/public\/web_centre\/html\/documents\/secretaria\/documents\/TOKAPP_Alumnes_carta.pdf\" target=\"_blank\" rel=\"noopener noreferrer\"><strong>Alumnat<\/strong>: carta de presentaci\u00f3<\/a>.<\/li>\n<\/ul>\n<h2><span style=\"color: #ff0000;\">Tutorials<\/span><\/h2>\n<ul>\n<li><a href=\"https:\/\/institutjoanbrudieu.cat\/public\/web_centre\/html\/documents\/secretaria\/documents\/TOKAPP_Manual.pdf\" target=\"_blank\" rel=\"noopener noreferrer\"><strong>Manual<\/strong> de l&#8217;APP de TokAPP<\/a>.<\/li>\n<li><a href=\"https:\/\/institutjoanbrudieu.cat\/public\/web_centre\/html\/documents\/secretaria\/documents\/TOKAPP_Manual_Pagaments.pdf\" target=\"_blank\" rel=\"noopener noreferrer\"><strong>Manual<\/strong> de pagaments<\/a>.<\/li>\n<\/ul>\n<p style=\"text-align: center;\"><iframe loading=\"lazy\" src=\"https:\/\/www.youtube.com\/embed\/h5B6V1eX790\" width=\"560\" height=\"315\" frameborder=\"0\"><\/iframe><\/p>\n","protected":false},"excerpt":{"rendered":"<p>Cartes i documentaci\u00f3 Fam\u00edlia: carta de presentaci\u00f3 i instruccions per a pagaments. Fam\u00edlia: full d&#8217;autoritzaci\u00f3 de dades. Alumnat: carta de presentaci\u00f3. Tutorials Manual de l&#8217;APP de TokAPP. Manual de pagaments.<\/p>\n","protected":false},"author":1,"featured_media":0,"parent":81,"menu_order":35,"comment_status":"closed","ping_status":"closed","template":"page-templates\/side-menu.php","meta":{"_bbp_topic_count":0,"_bbp_reply_count":0,"_bbp_total_topic_count":0,"_bbp_total_reply_count":0,"_bbp_voice_count":0,"_bbp_anonymous_reply_count":0,"_bbp_topic_count_hidden":0,"_bbp_reply_count_hidden":0,"_bbp_forum_subforum_count":0,"site-sidebar-layout":"default","site-content-layout":"","ast-site-content-layout":"","site-content-style":"default","site-sidebar-style":"default","ast-global-header-display":"","ast-banner-title-visibility":"","ast-main-header-display":"","ast-hfb-above-header-display":"","ast-hfb-below-header-display":"","ast-hfb-mobile-header-display":"","site-post-title":"","ast-breadcrumbs-content":"","ast-featured-img":"","footer-sml-layout":"","theme-transparent-header-meta":"","adv-header-id-meta":"","stick-header-meta":"","header-above-stick-meta":"","header-main-stick-meta":"","header-below-stick-meta":"","astra-migrate-meta-layouts":"default","ast-page-background-enabled":"default","ast-page-background-meta":{"desktop":{"background-color":"var(--ast-global-color-4)","background-image":"","background-repeat":"repeat","background-position":"center center","background-size":"auto","background-attachment":"scroll","background-type":"","background-media":"","overlay-type":"","overlay-color":"","overlay-opacity":"","overlay-gradient":""},"tablet":{"background-color":"","background-image":"","background-repeat":"repeat","background-position":"center center","background-size":"auto","background-attachment":"scroll","background-type":"","background-media":"","overlay-type":"","overlay-color":"","overlay-opacity":"","overlay-gradient":""},"mobile":{"background-color":"","background-image":"","background-repeat":"repeat","background-position":"center center","background-size":"auto","background-attachment":"scroll","background-type":"","background-media":"","overlay-type":"","overlay-color":"","overlay-opacity":"","overlay-gradient":""}},"ast-content-background-meta":{"desktop":{"background-color":"var(--ast-global-color-5)","background-image":"","background-repeat":"repeat","background-position":"center center","background-size":"auto","background-attachment":"scroll","background-type":"","background-media":"","overlay-type":"","overlay-color":"","overlay-opacity":"","overlay-gradient":""},"tablet":{"background-color":"var(--ast-global-color-5)","background-image":"","background-repeat":"repeat","background-position":"center center","background-size":"auto","background-attachment":"scroll","background-type":"","background-media":"","overlay-type":"","overlay-color":"","overlay-opacity":"","overlay-gradient":""},"mobile":{"background-color":"var(--ast-global-color-5)","background-image":"","background-repeat":"repeat","background-position":"center center","background-size":"auto","background-attachment":"scroll","background-type":"","background-media":"","overlay-type":"","overlay-color":"","overlay-opacity":"","overlay-gradient":""}},"footnotes":""},"class_list":["post-6268","page","type-page","status-publish","hentry"],"post_mailing_queue_ids":[],"_links":{"self":[{"href":"https:\/\/agora.xtec.cat\/iesjoanbrudieu\/wp-json\/wp\/v2\/pages\/6268","targetHints":{"allow":["GET"]}}],"collection":[{"href":"https:\/\/agora.xtec.cat\/iesjoanbrudieu\/wp-json\/wp\/v2\/pages"}],"about":[{"href":"https:\/\/agora.xtec.cat\/iesjoanbrudieu\/wp-json\/wp\/v2\/types\/page"}],"author":[{"embeddable":true,"href":"https:\/\/agora.xtec.cat\/iesjoanbrudieu\/wp-json\/wp\/v2\/users\/1"}],"replies":[{"embeddable":true,"href":"https:\/\/agora.xtec.cat\/iesjoanbrudieu\/wp-json\/wp\/v2\/comments?post=6268"}],"version-history":[{"count":3,"href":"https:\/\/agora.xtec.cat\/iesjoanbrudieu\/wp-json\/wp\/v2\/pages\/6268\/revisions"}],"predecessor-version":[{"id":6274,"href":"https:\/\/agora.xtec.cat\/iesjoanbrudieu\/wp-json\/wp\/v2\/pages\/6268\/revisions\/6274"}],"up":[{"embeddable":true,"href":"https:\/\/agora.xtec.cat\/iesjoanbrudieu\/wp-json\/wp\/v2\/pages\/81"}],"wp:attachment":[{"href":"https:\/\/agora.xtec.cat\/iesjoanbrudieu\/wp-json\/wp\/v2\/media?parent=6268"}],"curies":[{"name":"wp","href":"https:\/\/api.w.org\/{rel}","templated":true}]}}