{"id":5721,"date":"2021-09-10T20:01:33","date_gmt":"2021-09-10T18:01:33","guid":{"rendered":"http:\/\/agora.xtec.cat\/iesjoanbrudieu\/?page_id=5721"},"modified":"2026-03-20T18:25:21","modified_gmt":"2026-03-20T17:25:21","slug":"beques-de-la-fundacio-p-i-p-pizarroso","status":"publish","type":"page","link":"https:\/\/agora.xtec.cat\/iesjoanbrudieu\/estudis\/beques-de-la-fundacio-p-i-p-pizarroso\/","title":{"rendered":"Beques de la Fundaci\u00f3 P. i P. Pizarroso"},"content":{"rendered":"\n<figure class=\"wp-block-image aligncenter\"><a href=\"https:\/\/agora.xtec.cat\/iesjoanbrudieu\/wp-content\/uploads\/usu1248\/2021\/09\/logo_Pizarroso.png\"><img loading=\"lazy\" decoding=\"async\" width=\"626\" height=\"105\" src=\"https:\/\/agora.xtec.cat\/iesjoanbrudieu\/wp-content\/uploads\/usu1248\/2021\/09\/logo_Pizarroso.png\" alt=\"\" class=\"wp-image-6531\" srcset=\"https:\/\/agora.xtec.cat\/iesjoanbrudieu\/wp-content\/uploads\/usu1248\/2021\/09\/logo_Pizarroso.png 626w, https:\/\/agora.xtec.cat\/iesjoanbrudieu\/wp-content\/uploads\/usu1248\/2021\/09\/logo_Pizarroso-300x50.png 300w\" sizes=\"auto, (max-width: 626px) 100vw, 626px\" \/><\/a><\/figure>\n\n\n\n<p><\/p>\n\n\n\n<figure class=\"wp-block-image alignright\"><a href=\"https:\/\/agora.xtec.cat\/iesjoanbrudieu\/wp-content\/uploads\/usu1248\/2021\/09\/Pizarroso_Pepe.jpg\"><img loading=\"lazy\" decoding=\"async\" width=\"108\" height=\"124\" src=\"https:\/\/agora.xtec.cat\/iesjoanbrudieu\/wp-content\/uploads\/usu1248\/2021\/09\/Pizarroso_Pepe.jpg\" alt=\"\" class=\"wp-image-6532\"\/><\/a><\/figure>\n\n\n\n<p><a href=\"https:\/\/www.galeriametges.cat\/galeria-fitxa.php?icod=EGLF\" target=\"_blank\" rel=\"noopener\"><strong>Jos\u00e9 [Pepe] Pizarroso i Gonz\u00e1lez<\/strong><\/a> (Madrid, 08\/01\/1938 \u2013 Barcelona, 20\/05\/2011) \u00e9s el metge cirurgi\u00e0 que va crear la <a href=\"http:\/\/www.fundaciopizarroso.cat\/index.php\" target=\"_blank\" rel=\"noopener\"><strong>Fundaci\u00f3 Privada P. i P. Pizarroso<\/strong><\/a>, que ajuda joves amb pocs recursos per estudiar Ci\u00e8ncies de la Salut. En concret, la Fundaci\u00f3 t\u00e9 la seg\u00fcent finalitat: &#8220;La investigaci\u00f3, recerca i divulgaci\u00f3 dels coneixements biom\u00e8dics, el seu foment a trav\u00e9s de la realitzaci\u00f3 d&#8217;activitats de promoci\u00f3 i difusi\u00f3, i de manera molt espec\u00edfica, la concessi\u00f3 de beques, ajuts, premis, distincions, etc, per a la realitzaci\u00f3 d&#8217;estudis universitaris o d&#8217;investigaci\u00f3 biom\u00e8dics en el marc de les Facultats o escoles universit\u00e0ries d&#8217;Infermeria Farm\u00e0cia i Medicina, en qualsevol dels cicles formatius de grau i de postgrau&#8221;.<\/p>\n\n\n\n<p>Cada any, la Fundaci\u00f3 convoca les <strong>Beques Premi Pizarroso<\/strong> per ajudar a estudiants que realitzin <strong>estudis de grau d&#8217;Infermeria, Farm\u00e0cia, Fisioter\u00e0pia o Medicina<\/strong> amb exclusi\u00f3 dels qui estiguin matriculats en \u00e0rees de coneixement <strong>NO<\/strong> orientades directament a la cura de la salut de les persones, en particular la titulaci\u00f3 de Farm\u00e0cia i Fisioter\u00e0pia quan estigui relacionada amb estudis de car\u00e0cter industrial, ambiental, ecol\u00f2gic, esportiu o d&#8217;\u00e0mbits similars.<\/p>\n\n\n\n<p>Una de les beques que la Fundaci\u00f3 Pizarroso atorga <strong>es reserva als estudiants que acreditin l&#8217;empadronament en algun municipi de l&#8217;Alt Urgell<\/strong> i que compleixin amb les bases de la convocat\u00f2ria, atesa la vinculaci\u00f3 professional i afectiva amb l\u2019Alt Urgell que va tenir Jos\u00e9 [Pepe] Pizarroso i Gonz\u00e1lez des dels anys 70.<\/p>\n\n\n\n<h3 class=\"wp-block-heading\"><strong><span style=\"color: #ff0000;\">CURS 2023-2024<\/span><\/strong><\/h3>\n\n\n\n<p>La <a href=\"http:\/\/www.fundaciopizarroso.cat\/index.php\" target=\"_blank\" rel=\"noopener\"><strong>Fundaci\u00f3 Privada P. i P. Pizarroso<\/strong><\/a> ha convocat les Beques Pizarroso per al curs 2023-2024 per a l&#8217;alumnat dels Instituts P\u00fablics de Catalunya que VULGUI CURSAR <strong>estudis de grau de Medicina, Infermeria o Farm\u00e0cia<\/strong>, amb titulacions oficials en centres propis d&#8217;Universitats P\u00fabliques de Catalunya, i que compleixi les bases generals de la convocat\u00f2ria que s&#8217;especifiquen en <a href=\"https:\/\/institutjoanbrudieu.cat\/public\/web_centre\/html\/documents\/institut\/curs\/2023_Beca_Pizarroso_convocatoria_INSTITUTS_2023_2024.pdf\" target=\"_blank\" rel=\"noopener\">aquest document<\/a>. Una de les beques es reservar\u00e0 als estudiants que <strong>acreditin l&#8217;empadronament en algun municipi de l&#8217;Alt Urgell<\/strong> i que compleixin amb les bases de la convocat\u00f2ria.<\/p>\n\n\n\n<h3 class=\"wp-block-heading\"><strong><span style=\"color: #ff0000;\">CURS 2022-2023<\/span><\/strong><\/h3>\n\n\n\n<p>La <a href=\"http:\/\/www.fundaciopizarroso.cat\/index.php\" target=\"_blank\" rel=\"noopener\"><strong>Fundaci\u00f3 Privada P. i P. Pizarroso<\/strong><\/a> ha convocat les Beques Pizarroso per al curs 2022-2023 per a l&#8217;alumnat dels Instituts P\u00fablics de Catalunya que VULGUI CURSAR <strong>estudis de grau de Medicina, Infermeria o Farm\u00e0cia<\/strong>, amb titulacions oficials en centres propis d&#8217;Universitats P\u00fabliques de Catalunya, i que compleixi les bases generals de la convocat\u00f2ria que s&#8217;especifiquen en <a href=\"https:\/\/institutjoanbrudieu.cat\/public\/web_centre\/html\/documents\/institut\/curs\/2022_Beca_Pizarroso_convocatoria_INSTITUTS_2022_2023.pdf\" target=\"_blank\" rel=\"noopener\">aquest document<\/a>. Una de les beques es reservar\u00e0 als estudiants que <strong>acreditin l&#8217;empadronament en algun municipi de l&#8217;Alt Urgell<\/strong> i que compleixin amb les bases de la convocat\u00f2ria.<\/p>\n\n\n\n<h3 class=\"wp-block-heading\"><span style=\"color: #ff0000;\"><b>CURS 2021-2022<\/b><\/span><\/h3>\n\n\n\n<p><span lang=\"CA\">La sol\u00b7licitud de la beca es podr\u00e0 realitzar amb entrega telem\u00e0tica de documentaci\u00f3 (<a href=\"mailto:info@fundaciopizarroso.cat\">info@fundaciopizarroso.cat<\/a>), del 5 al 15 de juliol en primer Termini. El segon Termini ser\u00e0 del 27 de setembre a l\u201911 d\u2019octubre. Aquestes dates es podran adaptar en el cas que la Universitat aix\u00ed ho requereixi.<\/span><\/p>\n\n\n\n<ul class=\"wp-block-list\">\n<li><a href=\"http:\/\/www.fundaciopizarroso.cat\/pdf\/2021Instituts.pdf\">Convocat\u00f2ria Instituts 2021-2022<\/a>.<\/li>\n\n\n\n<li><a href=\"http:\/\/www.fundaciopizarroso.cat\/pdf\/solicitud21Instituts.pdf\">Sol\u00b7licitud<\/a>.<\/li>\n\n\n\n<li><a href=\"http:\/\/www.fundaciopizarroso.cat\/pdf\/2021declaraciojurada.pdf\">Declaraci\u00f3 Jurada<\/a>.<\/li>\n<\/ul>\n\n\n\n<h3 class=\"wp-block-heading\"><span style=\"color: #ff0000;\"><strong>Not\u00edcies referents a la Fundaci\u00f3 Privada P. i P. Pizarroso i l&#8217;Institut Joan Brudieu publicades a la web<\/strong><br><\/span><\/h3>\n\n\n\n<ul class=\"wp-block-list\">\n<li><span style=\"color: #ff0000;\"><strong>Desembre 2022<\/strong><\/span>: <a href=\"https:\/\/agora.xtec.cat\/iesjoanbrudieu\/general\/adjudicacio-de-la-beca-de-la-fundacio-p-i-p-pizarroso-2022\/\" target=\"_blank\" rel=\"noopener\">Adjudicaci\u00f3 de la beca de la Fundaci\u00f3 P. i P. Pizarroso (2022)<\/a>.\n<ul class=\"wp-block-list\">\n<li>El passat 10 d\u2019octubre es va reunir a Barcelona el Jurat de Beques de la <a href=\"http:\/\/www.fundaciopizarroso.cat\/\" target=\"_blank\" rel=\"noopener\">Fundaci\u00f3 P. i P. Pizarroso<\/a>, segons la <a href=\"https:\/\/institutjoanbrudieu.cat\/public\/web_centre\/html\/documents\/institut\/curs\/2022_Beca_Pizarroso_convocatoria_INSTITUTS_2022_2023.pdf\" target=\"_blank\" rel=\"noopener\">Convocat\u00f2ria per a la concessi\u00f3 de beques i ajudes especials a Catalunya convocat\u00f2ria 2022-2023<\/a> per a estudiants de grau de Medicina, Infermeria, Farm\u00e0cia i Fisioter\u00e0pia, per estudiar i baremar les sol\u00b7licituds presentades. D\u2019entre les sol\u00b7licituds presentades, es va concedir la beca com a bec\u00e0ria nova a l&#8217;exalumna de l&#8217;Institut Joan Brudieu <strong>Jana Raya Torra<\/strong>, que cursa estudis d&#8217;Infermeria. A m\u00e9s, s&#8217;ha renovat la beca adjudicada l&#8217;any 2000 a l\u2019exalumne <strong>Adri\u00e0 Herreros Fern\u00e1ndez<\/strong>, que cursa 3r de Medicina. Donem l\u2019enhorabona a la Jana i a l\u2019Adri\u00e0 i els felicitem molt efusivament. (<a href=\"http:\/\/institutjoanbrudieu.cat\/public\/web_centre\/html\/documents\/institut\/curs\/Acta_Beques_i_ajudes_especials_Pizarroso_2022_octubre.pdf\" target=\"_blank\" rel=\"noopener\">acta<\/a>).<\/li>\n<\/ul>\n<\/li>\n\n\n\n<li><span style=\"color: #ff0000;\"><strong>Novembre 2021<\/strong><\/span>: <a href=\"https:\/\/agora.xtec.cat\/iesjoanbrudieu\/general\/adjudicacio-de-la-beca-de-la-fundacio-p-i-p-pizarroso-2021\/\" target=\"_blank\" rel=\"noopener\">Adjudicaci\u00f3 de la beca de la Fundaci\u00f3 P. i P. Pizarroso (2021)<\/a>.\n<ul class=\"wp-block-list\">\n<li>El passat 14 d\u2019octubre es va reunir a Barcelona el Jurat de Beques de la <a href=\"http:\/\/www.fundaciopizarroso.cat\/\" target=\"_blank\" rel=\"noopener\">Fundaci\u00f3 P. i P. Pizarroso<\/a>, segons la C<a href=\"http:\/\/www.fundaciopizarroso.cat\/pdf\/2021Instituts.pdf\" target=\"_blank\" rel=\"noopener\">onvocat\u00f2ria per a la concessi\u00f3 de beques i ajudes especials a Catalunya convocat\u00f2ria 2021-2022<\/a> per a estudiants de grau de Medicina, Infermeria, Farm\u00e0cia i Fisioter\u00e0pia, per estudiar i baremar les sol\u00b7licituds presentades. D\u2019entre les sol\u00b7licituds presentades, no n\u2019hi havia cap de nova presentada per alumnat de l\u2019Institut Joan Brudieu. Tanmateix, n\u2019hi havia la que va presentar l\u2019exalumne Adri\u00e0 Herreros Fern\u00e1ndez, per tal de renovar la beca adjudicada l\u2019any 2020, la qual cosa ha estat acceptada (<a href=\"http:\/\/institutjoanbrudieu.cat\/public\/web_centre\/html\/documents\/institut\/curs\/Acta_Beques_i_ajudes_especials_Pizarroso_2021_octubre.pdf\" target=\"_blank\" rel=\"noopener\">acta<\/a>). Donem l\u2019enhorabona a l\u2019Adri\u00e0 i el felicitem molt efusivament.<\/li>\n<\/ul>\n<\/li>\n\n\n\n<li><strong><span style=\"color: #ff0000;\">Setembre 2021<\/span><\/strong>: <a href=\"https:\/\/agora.xtec.cat\/iesjoanbrudieu\/general\/hem-obert-a-la-web-pagina-especial-per-a-la-fundacio-p-i-p-pizarroso\/\" target=\"_blank\" rel=\"noopener\">Hem obert a la web p\u00e0gina especial per a la Fundaci\u00f3 P. i P. Pizarroso<\/a>.\n<ul class=\"wp-block-list\">\n<li>Hem obert a la nostra web p\u00e0gina especial dedicada a les Beques que atorga la <a href=\"http:\/\/www.fundaciopizarroso.cat\/index.php\" target=\"_blank\" rel=\"noopener\"><strong>Fundaci\u00f3 P. i P. Pizarroso<\/strong><\/a> (Estudis > <a href=\"https:\/\/agora.xtec.cat\/iesjoanbrudieu\/estudis\/beques-de-la-fundacio-p-i-p-pizarroso\/\" target=\"_blank\" rel=\"noopener\">Beques de la Fundaci\u00f3 P. i P. Pizarroso<\/a>). Cada any, la Fundaci\u00f3 convoca les <strong>Beques Premi Pizarroso<\/strong> per ajudar a estudiants que realitzin <strong>estudis de grau d\u2019Infermeria, Farm\u00e0cia, Fisioter\u00e0pia o Medicina<\/strong> amb exclusi\u00f3 dels qui estiguin matriculats en \u00e0rees de coneixement <strong>NO<\/strong> orientades directament a la cura de la salut de les persones, en particular la titulaci\u00f3 de Farm\u00e0cia i Fisioter\u00e0pia quan estigui relacionada amb estudis de car\u00e0cter industrial, ambiental, ecol\u00f2gic, esportiu o d\u2019\u00e0mbits similars. Una de les beques que la Fundaci\u00f3 Pizarroso atorga <strong>es reserva als estudiants que acreditin l\u2019empadronament en algun municipi de l\u2019Alt Urgell<\/strong> i que compleixin amb les bases de la convocat\u00f2ria, atesa la vinculaci\u00f3 professional i afectiva amb l\u2019Alt Urgell que va tenir <a href=\"https:\/\/www.galeriametges.cat\/galeria-fitxa.php?icod=EGLF\" target=\"_blank\" rel=\"noopener\"><strong>Jos\u00e9 [Pepe] Pizarroso i Gonz\u00e1lez<\/strong><\/a> des dels anys 70. Us recordem que encara est\u00e0 oberta la convocat\u00f2ria de beques del curs 2020-2021, el segon termini de lliurament de documentaci\u00f3 \u00e9s del 27 de setembre a l\u201911 d\u2019octubre.<\/li>\n<\/ul>\n<\/li>\n\n\n\n<li><span style=\"color: #ff0000;\"><strong>Novembre 2020<\/strong><\/span>: <a href=\"https:\/\/agora.xtec.cat\/iesjoanbrudieu\/general\/adjudicacio-de-la-beca-de-la-fundacio-p-i-p-pizarroso-2020\/\" target=\"_blank\" rel=\"noopener\">Adjudicaci\u00f3 de la beca de la Fundaci\u00f3 P. i P. Pizarroso (2020)<\/a>.\n<ul class=\"wp-block-list\">\n<li>El passat 13 d\u2019octubre es va reunir a Barcelona el Jurat de Selecci\u00f3 previst en la base sisena de la <a href=\"http:\/\/www.fundaciopizarroso.cat\/pdf\/2020Instituts.pdf\" target=\"_blank\" rel=\"noopener noreferrer\">Convocat\u00f2ria de beques<\/a> de la <a href=\"http:\/\/www.fundaciopizarroso.cat\/\" target=\"_blank\" rel=\"noopener noreferrer\">Fundaci\u00f3 P. i P. Pizarroso<\/a> per estudiar i baremar les sol\u00b7licituds presentades. D\u2019entre les sol\u00b7licituds presentades, i que reunien tots els requisits explicitats a la convocat\u00f2ria, n\u2019hi havia la d\u2019<strong>Adri\u00e0 Herreros Fern\u00e1ndez<\/strong>, a qui se li va adjudicar la beca sol\u00b7licitada (<a href=\"http:\/\/institutjoanbrudieu.cat\/public\/web_centre\/html\/documents\/institut\/curs\/2021_acta_tribunal_Pizarroso_2020.pdf\" target=\"_blank\" rel=\"noopener noreferrer\">acta<\/a>). Donem l\u2019enhorabona a l\u2019Adri\u00e0 i el felicitem molt efusivament.<\/li>\n<\/ul>\n<\/li>\n\n\n\n<li><span style=\"color: #ff0000;\"><strong>Novembre 2016<\/strong><\/span>: <a title=\"10 anys de la Fundaci\u00f3 Pizarroso\" href=\"https:\/\/agora.xtec.cat\/iesjoanbrudieu\/general\/10-anys-de-la-fundacio-pizarroso\/\" rel=\"bookmark\">10 anys de la Fundaci\u00f3 Pizarroso<\/a>.\n<ul class=\"wp-block-list\">\n<li>El passat 2 de novembre es va celebrar a l\u2019Aula Magna de la Facultat de Medicina de la Universitat de Barcelona l\u2019acte de commemoraci\u00f3 del 10\u00e8 aniversari de la creaci\u00f3 de la Fundaci\u00f3 Privada P. i P. Pizarroso, al qual van assistir Xavier Falc\u00f3 i Jordi Grau, director i coordinador pedag\u00f2gic de l\u2019Institut Joan Brudieu. La Fundaci\u00f3 Privada P. i P. Pizarroso va ser creada l\u2019any 2006 per Dr. Josep Pizarroso Gonz\u00e1lez (1939-2011), metge cirurgi\u00e0 que exerc\u00ed a l\u2019Hospital Vall d\u2019Hebron de Barcelona i que col\u00b7labor\u00e0 estretament amb l\u2019hospital de la Seu d\u2019Urgell. Les seves finalitats s\u00f3n les seg\u00fcents: &#8220;La investigaci\u00f3, recerca i divulgaci\u00f3 dels coneixements biom\u00e8dics, el seu foment a trav\u00e9s de la realitzaci\u00f3 d\u2019activitats de promoci\u00f3 i difusi\u00f3, i de manera molt espec\u00edfica, la concessi\u00f3 de beques, ajuts, premis, distincions, etc, per a la realitzaci\u00f3 d\u2019estudis universitaris o d\u2019investigaci\u00f3 biom\u00e8dics en el marc de les Facultats de Medicina, Farm\u00e0cia, Biologia, Psicologia i Infermeria en qualsevol dels cicles formatius i de postgrau.&#8221; En concret, la Fundaci\u00f3 convoca cada any les Beques Premi \u201cEstar a la rec\u00edproca\u201d, en convocat\u00f2ria especial per a l\u2019alumnat dels instituts La Guineueta; Joan Salvat Papasseit i Miquel Tarradell, de Barcelona; i de l\u2019Institut Joan Brudieu de la Seu d\u2019Urgell, que vulgui cursar estudis universitaris en Ci\u00e8ncies de la Salut a qualsevol centre p\u00fablic de Catalunya. De l\u2019Institut Joan Brudieu han estat becaris de la Fundaci\u00f3 Pizarroso <strong>Laura Grau Valls<\/strong> (farm\u00e0cia), <strong>Arnau Navin\u00e9s Ferrer<\/strong> (medicina) i <strong>Cl\u00e0udia L\u00f3pez Capdevila<\/strong> (infermeria). [<a href=\"https:\/\/goo.gl\/photos\/DsoFugto588aEwj37\" target=\"_blank\" rel=\"noopener\">fotos<\/a>]<\/li>\n<\/ul>\n<\/li>\n\n\n\n<li><span style=\"color: #ff0000;\"><strong>Gener 2016<\/strong><\/span>: <a href=\"https:\/\/agora.xtec.cat\/iesjoanbrudieu\/general\/acte-de-lliurament-de-les-beques-de-la-fundacio-p-i-p-pizarroso\/\" target=\"_blank\" rel=\"noopener\">Acte de lliurament de les beques de la Fundaci\u00f3 P. i P. Pizarroso<\/a>.\n<ul class=\"wp-block-list\">\n<li>El passat 19 de novembre es va celebrar a les depend\u00e8ncies de l&#8217;<a href=\"http:\/\/www.ateneubcn.org\/\" target=\"_blank\" rel=\"noopener\">Ateneu Barcelon\u00e8s<\/a>, a Barcelona, l&#8217;acte de lliurament de les beques de la <a href=\"http:\/\/www.fundaciopizarroso.cat\/\" target=\"_blank\" rel=\"noopener\">Fundaci\u00f3 P. i P. Pizarroso<\/a>. Per a l&#8217;Institut Joan Brudieu, la beca va ser adjudicada a <strong>Cl\u00e0udia L\u00f3pez Capdevila<\/strong>. [<a href=\"https:\/\/picasaweb.google.com\/116002158147758864909\/151112BequesPizarroso#slideshow\" target=\"_blank\" rel=\"noopener\">fotos<\/a>]<br><div class=\"row\" style=\"margin-bottom: 1em !important;\"><br><figure><a href=\"http:\/\/institutjoanbrudieu.cat\/public\/web_centre\/html\/documents\/institut\/curs\/1516_Pizarroso_novembre_1.jpg\" target=\"_blank\" rel=\"noopener\"><img loading=\"lazy\" decoding=\"async\" title=\"Beques Pizarroso\" width=\"550\" height=\"344\" class=\"\" src=\"http:\/\/institutjoanbrudieu.cat\/public\/web_centre\/html\/documents\/institut\/curs\/1516_Pizarroso_novembre_1.jpg\"><\/a><\/figure><div class=\"small-12 large-6 text-center columns\"><\/div><br><div class=\"small-12 large-6 text-center columns\"><br><figure><a href=\"http:\/\/institutjoanbrudieu.cat\/public\/web_centre\/html\/documents\/institut\/curs\/1516_Pizarroso_novembre_2.jpg\" target=\"_blank\" rel=\"noopener\"><img loading=\"lazy\" decoding=\"async\" title=\"Beques Pizarroso\" width=\"550\" height=\"415\" class=\"\" src=\"http:\/\/institutjoanbrudieu.cat\/public\/web_centre\/html\/documents\/institut\/curs\/1516_Pizarroso_novembre_2.jpg\"><\/a><\/figure><div align=\"center\"><\/div><br><\/div><br><\/div><br><\/li>\n<\/ul>\n<\/li>\n\n\n\n<li><span style=\"color: #ff0000;\"><strong>Juliol 2015<\/strong><\/span>: <a href=\"https:\/\/agora.xtec.cat\/iesjoanbrudieu\/general\/adjudicacio-de-la-beca-de-la-fundacio-p-i-p-pizarroso\/\" target=\"_blank\" rel=\"noopener\">Adjudicaci\u00f3 de la beca de la Fundaci\u00f3 P. i P. Pizarroso<\/a>.\n<ul class=\"wp-block-list\">\n<li>El passat 17 de juliol es va reunir a l\u2019Institut Joan Brudieu el tribunal de selecci\u00f3 previst en la base sisena de la\u00a0<a href=\"http:\/\/institutjoanbrudieu.cat\/public\/web_centre\/html\/documents\/institut\/curs\/1516_convocatoria_instituts.pdf\" target=\"_blank\" rel=\"noopener\">Convocat\u00f2ria de beques<\/a> de la\u00a0<a href=\"http:\/\/www.fundaciopizarroso.cat\/\" target=\"_blank\" rel=\"noopener\">Fundaci\u00f3 P. i P. Pizarroso<\/a> per estudiar i baremar les sol\u00b7licituds presentades. Havent-s\u2019hi presentat nom\u00e9s una sol\u00b7licitud, que reunia tots els requisits explicitats a la convocat\u00f2ria, s\u2019acorda (<a href=\"http:\/\/institutjoanbrudieu.cat\/public\/web_centre\/html\/documents\/institut\/curs\/1516_acta_tribunal_Pizarroso_2015.pdf\" target=\"_blank\" rel=\"noopener\">acta<\/a>) per unanimitat adjudicar la beca a <strong>Cl\u00e0udia L\u00f3pez Capdevila<\/strong>, a qui donem l\u2019enhorabona i felicitem molt efusivament. [<a href=\"https:\/\/picasaweb.google.com\/116002158147758864909\/150717BECAFUNDACIOPRIVADAPIPPIZARROSO#slideshow\/\" target=\"_blank\" rel=\"noopener\">fotos<\/a>]<\/li>\n<\/ul>\n<\/li>\n\n\n\n<li><span style=\"color: #ff0000;\"><strong>Juny 2015<\/strong><\/span>: <a title=\"Beques de la Fundaci\u00f3 Privada P. i P. Pizarroso\" href=\"https:\/\/agora.xtec.cat\/iesjoanbrudieu\/general\/beques-de-la-fundacio-privada-p-i-p-pizarroso\/\" rel=\"bookmark\">Beques de la Fundaci\u00f3 Privada P. i P. Pizarroso<\/a>.\n<ul class=\"wp-block-list\">\n<li>La <a href=\"http:\/\/www.fundaciopizarroso.cat\/\" target=\"_blank\" rel=\"noopener\">Fundaci\u00f3 Privada P. i P. Pizarroso<\/a>, convoca per al curs 2015\u20102016 les\u00a0<a href=\"http:\/\/institutjoanbrudieu.cat\/public\/web_centre\/html\/documents\/institut\/curs\/1516_convocatoria_instituts.pdf\" target=\"_blank\" rel=\"noopener\">Beques Premi \u201cEstar a la rec\u00edproca\u201d<\/a> en CONVOCAT\u00d2RIA ESPECIAL per a l\u2019alumnat de l\u2019Institut La Guineueta de Barcelona,\u00a0 per antics estudiants d\u2019aquest institut\u00a0 que son becaris de la Fundaci\u00f3 Pizarroso, i per a l\u2019alumnat de l\u2019Institut Joan Brudieu de La Seu d\u2019Urgell que VULGUIN CURSAR estudis universitaris en Ci\u00e8ncies de la Salut a qualsevol centre p\u00fablic de Catalunya, i que compleixi les bases generals de la convocat\u00f2ria. [<a href=\"http:\/\/institutjoanbrudieu.cat\/public\/web_centre\/html\/documents\/institut\/curs\/1516_formulari_solicitud_convocatoria_INS_Joan_Brudieu.pdf\" target=\"_blank\" rel=\"noopener\">full de sol\u00b7licitud per a alumnat de l\u2019Institut Joan Brudieu<\/a>]<\/li>\n<\/ul>\n<\/li>\n<\/ul>\n","protected":false},"excerpt":{"rendered":"<p>Jos\u00e9 [Pepe] Pizarroso i Gonz\u00e1lez (Madrid, 08\/01\/1938 \u2013 Barcelona, 20\/05\/2011) \u00e9s el metge cirurgi\u00e0 que va crear la Fundaci\u00f3 Privada P. i P. Pizarroso, que ajuda joves amb pocs recursos per estudiar Ci\u00e8ncies de la Salut. En concret, la Fundaci\u00f3 t\u00e9 la seg\u00fcent finalitat: &#8220;La investigaci\u00f3, recerca i divulgaci\u00f3 dels coneixements biom\u00e8dics, el seu foment [&hellip;]<\/p>\n","protected":false},"author":1,"featured_media":0,"parent":195,"menu_order":15,"comment_status":"closed","ping_status":"closed","template":"","meta":{"_bbp_topic_count":0,"_bbp_reply_count":0,"_bbp_total_topic_count":0,"_bbp_total_reply_count":0,"_bbp_voice_count":0,"_bbp_anonymous_reply_count":0,"_bbp_topic_count_hidden":0,"_bbp_reply_count_hidden":0,"_bbp_forum_subforum_count":0,"site-sidebar-layout":"default","site-content-layout":"","ast-site-content-layout":"default","site-content-style":"default","site-sidebar-style":"default","ast-global-header-display":"","ast-banner-title-visibility":"","ast-main-header-display":"","ast-hfb-above-header-display":"","ast-hfb-below-header-display":"","ast-hfb-mobile-header-display":"","site-post-title":"","ast-breadcrumbs-content":"","ast-featured-img":"","footer-sml-layout":"","theme-transparent-header-meta":"","adv-header-id-meta":"","stick-header-meta":"","header-above-stick-meta":"","header-main-stick-meta":"","header-below-stick-meta":"","astra-migrate-meta-layouts":"set","ast-page-background-enabled":"default","ast-page-background-meta":{"desktop":{"background-color":"var(--ast-global-color-4)","background-image":"","background-repeat":"repeat","background-position":"center center","background-size":"auto","background-attachment":"scroll","background-type":"","background-media":"","overlay-type":"","overlay-color":"","overlay-opacity":"","overlay-gradient":""},"tablet":{"background-color":"","background-image":"","background-repeat":"repeat","background-position":"center center","background-size":"auto","background-attachment":"scroll","background-type":"","background-media":"","overlay-type":"","overlay-color":"","overlay-opacity":"","overlay-gradient":""},"mobile":{"background-color":"","background-image":"","background-repeat":"repeat","background-position":"center center","background-size":"auto","background-attachment":"scroll","background-type":"","background-media":"","overlay-type":"","overlay-color":"","overlay-opacity":"","overlay-gradient":""}},"ast-content-background-meta":{"desktop":{"background-color":"var(--ast-global-color-5)","background-image":"","background-repeat":"repeat","background-position":"center center","background-size":"auto","background-attachment":"scroll","background-type":"","background-media":"","overlay-type":"","overlay-color":"","overlay-opacity":"","overlay-gradient":""},"tablet":{"background-color":"var(--ast-global-color-5)","background-image":"","background-repeat":"repeat","background-position":"center center","background-size":"auto","background-attachment":"scroll","background-type":"","background-media":"","overlay-type":"","overlay-color":"","overlay-opacity":"","overlay-gradient":""},"mobile":{"background-color":"var(--ast-global-color-5)","background-image":"","background-repeat":"repeat","background-position":"center center","background-size":"auto","background-attachment":"scroll","background-type":"","background-media":"","overlay-type":"","overlay-color":"","overlay-opacity":"","overlay-gradient":""}},"footnotes":""},"class_list":["post-5721","page","type-page","status-publish","hentry"],"post_mailing_queue_ids":[],"_links":{"self":[{"href":"https:\/\/agora.xtec.cat\/iesjoanbrudieu\/wp-json\/wp\/v2\/pages\/5721","targetHints":{"allow":["GET"]}}],"collection":[{"href":"https:\/\/agora.xtec.cat\/iesjoanbrudieu\/wp-json\/wp\/v2\/pages"}],"about":[{"href":"https:\/\/agora.xtec.cat\/iesjoanbrudieu\/wp-json\/wp\/v2\/types\/page"}],"author":[{"embeddable":true,"href":"https:\/\/agora.xtec.cat\/iesjoanbrudieu\/wp-json\/wp\/v2\/users\/1"}],"replies":[{"embeddable":true,"href":"https:\/\/agora.xtec.cat\/iesjoanbrudieu\/wp-json\/wp\/v2\/comments?post=5721"}],"version-history":[{"count":4,"href":"https:\/\/agora.xtec.cat\/iesjoanbrudieu\/wp-json\/wp\/v2\/pages\/5721\/revisions"}],"predecessor-version":[{"id":11092,"href":"https:\/\/agora.xtec.cat\/iesjoanbrudieu\/wp-json\/wp\/v2\/pages\/5721\/revisions\/11092"}],"up":[{"embeddable":true,"href":"https:\/\/agora.xtec.cat\/iesjoanbrudieu\/wp-json\/wp\/v2\/pages\/195"}],"wp:attachment":[{"href":"https:\/\/agora.xtec.cat\/iesjoanbrudieu\/wp-json\/wp\/v2\/media?parent=5721"}],"curies":[{"name":"wp","href":"https:\/\/api.w.org\/{rel}","templated":true}]}}