{"id":5354,"date":"2020-06-04T16:34:52","date_gmt":"2020-06-04T14:34:52","guid":{"rendered":"http:\/\/agora.xtec.cat\/iesjoanbrudieu\/?page_id=5354"},"modified":"2026-03-17T18:33:38","modified_gmt":"2026-03-17T17:33:38","slug":"expedicio-de-titols","status":"publish","type":"page","link":"https:\/\/agora.xtec.cat\/iesjoanbrudieu\/secretaria\/expedicio-de-titols\/","title":{"rendered":"Expedici\u00f3 de t\u00edtols"},"content":{"rendered":"\n<p>Els t\u00edtols es tramiten quan l\u2019alumnat ha superat l\u2019ESO, el Batxillerat o un Cicle Formatiu. Tamb\u00e9 es poden tramitar sol\u00b7licituds de t\u00edtols anteriors que s\u2019hagin cursat al centre i duplicats de t\u00edtols malmesos o extraviats.<\/p>\n\n\n\n<p>L\u2019expedici\u00f3 dels t\u00edtols acad\u00e8mics i professionals no universitaris de Catalunya est\u00e0 regulada per l\u2019<a href=\"https:\/\/institutjoanbrudieu.cat\/public\/web_centre\/html\/documents\/secretaria\/documents\/DOGC_Ordre_EDC_216_2005_Expedicio_titols.pdf\" target=\"_blank\" rel=\"noopener noreferrer\">Ordre EDC\/216\/2005, de 4 de maig<\/a> (DOGC n\u00fam 4385 \u2013 17.05.2005)<\/p>\n\n\n\n<div class=\"wp-block-getwid-tabs\" data-active-tab=\"0\"><ul class=\"wp-block-getwid-tabs__nav-links\"><\/ul>\n<div class=\"wp-block-getwid-tabs__nav-link\"><span class=\"wp-block-getwid-tabs__title-wrapper\"><a href=\"#\"><span class=\"wp-block-getwid-tabs__title\">ESO<\/span><\/a><\/span><\/div><div class=\"wp-block-getwid-tabs__tab-content-wrapper\"><div class=\"wp-block-getwid-tabs__tab-content\">\n<h3 class=\"wp-block-heading\"><span style=\"color: #3366ff;\"><strong>Ensenyament Secundari Obligatori (ESO)<\/strong><\/span><\/h3>\n\n\n\n<p><strong><span style=\"color: #ff0000;\">Tramitaci\u00f3<\/span><\/strong><\/p>\n\n\n\n<ul class=\"wp-block-list\">\n<li>L\u2019alumnat no ha de fer cap tr\u00e0mit: no cal sol\u00b7licitud pr\u00e8via ni el pagament de cap taxa.<\/li>\n\n\n\n<li>Es gestiona directament des de la Secretaria de l\u2019Institut i es lliura un resguard acreditatiu de la seva tramitaci\u00f3: <strong>Resguard acreditatiu de la tramitaci\u00f3 del t\u00edtol de graduat en educaci\u00f3 secund\u00e0ria<\/strong>.\n<ul class=\"wp-block-list\">\n<li>Alumnat que el necessita per realitzar la matr\u00edcula en un altre centre:\n<ul class=\"wp-block-list\">\n<li>\n<ul class=\"wp-block-list\">\n<li>a petici\u00f3 de l\u2019alumnat, abans que comenci el termini de matr\u00edcula corresponent.<\/li>\n<\/ul>\n<\/li>\n<\/ul>\n<\/li>\n\n\n\n<li>Alumnat que roman a l\u2019Institut:\n<ul class=\"wp-block-list\">\n<li>\n<ul class=\"wp-block-list\">\n<li>a partir del primer dilluns dels mes d\u2019octubre.<\/li>\n<\/ul>\n<\/li>\n<\/ul>\n<\/li>\n<\/ul>\n<\/li>\n\n\n\n<li>Aquest resguard, degudament signat i segellat, t\u00e9 tots els efectes del t\u00edtol d\u2019ESO, mentre aquest no s\u2019expedeixi materialment.<\/li>\n<\/ul>\n\n\n\n<p><strong><span style=\"color: #ff0000;\">Lliurament<\/span><\/strong><\/p>\n\n\n\n<ul class=\"wp-block-list\">\n<li>Per recollir el t\u00edtol d\u2019ESO, la persona interessada o la persona que la representi, degudament autoritzada per l\u2019alumne, haur\u00e0 de presentar el<span style=\"color: #000000;\"> resguard acreditatiu de la tramitaci\u00f3 del t\u00edtol.<\/span><\/li>\n<\/ul>\n\n\n\n<p><\/p>\n<\/div><\/div>\n\n\n\n<div class=\"wp-block-getwid-tabs__nav-link\"><span class=\"wp-block-getwid-tabs__title-wrapper\"><a href=\"#\"><span class=\"wp-block-getwid-tabs__title\">BTX<\/span><\/a><\/span><\/div><div class=\"wp-block-getwid-tabs__tab-content-wrapper\"><div class=\"wp-block-getwid-tabs__tab-content\">\n<h3 class=\"wp-block-heading\"><span style=\"color: #3366ff;\"><strong>Ensenyaments postobligatoris: Batxillerat (BTX)<\/strong><\/span><\/h3>\n\n\n\n<p>A partir d\u2019ara (curs 2024-2025), ser\u00e0 el propi alumnat qui haur\u00e0 de sol\u00b7licitar, tant la primera expedici\u00f3 com un duplicat o actualitzaci\u00f3 del t\u00edtol inicialment expedit:<\/p>\n\n\n\n<ul class=\"wp-block-list\">\n<li>Una<strong> primera expedici\u00f3<\/strong> \u00e9s la sol\u00b7licitud d&#8217;un t\u00edtol per primera vegada.<\/li>\n\n\n\n<li>Un <strong>duplicat de t\u00edtol<\/strong> \u00e9s un t\u00edtol exactament igual al t\u00edtol que se&#8217;t va lliurar inicialment.<\/li>\n\n\n\n<li>Una <strong>actualitzaci\u00f3 de t\u00edtol<\/strong> \u00e9s una c\u00f2pia del t\u00edtol expedit inicialment per\u00f2 amb modificaci\u00f3 d&#8217;una o m\u00e9s dades personals.<\/li>\n<\/ul>\n\n\n\n<p>Per poder reflectir una modificaci\u00f3 de les teves dades personals en un t\u00edtol acad\u00e8mic, cal que aquestes noves dades constin al teu document d&#8217;identitat.<\/p>\n\n\n\n<p><span style=\"color: #ff0000;\"><strong>Com es realitza?<\/strong><\/span><\/p>\n\n\n\n<ul class=\"wp-block-list\">\n<li>A trav\u00e9s de la web de tr\u00e0mits de la Generalitat de Catalunya, la qual trobareu en <a href=\"https:\/\/web.gencat.cat\/ca\/tramits\/tramits-temes\/titols-academics-no-universitaris?category=742b7874-a82c-11e3-a972-000c29052e2c\" target=\"_blank\" rel=\"noopener\"><strong>aquest enlla\u00e7<\/strong><\/a>.<\/li>\n\n\n\n<li>Per poder-ho fer, caldr\u00e0 que l\u2019alumnat tingui identificaci\u00f3 digital \u2013 idcat m\u00f2bil, el qual es pot obtenir en <a href=\"https:\/\/web.gencat.cat\/ca\/tramits\/suport-tramitacio\/durant-la-tramitacio\/signatura-identificacio-digital\/idcat-mobil\/\" target=\"_blank\" rel=\"noopener\"><strong>aquest enlla\u00e7<\/strong><\/a>.<\/li>\n<\/ul>\n\n\n\n<p><strong><span style=\"color: #ff0000;\">Terminis<\/span><\/strong><\/p>\n\n\n\n<p>Pots sol\u00b7licitar la tramitaci\u00f3 en qualsevol moment, almenys una setmana despr\u00e9s d\u2019haver rebut les qualificacions definitives del Batxillerat i que l\u2019Institut hagi tancat l\u2019aplicatiu de qualificacions oficial de la convocat\u00f2ria vigent.<\/p>\n\n\n\n<p><strong><span style=\"color: #ff0000;\">Important<\/span><\/strong><\/p>\n\n\n\n<ol class=\"wp-block-list\">\n<li>Si has finalitzat el batxillerat abans del curs 2016-2017, i vols sol\u00b7licitar el teu t\u00edtol per primera vegada, haur\u00e0s d&#8217;adre\u00e7ar-te pr\u00e8viament al centre on vas finalitzar l&#8217;ensenyament.<\/li>\n\n\n\n<li>Si el teu document d&#8217;identitat \u00e9s diferent al que tenies quan vas finalitzar els estudis, haur\u00e0s d&#8217;adre\u00e7ar-te al teu centre per tal que des de secretaria incorporin el teu nou document d&#8217;identitat al sistema. D&#8217;aquesta manera, quan accedeixis al tr\u00e0mit identificant-te amb el teu document d&#8217;identitat actual, podr\u00e0s visualitzar tot el que vas cursar amb el document d&#8217;identitat anterior.<\/li>\n\n\n\n<li>Quan el teu pagament s&#8217;hagi conciliat (triga entre 24 i 48 hores), la teva sol\u00b7licitud passar\u00e0 a l&#8217;estat &#8220;Registrada&#8221; i podr\u00e0s descarregar el teu resguard de t\u00edtol. Recorda que haur\u00e0s de passar per la secretaria del teu centre per tal que te&#8217;l signin i te&#8217;l segellin.<\/li>\n<\/ol>\n\n\n\n<p><\/p>\n<\/div><\/div>\n\n\n\n<div class=\"wp-block-getwid-tabs__nav-link\"><span class=\"wp-block-getwid-tabs__title-wrapper\"><a href=\"#\"><span class=\"wp-block-getwid-tabs__title\">CFM-CFS<\/span><\/a><\/span><\/div><div class=\"wp-block-getwid-tabs__tab-content-wrapper\"><div class=\"wp-block-getwid-tabs__tab-content\">\n<h3 class=\"wp-block-heading\"><span style=\"color: #3366ff;\"><strong>Ensenyaments postobligatoris: <\/strong><\/span><span style=\"color: #3366ff;\"><strong>Cicle Formatiu de Grau Mitj\u00e0 (CFM) \u2013 Cicle Formatiu de Grau Superior<\/strong><strong> (CFS)<\/strong><\/span><\/h3>\n\n\n\n<p><strong><span style=\"color: #ff0000;\">Gesti\u00f3 a Secretaria<\/span><\/strong><\/p>\n\n\n\n<ul class=\"wp-block-list\">\n<li><strong>1r per\u00edode<\/strong>: aprovats en 1a convocat\u00f2ria: a partir del 15 de juny.<\/li>\n\n\n\n<li><strong>2n per\u00edode<\/strong>: aprovats en 2a convocat\u00f2ria: a partir del 2 de juliol.<\/li>\n<\/ul>\n\n\n\n<p><strong><span style=\"color: #ff0000;\">Tramitaci\u00f3<\/span><\/strong><\/p>\n\n\n\n<ul class=\"wp-block-list\">\n<li>Demanar cita pr\u00e8via a Secretaria, per tal de:\n<ul class=\"wp-block-list\">\n<li>Comprovar que les dades del document <strong>S<\/strong><strong>ol\u00b7licitud de t\u00edtol acad\u00e8mic i professional<\/strong>, que gestiona d\u2019ofici Secretaria del centre, siguin les correctes.<\/li>\n\n\n\n<li>Recollir l\u2019impr\u00e8s de pagament de taxa: <strong>Resguard de sol\u00b7licitud de t\u00edtol acad\u00e8mic i professional i liquidaci\u00f3 de la taxa<\/strong>. Els preus venen marcats pel Departament d\u2019Educaci\u00f3, veure <a href=\"https:\/\/educacio.gencat.cat\/ca\/departament\/normativa\/taxes-preus-publics\/taxes\/\" target=\"_blank\" rel=\"noopener noreferrer\">aqu\u00ed<\/a>.<\/li>\n\n\n\n<li>Cal portar la documentaci\u00f3 seg\u00fcent:\n<ul class=\"wp-block-list\">\n<li>\n<ul class=\"wp-block-list\">\n<li>DNI, NIE o Passaport.<\/li>\n\n\n\n<li>Carnet fam\u00edlia nombrosa o monoparental, si escau.<\/li>\n\n\n\n<li>Certificaci\u00f3 que justifiqui l\u2019exempci\u00f3 de pagament, si escau.<\/li>\n<\/ul>\n<\/li>\n<\/ul>\n<\/li>\n<\/ul>\n<\/li>\n\n\n\n<li>Amb l\u2019impr\u00e8s, cal fer efectiu el pagament de la taxa a \u201cLa Caixa\u201d (hi ha reducci\u00f3 de taxes per fam\u00edlies nombroses o monoparentals).<\/li>\n\n\n\n<li>Despr\u00e9s d\u2019ingressar l\u2019import de la taxa, l\u2019alumnat ha de tornar a la secretaria del centre, dins el termini de 10 dies h\u00e0bils posteriors a la data del seu lliurament, per tal d&#8217;acreditar-ne el pagament, retornant l\u2019impr\u00e8s de <strong>Resguard de sol\u00b7licitud de t\u00edtol acad\u00e8mic i professional i liquidaci\u00f3 de la taxa<\/strong>, juntament amb el justificant del tiquet de la Caixa.<\/li>\n\n\n\n<li>Aquest resguard, degudament signat i segellat, t\u00e9 tots els efectes del t\u00edtol de BTX, CFM o CFS, mentre aquest no s\u2019expedeixi materialment.<\/li>\n<\/ul>\n\n\n\n<p><strong><span style=\"color: #ff0000;\">Lliurament<\/span><\/strong><\/p>\n\n\n\n<ul class=\"wp-block-list\">\n<li>Per recollir el t\u00edtol de BTX, CFM o CFS, la persona interessada o la persona que la representi, degudament autoritzada per l\u2019alumne, haur\u00e0 de presentar el resguard acreditatiu de la tramitaci\u00f3 del t\u00edtol.<\/li>\n<\/ul>\n\n\n\n<p><\/p>\n<\/div><\/div>\n\n\n\n<div class=\"wp-block-getwid-tabs__nav-link\"><span class=\"wp-block-getwid-tabs__title-wrapper\"><a href=\"#\"><span class=\"wp-block-getwid-tabs__title\">Documentaci\u00f3<\/span><\/a><\/span><\/div><div class=\"wp-block-getwid-tabs__tab-content-wrapper\"><div class=\"wp-block-getwid-tabs__tab-content\">\n<h3 class=\"wp-block-heading\"><span style=\"color: #3366ff;\"><strong>Documents<\/strong><\/span><\/h3>\n\n\n\n<ul class=\"wp-block-list\">\n<li><span class=\"ms-rteThemeBackColor-1-0\"><a href=\"https:\/\/institutjoanbrudieu.cat\/public\/web_centre\/html\/documents\/secretaria\/fulls\/INS_Titol_Sollicitud_expedicio_duplicat_titol_academic.pdf\" target=\"_blank\" rel=\"noopener noreferrer\">Sol\u00b7licitud d&#8217;expedici\u00f3 de duplicat<\/a> d&#8217;un t\u00edtol acad\u00e8mic i professional no universitari<\/span><\/li>\n\n\n\n<li><a href=\"https:\/\/institutjoanbrudieu.cat\/public\/web_centre\/html\/documents\/secretaria\/fulls\/INS_Titol_Autoritzacio_lliurament.pdf\" target=\"_blank\" rel=\"noopener noreferrer\">Autoritzaci\u00f3 per a recollir<\/a> un t\u00edtol acad\u00e8mic i professional no universitari<\/li>\n\n\n\n<li><a href=\"https:\/\/institutjoanbrudieu.cat\/public\/web_centre\/html\/documents\/secretaria\/fulls\/INS_Titol_Sollicitud_sense_presentar_resguard.pdf\" target=\"_blank\" rel=\"noopener noreferrer\">Sol\u00b7licitud<\/a> de lliurament de t\u00edtol sense presentar resguard.<\/li>\n<\/ul>\n\n\n\n<p>&nbsp;<\/p>\n\n\n\n<p><\/p>\n<\/div><\/div>\n<\/div>\n","protected":false},"excerpt":{"rendered":"<p>Els t\u00edtols es tramiten quan l\u2019alumnat ha superat l\u2019ESO, el Batxillerat o un Cicle Formatiu. Tamb\u00e9 es poden tramitar sol\u00b7licituds de t\u00edtols anteriors que s\u2019hagin cursat al centre i duplicats de t\u00edtols malmesos o extraviats. L\u2019expedici\u00f3 dels t\u00edtols acad\u00e8mics i professionals no universitaris de Catalunya est\u00e0 regulada per l\u2019Ordre EDC\/216\/2005, de 4 de maig (DOGC [&hellip;]<\/p>\n","protected":false},"author":1,"featured_media":0,"parent":81,"menu_order":20,"comment_status":"closed","ping_status":"closed","template":"","meta":{"_bbp_topic_count":0,"_bbp_reply_count":0,"_bbp_total_topic_count":0,"_bbp_total_reply_count":0,"_bbp_voice_count":0,"_bbp_anonymous_reply_count":0,"_bbp_topic_count_hidden":0,"_bbp_reply_count_hidden":0,"_bbp_forum_subforum_count":0,"site-sidebar-layout":"default","site-content-layout":"","ast-site-content-layout":"default","site-content-style":"default","site-sidebar-style":"default","ast-global-header-display":"","ast-banner-title-visibility":"","ast-main-header-display":"","ast-hfb-above-header-display":"","ast-hfb-below-header-display":"","ast-hfb-mobile-header-display":"","site-post-title":"","ast-breadcrumbs-content":"","ast-featured-img":"","footer-sml-layout":"","theme-transparent-header-meta":"","adv-header-id-meta":"","stick-header-meta":"","header-above-stick-meta":"","header-main-stick-meta":"","header-below-stick-meta":"","astra-migrate-meta-layouts":"set","ast-page-background-enabled":"default","ast-page-background-meta":{"desktop":{"background-color":"var(--ast-global-color-4)","background-image":"","background-repeat":"repeat","background-position":"center center","background-size":"auto","background-attachment":"scroll","background-type":"","background-media":"","overlay-type":"","overlay-color":"","overlay-opacity":"","overlay-gradient":""},"tablet":{"background-color":"","background-image":"","background-repeat":"repeat","background-position":"center center","background-size":"auto","background-attachment":"scroll","background-type":"","background-media":"","overlay-type":"","overlay-color":"","overlay-opacity":"","overlay-gradient":""},"mobile":{"background-color":"","background-image":"","background-repeat":"repeat","background-position":"center center","background-size":"auto","background-attachment":"scroll","background-type":"","background-media":"","overlay-type":"","overlay-color":"","overlay-opacity":"","overlay-gradient":""}},"ast-content-background-meta":{"desktop":{"background-color":"var(--ast-global-color-5)","background-image":"","background-repeat":"repeat","background-position":"center center","background-size":"auto","background-attachment":"scroll","background-type":"","background-media":"","overlay-type":"","overlay-color":"","overlay-opacity":"","overlay-gradient":""},"tablet":{"background-color":"var(--ast-global-color-5)","background-image":"","background-repeat":"repeat","background-position":"center center","background-size":"auto","background-attachment":"scroll","background-type":"","background-media":"","overlay-type":"","overlay-color":"","overlay-opacity":"","overlay-gradient":""},"mobile":{"background-color":"var(--ast-global-color-5)","background-image":"","background-repeat":"repeat","background-position":"center center","background-size":"auto","background-attachment":"scroll","background-type":"","background-media":"","overlay-type":"","overlay-color":"","overlay-opacity":"","overlay-gradient":""}},"footnotes":""},"class_list":["post-5354","page","type-page","status-publish","hentry"],"post_mailing_queue_ids":[],"_links":{"self":[{"href":"https:\/\/agora.xtec.cat\/iesjoanbrudieu\/wp-json\/wp\/v2\/pages\/5354","targetHints":{"allow":["GET"]}}],"collection":[{"href":"https:\/\/agora.xtec.cat\/iesjoanbrudieu\/wp-json\/wp\/v2\/pages"}],"about":[{"href":"https:\/\/agora.xtec.cat\/iesjoanbrudieu\/wp-json\/wp\/v2\/types\/page"}],"author":[{"embeddable":true,"href":"https:\/\/agora.xtec.cat\/iesjoanbrudieu\/wp-json\/wp\/v2\/users\/1"}],"replies":[{"embeddable":true,"href":"https:\/\/agora.xtec.cat\/iesjoanbrudieu\/wp-json\/wp\/v2\/comments?post=5354"}],"version-history":[{"count":6,"href":"https:\/\/agora.xtec.cat\/iesjoanbrudieu\/wp-json\/wp\/v2\/pages\/5354\/revisions"}],"predecessor-version":[{"id":10943,"href":"https:\/\/agora.xtec.cat\/iesjoanbrudieu\/wp-json\/wp\/v2\/pages\/5354\/revisions\/10943"}],"up":[{"embeddable":true,"href":"https:\/\/agora.xtec.cat\/iesjoanbrudieu\/wp-json\/wp\/v2\/pages\/81"}],"wp:attachment":[{"href":"https:\/\/agora.xtec.cat\/iesjoanbrudieu\/wp-json\/wp\/v2\/media?parent=5354"}],"curies":[{"name":"wp","href":"https:\/\/api.w.org\/{rel}","templated":true}]}}