{"id":5065,"date":"2020-03-07T15:51:22","date_gmt":"2020-03-07T14:51:22","guid":{"rendered":"http:\/\/agora.xtec.cat\/iesjoanbrudieu\/?page_id=5065"},"modified":"2026-03-21T17:59:05","modified_gmt":"2026-03-21T16:59:05","slug":"escoles-adscrites","status":"publish","type":"page","link":"https:\/\/agora.xtec.cat\/iesjoanbrudieu\/linstitut\/escoles-adscrites\/","title":{"rendered":"Escoles adscrites"},"content":{"rendered":"\n<p>L\u2019Institut Joan Brudieu, creat l\u2019any 1933, \u00e9s l\u2019institut p\u00fablic d\u2019ensenyament secundari de refer\u00e8ncia de la <a href=\"https:\/\/www.idescat.cat\/emex\/?id=04\" target=\"_blank\" rel=\"noreferrer noopener\">comarca de l\u2019Alt Urgell<\/a>.<\/p>\n\n\n\n<figure class=\"wp-block-image aligncenter size-full is-resized\"><a href=\"https:\/\/agora.xtec.cat\/iesjoanbrudieu\/wp-content\/uploads\/usu1248\/2026\/03\/808179231_11848857_1024x576.jpg\"><img loading=\"lazy\" decoding=\"async\" width=\"1024\" height=\"576\" src=\"https:\/\/agora.xtec.cat\/iesjoanbrudieu\/wp-content\/uploads\/usu1248\/2026\/03\/808179231_11848857_1024x576.jpg\" alt=\"\" class=\"wp-image-11115\" style=\"width:498px;height:auto\" srcset=\"https:\/\/agora.xtec.cat\/iesjoanbrudieu\/wp-content\/uploads\/usu1248\/2026\/03\/808179231_11848857_1024x576.jpg 1024w, https:\/\/agora.xtec.cat\/iesjoanbrudieu\/wp-content\/uploads\/usu1248\/2026\/03\/808179231_11848857_1024x576-300x169.jpg 300w, https:\/\/agora.xtec.cat\/iesjoanbrudieu\/wp-content\/uploads\/usu1248\/2026\/03\/808179231_11848857_1024x576-768x432.jpg 768w\" sizes=\"auto, (max-width: 1024px) 100vw, 1024px\" \/><\/a><\/figure>\n\n\n\n<figure class=\"wp-block-image aligncenter is-resized\"><img decoding=\"async\" src=\"https:\/\/institutjoanbrudieu.cat\/public\/web_centre\/html\/img\/25004188.jpg\" alt=\"Institut_Joan_Brudieu\" style=\"width:502px;height:auto\"\/><\/figure>\n\n\n\n<p><\/p>\n\n\n\n<p>Per als estudis d\u2019ESO, t\u00e9 adscrites gaireb\u00e9 la totalitat de les escoles p\u00fabliques de la comarca de l\u2019Alt Urgell, excepte les situades al sud de la comarca, en els municipis de Peramola, Oliana i Bassella. Concretament, l\u2019Institut Joan Brudieu t\u00e9 una zona d\u2019escolaritzaci\u00f3 for\u00e7a extensa i que es concreta en [<a href=\"https:\/\/institutjoanbrudieu.cat\/public\/web_centre\/html\/documents\/historia\/26_Escoles_primaria_adscrites.pdf\" target=\"_blank\" rel=\"noopener noreferrer\">enlla\u00e7<\/a>]:<\/p>\n\n\n\n<ul class=\"wp-block-list\">\n<li><strong><a href=\"https:\/\/agora.xtec.cat\/zer-urgellet\/\" target=\"_blank\" rel=\"noopener noreferrer\">ZER Urgellet<\/a><\/strong>\n<ul class=\"wp-block-list\">\n<li><a href=\"https:\/\/agora.xtec.cat\/escolasantesteve\/\" target=\"_blank\" rel=\"noopener noreferrer\">Escola Sant Esteve<\/a> &#8211; Al\u00e0s (Al\u00e0s i Cerc)<\/li>\n\n\n\n<li><a href=\"https:\/\/agora.xtec.cat\/escolacastellciutat\/\" target=\"_blank\" rel=\"noopener noreferrer\">Escola Castellciutat<\/a> &#8211; Castellciutat (La Seu d&#8217;Urgell)<\/li>\n\n\n\n<li><a href=\"https:\/\/agora.xtec.cat\/esc-arnaumir\/\" target=\"_blank\" rel=\"noopener noreferrer\">Escola Arnau Mir<\/a> &#8211; el Pla de Sant Tirs (Ribera d&#8217;Urgellet)<\/li>\n\n\n\n<li><a href=\"https:\/\/agora.xtec.cat\/ceip-tuixent\/\" target=\"_blank\" rel=\"noopener noreferrer\">Escola de Tuixent<\/a> &#8211; Tuixent (Josa i Tuix\u00e9n)<\/li>\n<\/ul>\n<\/li>\n\n\n\n<li><a href=\"https:\/\/agora.xtec.cat\/zernarieda\/\" target=\"_blank\" rel=\"noopener noreferrer\"><strong>ZER Narieda<\/strong><\/a>\n<ul class=\"wp-block-list\">\n<li><a href=\"https:\/\/blocs.xtec.cat\/escolasantcliment\/\" target=\"_blank\" rel=\"noopener noreferrer\">Escola Sant Climent<\/a> &#8211; Coll de Narg\u00f3 (Coll de Narg\u00f3)<\/li>\n\n\n\n<li><a href=\"https:\/\/agora.xtec.cat\/esc-miretisans\/\" target=\"_blank\" rel=\"noopener noreferrer\">Escola Miret i Sans<\/a> &#8211; Organy\u00e0 (Organy\u00e0)<\/li>\n<\/ul>\n<\/li>\n\n\n\n<li><strong>Montferrer<\/strong>\n<ul class=\"wp-block-list\">\n<li><a href=\"https:\/\/agora.xtec.cat\/escolarosacampa\/\" target=\"_blank\" rel=\"noopener noreferrer\">Escola Rosa Camp\u00e0<\/a> &#8211; Montferrer (Montferrer-Castellb\u00f2)<\/li>\n<\/ul>\n<\/li>\n\n\n\n<li><strong>La Seu d&#8217;Urgell<\/strong>\n<ul class=\"wp-block-list\">\n<li><a href=\"https:\/\/agora.xtec.cat\/ceip-albert-vives\/\" target=\"_blank\" rel=\"noopener noreferrer\">Escola Moss\u00e8n Albert Vives<\/a> &#8211; La Seu d&#8217;Urgell (La Seu d\u2019Urgell)<\/li>\n\n\n\n<li><a href=\"https:\/\/agora.xtec.cat\/escolapauclaris\/\" target=\"_blank\" rel=\"noopener noreferrer\">Escola Pau Claris<\/a> &#8211; La Seu d&#8217;Urgell (La Seu d\u2019Urgell)<\/li>\n<\/ul>\n<\/li>\n<\/ul>\n\n\n\n<p>Per als estudis de BTX (modalitats d\u2019Humanitats i de Ci\u00e8ncies i tecnologia), t\u00e9 adscrit l\u2019<a href=\"https:\/\/agora.xtec.cat\/institutescolaoliana\/\" target=\"_blank\" rel=\"noopener noreferrer\">Institut Escola d&#8217;Oliana<\/a>, d\u2019Oliana i l&#8217;I<a href=\"https:\/\/agora.xtec.cat\/inslavalira\/\" target=\"_blank\" rel=\"noopener noreferrer\">nstitut La Valira<\/a>, de la Seu d&#8217;Urgell.<\/p>\n\n\n\n<div data-wp-interactive=\"core\/file\" class=\"wp-block-file\" style=\"margin-right:0;margin-left:0;padding-right:var(--wp--preset--spacing--80);padding-left:var(--wp--preset--spacing--80)\"><object data-wp-bind--hidden=\"!state.hasPdfPreview\" hidden class=\"wp-block-file__embed\" data=\"https:\/\/agora.xtec.cat\/iesjoanbrudieu\/wp-content\/uploads\/usu1248\/2026\/03\/26_Escoles_primaria_adscrites.pdf\" type=\"application\/pdf\" style=\"width:100%;height:1095px\" aria-label=\"Incrustaci\u00f3 del fitxer 26_Escoles_primaria_adscrites.\"><\/object><a id=\"wp-block-file--media-93aa8fd4-379a-47ff-a5b8-a620c6d87976\" href=\"https:\/\/agora.xtec.cat\/iesjoanbrudieu\/wp-content\/uploads\/usu1248\/2026\/03\/26_Escoles_primaria_adscrites.pdf\" target=\"_blank\" rel=\"noreferrer noopener\">26_Escoles_primaria_adscrites<\/a><\/div>\n","protected":false},"excerpt":{"rendered":"<p>L\u2019Institut Joan Brudieu, creat l\u2019any 1933, \u00e9s l\u2019institut p\u00fablic d\u2019ensenyament secundari de refer\u00e8ncia de la comarca de l\u2019Alt Urgell. Per als estudis d\u2019ESO, t\u00e9 adscrites gaireb\u00e9 la totalitat de les escoles p\u00fabliques de la comarca de l\u2019Alt Urgell, excepte les situades al sud de la comarca, en els municipis de Peramola, Oliana i Bassella. Concretament, [&hellip;]<\/p>\n","protected":false},"author":1,"featured_media":0,"parent":19,"menu_order":3,"comment_status":"closed","ping_status":"closed","template":"","meta":{"_bbp_topic_count":0,"_bbp_reply_count":0,"_bbp_total_topic_count":0,"_bbp_total_reply_count":0,"_bbp_voice_count":0,"_bbp_anonymous_reply_count":0,"_bbp_topic_count_hidden":0,"_bbp_reply_count_hidden":0,"_bbp_forum_subforum_count":0,"site-sidebar-layout":"default","site-content-layout":"","ast-site-content-layout":"default","site-content-style":"default","site-sidebar-style":"default","ast-global-header-display":"","ast-banner-title-visibility":"","ast-main-header-display":"","ast-hfb-above-header-display":"","ast-hfb-below-header-display":"","ast-hfb-mobile-header-display":"","site-post-title":"","ast-breadcrumbs-content":"","ast-featured-img":"","footer-sml-layout":"","theme-transparent-header-meta":"","adv-header-id-meta":"","stick-header-meta":"","header-above-stick-meta":"","header-main-stick-meta":"","header-below-stick-meta":"","astra-migrate-meta-layouts":"set","ast-page-background-enabled":"default","ast-page-background-meta":{"desktop":{"background-color":"var(--ast-global-color-4)","background-image":"","background-repeat":"repeat","background-position":"center center","background-size":"auto","background-attachment":"scroll","background-type":"","background-media":"","overlay-type":"","overlay-color":"","overlay-opacity":"","overlay-gradient":""},"tablet":{"background-color":"","background-image":"","background-repeat":"repeat","background-position":"center center","background-size":"auto","background-attachment":"scroll","background-type":"","background-media":"","overlay-type":"","overlay-color":"","overlay-opacity":"","overlay-gradient":""},"mobile":{"background-color":"","background-image":"","background-repeat":"repeat","background-position":"center center","background-size":"auto","background-attachment":"scroll","background-type":"","background-media":"","overlay-type":"","overlay-color":"","overlay-opacity":"","overlay-gradient":""}},"ast-content-background-meta":{"desktop":{"background-color":"var(--ast-global-color-5)","background-image":"","background-repeat":"repeat","background-position":"center center","background-size":"auto","background-attachment":"scroll","background-type":"","background-media":"","overlay-type":"","overlay-color":"","overlay-opacity":"","overlay-gradient":""},"tablet":{"background-color":"var(--ast-global-color-5)","background-image":"","background-repeat":"repeat","background-position":"center center","background-size":"auto","background-attachment":"scroll","background-type":"","background-media":"","overlay-type":"","overlay-color":"","overlay-opacity":"","overlay-gradient":""},"mobile":{"background-color":"var(--ast-global-color-5)","background-image":"","background-repeat":"repeat","background-position":"center center","background-size":"auto","background-attachment":"scroll","background-type":"","background-media":"","overlay-type":"","overlay-color":"","overlay-opacity":"","overlay-gradient":""}},"footnotes":""},"class_list":["post-5065","page","type-page","status-publish","hentry"],"post_mailing_queue_ids":[],"_links":{"self":[{"href":"https:\/\/agora.xtec.cat\/iesjoanbrudieu\/wp-json\/wp\/v2\/pages\/5065","targetHints":{"allow":["GET"]}}],"collection":[{"href":"https:\/\/agora.xtec.cat\/iesjoanbrudieu\/wp-json\/wp\/v2\/pages"}],"about":[{"href":"https:\/\/agora.xtec.cat\/iesjoanbrudieu\/wp-json\/wp\/v2\/types\/page"}],"author":[{"embeddable":true,"href":"https:\/\/agora.xtec.cat\/iesjoanbrudieu\/wp-json\/wp\/v2\/users\/1"}],"replies":[{"embeddable":true,"href":"https:\/\/agora.xtec.cat\/iesjoanbrudieu\/wp-json\/wp\/v2\/comments?post=5065"}],"version-history":[{"count":6,"href":"https:\/\/agora.xtec.cat\/iesjoanbrudieu\/wp-json\/wp\/v2\/pages\/5065\/revisions"}],"predecessor-version":[{"id":11117,"href":"https:\/\/agora.xtec.cat\/iesjoanbrudieu\/wp-json\/wp\/v2\/pages\/5065\/revisions\/11117"}],"up":[{"embeddable":true,"href":"https:\/\/agora.xtec.cat\/iesjoanbrudieu\/wp-json\/wp\/v2\/pages\/19"}],"wp:attachment":[{"href":"https:\/\/agora.xtec.cat\/iesjoanbrudieu\/wp-json\/wp\/v2\/media?parent=5065"}],"curies":[{"name":"wp","href":"https:\/\/api.w.org\/{rel}","templated":true}]}}