{"id":470,"date":"2016-05-07T17:59:47","date_gmt":"2016-05-07T16:59:47","guid":{"rendered":"http:\/\/agora.xtec.cat\/iesjoanbrudieu\/?page_id=470"},"modified":"2023-04-03T15:56:03","modified_gmt":"2023-04-03T13:56:03","slug":"eleccions-consell-escolar-2014","status":"publish","type":"page","link":"https:\/\/agora.xtec.cat\/iesjoanbrudieu\/linstitut\/consell-escolar\/eleccions\/eleccions-consell-escolar-2014\/","title":{"rendered":"Eleccions Consell Escolar 2014"},"content":{"rendered":"<h2><span style=\"color: #ff0000;\"><strong>Normativa<\/strong><\/span><\/h2>\n<ul>\n<li><a href=\"http:\/\/institutjoanbrudieu.cat\/public\/web_centre\/html\/documents\/consell%20escolar\/DOGC_Resolucio_2014.pdf\" target=\"_blank\" rel=\"noopener\"><strong>Resoluci\u00f3 ENS\/2160\/2014<\/strong><\/a>, de 16 de setembre, per la qual s&#8217;estableix el calendari del proc\u00e9s electoral per renovar els membres dels consells escolars dels centres p\u00fablics i privats sostinguts amb fons p\u00fablics.<\/li>\n<li><a href=\"http:\/\/institutjoanbrudieu.cat\/public\/web_centre\/html\/documents\/consell%20escolar\/DOGC%20Decret%20102_2010.pdf\" target=\"_blank\" rel=\"noopener\"><strong>Decret 102\/2010<\/strong><\/a>, de 3 d&#8217;agost, d&#8217;autonomia dels centres educatius<\/li>\n<li><a href=\"http:\/\/institutjoanbrudieu.cat\/public\/web_centre\/html\/documents\/consell%20escolar\/DOGC%20Llei%2012_2009.pdf\" target=\"_blank\" rel=\"noopener\">Llei 12\/2009<\/a>, del 10 de juliol, d&#8217;educaci\u00f3<\/li>\n<li>El Consell Escolar dels centres P\u00fablics (<a href=\"http:\/\/institutjoanbrudieu.cat\/public\/web_centre\/html\/documents\/consell%20escolar\/20140930_consell_escolar_centres_publics_%20set_2014.pdf\" target=\"_blank\" rel=\"noopener\">aspectes destacats<\/a>)<\/li>\n<li><a href=\"http:\/\/institutjoanbrudieu.cat\/public\/web_centre\/html\/documents\/consell%20escolar\/20141002_proces_electoral_renovar_membres_consells_escolars_oct_2014.pdf\" target=\"_blank\" rel=\"noopener\">Proc\u00e9s electoral<\/a> per renovar els membres dels consells escolars<\/li>\n<\/ul>\n<p><a href=\"http:\/\/institutjoanbrudieu.cat\/public\/web_centre\/html\/img\/Calendari_Eleccions_CE_2014.jpg\" target=\"_blank\" rel=\"noopener\"><img loading=\"lazy\" decoding=\"async\" src=\"http:\/\/institutjoanbrudieu.cat\/public\/web_centre\/html\/img\/Calendari_Eleccions_CE_2014.jpg\" alt=\"\" width=\"772\" height=\"471\" border=\"0\" \/><\/a><\/p>\n<h2><span style=\"color: #ff0000;\"><strong>General<\/strong><\/span><\/h2>\n<p><img loading=\"lazy\" decoding=\"async\" class=\" alignright\" src=\"http:\/\/institutjoanbrudieu.cat\/public\/web_centre\/html\/img\/Eleccions_CE_imatge2.jpg\" alt=\"\" width=\"259\" height=\"259\" \/><\/p>\n<ul>\n<li><a href=\"http:\/\/institutjoanbrudieu.cat\/public\/web_centre\/html\/documents\/consell%20escolar\/Eleccions_CE_2014_convocatoria.pdf\" target=\"_blank\" rel=\"noopener\">Convocatoria<\/a> General d\u2019Eleccions<\/li>\n<li><a href=\"http:\/\/institutjoanbrudieu.cat\/public\/web_centre\/html\/documents\/consell%20escolar\/Calendari_Eleccions_CE_2014.pdf\" target=\"_blank\" rel=\"noopener\">Calendari<\/a> d\u2019Eleccions<\/li>\n<li><a href=\"http:\/\/institutjoanbrudieu.cat\/public\/web_centre\/html\/documents\/consell%20escolar\/Publicitat_composicio_meses_electorals_2014.pdf\" target=\"_blank\" rel=\"noopener\">Composici\u00f3 Meses<\/a> Electorals<\/li>\n<li><a href=\"http:\/\/institutjoanbrudieu.cat\/public\/web_centre\/html\/documents\/consell%20escolar\/Resultat_sorteig_lletra_candidatures_2014.pdf\" target=\"_blank\" rel=\"noopener\">Resultat Sorteig Lletra<\/a> Candidatures<\/li>\n<li><a href=\"http:\/\/institutjoanbrudieu.cat\/public\/web_centre\/html\/documents\/consell%20escolar\/Publicitat_candidatures_CESC_2014.pdf\" target=\"_blank\" rel=\"noopener\">Candidatures<\/a><\/li>\n<li><a href=\"http:\/\/institutjoanbrudieu.cat\/public\/web_centre\/html\/documents\/consell%20escolar\/Resum_votacions_sectors_2014.pdf\" target=\"_blank\" rel=\"noopener\">Resum Votacions<\/a> per Sectors<\/li>\n<li><a href=\"http:\/\/institutjoanbrudieu.cat\/public\/web_centre\/html\/documents\/consell%20escolar\/Resum_votacions_i_comparativa_sectors_2014.pdf\" target=\"_blank\" rel=\"noopener\">Comparativa<\/a> amb anteriors edicions<\/li>\n<li><a href=\"http:\/\/institutjoanbrudieu.cat\/public\/web_centre\/html\/documents\/consell%20escolar\/1415_Consell_Escolar_nov14.pdf\" target=\"_blank\" rel=\"noopener\">Consell Escolar<\/a> novembre 2014<\/li>\n<li><a href=\"http:\/\/institutjoanbrudieu.cat\/public\/web_centre\/html\/eleccions_consell_escolar_2008.html\" target=\"_blank\" rel=\"noopener\">Eleccions Consell Escolar 2008-2009<\/a><\/li>\n<li><a href=\"http:\/\/institutjoanbrudieu.cat\/public\/web_centre\/html\/eleccions_consell_escolar_2010.html\" target=\"_blank\" rel=\"noopener\">Eleccions Consell Escolar 2010-2011<\/a><\/li>\n<li><a href=\"http:\/\/institutjoanbrudieu.cat\/public\/web_centre\/html\/eleccions_consell_escolar_2012.html\" target=\"_blank\" rel=\"noopener\">Eleccions Consell Escolar 2012-2013<\/a><\/li>\n<\/ul>\n<table>\n<tbody>\n<tr>\n<td style=\"background-color: #251673;\"><span style=\"color: #ff0000;\"><strong>PROFESSORAT<\/strong><\/span><\/td>\n<td style=\"background-color: #251673;\"><strong><span style=\"color: #ff0000;\">ALUMNAT<\/span><\/strong><\/td>\n<td style=\"background-color: #251673;\"><strong><span style=\"color: #ff0000;\">FAM\u00cdLIES<\/span><\/strong><\/td>\n<\/tr>\n<tr>\n<td><a href=\"http:\/\/institutjoanbrudieu.cat\/public\/web_centre\/html\/documents\/consell%20escolar\/Carta_informacio_professorat_2014.pdf\" target=\"_blank\" rel=\"noopener\"><strong>Carta informativa<\/strong> del desenvolupament de tot el proc\u00e9s electoral<\/a><\/td>\n<td><a href=\"http:\/\/institutjoanbrudieu.cat\/public\/web_centre\/html\/documents\/consell%20escolar\/Carta_informacio_alumnat_2014.pdf\" target=\"_blank\" rel=\"noopener\"><strong>Carta informativa<\/strong> del desenvolupament de tot el proc\u00e9s electoral<\/a><\/td>\n<td><a href=\"http:\/\/institutjoanbrudieu.cat\/public\/web_centre\/html\/documents\/consell%20escolar\/Carta_informacio_families_2014.pdf\" target=\"_blank\" rel=\"noopener\"><strong>Carta informativa<\/strong> del desenvolupament de tot el proc\u00e9s electoral<\/a><\/td>\n<\/tr>\n<tr>\n<td><a href=\"http:\/\/institutjoanbrudieu.cat\/public\/web_centre\/html\/documents\/consell%20escolar\/Presentacio_candidatura_professorat_2014.pdf\" target=\"_blank\" rel=\"noopener\">Full de <strong>presentaci\u00f3 de candidatures<\/strong><\/a><\/td>\n<td><a href=\"http:\/\/institutjoanbrudieu.cat\/public\/web_centre\/html\/documents\/consell%20escolar\/Presentacio_candidatura_alumnat_2014.pdf\" target=\"_blank\" rel=\"noopener\">Full de <strong>presentaci\u00f3 de candidatures<\/strong><\/a><\/td>\n<td><a href=\"http:\/\/institutjoanbrudieu.cat\/public\/web_centre\/html\/documents\/consell%20escolar\/Presentacio_candidatura_families_2014.pdf\" target=\"_blank\" rel=\"noopener\">Full de <strong>presentaci\u00f3 de candidatures<\/strong><\/a><\/td>\n<\/tr>\n<tr>\n<td><\/td>\n<td><a href=\"http:\/\/institutjoanbrudieu.cat\/public\/web_centre\/html\/documents\/consell%20escolar\/Peticio_supervisor_alumnat_2014.pdf\" target=\"_blank\" rel=\"noopener\">Full de petici\u00f3 per a actuar de<strong>supervisor\/ra<\/strong><\/a><\/td>\n<td><a href=\"http:\/\/institutjoanbrudieu.cat\/public\/web_centre\/html\/documents\/consell%20escolar\/Peticio_supervisor_families_2014.pdf\" target=\"_blank\" rel=\"noopener\">Full de petici\u00f3 per a actuar de<strong>supervisor\/ra<\/strong><\/a><\/td>\n<\/tr>\n<tr>\n<td><a href=\"http:\/\/institutjoanbrudieu.cat\/public\/web_centre\/html\/documents\/consell%20escolar\/Acta_sorteig_Mesa_professorat_2014.pdf\" target=\"_blank\" rel=\"noopener\">Acta <strong>sorteig<\/strong> integrants <strong>Mesa<\/strong><\/a><\/td>\n<td><a href=\"http:\/\/institutjoanbrudieu.cat\/public\/web_centre\/html\/documents\/consell%20escolar\/Acta_sorteig_Mesa_alumnat_2014.pdf\" target=\"_blank\" rel=\"noopener\">Acta <strong>sorteig<\/strong> integrants <strong>Mesa<\/strong><\/a><\/td>\n<td><a href=\"http:\/\/institutjoanbrudieu.cat\/public\/web_centre\/html\/documents\/consell%20escolar\/Acta_sorteig_Mesa_families_2014.pdf\" target=\"_blank\" rel=\"noopener\">Acta <strong>sorteig<\/strong> integrants <strong>Mesa<\/strong><\/a><\/td>\n<\/tr>\n<tr>\n<td><a href=\"http:\/\/institutjoanbrudieu.cat\/public\/web_centre\/html\/documents\/consell%20escolar\/Acta_constitucio_Mesa_professorat_2014.pdf\" target=\"_blank\" rel=\"noopener\">Acta <strong>constituci\u00f3 Mesa<\/strong> i <strong>aprovaci\u00f3 cens<\/strong><\/a><\/td>\n<td><a href=\"http:\/\/institutjoanbrudieu.cat\/public\/web_centre\/html\/documents\/consell%20escolar\/Acta_constitucio_Mesa_alumnat_2014.pdf\" target=\"_blank\" rel=\"noopener\">Acta <strong>constituci\u00f3 Mesa<\/strong> i <strong>aprovaci\u00f3 cens<\/strong><\/a><\/td>\n<td><a href=\"http:\/\/institutjoanbrudieu.cat\/public\/web_centre\/html\/documents\/consell%20escolar\/Acta_constitucio_Mesa_families_2014.pdf\" target=\"_blank\" rel=\"noopener\">Acta <strong>constituci\u00f3 Mesa<\/strong> i <strong>aprovaci\u00f3 cens<\/strong><\/a><\/td>\n<\/tr>\n<tr>\n<td><a href=\"http:\/\/institutjoanbrudieu.cat\/public\/web_centre\/html\/documents\/consell%20escolar\/Acta_aprovacio_candidatures_professorat_2014.pdf\" target=\"_blank\" rel=\"noopener\">Acta <strong>aprovaci\u00f3 candidatures<\/strong><\/a><\/td>\n<td><a href=\"http:\/\/institutjoanbrudieu.cat\/public\/web_centre\/html\/documents\/consell%20escolar\/Acta_aprovacio_candidatures_alumnat_2014.pdf\" target=\"_blank\" rel=\"noopener\">Acta <strong>aprovaci\u00f3 candidatures<\/strong><\/a><\/td>\n<td><a href=\"http:\/\/institutjoanbrudieu.cat\/public\/web_centre\/html\/documents\/consell%20escolar\/Acta_aprovacio_candidatures_families_2014.pdf\" target=\"_blank\" rel=\"noopener\">Acta <strong>aprovaci\u00f3 candidatures<\/strong><\/a><\/td>\n<\/tr>\n<tr>\n<td><a href=\"http:\/\/institutjoanbrudieu.cat\/public\/web_centre\/html\/documents\/consell%20escolar\/Candidatures_professorat_2014.pdf\" target=\"_blank\" rel=\"noopener\">Llista <strong>candidatures<\/strong> amb fotografies<\/a><\/td>\n<td><a href=\"http:\/\/institutjoanbrudieu.cat\/public\/web_centre\/html\/documents\/consell%20escolar\/Candidatures_alumnat_2014.pdf\" target=\"_blank\" rel=\"noopener\">Llista <strong>candidatures<\/strong> amb fotografies<\/a><\/td>\n<td><a href=\"http:\/\/institutjoanbrudieu.cat\/public\/web_centre\/html\/documents\/consell%20escolar\/Candidatures_families_2014.pdf\" target=\"_blank\" rel=\"noopener\">Llista <strong>candidatures<\/strong> amb fotografies<\/a><\/td>\n<\/tr>\n<tr>\n<td><strong><a href=\"http:\/\/institutjoanbrudieu.cat\/public\/web_centre\/html\/documents\/consell%20escolar\/Papereta_de_vot_professorat_2014.pdf\" target=\"_blank\" rel=\"noopener\">Paperetes de votaci\u00f3<\/a><\/strong><\/td>\n<td><strong><a href=\"http:\/\/institutjoanbrudieu.cat\/public\/web_centre\/html\/documents\/consell%20escolar\/Papereta_de_vot_alumnat_2014.pdf\" target=\"_blank\" rel=\"noopener\">Paperetes de votaci\u00f3<\/a><\/strong><\/td>\n<td><strong><a href=\"http:\/\/institutjoanbrudieu.cat\/public\/web_centre\/html\/documents\/consell%20escolar\/Papereta_de_vot_families_2014.pdf\" target=\"_blank\" rel=\"noopener\">Paperetes de votaci\u00f3<\/a><\/strong><\/td>\n<\/tr>\n<tr>\n<td><strong><a href=\"http:\/\/institutjoanbrudieu.cat\/public\/web_centre\/html\/documents\/consell%20escolar\/Acta_votacio_Mesa_professorat_2014.pdf\" target=\"_blank\" rel=\"noopener\">Acta votaci\u00f3<\/a><\/strong><\/td>\n<td><a href=\"http:\/\/institutjoanbrudieu.cat\/public\/web_centre\/html\/documents\/consell%20escolar\/Acta_votacio_Mesa_alumnat_2014.pdf\" target=\"_blank\" rel=\"noopener\">Acta <strong>votaci\u00f3<\/strong><\/a><\/td>\n<td><a href=\"http:\/\/institutjoanbrudieu.cat\/public\/web_centre\/html\/documents\/consell%20escolar\/Acta_votacio_Mesa_families_2014.pdf\" target=\"_blank\" rel=\"noopener\">Acta <strong>votaci\u00f3<\/strong><\/a><\/td>\n<\/tr>\n<\/tbody>\n<\/table>\n","protected":false},"excerpt":{"rendered":"<p>Normativa Resoluci\u00f3 ENS\/2160\/2014, de 16 de setembre, per la qual s&#8217;estableix el calendari del proc\u00e9s electoral per renovar els membres dels consells escolars dels centres p\u00fablics i privats sostinguts amb fons p\u00fablics. Decret 102\/2010, de 3 d&#8217;agost, d&#8217;autonomia dels centres educatius Llei 12\/2009, del 10 de juliol, d&#8217;educaci\u00f3 El Consell Escolar dels centres P\u00fablics (aspectes [&hellip;]<\/p>\n","protected":false},"author":1,"featured_media":0,"parent":6568,"menu_order":12,"comment_status":"closed","ping_status":"closed","template":"page-templates\/side-menu.php","meta":{"_bbp_topic_count":0,"_bbp_reply_count":0,"_bbp_total_topic_count":0,"_bbp_total_reply_count":0,"_bbp_voice_count":0,"_bbp_anonymous_reply_count":0,"_bbp_topic_count_hidden":0,"_bbp_reply_count_hidden":0,"_bbp_forum_subforum_count":0,"site-sidebar-layout":"default","site-content-layout":"","ast-site-content-layout":"","site-content-style":"default","site-sidebar-style":"default","ast-global-header-display":"","ast-banner-title-visibility":"","ast-main-header-display":"","ast-hfb-above-header-display":"","ast-hfb-below-header-display":"","ast-hfb-mobile-header-display":"","site-post-title":"","ast-breadcrumbs-content":"","ast-featured-img":"","footer-sml-layout":"","theme-transparent-header-meta":"","adv-header-id-meta":"","stick-header-meta":"","header-above-stick-meta":"","header-main-stick-meta":"","header-below-stick-meta":"","astra-migrate-meta-layouts":"default","ast-page-background-enabled":"default","ast-page-background-meta":{"desktop":{"background-color":"var(--ast-global-color-4)","background-image":"","background-repeat":"repeat","background-position":"center center","background-size":"auto","background-attachment":"scroll","background-type":"","background-media":"","overlay-type":"","overlay-color":"","overlay-opacity":"","overlay-gradient":""},"tablet":{"background-color":"","background-image":"","background-repeat":"repeat","background-position":"center center","background-size":"auto","background-attachment":"scroll","background-type":"","background-media":"","overlay-type":"","overlay-color":"","overlay-opacity":"","overlay-gradient":""},"mobile":{"background-color":"","background-image":"","background-repeat":"repeat","background-position":"center center","background-size":"auto","background-attachment":"scroll","background-type":"","background-media":"","overlay-type":"","overlay-color":"","overlay-opacity":"","overlay-gradient":""}},"ast-content-background-meta":{"desktop":{"background-color":"var(--ast-global-color-5)","background-image":"","background-repeat":"repeat","background-position":"center center","background-size":"auto","background-attachment":"scroll","background-type":"","background-media":"","overlay-type":"","overlay-color":"","overlay-opacity":"","overlay-gradient":""},"tablet":{"background-color":"var(--ast-global-color-5)","background-image":"","background-repeat":"repeat","background-position":"center center","background-size":"auto","background-attachment":"scroll","background-type":"","background-media":"","overlay-type":"","overlay-color":"","overlay-opacity":"","overlay-gradient":""},"mobile":{"background-color":"var(--ast-global-color-5)","background-image":"","background-repeat":"repeat","background-position":"center center","background-size":"auto","background-attachment":"scroll","background-type":"","background-media":"","overlay-type":"","overlay-color":"","overlay-opacity":"","overlay-gradient":""}},"footnotes":""},"class_list":["post-470","page","type-page","status-publish","hentry"],"post_mailing_queue_ids":[],"_links":{"self":[{"href":"https:\/\/agora.xtec.cat\/iesjoanbrudieu\/wp-json\/wp\/v2\/pages\/470","targetHints":{"allow":["GET"]}}],"collection":[{"href":"https:\/\/agora.xtec.cat\/iesjoanbrudieu\/wp-json\/wp\/v2\/pages"}],"about":[{"href":"https:\/\/agora.xtec.cat\/iesjoanbrudieu\/wp-json\/wp\/v2\/types\/page"}],"author":[{"embeddable":true,"href":"https:\/\/agora.xtec.cat\/iesjoanbrudieu\/wp-json\/wp\/v2\/users\/1"}],"replies":[{"embeddable":true,"href":"https:\/\/agora.xtec.cat\/iesjoanbrudieu\/wp-json\/wp\/v2\/comments?post=470"}],"version-history":[{"count":4,"href":"https:\/\/agora.xtec.cat\/iesjoanbrudieu\/wp-json\/wp\/v2\/pages\/470\/revisions"}],"predecessor-version":[{"id":8299,"href":"https:\/\/agora.xtec.cat\/iesjoanbrudieu\/wp-json\/wp\/v2\/pages\/470\/revisions\/8299"}],"up":[{"embeddable":true,"href":"https:\/\/agora.xtec.cat\/iesjoanbrudieu\/wp-json\/wp\/v2\/pages\/6568"}],"wp:attachment":[{"href":"https:\/\/agora.xtec.cat\/iesjoanbrudieu\/wp-json\/wp\/v2\/media?parent=470"}],"curies":[{"name":"wp","href":"https:\/\/api.w.org\/{rel}","templated":true}]}}