{"id":455,"date":"2016-05-07T16:56:13","date_gmt":"2016-05-07T15:56:13","guid":{"rendered":"http:\/\/agora.xtec.cat\/iesjoanbrudieu\/?page_id=455"},"modified":"2020-10-07T15:54:45","modified_gmt":"2020-10-07T13:54:45","slug":"perfil-del-contractant","status":"publish","type":"page","link":"https:\/\/agora.xtec.cat\/iesjoanbrudieu\/linstitut\/perfil-del-contractant\/","title":{"rendered":"Perfil del contractant"},"content":{"rendered":"<h3><strong>Contractaci\u00f3 &#8211; Perfil del contractant<a href=\"http:\/\/agora.xtec.cat\/iesjoanbrudieu\/wp-content\/uploads\/usu1248\/2016\/05\/perfilcontractant.png\"><img loading=\"lazy\" decoding=\"async\" class=\"wp-image-2338 size-full alignright\" src=\"https:\/\/agora.xtec.cat\/iesjoanbrudieu\/wp-content\/uploads\/usu1248\/2016\/05\/perfilcontractant.png\" alt=\"perfilcontractant\" width=\"230\" height=\"101\" \/><\/a><\/strong><\/h3>\n<p>L\u2019article 53 del <a href=\"http:\/\/www.boe.es\/boe_catalan\/dias\/2011\/11\/16\/pdfs\/BOE-A-2011-17887-C.pdf\" target=\"_blank\" rel=\"noopener noreferrer\">Reial Decret Legislatiu 3\/2011, de 14 de novembre, pel qual s&#8217;aprova el text ref\u00f3s de la Llei de Contractes del Sector P\u00fablic<\/a>, crea el perfil del contractant, com un espai de difusi\u00f3 a trav\u00e9s d\u2019Internet de l\u2019activitat contractual del sector p\u00fablic i amb la finalitat d\u2019assegurar la transpar\u00e8ncia i l\u2019acc\u00e9s p\u00fablic a aquesta informaci\u00f3.<\/p>\n<p><strong><span style=\"color: #ff0000;\">Dades de l&#8217;Institut<\/span><\/strong><\/p>\n<ul>\n<li>c\/ Bisbe Iglesias Navarri, 27<\/li>\n<li>25700 &#8211; la Seu d&#8217;Urgell<\/li>\n<li><strong>Tel\u00e8fon:<\/strong> (+34) 973 35 04 03<\/li>\n<li><strong>Fax:<\/strong> (+34) 973 35 56 50<\/li>\n<li><strong>Correu electr\u00f2nic:<\/strong> iesjoanbrudieu@xtec.cat<\/li>\n<li><strong>Adre\u00e7a web:<\/strong> www.insjoanbrudieu.cat<\/li>\n<li><strong>Horari de secretaria:<\/strong> de dilluns a dijous, de 8:45 a 14:00 i de 15:30 a 18:30; els divendres, de 8:45 a 14:00<\/li>\n<\/ul>\n<p><strong><span style=\"color: #ff0000;\">Mesures addicionals per a la prevenci\u00f3 i el control de la infecci\u00f3 pel SARS-CoV-2<\/span><\/strong><\/p>\n<ul>\n<li><a href=\"https:\/\/institutjoanbrudieu.cat\/public\/web_centre\/html\/documents\/secretaria\/licitacions\/resolucio_suspensio_contractes_general_def_signed.pdf\" target=\"_blank\" rel=\"noopener noreferrer\">Resoluci\u00f3<\/a> relativa a la suspensi\u00f3 de diversos contractes subscrits pel Departament d\u2019Educaci\u00f3 i al rescabalament dels danys i perjudicis efectivament soferts pels contractistes durant el per\u00edode de suspensi\u00f3 motivats pel tancament dels centres educatius mitjan\u00e7ant la Resoluci\u00f3 SLT\/719\/2020, de 12 de mar\u00e7<\/li>\n<\/ul>\n<p><strong><span style=\"color: #ff0000;\">Licitacions<\/span><\/strong><\/p>\n<ul>\n<li><strong>Servei de neteja de l&#8217;Institut Joan Brudieu &#8211; 2018<\/strong>\n<ul>\n<li><a href=\"https:\/\/institutjoanbrudieu.cat\/public\/web_centre\/html\/documents\/secretaria\/licitacions\/Neteja_plec_clausules_obert_2018.pdf\" target=\"_blank\" rel=\"noopener noreferrer\">Plec de cl\u00e0usules administratives 2018<\/a><\/li>\n<li><a href=\"https:\/\/institutjoanbrudieu.cat\/public\/web_centre\/html\/documents\/secretaria\/licitacions\/Neteja_prescripcions_tecniques_2018.pdf\" target=\"_blank\" rel=\"noopener noreferrer\">Plec de prescripcions t\u00e8cniques 2018<\/a><\/li>\n<li><a href=\"https:\/\/institutjoanbrudieu.cat\/public\/web_centre\/html\/documents\/secretaria\/licitacions\/Neteja_anunci_DOGC_2018.pdf\">Anunci al DOGC pel qual es fa p\u00fablica la licitaci\u00f3 del contracte de serveis 2018<\/a><\/li>\n<li><strong>Obertura sobre C:<\/strong> dimarts 31 d&#8217;octubre de 2017, a les 10:00 h, a l&#8217;aula C006 de l&#8217;Institut<\/li>\n<\/ul>\n<\/li>\n<\/ul>\n<p>&nbsp;<\/p>\n<ul>\n<li><strong>Servei de neteja de l&#8217;Institut Joan Brudieu &#8211; 2017 (Mar\u00e7)<br \/>\n<\/strong><\/p>\n<ul>\n<li><a href=\"https:\/\/institutjoanbrudieu.cat\/public\/web_centre\/html\/documents\/secretaria\/licitacions\/Neteja_plec_clausules_obert_2017_2n.pdf\" target=\"_blank\" rel=\"noopener noreferrer\">Plec de cl\u00e0usules administratives 2017 (Mar\u00e7)<\/a><\/li>\n<li><a href=\"https:\/\/institutjoanbrudieu.cat\/public\/web_centre\/html\/documents\/secretaria\/licitacions\/Neteja_prescripcions_tecniques_2017_2n.pdf\" target=\"_blank\" rel=\"noopener noreferrer\">Plec de prescripcions t\u00e8cniques 2017 (Mar\u00e7)<\/a><\/li>\n<li><a href=\"https:\/\/institutjoanbrudieu.cat\/public\/web_centre\/html\/documents\/secretaria\/licitacions\/Neteja_contracte_anunci_formalitzacio_2017_2n.pdf\">Anunci pel qual es fa p\u00fablica la licitaci\u00f3 del contracte de serveis 2017 (Mar\u00e7)<\/a><\/li>\n<\/ul>\n<\/li>\n<\/ul>\n<p>&nbsp;<\/p>\n<ul>\n<li><strong>Servei de neteja de l&#8217;Institut Joan Brudieu &#8211; 2016<br \/>\n<\/strong><\/p>\n<ul>\n<li><a href=\"https:\/\/institutjoanbrudieu.cat\/public\/web_centre\/html\/documents\/secretaria\/licitacions\/Neteja_resolucio_inici_contracte_2016.pdf\" target=\"_blank\" rel=\"noopener noreferrer\">Resoluci\u00f3 d&#8217;inici i d&#8217;aprovaci\u00f3 de l&#8217;expedient de contractaci\u00f3 2016<\/a><\/li>\n<li><a href=\"https:\/\/institutjoanbrudieu.cat\/public\/web_centre\/html\/documents\/secretaria\/licitacions\/Neteja_plec_clausules_negociat_2016.pdf\" target=\"_blank\" rel=\"noopener noreferrer\">Plec de cl\u00e0usules administratives 2016<\/a><\/li>\n<li><a href=\"https:\/\/institutjoanbrudieu.cat\/public\/web_centre\/html\/documents\/secretaria\/licitacions\/Neteja_prescripcions_tecniques_2016.pdf\" target=\"_blank\" rel=\"noopener noreferrer\">Plec de prescripcions t\u00e8cniques 2016<\/a><\/li>\n<\/ul>\n<\/li>\n<\/ul>\n<p><span style=\"color: #ff0000;\"><strong>Adjudicacions i formalitzacions<\/strong><\/span><\/p>\n<ul>\n<li><strong>Servei de neteja de l&#8217;Institut Joan Brudieu &#8211; 2018<br \/>\n<\/strong><\/p>\n<ul>\n<li><a href=\"https:\/\/institutjoanbrudieu.cat\/public\/web_centre\/html\/documents\/secretaria\/licitacions\/Neteja_contracte_resolucio_adjudicacio_2018.pdf\" target=\"_blank\" rel=\"noopener noreferrer\">Resoluci\u00f3 de l&#8217;adjudicaci\u00f3 del contracte 2018<\/a><\/li>\n<li><a href=\"https:\/\/institutjoanbrudieu.cat\/public\/web_centre\/html\/documents\/secretaria\/licitacions\/Neteja_contracte_informe_tecnic_2018.pdf\" target=\"_blank\" rel=\"noopener noreferrer\">Informe t\u00e8cnic 2018<\/a><\/li>\n<\/ul>\n<\/li>\n<\/ul>\n<p>&nbsp;<\/p>\n<ul>\n<li><strong>Servei de neteja de l&#8217;Institut Joan Brudieu &#8211; 2017 (Abril)<br \/>\n<\/strong><\/p>\n<ul>\n<li><a href=\"https:\/\/institutjoanbrudieu.cat\/public\/web_centre\/html\/documents\/secretaria\/licitacions\/Neteja_contracte_resolucio_adjudicacio_2017_2n.pdf\" target=\"_blank\" rel=\"noopener noreferrer\">Resoluci\u00f3 de l&#8217;adjudicaci\u00f3 del contracte 2017 (Abril)<\/a><\/li>\n<li><a href=\"https:\/\/institutjoanbrudieu.cat\/public\/web_centre\/html\/documents\/secretaria\/licitacions\/Neteja_contracte_informe_tecnic_2017_2n.pdf\" target=\"_blank\" rel=\"noopener noreferrer\">Informe t\u00e8cnic 2017 (Abril)<\/a><\/li>\n<\/ul>\n<\/li>\n<\/ul>\n<p>&nbsp;<\/p>\n<ul>\n<li><strong>Servei de neteja de l&#8217;Institut Joan Brudieu &#8211; 2017<br \/>\n<\/strong><\/p>\n<ul>\n<li><a href=\"https:\/\/institutjoanbrudieu.cat\/public\/web_centre\/html\/documents\/secretaria\/licitacions\/Neteja_contracte_resolucio_adjudicacio_2017.pdf\" target=\"_blank\" rel=\"noopener noreferrer\">Resoluci\u00f3 de l&#8217;adjudicaci\u00f3 del contracte 2017<\/a><\/li>\n<li><a href=\"https:\/\/institutjoanbrudieu.cat\/public\/web_centre\/html\/documents\/secretaria\/licitacions\/Neteja_contracte_informe_tecnic_2017.pdf\" target=\"_blank\" rel=\"noopener noreferrer\">Informe t\u00e8cnic 2017<\/a><\/li>\n<li><a href=\"https:\/\/institutjoanbrudieu.cat\/public\/web_centre\/html\/documents\/secretaria\/licitacions\/Neteja_contracte_quadre_de_puntuacions_2017.pdf\">Quadre de puntuacions 2017<\/a><\/li>\n<li><a href=\"https:\/\/institutjoanbrudieu.cat\/public\/web_centre\/html\/documents\/secretaria\/licitacions\/Neteja_contracte_anunci_formalitzacio_2017.pdf\" target=\"_blank\" rel=\"noopener noreferrer\">Anunci pel qual es fa p\u00fablica la formalitzaci\u00f3 final del contracte 2017<\/a><\/li>\n<li><a href=\"https:\/\/institutjoanbrudieu.cat\/public\/web_centre\/html\/documents\/secretaria\/licitacions\/Neteja_anunci_DOGC_formalitzacio_contracte_2017.pdf\" target=\"_blank\" rel=\"noopener noreferrer\">Anunci al DOGC pel qual es fa p\u00fablica la formalitzaci\u00f3 final del contracte 2017<\/a><\/li>\n<\/ul>\n<\/li>\n<\/ul>\n<p>&nbsp;<\/p>\n<ul>\n<li><strong>Servei de neteja de l&#8217;Institut Joan Brudieu &#8211; 2016<br \/>\n<\/strong><\/p>\n<ul>\n<li><a href=\"https:\/\/institutjoanbrudieu.cat\/public\/web_centre\/html\/documents\/secretaria\/licitacions\/Neteja_resolucio_adjudicacio_contracte_2016.pdf\" target=\"_blank\" rel=\"noopener noreferrer\">Resoluci\u00f3 de l&#8217;adjudicaci\u00f3 del contracte 2016<\/a><\/li>\n<li><a href=\"https:\/\/institutjoanbrudieu.cat\/public\/web_centre\/html\/documents\/secretaria\/licitacions\/Neteja_contracte_administratiu_2016.pdf\" target=\"_blank\" rel=\"noopener noreferrer\">Contracte administratiu 2016<\/a><\/li>\n<\/ul>\n<\/li>\n<\/ul>\n<p>&nbsp;<\/p>\n","protected":false},"excerpt":{"rendered":"<p>Contractaci\u00f3 &#8211; Perfil del contractant L\u2019article 53 del Reial Decret Legislatiu 3\/2011, de 14 de novembre, pel qual s&#8217;aprova el text ref\u00f3s de la Llei de Contractes del Sector P\u00fablic, crea el perfil del contractant, com un espai de difusi\u00f3 a trav\u00e9s d\u2019Internet de l\u2019activitat contractual del sector p\u00fablic i amb la finalitat d\u2019assegurar la [&hellip;]<\/p>\n","protected":false},"author":1,"featured_media":0,"parent":19,"menu_order":60,"comment_status":"closed","ping_status":"closed","template":"page-templates\/side-menu.php","meta":{"_bbp_topic_count":0,"_bbp_reply_count":0,"_bbp_total_topic_count":0,"_bbp_total_reply_count":0,"_bbp_voice_count":0,"_bbp_anonymous_reply_count":0,"_bbp_topic_count_hidden":0,"_bbp_reply_count_hidden":0,"_bbp_forum_subforum_count":0,"site-sidebar-layout":"default","site-content-layout":"","ast-site-content-layout":"","site-content-style":"default","site-sidebar-style":"default","ast-global-header-display":"","ast-banner-title-visibility":"","ast-main-header-display":"","ast-hfb-above-header-display":"","ast-hfb-below-header-display":"","ast-hfb-mobile-header-display":"","site-post-title":"","ast-breadcrumbs-content":"","ast-featured-img":"","footer-sml-layout":"","theme-transparent-header-meta":"","adv-header-id-meta":"","stick-header-meta":"","header-above-stick-meta":"","header-main-stick-meta":"","header-below-stick-meta":"","astra-migrate-meta-layouts":"default","ast-page-background-enabled":"default","ast-page-background-meta":{"desktop":{"background-color":"var(--ast-global-color-4)","background-image":"","background-repeat":"repeat","background-position":"center center","background-size":"auto","background-attachment":"scroll","background-type":"","background-media":"","overlay-type":"","overlay-color":"","overlay-opacity":"","overlay-gradient":""},"tablet":{"background-color":"","background-image":"","background-repeat":"repeat","background-position":"center center","background-size":"auto","background-attachment":"scroll","background-type":"","background-media":"","overlay-type":"","overlay-color":"","overlay-opacity":"","overlay-gradient":""},"mobile":{"background-color":"","background-image":"","background-repeat":"repeat","background-position":"center center","background-size":"auto","background-attachment":"scroll","background-type":"","background-media":"","overlay-type":"","overlay-color":"","overlay-opacity":"","overlay-gradient":""}},"ast-content-background-meta":{"desktop":{"background-color":"var(--ast-global-color-5)","background-image":"","background-repeat":"repeat","background-position":"center center","background-size":"auto","background-attachment":"scroll","background-type":"","background-media":"","overlay-type":"","overlay-color":"","overlay-opacity":"","overlay-gradient":""},"tablet":{"background-color":"var(--ast-global-color-5)","background-image":"","background-repeat":"repeat","background-position":"center center","background-size":"auto","background-attachment":"scroll","background-type":"","background-media":"","overlay-type":"","overlay-color":"","overlay-opacity":"","overlay-gradient":""},"mobile":{"background-color":"var(--ast-global-color-5)","background-image":"","background-repeat":"repeat","background-position":"center center","background-size":"auto","background-attachment":"scroll","background-type":"","background-media":"","overlay-type":"","overlay-color":"","overlay-opacity":"","overlay-gradient":""}},"footnotes":""},"class_list":["post-455","page","type-page","status-publish","hentry"],"post_mailing_queue_ids":[],"_links":{"self":[{"href":"https:\/\/agora.xtec.cat\/iesjoanbrudieu\/wp-json\/wp\/v2\/pages\/455","targetHints":{"allow":["GET"]}}],"collection":[{"href":"https:\/\/agora.xtec.cat\/iesjoanbrudieu\/wp-json\/wp\/v2\/pages"}],"about":[{"href":"https:\/\/agora.xtec.cat\/iesjoanbrudieu\/wp-json\/wp\/v2\/types\/page"}],"author":[{"embeddable":true,"href":"https:\/\/agora.xtec.cat\/iesjoanbrudieu\/wp-json\/wp\/v2\/users\/1"}],"replies":[{"embeddable":true,"href":"https:\/\/agora.xtec.cat\/iesjoanbrudieu\/wp-json\/wp\/v2\/comments?post=455"}],"version-history":[{"count":4,"href":"https:\/\/agora.xtec.cat\/iesjoanbrudieu\/wp-json\/wp\/v2\/pages\/455\/revisions"}],"predecessor-version":[{"id":5669,"href":"https:\/\/agora.xtec.cat\/iesjoanbrudieu\/wp-json\/wp\/v2\/pages\/455\/revisions\/5669"}],"up":[{"embeddable":true,"href":"https:\/\/agora.xtec.cat\/iesjoanbrudieu\/wp-json\/wp\/v2\/pages\/19"}],"wp:attachment":[{"href":"https:\/\/agora.xtec.cat\/iesjoanbrudieu\/wp-json\/wp\/v2\/media?parent=455"}],"curies":[{"name":"wp","href":"https:\/\/api.w.org\/{rel}","templated":true}]}}