{"id":438,"date":"2016-05-07T15:10:16","date_gmt":"2016-05-07T14:10:16","guid":{"rendered":"http:\/\/agora.xtec.cat\/iesjoanbrudieu\/?page_id=438"},"modified":"2025-09-29T08:55:26","modified_gmt":"2025-09-29T06:55:26","slug":"documentacio-institut","status":"publish","type":"page","link":"https:\/\/agora.xtec.cat\/iesjoanbrudieu\/secretaria\/documentacio-institut\/","title":{"rendered":"Documentaci\u00f3 estrat\u00e8gica Institut"},"content":{"rendered":"<p><strong><span style=\"color: #ff0000;\">Projecte Educatiu de Centre<\/span><\/strong><\/p>\n<ul>\n<li><a href=\"https:\/\/institutjoanbrudieu.cat\/public\/web_centre\/html\/documents\/secretaria\/documents\/2021_PEC_INS_JB.pdf\" target=\"_blank\" rel=\".self noopener noreferrer\">PEC &#8211; Projecte Educatiu de Centre<\/a><\/li>\n<li><a href=\"https:\/\/institutjoanbrudieu.cat\/public\/web_centre\/html\/documents\/secretaria\/documents\/2526_PAC_Annex03a_PAT_INS_JB.pdf\" target=\"_blank\" rel=\".self noopener noreferrer\">PAT &#8211; Pla d\u2019Acci\u00f3 Tutorial ESO-BTX<\/a>.<\/li>\n<li><a href=\"https:\/\/institutjoanbrudieu.cat\/public\/web_centre\/html\/documents\/secretaria\/documents\/2526_PAC_Annex03b_PAT_INS_JB_FP.pdf\" target=\"_blank\" rel=\".self noopener noreferrer\">PAT &#8211; Pla d\u2019Acci\u00f3 Tutorial FP<\/a>.<\/li>\n<li><a href=\"https:\/\/institutjoanbrudieu.cat\/public\/web_centre\/html\/documents\/secretaria\/documents\/2526_PAC_Annex04_Pla_Orientacio.pdf\" target=\"_blank\" rel=\".self noopener noreferrer\">POAP &#8211; Pla d\u2019Orientaci\u00f3 acad\u00e8mica i professional<\/a>.<\/li>\n<li><a href=\"https:\/\/institutjoanbrudieu.cat\/public\/web_centre\/html\/documents\/secretaria\/documents\/2526_PCC_i_Criteris_avaluacio.pdf\" target=\"_blank\" rel=\".self noopener noreferrer\">PCC &#8211; Projecte Curricular de Centre [Concrecions curriculars i Criteris d&#8217;avaluaci\u00f3 i promoci\u00f3]<\/a>.<\/li>\n<li><a href=\"https:\/\/institutjoanbrudieu.cat\/public\/web_centre\/html\/documents\/secretaria\/documents\/1920_PLC_Projecte_linguistic_de_centre.pdf\" target=\"_blank\" rel=\".self noopener noreferrer\">PLC &#8211; Projecte Ling\u00fc\u00edstic de Centre<\/a><\/li>\n<li><a href=\"https:\/\/institutjoanbrudieu.cat\/public\/web_centre\/html\/documents\/secretaria\/documents\/2526_PAC_Annex05_Pla_de_formacio.pdf\" target=\"_blank\" rel=\"noopener noreferrer\">PFC &#8211; Pla de formaci\u00f3 de centre<\/a>.<\/li>\n<li><a href=\"https:\/\/institutjoanbrudieu.cat\/public\/web_centre\/html\/documents\/secretaria\/documents\/1920_PdC_Projecte_de_Convivencia.pdf\" target=\"_blank\" rel=\"noopener noreferrer\">PdC &#8211; Projecte de Conviv\u00e8ncia<\/a><\/li>\n<li><a href=\"https:\/\/institutjoanbrudieu.cat\/public\/web_centre\/html\/documents\/secretaria\/documents\/carta_de_compromis_educatiu_INSJB.pdf\" target=\"_blank\" rel=\"noopener noreferrer\">Carta de Comprom\u00eds Educatiu<\/a><\/li>\n<li><a href=\"https:\/\/institutjoanbrudieu.cat\/public\/web_centre\/html\/documents\/secretaria\/documents\/MCS_Manual_Carta_de_Serveis.pdf\" target=\"_blank\" rel=\"noopener noreferrer\">MCS &#8211; Manual Carta de serveis (Institut Joan Brudieu)<\/a><\/li>\n<li><a href=\"https:\/\/institutjoanbrudieu.cat\/public\/web_centre\/html\/documents\/secretaria\/documents\/2425_Pla_Emergencia.pdf\" target=\"_blank\" rel=\"noopener noreferrer\">PEM &#8211; Pla d\u2019Emerg\u00e8ncia<\/a>.<\/li>\n<li><a href=\"https:\/\/institutjoanbrudieu.cat\/public\/web_centre\/html\/documents\/secretaria\/documents\/1617_Pla_Treball_Practicum_master.pdf\" target=\"_blank\" rel=\"noopener noreferrer\">Pla de treball del Pr\u00e0cticum del professorat<\/a><\/li>\n<li><a href=\"https:\/\/institutjoanbrudieu.cat\/public\/web_centre\/html\/documents\/secretaria\/documents\/2526_PAC_Annex06_Pla_Funcionament_Menjador.pdf\" target=\"_blank\" rel=\"noopener noreferrer\">PMJ &#8211; Pla de funcionament del menjador<\/a>.<\/li>\n<li><a href=\"https:\/\/institutjoanbrudieu.cat\/public\/web_centre\/html\/documents\/secretaria\/documents\/2526_PAC_Annex07_Pla_Funcionament_Transport_Escolar.pdf\" target=\"_blank\" rel=\"noopener\">PFTE &#8211; Pla de funcionament del transport escolar<\/a>.<\/li>\n<\/ul>\n<p><strong><span style=\"color: #ff0000;\">Programaci\u00f3 Anual de Centre<\/span><\/strong><\/p>\n<ul>\n<li><a href=\"https:\/\/institutjoanbrudieu.cat\/public\/web_centre\/html\/documents\/secretaria\/documents\/2526_PAC.pdf\" target=\"_blank\" rel=\"noopener noreferrer\">PAC Programaci\u00f3 Anual de Centre<\/a>.<\/li>\n<li><a href=\"https:\/\/institutjoanbrudieu.cat\/public\/web_centre\/html\/documents\/secretaria\/documents\/2526_PAC_Annex01_llibres.pdf\" target=\"_blank\" rel=\"noopener noreferrer\">PAC Programaci\u00f3 Anual de Centre \u2013 Annex Llibres<\/a>.<\/li>\n<li><a href=\"https:\/\/institutjoanbrudieu.cat\/public\/web_centre\/html\/documents\/secretaria\/documents\/2526_PAC_Annex02_Atencio_Educativa_Inclusiva_web.pdf\" target=\"_blank\" rel=\"noopener noreferrer\">PDIV Programaci\u00f3 Anual de Centre \u2013 Annex Atenci\u00f3 Educativa Inclusiva<\/a>.<\/li>\n<\/ul>\n<p><strong><span style=\"color: #ff0000;\">Mem\u00f2ria Anual de Centre<\/span><br \/>\n<\/strong><\/p>\n<ul>\n<li><a href=\"https:\/\/institutjoanbrudieu.cat\/public\/web_centre\/html\/documents\/secretaria\/documents\/2425_MAC_01_Revisio_per_la_Direccio.pdf\" target=\"_blank\" rel=\"noopener noreferrer\">MAC &#8211; Mem\u00f2ria Anual de Centre &#8211; Revisi\u00f3 per la Direcci\u00f3<\/a>.<\/li>\n<li><a href=\"https:\/\/institutjoanbrudieu.cat\/public\/web_centre\/html\/documents\/secretaria\/documents\/2425_MAC_Annex01_Indicadors_dades_i_grafiques.pdf\" target=\"_blank\" rel=\"noopener noreferrer\">MAC &#8211; Mem\u00f2ria Anual de Centre &#8211; Annex 01: Indicadors, dades i gr\u00e0fiques <\/a>.<\/li>\n<li><a href=\"https:\/\/institutjoanbrudieu.cat\/public\/web_centre\/html\/documents\/secretaria\/documents\/2425_MAC_Annex01b_Dades_i_grafiques_Proves_externes.pdf\" target=\"_blank\" rel=\"noopener noreferrer\">MAC &#8211; Mem\u00f2ria Anual de Centre &#8211; Annex 01b: Dades i gr\u00e0fiques (Proves externes) <\/a>.<\/li>\n<li><a href=\"https:\/\/institutjoanbrudieu.cat\/public\/web_centre\/html\/documents\/secretaria\/documents\/2425_MAC_Annex02_Coordinacions_Projectes_Tutoria_Altres.pdf\" target=\"_blank\" rel=\"noopener noreferrer\">MAC &#8211; Mem\u00f2ria Anual de Centre &#8211; Annex 02: Coordinacions, projectes, tutories i altres<\/a>.<\/li>\n<li><a href=\"https:\/\/institutjoanbrudieu.cat\/public\/web_centre\/html\/documents\/secretaria\/documents\/2425_MAC_Annex03_Departaments.pdf\" target=\"_blank\" rel=\"noopener noreferrer\">MAC &#8211; Mem\u00f2ria Anual de Centre &#8211; Annex 03: Departaments did\u00e0ctics<\/a>.<\/li>\n<li><a href=\"https:\/\/institutjoanbrudieu.cat\/public\/web_centre\/html\/documents\/secretaria\/documents\/2425_MAC_Annex04_Enquestes.pdf\" target=\"_blank\" rel=\"noopener noreferrer\">MAC &#8211; Mem\u00f2ria Anual de Centre &#8211; Annex 04: Enquestes<\/a>.<\/li>\n<li><a href=\"https:\/\/institutjoanbrudieu.cat\/public\/web_centre\/html\/documents\/secretaria\/documents\/2425_MAC_Annex05_Atencio_Educativa_Inclusiva_web.pdf\" target=\"_blank\" rel=\"noopener noreferrer\">MAC &#8211; Mem\u00f2ria Anual de Centre &#8211; Annex 05: Atenci\u00f3 educativa inclusiva<\/a>.<\/li>\n<li><a href=\"https:\/\/institutjoanbrudieu.cat\/public\/web_centre\/html\/documents\/secretaria\/documents\/0809_MAC_Annex_75_aniversari_IES.pdf\" target=\"_blank\" rel=\"noopener noreferrer\">MAC &#8211; Mem\u00f2ria Anual de Centre &#8211; Annex 75 aniversari INS Joan Brudieu (1933 &#8211; 2008)<\/a><\/li>\n<\/ul>\n<p><span style=\"color: #ff0000;\"><strong>Normes d&#8217;Organitzaci\u00f3 i Funcionament del Centre<br \/>\n<\/strong><\/span><\/p>\n<ul>\n<li><a href=\"https:\/\/institutjoanbrudieu.cat\/public\/web_centre\/html\/documents\/secretaria\/documents\/2526_NOFC_INSJB.pdf\" target=\"_blank\" rel=\"noopener noreferrer\">NOFC &#8211; Normes d&#8217;Organitzaci\u00f3 i Funcionament del Centre<\/a>.<\/li>\n<li><a href=\"https:\/\/institutjoanbrudieu.cat\/public\/web_centre\/html\/documents\/secretaria\/documents\/2526_NOFC_INSJB_Extracte_alumnat.pdf\" target=\"_blank\" rel=\"noopener noreferrer\">NOFC &#8211; Normes d&#8217;Organitzaci\u00f3 i Funcionament del Centre &#8211; Extracte Alumnat<\/a>.<\/li>\n<li><a href=\"https:\/\/agora.xtec.cat\/iesjoanbrudieu\/secretaria\/documentacio-institut\/us-del-mobil\/\" target=\"_blank\" rel=\"noopener noreferrer\">NOFC \u2013 Normes d\u2019Organitzaci\u00f3 i Funcionament del Centre \u2013 Extracte Alumnat: \u00fas del m\u00f2bil<\/a>.<\/li>\n<li><a href=\"https:\/\/institutjoanbrudieu.cat\/public\/web_centre\/html\/documents\/secretaria\/documents\/2526_NOFC_INSJB_Pautes_convivencia.pdf\" target=\"_blank\" rel=\"noopener\">NOFC &#8211; Pautes de conviv\u00e8ncia<\/a>: orientacions i recomanacions per poder afavorir la conviv\u00e8ncia en un ambient de respecte entre tota la comunitat educativa.<\/li>\n<li><a href=\"https:\/\/institutjoanbrudieu.cat\/public\/web_centre\/html\/documents\/secretaria\/documents\/2526_NOFC_INSJB_Extracte_alumnat_aules_ESO.pdf\" target=\"_blank\" rel=\"noopener noreferrer\">NOFC &#8211; Normes d&#8217;Organitzaci\u00f3 i Funcionament del Centre &#8211; Extracte Aules ESO<\/a>.<\/li>\n<li><a href=\"https:\/\/institutjoanbrudieu.cat\/public\/web_centre\/html\/documents\/secretaria\/documents\/2526_NOFC_INSJB_Extracte_alumnat_aules_BTX_FP.pdf\" target=\"_blank\" rel=\"noopener noreferrer\">NOFC &#8211; Normes d&#8217;Organitzaci\u00f3 i Funcionament del Centre &#8211; Extracte Aules BTX-FP<\/a>.<\/li>\n<li><a href=\"https:\/\/institutjoanbrudieu.cat\/public\/web_centre\/html\/documents\/secretaria\/documents\/2526_NOFC_INSJB_Extracte_Assistencia_a_classe_i_vagues.pdf\" target=\"_blank\" rel=\"noopener noreferrer\">NOFC &#8211; Normes d&#8217;Organitzaci\u00f3 i Funcionament del Centre &#8211; Extracte Assist\u00e8ncia a classe i vagues<\/a>.<\/li>\n<li><a href=\"https:\/\/institutjoanbrudieu.cat\/public\/web_centre\/html\/documents\/secretaria\/documents\/2526_NOFC_INSJB_Consell_Escolar.pdf\" target=\"_blank\" rel=\"noopener noreferrer\">NOFC &#8211; Normes d&#8217;Organitzaci\u00f3 i Funcionament del Centre &#8211; Extracte Consell Escolar<\/a>.<\/li>\n<\/ul>\n<p><strong><span style=\"color: #ff0000;\">Manuals<\/span><br \/>\n<\/strong><\/p>\n<ul>\n<li><a href=\"https:\/\/institutjoanbrudieu.cat\/public\/web_centre\/html\/documents\/institut\/estudis\/MCONV-ESO_Manual_Convalidacions_Exempcions_ESO.pdf\" target=\"_blank\" rel=\"noopener noreferrer\">MCONV-ESO &#8211; Manual de convalidacions i exempcions <strong>ESO<\/strong> [Institut Joan Brudieu]<\/a><\/li>\n<li><a href=\"https:\/\/institutjoanbrudieu.cat\/public\/web_centre\/html\/documents\/institut\/estudis\/MCONV-BTX_Manual_Convalidacions_Exempcions_Canvis_curriculum_BTX.pdf\" target=\"_blank\" rel=\"noopener noreferrer\">MCONV- BTX &#8211; Manual de convalidacions, exempcions i canvis de curr\u00edculum <strong>BTX<\/strong> [Institut Joan Brudieu]<\/a><\/li>\n<li><a href=\"https:\/\/institutjoanbrudieu.cat\/public\/web_centre\/html\/documents\/institut\/estudis\/MCONV-FP_Manual_Convalidacions_Exempcions_FP.pdf\" target=\"_blank\" rel=\"noopener noreferrer\">MCONV-FP &#8211; Manual de convalidacions i Exempcions <strong>FP<\/strong> [Institut Joan Brudieu]<\/a><\/li>\n<\/ul>\n<p><span style=\"color: #ff0000;\"><strong>Tutorials<br \/>\n<\/strong><\/span><\/p>\n<ul>\n<li><a href=\"https:\/\/institutjoanbrudieu.cat\/public\/web_centre\/html\/documents\/secretaria\/documents\/TALEX-FAM_Tutorial_ALEXIA_families.pdf\" target=\"_blank\" rel=\"noopener noreferrer\">TALEX-FAM &#8211; <strong>ALEXIA:<\/strong> Tutorial fam\u00edlies<\/a><\/li>\n<li><a href=\"https:\/\/institutjoanbrudieu.cat\/public\/web_centre\/html\/documents\/secretaria\/documents\/TALEX-PROF_Tutorial_ALEXIA_professorat.pdf\" target=\"_blank\" rel=\"noopener noreferrer\">TALEX-PROF &#8211; <strong>ALEXIA: <\/strong>Tutorial professorat<\/a><\/li>\n<li><a href=\"https:\/\/institutjoanbrudieu.cat\/public\/web_centre\/html\/documents\/secretaria\/documents\/TQUAL_Tutorial_QUALITEASY_professorat.pdf\" target=\"_blank\" rel=\"noopener noreferrer\">TQUAL &#8211; <strong>QUALITEASY:<\/strong> Tutorial professorat<\/a><\/li>\n<\/ul>\n<p><span style=\"color: #ff0000;\"><strong>Projecte de Direcci\u00f3<\/strong><\/span><\/p>\n<ul>\n<li><a href=\"https:\/\/institutjoanbrudieu.cat\/public\/web_centre\/html\/documents\/secretaria\/documents\/XFG_Projecte_de_direccio_2024-2028.pdf\" target=\"_blank\" rel=\"noopener noreferrer\"><strong>Projecte de Direcci\u00f3 (PdD)<\/strong> [Xavier Falc\u00f3]<\/a> [2024-2028]<\/li>\n<\/ul>\n","protected":false},"excerpt":{"rendered":"<p>Projecte Educatiu de Centre PEC &#8211; Projecte Educatiu de Centre PAT &#8211; Pla d\u2019Acci\u00f3 Tutorial ESO-BTX. PAT &#8211; Pla d\u2019Acci\u00f3 Tutorial FP. POAP &#8211; Pla d\u2019Orientaci\u00f3 acad\u00e8mica i professional. PCC &#8211; Projecte Curricular de Centre [Concrecions curriculars i Criteris d&#8217;avaluaci\u00f3 i promoci\u00f3]. PLC &#8211; Projecte Ling\u00fc\u00edstic de Centre PFC &#8211; Pla de formaci\u00f3 de centre. [&hellip;]<\/p>\n","protected":false},"author":1,"featured_media":0,"parent":81,"menu_order":1,"comment_status":"closed","ping_status":"closed","template":"page-templates\/side-menu.php","meta":{"_bbp_topic_count":0,"_bbp_reply_count":0,"_bbp_total_topic_count":0,"_bbp_total_reply_count":0,"_bbp_voice_count":0,"_bbp_anonymous_reply_count":0,"_bbp_topic_count_hidden":0,"_bbp_reply_count_hidden":0,"_bbp_forum_subforum_count":0,"site-sidebar-layout":"default","site-content-layout":"","ast-site-content-layout":"","site-content-style":"default","site-sidebar-style":"default","ast-global-header-display":"","ast-banner-title-visibility":"","ast-main-header-display":"","ast-hfb-above-header-display":"","ast-hfb-below-header-display":"","ast-hfb-mobile-header-display":"","site-post-title":"","ast-breadcrumbs-content":"","ast-featured-img":"","footer-sml-layout":"","theme-transparent-header-meta":"","adv-header-id-meta":"","stick-header-meta":"","header-above-stick-meta":"","header-main-stick-meta":"","header-below-stick-meta":"","astra-migrate-meta-layouts":"default","ast-page-background-enabled":"default","ast-page-background-meta":{"desktop":{"background-color":"var(--ast-global-color-4)","background-image":"","background-repeat":"repeat","background-position":"center center","background-size":"auto","background-attachment":"scroll","background-type":"","background-media":"","overlay-type":"","overlay-color":"","overlay-opacity":"","overlay-gradient":""},"tablet":{"background-color":"","background-image":"","background-repeat":"repeat","background-position":"center center","background-size":"auto","background-attachment":"scroll","background-type":"","background-media":"","overlay-type":"","overlay-color":"","overlay-opacity":"","overlay-gradient":""},"mobile":{"background-color":"","background-image":"","background-repeat":"repeat","background-position":"center center","background-size":"auto","background-attachment":"scroll","background-type":"","background-media":"","overlay-type":"","overlay-color":"","overlay-opacity":"","overlay-gradient":""}},"ast-content-background-meta":{"desktop":{"background-color":"var(--ast-global-color-5)","background-image":"","background-repeat":"repeat","background-position":"center center","background-size":"auto","background-attachment":"scroll","background-type":"","background-media":"","overlay-type":"","overlay-color":"","overlay-opacity":"","overlay-gradient":""},"tablet":{"background-color":"var(--ast-global-color-5)","background-image":"","background-repeat":"repeat","background-position":"center center","background-size":"auto","background-attachment":"scroll","background-type":"","background-media":"","overlay-type":"","overlay-color":"","overlay-opacity":"","overlay-gradient":""},"mobile":{"background-color":"var(--ast-global-color-5)","background-image":"","background-repeat":"repeat","background-position":"center center","background-size":"auto","background-attachment":"scroll","background-type":"","background-media":"","overlay-type":"","overlay-color":"","overlay-opacity":"","overlay-gradient":""}},"footnotes":""},"class_list":["post-438","page","type-page","status-publish","hentry"],"post_mailing_queue_ids":[],"_links":{"self":[{"href":"https:\/\/agora.xtec.cat\/iesjoanbrudieu\/wp-json\/wp\/v2\/pages\/438","targetHints":{"allow":["GET"]}}],"collection":[{"href":"https:\/\/agora.xtec.cat\/iesjoanbrudieu\/wp-json\/wp\/v2\/pages"}],"about":[{"href":"https:\/\/agora.xtec.cat\/iesjoanbrudieu\/wp-json\/wp\/v2\/types\/page"}],"author":[{"embeddable":true,"href":"https:\/\/agora.xtec.cat\/iesjoanbrudieu\/wp-json\/wp\/v2\/users\/1"}],"replies":[{"embeddable":true,"href":"https:\/\/agora.xtec.cat\/iesjoanbrudieu\/wp-json\/wp\/v2\/comments?post=438"}],"version-history":[{"count":6,"href":"https:\/\/agora.xtec.cat\/iesjoanbrudieu\/wp-json\/wp\/v2\/pages\/438\/revisions"}],"predecessor-version":[{"id":10367,"href":"https:\/\/agora.xtec.cat\/iesjoanbrudieu\/wp-json\/wp\/v2\/pages\/438\/revisions\/10367"}],"up":[{"embeddable":true,"href":"https:\/\/agora.xtec.cat\/iesjoanbrudieu\/wp-json\/wp\/v2\/pages\/81"}],"wp:attachment":[{"href":"https:\/\/agora.xtec.cat\/iesjoanbrudieu\/wp-json\/wp\/v2\/media?parent=438"}],"curies":[{"name":"wp","href":"https:\/\/api.w.org\/{rel}","templated":true}]}}