{"id":3053,"date":"2017-09-27T12:07:29","date_gmt":"2017-09-27T10:07:29","guid":{"rendered":"http:\/\/agora.xtec.cat\/iesjoanbrudieu\/?page_id=3053"},"modified":"2026-03-16T13:18:04","modified_gmt":"2026-03-16T12:18:04","slug":"ampa-institut-joan-brudieu","status":"publish","type":"page","link":"https:\/\/agora.xtec.cat\/iesjoanbrudieu\/ampa-institut-joan-brudieu\/","title":{"rendered":"AFA Institut Joan Brudieu"},"content":{"rendered":"<h2><a href=\"https:\/\/agora.xtec.cat\/iesjoanbrudieu\/wp-content\/uploads\/usu1248\/2023\/04\/Logo_AFA_INSJB.jpg\"><img loading=\"lazy\" decoding=\"async\" class=\"aligncenter wp-image-8352\" src=\"https:\/\/agora.xtec.cat\/iesjoanbrudieu\/wp-content\/uploads\/usu1248\/2023\/04\/Logo_AFA_INSJB.jpg\" alt=\"\" width=\"336\" height=\"222\" \/><\/a><\/h2>\n<h2><span style=\"color: #ff0000;\"><strong>Com fer-nos socis i s\u00f2cies de l&#8217;AFA &#8211; Institut Joan Brudieu?<br \/>\n<\/strong><\/span><\/h2>\n<ul>\n<li><a href=\"http:\/\/institutjoanbrudieu.cat\/public\/web_centre\/html\/documents\/secretaria\/preins\/26_AFA_Informacio_soci_i_samarreta.pdf\" target=\"_blank\" rel=\"noopener noreferrer\">Informaci\u00f3 per a la inscripci\u00f3 a l&#8217;AFA de l&#8217;Institut i per a la compra de samarretes i dessuadores<\/a>.<\/li>\n<li><strong>Cal pagar la quota de l&#8217;AFA<\/strong>, accedint a la p\u00e0gina <a href=\"http:\/\/www.iddink.es\" target=\"_blank\" rel=\"noopener\">www.iddink.es<\/a>. S\u2019hi accedeix amb un usuari i contrasenya per a cada estudiant. En cas que hi hagi m\u00e9s d&#8217;un fill a l&#8217;institut, s&#8217;haur\u00e0 de pagar la quota inicialment per a cada alumne i despr\u00e9s IDDINK retornar\u00e0 la quota o quotes, per tal que tan sols quedi pagada 1 quota per fam\u00edlia. Hi haureu d&#8217;accedir al vostre compte d\u2019usuari i seleccionar la casella de <strong>fer-se soci<\/strong>.<\/li>\n<li><strong>Autoritzaci\u00f3 expressa de dades personals<\/strong>. Per tal que l&#8217;AFA pugui contactar amb els socis i s\u00f2cies i poder transmetre la informaci\u00f3 que moltes vegades ens arriba i que pot interessar a les fam\u00edlies, \u00e9s necessari donar-se d&#8217;alta com a socis en el seg\u00fcent enlla\u00e7 <a href=\"https:\/\/docs.google.com\/forms\/d\/e\/1FAIpQLSei-A_4ymQHR6s8GB9UjsoWBEomkzOGFXeOq1z1YiS6hO0rqg\/viewform?usp=header\" target=\"_blank\" rel=\"noopener\"><strong>Autoritzaci\u00f3 expressa de dades<\/strong><\/a> i omplir el formulari de registre de s\u00f2cies i socis.<\/li>\n<\/ul>\n<h2><strong><span style=\"color: #ff0000;\">Serveis i avantatges com a socis i s\u00f2cies de l&#8217;AFA &#8211; Institut Joan Brudieu<\/span><br \/>\n<\/strong><\/h2>\n<ul>\n<li><strong>Servei IDDINK <\/strong>&#8211;\u00a0 Podeu fer la comanda d\u2019ECO BOOKS i llibres amb descomptes especials.\n<ul>\n<li>Pagar la quota de soci.<\/li>\n<li>Fer la comanda de samarretes i dessuadores del centre per a sortides, esport, trobades&#8230; amb descomptes especials.\n<ul>\n<li>Des de l\u2019AFA &#8211; Institut Joan Brudieu es gestiona la comanda global al prove\u00efdor i es fa arribar als alumnes a les seves aules.<\/li>\n<\/ul>\n<\/li>\n<\/ul>\n<\/li>\n<li><strong>Servei Psicopedagoga gratu\u00eft:<\/strong>\n<ul>\n<li>Tipologia de demandes que arriben i s\u00f3n ateses al servei psicopedag\u00f2gic de l\u2019AFA:\n<ul>\n<li>T\u00e8cniques d\u2019estudi:<\/li>\n<li>Desenvolupament d\u2019h\u00e0bits i t\u00e8cniques de treball intel\u00b7lectual.<\/li>\n<li>Adquisici\u00f3 de t\u00e8cniques d\u2019estudi, desenvolupament de estrat\u00e8gies aplicades al estudi.<\/li>\n<li>Orientaci\u00f3 i ajuda psicopedag\u00f2gica de l\u2019alumnat amb problemes i trastorns emocionals i conductuals (ansietat, estr\u00e8s, angoixa, depressi\u00f3, impulsivitat, addiccions, TDAH, TND&#8230;)<\/li>\n<li>Orientaci\u00f3 professional i vocacional.<\/li>\n<li>Autoconcepte i autoestima.<\/li>\n<li>Motivaci\u00f3.<\/li>\n<li>Habilitats socials i de vida.<\/li>\n<li>Presa de decisions i resoluci\u00f3 de conflictes.<\/li>\n<li>Orientaci\u00f3 familiar.<\/li>\n<li>Desenvolupament cognitiu o de estrat\u00e8gies metacognitives aplicades al estudi.<\/li>\n<li>Metacognici\u00f3 i comprensi\u00f3 lectora.<\/li>\n<li>Avaluaci\u00f3 psicopedag\u00f2gica de l\u2019alumnat amb dificultats de comunicaci\u00f3 i de llenguatge.<\/li>\n<li>Refor\u00e7 escolar en \u00e0rees espec\u00edfiques com f\u00edsica i matem\u00e0tiques adre\u00e7at a alumnes amb dificultats d\u2019aprenentatge.<\/li>\n<\/ul>\n<\/li>\n<li>Per sol.licitar-ne el servei has de posar-te en contacte amb la consergeria de l&#8217;Institut, que et facilitar\u00e0 el contacte amb la psicopedagoga.<\/li>\n<\/ul>\n<\/li>\n<li>Preus especials en<strong> Tallers i Cursos. <\/strong>\n<ul>\n<li>Es poden sol.licitar tallers oferts tant:\n<ul>\n<li>des de l\u2019institut<\/li>\n<li>des de l\u2019ajuntament<\/li>\n<li>des de l\u2019escola de m\u00fasica municipal (EMM)<\/li>\n<\/ul>\n<\/li>\n<li>Demana com fer-ho a traves del mail de l&#8217;AFA.<\/li>\n<\/ul>\n<\/li>\n<li>\u00c9s present en el<strong> Consell Escolar de Centre.<\/strong><\/li>\n<li>L\u2019AFA &#8211; Institut Joan Brudieu <strong>fa de lligam entre les fam\u00edlies i el centre.<\/strong><\/li>\n<li>L&#8217;AFA &#8211; Institut Joan Brudieu est\u00e0 federada a <a href=\"https:\/\/affac.cat\/\" target=\"_blank\" rel=\"noopener\">AFFAC<\/a> (Associacions de Federacions de Fam\u00edlies d&#8217;Alumnes de Catalunya).<\/li>\n<li>Participa a la Comissi\u00f3 de Garanties d&#8217;Admissi\u00f3 de l&#8217;escolaritzaci\u00f3 de l&#8217;alumnat i del Pla d&#8217;Entorn de la Seu d&#8217;Urgell.<\/li>\n<\/ul>\n<h2><span style=\"color: #ff0000;\"><strong>Junta AFA<\/strong><\/span><\/h2>\n<ul>\n<li>Junta de l&#8217;Associaci\u00f3 de Fam\u00edlies de l&#8217;Institut Joan Brudieu:\n<ul>\n<li><strong>President\/a:<\/strong>\n<ul>\n<li>Marga Monta\u00f1a Gimeno<\/li>\n<\/ul>\n<\/li>\n<li><strong>Secretari\/\u00e0ria:<\/strong>\n<ul>\n<li>Anna Garcia Alt\u00e9s<\/li>\n<\/ul>\n<\/li>\n<li><strong>Tresorer\/ra:<\/strong>\n<ul>\n<li>Gemma Castro Muntada<\/li>\n<\/ul>\n<\/li>\n<li><strong>Vocals:<\/strong>\n<ul>\n<li>Laura Guillem Planavila<\/li>\n<\/ul>\n<\/li>\n<\/ul>\n<\/li>\n<\/ul>\n<h2><span style=\"color: #ff0000;\"><strong>Contacte amb l&#8217;AFA &#8211; Institut Joan Brudieu<\/strong><\/span><\/h2>\n<ul>\n<li>Adre\u00e7a electr\u00f2nica de contacte:\n<ul>\n<li><strong>afajoanbrudieu@gmail.com<\/strong><\/li>\n<\/ul>\n<\/li>\n<li>Tamb\u00e9 per correu tradicional:\n<ul>\n<li>AFA Institut Joan Brudieu<\/li>\n<li>c\/ Bisbe Iglesias Navarri, 27<\/li>\n<li>25700 &#8211; La Seu d&#8217;Urgell (Lleida)<\/li>\n<\/ul>\n<\/li>\n<\/ul>\n","protected":false},"excerpt":{"rendered":"<p>Com fer-nos socis i s\u00f2cies de l&#8217;AFA &#8211; Institut Joan Brudieu? Informaci\u00f3 per a la inscripci\u00f3 a l&#8217;AFA de l&#8217;Institut i per a la compra de samarretes i dessuadores. Cal pagar la quota de l&#8217;AFA, accedint a la p\u00e0gina www.iddink.es. S\u2019hi accedeix amb un usuari i contrasenya per a cada estudiant. En cas que hi [&hellip;]<\/p>\n","protected":false},"author":1,"featured_media":0,"parent":0,"menu_order":0,"comment_status":"closed","ping_status":"closed","template":"","meta":{"_bbp_topic_count":0,"_bbp_reply_count":0,"_bbp_total_topic_count":0,"_bbp_total_reply_count":0,"_bbp_voice_count":0,"_bbp_anonymous_reply_count":0,"_bbp_topic_count_hidden":0,"_bbp_reply_count_hidden":0,"_bbp_forum_subforum_count":0,"site-sidebar-layout":"default","site-content-layout":"","ast-site-content-layout":"default","site-content-style":"default","site-sidebar-style":"default","ast-global-header-display":"","ast-banner-title-visibility":"","ast-main-header-display":"","ast-hfb-above-header-display":"","ast-hfb-below-header-display":"","ast-hfb-mobile-header-display":"","site-post-title":"","ast-breadcrumbs-content":"","ast-featured-img":"","footer-sml-layout":"","theme-transparent-header-meta":"","adv-header-id-meta":"","stick-header-meta":"","header-above-stick-meta":"","header-main-stick-meta":"","header-below-stick-meta":"","astra-migrate-meta-layouts":"set","ast-page-background-enabled":"default","ast-page-background-meta":{"desktop":{"background-color":"var(--ast-global-color-4)","background-image":"","background-repeat":"repeat","background-position":"center center","background-size":"auto","background-attachment":"scroll","background-type":"","background-media":"","overlay-type":"","overlay-color":"","overlay-opacity":"","overlay-gradient":""},"tablet":{"background-color":"","background-image":"","background-repeat":"repeat","background-position":"center center","background-size":"auto","background-attachment":"scroll","background-type":"","background-media":"","overlay-type":"","overlay-color":"","overlay-opacity":"","overlay-gradient":""},"mobile":{"background-color":"","background-image":"","background-repeat":"repeat","background-position":"center center","background-size":"auto","background-attachment":"scroll","background-type":"","background-media":"","overlay-type":"","overlay-color":"","overlay-opacity":"","overlay-gradient":""}},"ast-content-background-meta":{"desktop":{"background-color":"var(--ast-global-color-5)","background-image":"","background-repeat":"repeat","background-position":"center center","background-size":"auto","background-attachment":"scroll","background-type":"","background-media":"","overlay-type":"","overlay-color":"","overlay-opacity":"","overlay-gradient":""},"tablet":{"background-color":"var(--ast-global-color-5)","background-image":"","background-repeat":"repeat","background-position":"center center","background-size":"auto","background-attachment":"scroll","background-type":"","background-media":"","overlay-type":"","overlay-color":"","overlay-opacity":"","overlay-gradient":""},"mobile":{"background-color":"var(--ast-global-color-5)","background-image":"","background-repeat":"repeat","background-position":"center center","background-size":"auto","background-attachment":"scroll","background-type":"","background-media":"","overlay-type":"","overlay-color":"","overlay-opacity":"","overlay-gradient":""}},"footnotes":""},"class_list":["post-3053","page","type-page","status-publish","hentry"],"post_mailing_queue_ids":[],"_links":{"self":[{"href":"https:\/\/agora.xtec.cat\/iesjoanbrudieu\/wp-json\/wp\/v2\/pages\/3053","targetHints":{"allow":["GET"]}}],"collection":[{"href":"https:\/\/agora.xtec.cat\/iesjoanbrudieu\/wp-json\/wp\/v2\/pages"}],"about":[{"href":"https:\/\/agora.xtec.cat\/iesjoanbrudieu\/wp-json\/wp\/v2\/types\/page"}],"author":[{"embeddable":true,"href":"https:\/\/agora.xtec.cat\/iesjoanbrudieu\/wp-json\/wp\/v2\/users\/1"}],"replies":[{"embeddable":true,"href":"https:\/\/agora.xtec.cat\/iesjoanbrudieu\/wp-json\/wp\/v2\/comments?post=3053"}],"version-history":[{"count":6,"href":"https:\/\/agora.xtec.cat\/iesjoanbrudieu\/wp-json\/wp\/v2\/pages\/3053\/revisions"}],"predecessor-version":[{"id":10897,"href":"https:\/\/agora.xtec.cat\/iesjoanbrudieu\/wp-json\/wp\/v2\/pages\/3053\/revisions\/10897"}],"wp:attachment":[{"href":"https:\/\/agora.xtec.cat\/iesjoanbrudieu\/wp-json\/wp\/v2\/media?parent=3053"}],"curies":[{"name":"wp","href":"https:\/\/api.w.org\/{rel}","templated":true}]}}