{"id":2449,"date":"2017-02-19T19:20:36","date_gmt":"2017-02-19T18:20:36","guid":{"rendered":"http:\/\/agora.xtec.cat\/iesjoanbrudieu\/?page_id=2449"},"modified":"2017-02-19T20:01:27","modified_gmt":"2017-02-19T19:01:27","slug":"documents-procediments-clau","status":"publish","type":"page","link":"https:\/\/agora.xtec.cat\/iesjoanbrudieu\/qualitat-i-millora-continua\/processos-i-procediments-clau\/documents-procediments-clau\/","title":{"rendered":"Documents Procediments Clau"},"content":{"rendered":"<p><a href=\"http:\/\/agora.xtec.cat\/iesjoanbrudieu\/wp-content\/uploads\/usu1248\/2017\/02\/Processos_Clau.jpg\"><img loading=\"lazy\" decoding=\"async\" class=\"aligncenter wp-image-2390 size-full\" src=\"http:\/\/agora.xtec.cat\/iesjoanbrudieu\/wp-content\/uploads\/usu1248\/2017\/02\/Processos_Clau.jpg\" alt=\"processos_clau\" width=\"900\" height=\"209\" srcset=\"https:\/\/agora.xtec.cat\/iesjoanbrudieu\/wp-content\/uploads\/usu1248\/2017\/02\/Processos_Clau.jpg 900w, https:\/\/agora.xtec.cat\/iesjoanbrudieu\/wp-content\/uploads\/usu1248\/2017\/02\/Processos_Clau-300x70.jpg 300w, https:\/\/agora.xtec.cat\/iesjoanbrudieu\/wp-content\/uploads\/usu1248\/2017\/02\/Processos_Clau-768x178.jpg 768w\" sizes=\"auto, (max-width: 900px) 100vw, 900px\" \/><\/a><\/p>\n<ul>\n<li>PR-C0102 Preinscripci\u00f3 i matr\u00edcula\n<ul>\n<li><strong>Preinscripci\u00f3<\/strong>\n<ul>\n<li>ENSE-GENCAT: BTX \u2013 Impr\u00e8s oficial de preinscripci\u00f3<\/li>\n<li>ENSE-GENCAT: CFM \u2013 Impr\u00e8s oficial de preinscripci\u00f3<\/li>\n<li>ENSE-GENCAT: CFS \u2013 Impr\u00e8s oficial de preinscripci\u00f3<\/li>\n<li>ENSE-GENCAT: ESO \u2013 Impr\u00e8s oficial de preinscripci\u00f3<\/li>\n<li style=\"text-align: left;\">D-PR-C0102-001: BTX \u2013 Tria itineraris preinscripci\u00f3 B1<\/li>\n<li style=\"text-align: left;\">D-PR-C0102-002: BTX \u2013 Tria itineraris preinscripci\u00f3 B2<\/li>\n<li style=\"text-align: left;\">D-PR-C0102-003: CF \u2013 Tria cicles preinscripci\u00f3<\/li>\n<\/ul>\n<\/li>\n<li style=\"text-align: left;\"><strong>Matriculaci\u00f3<\/strong>\n<ul>\n<li style=\"text-align: left;\">D-PR-C0102-011: BTX \u2013 Tria itineraris matr\u00edcula B1<\/li>\n<li style=\"text-align: left;\">D-PR-C0102-012: BTX \u2013 Tria itineraris matr\u00edcula B2<\/li>\n<li style=\"text-align: left;\">D-PR-C0102-015: CF \u2013 Full de matr\u00edcula (CFM CAI+APD)<\/li>\n<li style=\"text-align: left;\">D-PR-C0102-016: CF \u2013 Full de matr\u00edcula (CFM SMX+GAD)<\/li>\n<li style=\"text-align: left;\">D-PR-C0102-017: CF \u2013 Full de matr\u00edcula (CFS ASIX)<\/li>\n<li style=\"text-align: left;\">D-PR-C0102-018: CF \u2013 Full de matr\u00edcula (CFS EDI)<\/li>\n<li style=\"text-align: left;\">D-PR-C0102-019: CF \u2013 Full informaci\u00f3 CAS<\/li>\n<li style=\"text-align: left;\">D-PR-C0102-020: CF \u2013 Full inscripci\u00f3 CAS<\/li>\n<li style=\"text-align: left;\">D-PR-C0102-025: ESO \u2013 Declaraci\u00f3 opci\u00f3 religiosa LOMCE Matr\u00edcula<\/li>\n<li style=\"text-align: left;\">D-PR-C0102-026: ESO \u2013 Optativitat espec\u00edfica S4<\/li>\n<\/ul>\n<\/li>\n<li style=\"text-align: left;\"><strong>General<\/strong>\n<ul>\n<li style=\"text-align: left;\">D-PR-C0102-031: INS \u2013 Dades Matr\u00edcula Alumnat NOU<\/li>\n<li style=\"text-align: left;\">D-PR-C0102-032: INS \u2013 Dades per a la confirmaci\u00f3 interna de la matr\u00edcula (alumnat antic)<\/li>\n<li style=\"text-align: left;\">D-PR-C0102-033: INS \u2013 Full d\u2019inscripci\u00f3 AMPA<\/li>\n<li style=\"text-align: left;\">D-PR-C0102-034: INS \u2013 Sol\u00b7licitud autoritzaci\u00f3 imatges alumnat majoria edat<\/li>\n<li style=\"text-align: left;\">D-PR-C0102-035: INS \u2013 Sol\u00b7licitud autoritzaci\u00f3 imatges alumnat minoria edat<\/li>\n<\/ul>\n<\/li>\n<li style=\"text-align: left;\"><strong>Modificacions matr\u00edcula &#8211; Baixes i ren\u00fancies<\/strong>\n<ul>\n<li style=\"text-align: left;\">D-PR-C0102-040: BTX \u2013 Inst\u00e0ncia exempci\u00f3 Catal\u00e0<\/li>\n<li style=\"text-align: left;\">D-PR-C0102-041: BTX \u2013 Inst\u00e0ncia i resoluci\u00f3 canvi itinerari i\/o idioma<\/li>\n<li style=\"text-align: left;\">D-PR-C0102-042: BTX \u2013 Inst\u00e0ncia i resoluci\u00f3 canvi mat\u00e8ries<\/li>\n<li style=\"text-align: left;\">D-PR-C0102-043: BTX \u2013 Inst\u00e0ncia i resoluci\u00f3 exempci\u00f3 TdR<\/li>\n<li style=\"text-align: left;\">D-PR-C0102-044: BTX \u2013 Inst\u00e0ncia i resoluci\u00f3 matr\u00edcula extraordin\u00e0ria<\/li>\n<li style=\"text-align: left;\">D-PR-C0102-045: BTX \u2013 Inst\u00e0ncia i resoluci\u00f3 pendents B1<\/li>\n<li style=\"text-align: left;\">D-PR-C0102-046: BTX \u2013 Inst\u00e0ncia i informe repetici\u00f3 total B2<\/li>\n<li style=\"text-align: left;\">D-PR-C0102-047: BTX \u2013 Pla Individual B1 amb soltes<\/li>\n<li style=\"text-align: left;\">D-PR-C0102-048: BTX \u2013 Pla Individual B2 amb soltes<\/li>\n<li style=\"text-align: left;\">D-PR-C0102-050: BTX \u2013 EFI Sol\u00b7licitud adaptaci\u00f3 curricular<\/li>\n<li style=\"text-align: left;\">D-PR-C0102-051: BTX \u2013 EFI Resoluci\u00f3 adaptaci\u00f3 curricular<\/li>\n<li style=\"text-align: left;\">D-PR-C0102-052: BTX \u2013 EFI Pla de seguiment<\/li>\n<li style=\"text-align: left;\">D-PR-C0102-053: BTX \u2013 EFI Sortides autoritzaci\u00f3 reconeixement<\/li>\n<li style=\"text-align: left;\">ENSE-GENCAT: BTX \u2013 EFI Certificat Centre Tecnificaci\u00f3 Esportiva<\/li>\n<li style=\"text-align: left;\">D-PR-C0102-055: BTX \u2013 MUS Sol\u00b7licitud adaptaci\u00f3 curricular<\/li>\n<li style=\"text-align: left;\">D-PR-C0102-056: BTX \u2013 MUS Resoluci\u00f3 adaptaci\u00f3 curricular<\/li>\n<li style=\"text-align: left;\">D-PR-C0102-057: BTX \u2013 MUS Pla de seguiment<\/li>\n<li style=\"text-align: left;\">D-PR-C0102-058: BTX \u2013 MUS Sortides autoritzaci\u00f3 reconeixement<\/li>\n<li style=\"text-align: left;\">ENSE-GENCAT: BTX \u2013 MUS Certificat Conservatori M\u00fasica CMU1<\/li>\n<li style=\"text-align: left;\">ENSE-GENCAT: BTX \u2013 MUS Certificat Escola M\u00fasica CMU3<\/li>\n<li style=\"text-align: left;\">D-PR-C0102-070: CF \u2013 Inst\u00e0ncia i resoluci\u00f3 anul\u00b7laci\u00f3 parcial matr\u00edcula<\/li>\n<li style=\"text-align: left;\">D-PR-C0102-071: CF \u2013 Inst\u00e0ncia i resoluci\u00f3 anul\u00b7laci\u00f3 total matr\u00edcula<\/li>\n<li style=\"text-align: left;\">D-PR-C0102-072: CF \u2013 Convalidaci\u00f3 Inst\u00e0ncia CF i UNIV<\/li>\n<li style=\"text-align: left;\">D-PR-C0102-073: CF \u2013 Convalidaci\u00f3 Resoluci\u00f3 CF i UNIV<\/li>\n<li style=\"text-align: left;\">D-PR-C0102-074: CF \u2013 Exempci\u00f3 FCT Inst\u00e0ncia<\/li>\n<li style=\"text-align: left;\">D-PR-C0102-075: CF \u2013 Exempci\u00f3 FCT Resoluci\u00f3<\/li>\n<li style=\"text-align: left;\">D-PR-C0102-090: ESO \u2013 Inst\u00e0ncia i resoluci\u00f3 baixa matr\u00edcula<\/li>\n<li style=\"text-align: left;\">D-PR-C0102-091: ESO \u2013 EFI Sol\u00b7licitud adaptaci\u00f3 curricular<\/li>\n<li style=\"text-align: left;\">D-PR-C0102-092: ESO \u2013 EFI Resoluci\u00f3 adaptaci\u00f3 curricular<\/li>\n<li style=\"text-align: left;\">D-PR-C0102-093: ESO \u2013 EFI Pla de seguiment<\/li>\n<li style=\"text-align: left;\">D-PR-C0102-094: ESO \u2013 EFI Sortides autoritzaci\u00f3 reconeixement<\/li>\n<li style=\"text-align: left;\">ENSE-GENCAT: ESO \u2013 EFI Certificat Centre Tecnificaci\u00f3 Esportiva<\/li>\n<li style=\"text-align: left;\">D-PR-C0102-095: ESO \u2013 MUS Sol\u00b7licitud adaptaci\u00f3 curricular<\/li>\n<li style=\"text-align: left;\">D-PR-C0102-096: ESO \u2013 MUS Resoluci\u00f3 adaptaci\u00f3 curricular<\/li>\n<li style=\"text-align: left;\">D-PR-C0102-097: ESO \u2013 MUS Pla de seguiment<\/li>\n<li style=\"text-align: left;\">D-PR-C0102-098: ESO \u2013 MUS Sortides autoritzaci\u00f3 reconeixement<\/li>\n<li style=\"text-align: left;\">ENSE-GENCAT: ESO \u2013 MUS Certificat Conservatori M\u00fasica CMU1<\/li>\n<li style=\"text-align: left;\">ENSE-GENCAT: ESO \u2013 MUS Certificat Escola M\u00fasica CMU3<\/li>\n<\/ul>\n<\/li>\n<li style=\"text-align: left;\"><strong>Manuals de convalidacions, exempcions i canvis de curr\u00edculum<\/strong>\n<ul>\n<li style=\"text-align: left;\">MCONV-BTX: BTX \u2013 Manual de Convalidacions, Exempcions i Canvis de curr\u00edculum<\/li>\n<li style=\"text-align: left;\">MCONV-FP: CF \u2013 Manual de Convalidacions i Exempcions<\/li>\n<li style=\"text-align: left;\">MCONV-ESO: ESO \u2013 Manual de Convalidacions i Exempcions<\/li>\n<\/ul>\n<\/li>\n<\/ul>\n<\/li>\n<\/ul>\n<p>La relaci\u00f3 de documents \u00e9s nom\u00e9s informativa per al p\u00fablic. No es garanteix que siguin els documents vigents. Aquests es troben accessibles al personal de l&#8217;Institut a trav\u00e9s del seu gestor documental.<\/p>\n","protected":false},"excerpt":{"rendered":"<p>PR-C0102 Preinscripci\u00f3 i matr\u00edcula Preinscripci\u00f3 ENSE-GENCAT: BTX \u2013 Impr\u00e8s oficial de preinscripci\u00f3 ENSE-GENCAT: CFM \u2013 Impr\u00e8s oficial de preinscripci\u00f3 ENSE-GENCAT: CFS \u2013 Impr\u00e8s oficial de preinscripci\u00f3 ENSE-GENCAT: ESO \u2013 Impr\u00e8s oficial de preinscripci\u00f3 D-PR-C0102-001: BTX \u2013 Tria itineraris preinscripci\u00f3 B1 D-PR-C0102-002: BTX \u2013 Tria itineraris preinscripci\u00f3 B2 D-PR-C0102-003: CF \u2013 Tria cicles preinscripci\u00f3 Matriculaci\u00f3 D-PR-C0102-011: [&hellip;]<\/p>\n","protected":false},"author":1,"featured_media":0,"parent":2386,"menu_order":1,"comment_status":"closed","ping_status":"closed","template":"page-templates\/side-menu.php","meta":{"_bbp_topic_count":0,"_bbp_reply_count":0,"_bbp_total_topic_count":0,"_bbp_total_reply_count":0,"_bbp_voice_count":0,"_bbp_anonymous_reply_count":0,"_bbp_topic_count_hidden":0,"_bbp_reply_count_hidden":0,"_bbp_forum_subforum_count":0,"site-sidebar-layout":"default","site-content-layout":"","ast-site-content-layout":"","site-content-style":"default","site-sidebar-style":"default","ast-global-header-display":"","ast-banner-title-visibility":"","ast-main-header-display":"","ast-hfb-above-header-display":"","ast-hfb-below-header-display":"","ast-hfb-mobile-header-display":"","site-post-title":"","ast-breadcrumbs-content":"","ast-featured-img":"","footer-sml-layout":"","theme-transparent-header-meta":"","adv-header-id-meta":"","stick-header-meta":"","header-above-stick-meta":"","header-main-stick-meta":"","header-below-stick-meta":"","astra-migrate-meta-layouts":"default","ast-page-background-enabled":"default","ast-page-background-meta":{"desktop":{"background-color":"var(--ast-global-color-4)","background-image":"","background-repeat":"repeat","background-position":"center center","background-size":"auto","background-attachment":"scroll","background-type":"","background-media":"","overlay-type":"","overlay-color":"","overlay-opacity":"","overlay-gradient":""},"tablet":{"background-color":"","background-image":"","background-repeat":"repeat","background-position":"center center","background-size":"auto","background-attachment":"scroll","background-type":"","background-media":"","overlay-type":"","overlay-color":"","overlay-opacity":"","overlay-gradient":""},"mobile":{"background-color":"","background-image":"","background-repeat":"repeat","background-position":"center center","background-size":"auto","background-attachment":"scroll","background-type":"","background-media":"","overlay-type":"","overlay-color":"","overlay-opacity":"","overlay-gradient":""}},"ast-content-background-meta":{"desktop":{"background-color":"var(--ast-global-color-5)","background-image":"","background-repeat":"repeat","background-position":"center center","background-size":"auto","background-attachment":"scroll","background-type":"","background-media":"","overlay-type":"","overlay-color":"","overlay-opacity":"","overlay-gradient":""},"tablet":{"background-color":"var(--ast-global-color-5)","background-image":"","background-repeat":"repeat","background-position":"center center","background-size":"auto","background-attachment":"scroll","background-type":"","background-media":"","overlay-type":"","overlay-color":"","overlay-opacity":"","overlay-gradient":""},"mobile":{"background-color":"var(--ast-global-color-5)","background-image":"","background-repeat":"repeat","background-position":"center center","background-size":"auto","background-attachment":"scroll","background-type":"","background-media":"","overlay-type":"","overlay-color":"","overlay-opacity":"","overlay-gradient":""}},"footnotes":""},"class_list":["post-2449","page","type-page","status-publish","hentry"],"post_mailing_queue_ids":[],"_links":{"self":[{"href":"https:\/\/agora.xtec.cat\/iesjoanbrudieu\/wp-json\/wp\/v2\/pages\/2449","targetHints":{"allow":["GET"]}}],"collection":[{"href":"https:\/\/agora.xtec.cat\/iesjoanbrudieu\/wp-json\/wp\/v2\/pages"}],"about":[{"href":"https:\/\/agora.xtec.cat\/iesjoanbrudieu\/wp-json\/wp\/v2\/types\/page"}],"author":[{"embeddable":true,"href":"https:\/\/agora.xtec.cat\/iesjoanbrudieu\/wp-json\/wp\/v2\/users\/1"}],"replies":[{"embeddable":true,"href":"https:\/\/agora.xtec.cat\/iesjoanbrudieu\/wp-json\/wp\/v2\/comments?post=2449"}],"version-history":[{"count":3,"href":"https:\/\/agora.xtec.cat\/iesjoanbrudieu\/wp-json\/wp\/v2\/pages\/2449\/revisions"}],"predecessor-version":[{"id":2452,"href":"https:\/\/agora.xtec.cat\/iesjoanbrudieu\/wp-json\/wp\/v2\/pages\/2449\/revisions\/2452"}],"up":[{"embeddable":true,"href":"https:\/\/agora.xtec.cat\/iesjoanbrudieu\/wp-json\/wp\/v2\/pages\/2386"}],"wp:attachment":[{"href":"https:\/\/agora.xtec.cat\/iesjoanbrudieu\/wp-json\/wp\/v2\/media?parent=2449"}],"curies":[{"name":"wp","href":"https:\/\/api.w.org\/{rel}","templated":true}]}}