{"id":2417,"date":"2017-02-12T16:21:30","date_gmt":"2017-02-12T15:21:30","guid":{"rendered":"http:\/\/agora.xtec.cat\/iesjoanbrudieu\/?page_id=2417"},"modified":"2019-02-02T17:03:23","modified_gmt":"2019-02-02T16:03:23","slug":"iso-90012015","status":"publish","type":"page","link":"https:\/\/agora.xtec.cat\/iesjoanbrudieu\/qualitat-i-millora-continua\/iso-90012015\/","title":{"rendered":"ISO 9001:2015"},"content":{"rendered":"<h3 class=\"post-title entry-title\"><span style=\"color: #ff0000;\">Norma ISO 9001:2015<\/span><\/h3>\n<ul>\n<li><a href=\"http:\/\/institutjoanbrudieu.cat\/public\/web_centre\/html\/documents\/secretaria\/qualitat\/Introduccio_iso_9001_2015.pdf\" target=\"_blank\" rel=\"noopener\">Presentaci\u00f3 de la nova norma ISO 9001:2015<\/a><\/li>\n<li><a href=\"http:\/\/institutjoanbrudieu.cat\/public\/web_centre\/html\/documents\/secretaria\/qualitat\/Llibre_ISO_9001_interpretacio_normes.pdf\" target=\"_blank\" rel=\"noopener\">Aplicaci\u00f3 de la norma ISO 9001:2015 als centres educatius<\/a><\/li>\n<\/ul>\n<h3 class=\"post-title entry-title\"><span style=\"color: #ff0000;\">Integraci\u00f3 de requisits ISO 9001:2015 en la documentaci\u00f3 d&#8217;un centre educatiu<\/span><\/h3>\n<p>La seg\u00fcent imatge distribueix els requisits documentals de la norma ISO 9001:2015 entre els documents estrat\u00e8gics i de gesti\u00f3 establerts a la LEC per a un centre educatiu. Amb aquesta soluci\u00f3 \u00e9s possible desestimar l&#8217;elaboraci\u00f3 i actualitzaci\u00f3 d&#8217;un manual de la qualitat si aix\u00ed ho decideix el centre.<\/p>\n<p><a href=\"http:\/\/agora.xtec.cat\/iesjoanbrudieu\/wp-content\/uploads\/usu1248\/2017\/02\/iso_9001_2015_v00.jpg\"><img loading=\"lazy\" decoding=\"async\" class=\"aligncenter wp-image-2423\" src=\"http:\/\/agora.xtec.cat\/iesjoanbrudieu\/wp-content\/uploads\/usu1248\/2017\/02\/iso_9001_2015_v00.jpg\" alt=\"iso_9001_2015_v00\" width=\"800\" height=\"594\" srcset=\"https:\/\/agora.xtec.cat\/iesjoanbrudieu\/wp-content\/uploads\/usu1248\/2017\/02\/iso_9001_2015_v00.jpg 960w, https:\/\/agora.xtec.cat\/iesjoanbrudieu\/wp-content\/uploads\/usu1248\/2017\/02\/iso_9001_2015_v00-300x223.jpg 300w, https:\/\/agora.xtec.cat\/iesjoanbrudieu\/wp-content\/uploads\/usu1248\/2017\/02\/iso_9001_2015_v00-768x570.jpg 768w, https:\/\/agora.xtec.cat\/iesjoanbrudieu\/wp-content\/uploads\/usu1248\/2017\/02\/iso_9001_2015_v00-200x150.jpg 200w\" sizes=\"auto, (max-width: 800px) 100vw, 800px\" \/><\/a><\/p>\n<p>A la seg\u00fcent imatge podem veure destacats els principals canvis proposats per la nova norma.<\/p>\n<p><a href=\"http:\/\/agora.xtec.cat\/iesjoanbrudieu\/wp-content\/uploads\/usu1248\/2017\/02\/canvis_iso_9001_2015_v00.jpg\"><img loading=\"lazy\" decoding=\"async\" class=\"aligncenter wp-image-2422\" src=\"http:\/\/agora.xtec.cat\/iesjoanbrudieu\/wp-content\/uploads\/usu1248\/2017\/02\/canvis_iso_9001_2015_v00.jpg\" alt=\"canvis_iso_9001_2015_v00\" width=\"800\" height=\"594\" srcset=\"https:\/\/agora.xtec.cat\/iesjoanbrudieu\/wp-content\/uploads\/usu1248\/2017\/02\/canvis_iso_9001_2015_v00.jpg 960w, https:\/\/agora.xtec.cat\/iesjoanbrudieu\/wp-content\/uploads\/usu1248\/2017\/02\/canvis_iso_9001_2015_v00-300x223.jpg 300w, https:\/\/agora.xtec.cat\/iesjoanbrudieu\/wp-content\/uploads\/usu1248\/2017\/02\/canvis_iso_9001_2015_v00-768x570.jpg 768w, https:\/\/agora.xtec.cat\/iesjoanbrudieu\/wp-content\/uploads\/usu1248\/2017\/02\/canvis_iso_9001_2015_v00-200x150.jpg 200w\" sizes=\"auto, (max-width: 800px) 100vw, 800px\" \/><\/a><\/p>\n","protected":false},"excerpt":{"rendered":"<p>Norma ISO 9001:2015 Presentaci\u00f3 de la nova norma ISO 9001:2015 Aplicaci\u00f3 de la norma ISO 9001:2015 als centres educatius Integraci\u00f3 de requisits ISO 9001:2015 en la documentaci\u00f3 d&#8217;un centre educatiu La seg\u00fcent imatge distribueix els requisits documentals de la norma ISO 9001:2015 entre els documents estrat\u00e8gics i de gesti\u00f3 establerts a la LEC per a [&hellip;]<\/p>\n","protected":false},"author":1,"featured_media":0,"parent":2341,"menu_order":70,"comment_status":"closed","ping_status":"closed","template":"page-templates\/side-menu.php","meta":{"_bbp_topic_count":0,"_bbp_reply_count":0,"_bbp_total_topic_count":0,"_bbp_total_reply_count":0,"_bbp_voice_count":0,"_bbp_anonymous_reply_count":0,"_bbp_topic_count_hidden":0,"_bbp_reply_count_hidden":0,"_bbp_forum_subforum_count":0,"site-sidebar-layout":"default","site-content-layout":"","ast-site-content-layout":"","site-content-style":"default","site-sidebar-style":"default","ast-global-header-display":"","ast-banner-title-visibility":"","ast-main-header-display":"","ast-hfb-above-header-display":"","ast-hfb-below-header-display":"","ast-hfb-mobile-header-display":"","site-post-title":"","ast-breadcrumbs-content":"","ast-featured-img":"","footer-sml-layout":"","theme-transparent-header-meta":"","adv-header-id-meta":"","stick-header-meta":"","header-above-stick-meta":"","header-main-stick-meta":"","header-below-stick-meta":"","astra-migrate-meta-layouts":"default","ast-page-background-enabled":"default","ast-page-background-meta":{"desktop":{"background-color":"var(--ast-global-color-4)","background-image":"","background-repeat":"repeat","background-position":"center center","background-size":"auto","background-attachment":"scroll","background-type":"","background-media":"","overlay-type":"","overlay-color":"","overlay-opacity":"","overlay-gradient":""},"tablet":{"background-color":"","background-image":"","background-repeat":"repeat","background-position":"center center","background-size":"auto","background-attachment":"scroll","background-type":"","background-media":"","overlay-type":"","overlay-color":"","overlay-opacity":"","overlay-gradient":""},"mobile":{"background-color":"","background-image":"","background-repeat":"repeat","background-position":"center center","background-size":"auto","background-attachment":"scroll","background-type":"","background-media":"","overlay-type":"","overlay-color":"","overlay-opacity":"","overlay-gradient":""}},"ast-content-background-meta":{"desktop":{"background-color":"var(--ast-global-color-5)","background-image":"","background-repeat":"repeat","background-position":"center center","background-size":"auto","background-attachment":"scroll","background-type":"","background-media":"","overlay-type":"","overlay-color":"","overlay-opacity":"","overlay-gradient":""},"tablet":{"background-color":"var(--ast-global-color-5)","background-image":"","background-repeat":"repeat","background-position":"center center","background-size":"auto","background-attachment":"scroll","background-type":"","background-media":"","overlay-type":"","overlay-color":"","overlay-opacity":"","overlay-gradient":""},"mobile":{"background-color":"var(--ast-global-color-5)","background-image":"","background-repeat":"repeat","background-position":"center center","background-size":"auto","background-attachment":"scroll","background-type":"","background-media":"","overlay-type":"","overlay-color":"","overlay-opacity":"","overlay-gradient":""}},"footnotes":""},"class_list":["post-2417","page","type-page","status-publish","hentry"],"post_mailing_queue_ids":[],"_links":{"self":[{"href":"https:\/\/agora.xtec.cat\/iesjoanbrudieu\/wp-json\/wp\/v2\/pages\/2417","targetHints":{"allow":["GET"]}}],"collection":[{"href":"https:\/\/agora.xtec.cat\/iesjoanbrudieu\/wp-json\/wp\/v2\/pages"}],"about":[{"href":"https:\/\/agora.xtec.cat\/iesjoanbrudieu\/wp-json\/wp\/v2\/types\/page"}],"author":[{"embeddable":true,"href":"https:\/\/agora.xtec.cat\/iesjoanbrudieu\/wp-json\/wp\/v2\/users\/1"}],"replies":[{"embeddable":true,"href":"https:\/\/agora.xtec.cat\/iesjoanbrudieu\/wp-json\/wp\/v2\/comments?post=2417"}],"version-history":[{"count":3,"href":"https:\/\/agora.xtec.cat\/iesjoanbrudieu\/wp-json\/wp\/v2\/pages\/2417\/revisions"}],"predecessor-version":[{"id":4106,"href":"https:\/\/agora.xtec.cat\/iesjoanbrudieu\/wp-json\/wp\/v2\/pages\/2417\/revisions\/4106"}],"up":[{"embeddable":true,"href":"https:\/\/agora.xtec.cat\/iesjoanbrudieu\/wp-json\/wp\/v2\/pages\/2341"}],"wp:attachment":[{"href":"https:\/\/agora.xtec.cat\/iesjoanbrudieu\/wp-json\/wp\/v2\/media?parent=2417"}],"curies":[{"name":"wp","href":"https:\/\/api.w.org\/{rel}","templated":true}]}}