{"id":2371,"date":"2017-02-11T08:56:34","date_gmt":"2017-02-11T07:56:34","guid":{"rendered":"http:\/\/agora.xtec.cat\/iesjoanbrudieu\/?page_id=2371"},"modified":"2018-04-11T08:58:54","modified_gmt":"2018-04-11T06:58:54","slug":"politica-de-qualitat","status":"publish","type":"page","link":"https:\/\/agora.xtec.cat\/iesjoanbrudieu\/qualitat-i-millora-continua\/politica-de-qualitat\/","title":{"rendered":"Pol\u00edtica de Qualitat"},"content":{"rendered":"<h3><span style=\"color: #ff0000;\">Pol\u00edtica de Qualitat de l&#8217;Institut Joan Brudieu<a href=\"http:\/\/agora.xtec.cat\/iesjoanbrudieu\/wp-content\/uploads\/usu1248\/2017\/02\/logo_iso9001_APPLUS_INSJB.jpg\"><img loading=\"lazy\" decoding=\"async\" class=\"alignright wp-image-2342\" src=\"http:\/\/agora.xtec.cat\/iesjoanbrudieu\/wp-content\/uploads\/usu1248\/2017\/02\/logo_iso9001_APPLUS_INSJB.jpg\" alt=\"logo_iso9001_applus_insjb\" width=\"136\" height=\"250\" srcset=\"https:\/\/agora.xtec.cat\/iesjoanbrudieu\/wp-content\/uploads\/usu1248\/2017\/02\/logo_iso9001_APPLUS_INSJB.jpg 244w, https:\/\/agora.xtec.cat\/iesjoanbrudieu\/wp-content\/uploads\/usu1248\/2017\/02\/logo_iso9001_APPLUS_INSJB-163x300.jpg 163w\" sizes=\"auto, (max-width: 136px) 100vw, 136px\" \/><\/a><\/span><\/h3>\n<p>Per a l\u2019Institut Joan Brudieu la qualitat \u00e9s part fonamental i priorit\u00e0ria de la seva filosofia i estrat\u00e8gia. L\u2019actuaci\u00f3 de l\u2019Institut, d\u2019acord amb el projecte educatiu de centre, est\u00e0 dirigida a:<\/p>\n<ul style=\"list-style-type: square;\">\n<li>Satisfer les expectatives i necessitats educatives de l\u2019alumnat, aix\u00ed com les de la normativa educativa vigent.<\/li>\n<li>Contribuir a l\u2019assoliment dels objectius que la societat li assigna com a instituci\u00f3 educativa i centre de formaci\u00f3.<\/li>\n<li>Desenvolupar i implicar el conjunt de l\u2019equip hum\u00e0 que forma part de l\u2019Institut per tal d\u2019assegurar un alt nivell de satisfacci\u00f3 de tota la comunitat educativa.<\/li>\n<li>La millora cont\u00ednua de les activitats i els serveis que desenvolupa i presta a la comunitat.<\/li>\n<\/ul>\n<p>El comprom\u00eds amb la qualitat afecta a tota l\u2019organitzaci\u00f3, i la millora cont\u00ednua \u00e9s una responsabilitat de tot l\u2019equip professional del centre. L\u2019equip directiu vetllar\u00e0 i facilitar\u00e0 el seu assoliment a trav\u00e9s de la seva gesti\u00f3 i amb els mitjans al seu abast.<\/p>\n<p>Equip Directiu de l&#8217;Institut Joan Brudieu &#8211; La Seu d&#8217;Urgell, octubre de 2015<\/p>\n<h4><span style=\"color: #0000ff;\">Document<\/span><\/h4>\n<ul>\n<li>Pol\u00edtica de qualitat de l&#8217;Institut Joan Brudieu (<a href=\"http:\/\/institutjoanbrudieu.cat\/public\/web_centre\/html\/documents\/secretaria\/qualitat\/INSJoanBrudieu_politica_de_qualitat.pdf\" target=\"_blank\" rel=\"noopener noreferrer\">PDF descarregable<\/a>)<\/li>\n<\/ul>\n","protected":false},"excerpt":{"rendered":"<p>Pol\u00edtica de Qualitat de l&#8217;Institut Joan Brudieu Per a l\u2019Institut Joan Brudieu la qualitat \u00e9s part fonamental i priorit\u00e0ria de la seva filosofia i estrat\u00e8gia. L\u2019actuaci\u00f3 de l\u2019Institut, d\u2019acord amb el projecte educatiu de centre, est\u00e0 dirigida a: Satisfer les expectatives i necessitats educatives de l\u2019alumnat, aix\u00ed com les de la normativa educativa vigent. Contribuir [&hellip;]<\/p>\n","protected":false},"author":1,"featured_media":0,"parent":2341,"menu_order":5,"comment_status":"closed","ping_status":"closed","template":"page-templates\/side-menu.php","meta":{"_bbp_topic_count":0,"_bbp_reply_count":0,"_bbp_total_topic_count":0,"_bbp_total_reply_count":0,"_bbp_voice_count":0,"_bbp_anonymous_reply_count":0,"_bbp_topic_count_hidden":0,"_bbp_reply_count_hidden":0,"_bbp_forum_subforum_count":0,"site-sidebar-layout":"default","site-content-layout":"","ast-site-content-layout":"","site-content-style":"default","site-sidebar-style":"default","ast-global-header-display":"","ast-banner-title-visibility":"","ast-main-header-display":"","ast-hfb-above-header-display":"","ast-hfb-below-header-display":"","ast-hfb-mobile-header-display":"","site-post-title":"","ast-breadcrumbs-content":"","ast-featured-img":"","footer-sml-layout":"","theme-transparent-header-meta":"","adv-header-id-meta":"","stick-header-meta":"","header-above-stick-meta":"","header-main-stick-meta":"","header-below-stick-meta":"","astra-migrate-meta-layouts":"default","ast-page-background-enabled":"default","ast-page-background-meta":{"desktop":{"background-color":"var(--ast-global-color-4)","background-image":"","background-repeat":"repeat","background-position":"center center","background-size":"auto","background-attachment":"scroll","background-type":"","background-media":"","overlay-type":"","overlay-color":"","overlay-opacity":"","overlay-gradient":""},"tablet":{"background-color":"","background-image":"","background-repeat":"repeat","background-position":"center center","background-size":"auto","background-attachment":"scroll","background-type":"","background-media":"","overlay-type":"","overlay-color":"","overlay-opacity":"","overlay-gradient":""},"mobile":{"background-color":"","background-image":"","background-repeat":"repeat","background-position":"center center","background-size":"auto","background-attachment":"scroll","background-type":"","background-media":"","overlay-type":"","overlay-color":"","overlay-opacity":"","overlay-gradient":""}},"ast-content-background-meta":{"desktop":{"background-color":"var(--ast-global-color-5)","background-image":"","background-repeat":"repeat","background-position":"center center","background-size":"auto","background-attachment":"scroll","background-type":"","background-media":"","overlay-type":"","overlay-color":"","overlay-opacity":"","overlay-gradient":""},"tablet":{"background-color":"var(--ast-global-color-5)","background-image":"","background-repeat":"repeat","background-position":"center center","background-size":"auto","background-attachment":"scroll","background-type":"","background-media":"","overlay-type":"","overlay-color":"","overlay-opacity":"","overlay-gradient":""},"mobile":{"background-color":"var(--ast-global-color-5)","background-image":"","background-repeat":"repeat","background-position":"center center","background-size":"auto","background-attachment":"scroll","background-type":"","background-media":"","overlay-type":"","overlay-color":"","overlay-opacity":"","overlay-gradient":""}},"footnotes":""},"class_list":["post-2371","page","type-page","status-publish","hentry"],"post_mailing_queue_ids":[],"_links":{"self":[{"href":"https:\/\/agora.xtec.cat\/iesjoanbrudieu\/wp-json\/wp\/v2\/pages\/2371","targetHints":{"allow":["GET"]}}],"collection":[{"href":"https:\/\/agora.xtec.cat\/iesjoanbrudieu\/wp-json\/wp\/v2\/pages"}],"about":[{"href":"https:\/\/agora.xtec.cat\/iesjoanbrudieu\/wp-json\/wp\/v2\/types\/page"}],"author":[{"embeddable":true,"href":"https:\/\/agora.xtec.cat\/iesjoanbrudieu\/wp-json\/wp\/v2\/users\/1"}],"replies":[{"embeddable":true,"href":"https:\/\/agora.xtec.cat\/iesjoanbrudieu\/wp-json\/wp\/v2\/comments?post=2371"}],"version-history":[{"count":3,"href":"https:\/\/agora.xtec.cat\/iesjoanbrudieu\/wp-json\/wp\/v2\/pages\/2371\/revisions"}],"predecessor-version":[{"id":3528,"href":"https:\/\/agora.xtec.cat\/iesjoanbrudieu\/wp-json\/wp\/v2\/pages\/2371\/revisions\/3528"}],"up":[{"embeddable":true,"href":"https:\/\/agora.xtec.cat\/iesjoanbrudieu\/wp-json\/wp\/v2\/pages\/2341"}],"wp:attachment":[{"href":"https:\/\/agora.xtec.cat\/iesjoanbrudieu\/wp-json\/wp\/v2\/media?parent=2371"}],"curies":[{"name":"wp","href":"https:\/\/api.w.org\/{rel}","templated":true}]}}