{"id":2050,"date":"2016-10-29T23:22:46","date_gmt":"2016-10-29T21:22:46","guid":{"rendered":"http:\/\/agora.xtec.cat\/iesjoanbrudieu\/?page_id=2050"},"modified":"2020-10-08T17:21:15","modified_gmt":"2020-10-08T15:21:15","slug":"videos-de-linstitut-curs-2008-2009","status":"publish","type":"page","link":"https:\/\/agora.xtec.cat\/iesjoanbrudieu\/videos-de-linstitut\/videos-de-linstitut-curs-2008-2009\/","title":{"rendered":"V\u00eddeos: curs 2008-2009"},"content":{"rendered":"<h2 class=\"titolh2\">CURS 2008-2009<\/h2>\n<div class=\"blocimg\"><a href=\"https:\/\/www.youtube.com\/watch?v=9XFjdeo1eQ8\" target=\"_blank\" rel=\"noopener noreferrer\"><br \/>\n<img decoding=\"async\" class=\"size-thumbnail wp-image-1717 aligncenter img150x150\" src=\"http:\/\/institutjoanbrudieu.cat\/public\/web_centre\/html\/documents\/fotos_videos_web\/090615_CdS_CFS_ASI.jpg\" alt=\"090615_CdS_CFS_ASI\" \/><br \/>\n090615 CFS ASI: Cr\u00e8dit de s\u00edntesi<\/a><\/div>\n<div class=\"blocimg\"><a href=\"https:\/\/www.youtube.com\/watch?v=p6ggF8T1qXY\" target=\"_blank\" rel=\"noopener noreferrer\"><br \/>\n<img decoding=\"async\" class=\"size-thumbnail wp-image-1717 aligncenter img150x150\" src=\"http:\/\/institutjoanbrudieu.cat\/public\/web_centre\/html\/documents\/fotos_videos_web\/090507_Un_eco_respondon.jpg\" alt=\"090507_Un_eco_respondon\" \/><br \/>\n090507 CFS EDI: Un eco respond\u00f3n<\/a><\/div>\n<div class=\"blocimg\"><a href=\"https:\/\/www.youtube.com\/watch?v=i-J8Q2Xs558\" target=\"_blank\" rel=\"noopener noreferrer\"><br \/>\n<img decoding=\"async\" class=\"size-thumbnail wp-image-1717 aligncenter img150x150\" src=\"http:\/\/institutjoanbrudieu.cat\/public\/web_centre\/html\/documents\/fotos_videos_web\/090425_75_anys_Concert_Ensemble_XXI.jpg\" alt=\"090425_75_anys_Concert_Ensemble_XXI\" \/><br \/>\n090425 75 anys: Concert Ensemble XXI<\/a><\/div>\n<div class=\"blocimg\"><a href=\"https:\/\/www.youtube.com\/watch?v=4r1UGDXPwvU\" target=\"_blank\" rel=\"noopener noreferrer\"><br \/>\n<img decoding=\"async\" class=\"size-thumbnail wp-image-1717 aligncenter img150x150\" src=\"http:\/\/institutjoanbrudieu.cat\/public\/web_centre\/html\/documents\/fotos_videos_web\/090423_75_anys_Taller_percussio_i_circ.jpg\" alt=\"090423_75_anys_Taller_percussio_i_circ\" \/><br \/>\n090423 75 anys: Taller de percussi\u00f3 i de circ<\/a><\/div>\n<div class=\"blocimg\"><a href=\"https:\/\/www.youtube.com\/watch?v=H7jcqsnwgR8\" target=\"_blank\" rel=\"noopener noreferrer\"><br \/>\n<img decoding=\"async\" class=\"size-thumbnail wp-image-1717 aligncenter img150x150\" src=\"http:\/\/institutjoanbrudieu.cat\/public\/web_centre\/html\/documents\/fotos_videos_web\/090423_75_anys_Taller_de_mascares.jpg\" alt=\"090423_75_anys_Taller_de_mascares\" \/><br \/>\n090423 75 anys: Taller de m\u00e0scares<\/a><\/div>\n<div class=\"blocimg\"><a href=\"https:\/\/www.youtube.com\/watch?v=N63PXbGRUkA\" target=\"_blank\" rel=\"noopener noreferrer\"><br \/>\n<img decoding=\"async\" class=\"size-thumbnail wp-image-1717 aligncenter img150x150\" src=\"http:\/\/institutjoanbrudieu.cat\/public\/web_centre\/html\/documents\/fotos_videos_web\/090423_Comenius_La_Seu_Parc_La_Valira.jpg\" alt=\"090423_Comenius_La_Seu_Parc_La_Valira\" \/><br \/>\n090423 Comenius La Seu Parc La Valira<\/a><\/div>\n<div class=\"blocimg\"><a href=\"https:\/\/www.youtube.com\/watch?v=ZDElbsS46AE\" target=\"_blank\" rel=\"noopener noreferrer\"><br \/>\n<img decoding=\"async\" class=\"size-thumbnail wp-image-1717 aligncenter img150x150\" src=\"http:\/\/institutjoanbrudieu.cat\/public\/web_centre\/html\/documents\/fotos_videos_web\/090422_Comenius_La_Seu_Rafting_Parc_del_Segre.jpg\" alt=\"090422_Comenius_La_Seu_Rafting_Parc_del_Segre\" \/><br \/>\n090422 Comenius La Seu R\u00e0fting Parc del Segre<\/a><\/div>\n<div class=\"blocimg\"><a href=\"https:\/\/www.youtube.com\/watch?v=tANvQfhl-ug\" target=\"_blank\" rel=\"noopener noreferrer\"><br \/>\n<img decoding=\"async\" class=\"size-thumbnail wp-image-1717 aligncenter img150x150\" src=\"http:\/\/institutjoanbrudieu.cat\/public\/web_centre\/html\/documents\/fotos_videos_web\/090414_75_anys_Taula_I_la_ciencia_que.jpg\" alt=\"090414_75_anys_Taula_I_la_ciencia_que\" \/><br \/>\n090414 75 anys: Taula &#8220;I la ci\u00e8ncia qu\u00e8?&#8221;<\/a><\/div>\n<div class=\"blocimg\"><a href=\"https:\/\/www.youtube.com\/watch?v=VQtjRt4yQ_I\" target=\"_blank\" rel=\"noopener noreferrer\"><br \/>\n<img decoding=\"async\" class=\"size-thumbnail wp-image-1717 aligncenter img150x150\" src=\"http:\/\/institutjoanbrudieu.cat\/public\/web_centre\/html\/documents\/fotos_videos_web\/090403_Ciclomotors.jpg\" alt=\"090403_Ciclomotors\" \/><br \/>\n090403 Ciclomotors<\/a><\/div>\n<div class=\"blocimg\"><a href=\"https:\/\/www.youtube.com\/watch?v=ZNTzIzW95z8\" target=\"_blank\" rel=\"noopener noreferrer\"><br \/>\n<img decoding=\"async\" class=\"size-thumbnail wp-image-1717 aligncenter img150x150\" src=\"http:\/\/institutjoanbrudieu.cat\/public\/web_centre\/html\/documents\/fotos_videos_web\/090403_Informacio_CFS_EDI.jpg\" alt=\"090403_Informacio_CFS_EDI\" \/><br \/>\n090403 Informaci\u00f3 CFS EDI<\/a><\/div>\n<div class=\"blocimg\"><a href=\"https:\/\/www.youtube.com\/watch?v=1zmd44g-xd8\" target=\"_blank\" rel=\"noopener noreferrer\"><br \/>\n<img decoding=\"async\" class=\"size-thumbnail wp-image-1717 aligncenter img150x150\" src=\"http:\/\/institutjoanbrudieu.cat\/public\/web_centre\/html\/documents\/fotos_videos_web\/090403_Informacio_CFM_SMX_GAD.jpg\" alt=\"090403_Informacio_CFM_SMX_GAD\" \/><br \/>\n090403 Informaci\u00f3 CFM SMX+GAD<\/a><\/div>\n<div class=\"blocimg\"><a href=\"https:\/\/www.youtube.com\/watch?v=P40eexgdHms\" target=\"_blank\" rel=\"noopener noreferrer\"><br \/>\n<img decoding=\"async\" class=\"size-thumbnail wp-image-1717 aligncenter img150x150\" src=\"http:\/\/institutjoanbrudieu.cat\/public\/web_centre\/html\/documents\/fotos_videos_web\/090403_Informacio_CFM_CAI_APD.jpg\" alt=\"090403_Informacio_CFM_CAI_APD\" \/><br \/>\n090403 Informaci\u00f3 CFM CAI+APD<\/a><\/div>\n<div class=\"blocimg\"><a href=\"https:\/\/www.youtube.com\/watch?v=Au20xqhLdQU\" target=\"_blank\" rel=\"noopener noreferrer\"><br \/>\n<img decoding=\"async\" class=\"size-thumbnail wp-image-1717 aligncenter img150x150\" src=\"http:\/\/institutjoanbrudieu.cat\/public\/web_centre\/html\/documents\/fotos_videos_web\/090222_Fira_FP_Lleida.jpg\" alt=\"090222_Fira_FP_Lleida\" \/><br \/>\n090222 Fira FP Lleida<\/a><\/div>\n<div class=\"blocimg\"><a href=\"https:\/\/www.youtube.com\/watch?v=c36blrW_rQY\" target=\"_blank\" rel=\"noopener noreferrer\"><br \/>\n<img decoding=\"async\" class=\"size-thumbnail wp-image-1717 aligncenter img150x150\" src=\"http:\/\/institutjoanbrudieu.cat\/public\/web_centre\/html\/documents\/fotos_videos_web\/090206_Wooden_Schoes.jpg\" alt=\"090206_Wooden_Schoes\" \/><br \/>\n090206 Comenius Holanda: Wooden Schoes<\/a><\/div>\n<div class=\"blocimg\"><a href=\"https:\/\/www.youtube.com\/watch?v=vIRHF6NgyOU\" target=\"_blank\" rel=\"noopener noreferrer\"><br \/>\n<img decoding=\"async\" class=\"size-thumbnail wp-image-1717 aligncenter img150x150\" src=\"http:\/\/institutjoanbrudieu.cat\/public\/web_centre\/html\/documents\/fotos_videos_web\/090205_Factfiles_Part_Two.jpg\" alt=\"090205_Factfiles_Part_Two\" \/><br \/>\n090205 Comenius Holanda: Factfiles &#8211; Part Two<\/a><\/div>\n<div class=\"blocimg\"><a href=\"https:\/\/www.youtube.com\/watch?v=T15tJHBwas0\" target=\"_blank\" rel=\"noopener noreferrer\"><br \/>\n<img decoding=\"async\" class=\"size-thumbnail wp-image-1717 aligncenter img150x150\" src=\"http:\/\/institutjoanbrudieu.cat\/public\/web_centre\/html\/documents\/fotos_videos_web\/090205_Factfiles_Part_One.jpg\" alt=\"090205_Factfiles_Part_One\" \/><br \/>\n090205 Comenius Holanda: Factfiles &#8211; Part One<\/a><\/div>\n<div class=\"blocimg\"><a href=\"https:\/\/www.youtube.com\/watch?v=vWW7EPXyplw\" target=\"_blank\" rel=\"noopener noreferrer\"><br \/>\n<img decoding=\"async\" class=\"size-thumbnail wp-image-1717 aligncenter img150x150\" src=\"http:\/\/institutjoanbrudieu.cat\/public\/web_centre\/html\/documents\/fotos_videos_web\/090205_Factfiles_Just_for_Laugh.jpg\" alt=\"090205_Factfiles_Just_for_Laugh\" \/><br \/>\n090205 Comenius Holanda: Factfiles Just for Laugh<\/a><\/div>\n<div class=\"blocimg\"><a href=\"https:\/\/www.youtube.com\/watch?v=mnGpbPoiVLA\" target=\"_blank\" rel=\"noopener noreferrer\"><br \/>\n<img decoding=\"async\" class=\"size-thumbnail wp-image-1717 aligncenter img150x150\" src=\"http:\/\/institutjoanbrudieu.cat\/public\/web_centre\/html\/documents\/fotos_videos_web\/090204_Debat.jpg\" alt=\"090204_Debat\" \/><br \/>\n090204 Comenius Holanda: Debat<\/a><\/div>\n<div class=\"blocimg\"><a href=\"https:\/\/www.youtube.com\/watch?v=bRXhHsARLC8\" target=\"_blank\" rel=\"noopener noreferrer\"><br \/>\n<img decoding=\"async\" class=\"size-thumbnail wp-image-1717 aligncenter img150x150\" src=\"http:\/\/institutjoanbrudieu.cat\/public\/web_centre\/html\/documents\/fotos_videos_web\/090131_Comenius_Holanda_Intercanvi.jpg\" alt=\"090131_Comenius_Holanda_Intercanvi\" \/><br \/>\n090131 Comenius Holanda Intercanvi<\/a><\/div>\n","protected":false},"excerpt":{"rendered":"<p>CURS 2008-2009 090615 CFS ASI: Cr\u00e8dit de s\u00edntesi 090507 CFS EDI: Un eco respond\u00f3n 090425 75 anys: Concert Ensemble XXI 090423 75 anys: Taller de percussi\u00f3 i de circ 090423 75 anys: Taller de m\u00e0scares 090423 Comenius La Seu Parc La Valira 090422 Comenius La Seu R\u00e0fting Parc del Segre 090414 75 anys: Taula &#8220;I [&hellip;]<\/p>\n","protected":false},"author":1,"featured_media":0,"parent":2043,"menu_order":30,"comment_status":"closed","ping_status":"closed","template":"page-templates\/side-menu.php","meta":{"_bbp_topic_count":0,"_bbp_reply_count":0,"_bbp_total_topic_count":0,"_bbp_total_reply_count":0,"_bbp_voice_count":0,"_bbp_anonymous_reply_count":0,"_bbp_topic_count_hidden":0,"_bbp_reply_count_hidden":0,"_bbp_forum_subforum_count":0,"site-sidebar-layout":"default","site-content-layout":"","ast-site-content-layout":"","site-content-style":"default","site-sidebar-style":"default","ast-global-header-display":"","ast-banner-title-visibility":"","ast-main-header-display":"","ast-hfb-above-header-display":"","ast-hfb-below-header-display":"","ast-hfb-mobile-header-display":"","site-post-title":"","ast-breadcrumbs-content":"","ast-featured-img":"","footer-sml-layout":"","theme-transparent-header-meta":"","adv-header-id-meta":"","stick-header-meta":"","header-above-stick-meta":"","header-main-stick-meta":"","header-below-stick-meta":"","astra-migrate-meta-layouts":"default","ast-page-background-enabled":"default","ast-page-background-meta":{"desktop":{"background-color":"var(--ast-global-color-4)","background-image":"","background-repeat":"repeat","background-position":"center center","background-size":"auto","background-attachment":"scroll","background-type":"","background-media":"","overlay-type":"","overlay-color":"","overlay-opacity":"","overlay-gradient":""},"tablet":{"background-color":"","background-image":"","background-repeat":"repeat","background-position":"center center","background-size":"auto","background-attachment":"scroll","background-type":"","background-media":"","overlay-type":"","overlay-color":"","overlay-opacity":"","overlay-gradient":""},"mobile":{"background-color":"","background-image":"","background-repeat":"repeat","background-position":"center center","background-size":"auto","background-attachment":"scroll","background-type":"","background-media":"","overlay-type":"","overlay-color":"","overlay-opacity":"","overlay-gradient":""}},"ast-content-background-meta":{"desktop":{"background-color":"var(--ast-global-color-5)","background-image":"","background-repeat":"repeat","background-position":"center center","background-size":"auto","background-attachment":"scroll","background-type":"","background-media":"","overlay-type":"","overlay-color":"","overlay-opacity":"","overlay-gradient":""},"tablet":{"background-color":"var(--ast-global-color-5)","background-image":"","background-repeat":"repeat","background-position":"center center","background-size":"auto","background-attachment":"scroll","background-type":"","background-media":"","overlay-type":"","overlay-color":"","overlay-opacity":"","overlay-gradient":""},"mobile":{"background-color":"var(--ast-global-color-5)","background-image":"","background-repeat":"repeat","background-position":"center center","background-size":"auto","background-attachment":"scroll","background-type":"","background-media":"","overlay-type":"","overlay-color":"","overlay-opacity":"","overlay-gradient":""}},"footnotes":""},"class_list":["post-2050","page","type-page","status-publish","hentry"],"post_mailing_queue_ids":[],"_links":{"self":[{"href":"https:\/\/agora.xtec.cat\/iesjoanbrudieu\/wp-json\/wp\/v2\/pages\/2050","targetHints":{"allow":["GET"]}}],"collection":[{"href":"https:\/\/agora.xtec.cat\/iesjoanbrudieu\/wp-json\/wp\/v2\/pages"}],"about":[{"href":"https:\/\/agora.xtec.cat\/iesjoanbrudieu\/wp-json\/wp\/v2\/types\/page"}],"author":[{"embeddable":true,"href":"https:\/\/agora.xtec.cat\/iesjoanbrudieu\/wp-json\/wp\/v2\/users\/1"}],"replies":[{"embeddable":true,"href":"https:\/\/agora.xtec.cat\/iesjoanbrudieu\/wp-json\/wp\/v2\/comments?post=2050"}],"version-history":[{"count":4,"href":"https:\/\/agora.xtec.cat\/iesjoanbrudieu\/wp-json\/wp\/v2\/pages\/2050\/revisions"}],"predecessor-version":[{"id":2074,"href":"https:\/\/agora.xtec.cat\/iesjoanbrudieu\/wp-json\/wp\/v2\/pages\/2050\/revisions\/2074"}],"up":[{"embeddable":true,"href":"https:\/\/agora.xtec.cat\/iesjoanbrudieu\/wp-json\/wp\/v2\/pages\/2043"}],"wp:attachment":[{"href":"https:\/\/agora.xtec.cat\/iesjoanbrudieu\/wp-json\/wp\/v2\/media?parent=2050"}],"curies":[{"name":"wp","href":"https:\/\/api.w.org\/{rel}","templated":true}]}}