{"id":1860,"date":"2016-10-02T17:25:27","date_gmt":"2016-10-02T15:25:27","guid":{"rendered":"http:\/\/agora.xtec.cat\/iesjoanbrudieu\/?page_id=1860"},"modified":"2022-09-10T09:39:04","modified_gmt":"2022-09-10T07:39:04","slug":"fotografies-curs-2009-2010","status":"publish","type":"page","link":"https:\/\/agora.xtec.cat\/iesjoanbrudieu\/fotografies-de-linstitut\/fotografies-curs-2009-2010\/","title":{"rendered":"Fotografies: curs 2009-2010"},"content":{"rendered":"<h2 class=\"titolh2\">CURS 2009-2010<\/h2>\n<div class=\"blocimg\"><a href=\"https:\/\/goo.gl\/photos\/98iwaEXjDdKJy8kB9\" target=\"_blank\" rel=\"noopener\"><br \/>\n<img decoding=\"async\" class=\"size-thumbnail wp-image-1717 aligncenter img150x150\" src=\"http:\/\/institutjoanbrudieu.cat\/public\/web_centre\/html\/documents\/fotos_web\/100728_Distincions_PAU.jpg\" alt=\"100728_Distincions_PAU\" \/><br \/>\n100728 Distincions PAU<\/a><\/div>\n<div class=\"blocimg\"><a href=\"https:\/\/goo.gl\/photos\/AYzU1j62ByNNUn2H9\" target=\"_blank\" rel=\"noopener\"><br \/>\n<img decoding=\"async\" class=\"size-thumbnail wp-image-1717 aligncenter img150x150\" src=\"http:\/\/institutjoanbrudieu.cat\/public\/web_centre\/html\/documents\/fotos_web\/100618_Coral_i_orquestra_Institut.jpg\" alt=\"100618_Coral_i_orquestra_Institut\" \/><br \/>\n100618 Coral i orquestra Institut<\/a><\/div>\n<div class=\"blocimg\"><a href=\"https:\/\/goo.gl\/photos\/Mix5dbNCJyAhCwPs9\" target=\"_blank\" rel=\"noopener\"><br \/>\n<img decoding=\"async\" class=\"size-thumbnail wp-image-1717 aligncenter img150x150\" src=\"http:\/\/institutjoanbrudieu.cat\/public\/web_centre\/html\/documents\/fotos_web\/100618_Concurs_radio.jpg\" alt=\"100618_Concurs_radio\" \/><br \/>\n100618 Concurs r\u00e0dio<\/a><\/div>\n<div class=\"blocimg\"><a href=\"https:\/\/goo.gl\/photos\/42PGyCWpCiDFdDyd9\" target=\"_blank\" rel=\"noopener\"><br \/>\n<img decoding=\"async\" class=\"size-thumbnail wp-image-1717 aligncenter img150x150\" src=\"http:\/\/institutjoanbrudieu.cat\/public\/web_centre\/html\/documents\/fotos_web\/100616_Concurs_Cap_France.jpg\" alt=\"100616_Concurs_Cap_France\" \/><br \/>\n100616 Concurs Cap France<\/a><\/div>\n<div class=\"blocimg\"><a href=\"https:\/\/goo.gl\/photos\/ipNLpRaq8jBYZYXX6\" target=\"_blank\" rel=\"noopener\"><br \/>\n<img decoding=\"async\" class=\"size-thumbnail wp-image-1717 aligncenter img150x150\" src=\"http:\/\/institutjoanbrudieu.cat\/public\/web_centre\/html\/documents\/fotos_web\/100603_Exposicio_Diversitat_Biologica.jpg\" alt=\"100603_Exposicio_Diversitat_Biologica\" \/><br \/>\n100603 Exposici\u00f3 Diversitat Biol\u00f2gica<\/a><\/div>\n<div class=\"blocimg\"><a href=\"https:\/\/goo.gl\/photos\/VJckZA2YB9rRDng6A\" target=\"_blank\" rel=\"noopener\"><br \/>\n<img decoding=\"async\" class=\"size-thumbnail wp-image-1717 aligncenter img150x150\" src=\"http:\/\/institutjoanbrudieu.cat\/public\/web_centre\/html\/documents\/fotos_web\/100510_Comenius_Holanda.jpg\" alt=\"100510_Comenius_Holanda\" \/><br \/>\n100510 Comenius Holanda<\/a><\/div>\n<div class=\"blocimg\"><a href=\"https:\/\/goo.gl\/photos\/rEYPWBSfcjD2CmiX9\" target=\"_blank\" rel=\"noopener\"><br \/>\n<img decoding=\"async\" class=\"size-thumbnail wp-image-1717 aligncenter img150x150\" src=\"http:\/\/institutjoanbrudieu.cat\/public\/web_centre\/html\/documents\/fotos_web\/100507_Exposicio_Amades.jpg\" alt=\"100507_Exposicio_Amades\" \/><br \/>\n100507 Exposici\u00f3 Joan Amades<\/a><\/div>\n<div class=\"blocimg\"><a href=\"https:\/\/goo.gl\/photos\/wDZVEEGJ7rb31ULZ9\" target=\"_blank\" rel=\"noopener\"><br \/>\n<img decoding=\"async\" class=\"size-thumbnail wp-image-1717 aligncenter img150x150\" src=\"http:\/\/institutjoanbrudieu.cat\/public\/web_centre\/html\/documents\/fotos_web\/100506_Sortida_Foix.jpg\" alt=\"100506_Sortida_Foix\" \/><br \/>\n100506 Sortida Foix<\/a><\/div>\n<div class=\"blocimg\"><a href=\"https:\/\/goo.gl\/photos\/3yzHVRG3EPkpayTc6\" target=\"_blank\" rel=\"noopener\"><br \/>\n<img decoding=\"async\" class=\"size-thumbnail wp-image-1717 aligncenter img150x150\" src=\"http:\/\/institutjoanbrudieu.cat\/public\/web_centre\/html\/documents\/fotos_web\/100505_Homer_Simpson.jpg\" alt=\"100505_Homer_Simpson\" \/><br \/>\n100505 Homer Simpson<\/a><\/div>\n<div class=\"blocimg\"><a href=\"https:\/\/goo.gl\/photos\/L2qKuSECmU8jdbX8A\" target=\"_blank\" rel=\"noopener\"><br \/>\n<img decoding=\"async\" class=\"size-thumbnail wp-image-1717 aligncenter img150x150\" src=\"http:\/\/institutjoanbrudieu.cat\/public\/web_centre\/html\/documents\/fotos_web\/100430_Back_to_School.jpg\" alt=\"100430_Back_to_School\" \/><br \/>\n100430 Back to School<\/a><\/div>\n<div class=\"blocimg\"><a href=\"https:\/\/goo.gl\/photos\/JF3T3YL1dFBokpje6\" target=\"_blank\" rel=\"noopener\"><br \/>\n<img decoding=\"async\" class=\"size-thumbnail wp-image-1717 aligncenter img150x150\" src=\"http:\/\/institutjoanbrudieu.cat\/public\/web_centre\/html\/documents\/fotos_web\/100430_Conferencia_Biotecnologia_Pere_Puigdomenech.jpg\" alt=\"100430_Conferencia_Biotecnologia_Pere_Puigdomenech\" \/><br \/>\n100430 Confer\u00e8ncia Biotecnologia: Pere Puigdom\u00e9nech<\/a><\/div>\n<div class=\"blocimg\"><a href=\"https:\/\/goo.gl\/photos\/EpTXBJ8tDPYmgjHN7\" target=\"_blank\" rel=\"noopener\"><br \/>\n<img decoding=\"async\" class=\"size-thumbnail wp-image-1717 aligncenter img150x150\" src=\"http:\/\/institutjoanbrudieu.cat\/public\/web_centre\/html\/documents\/fotos_web\/100429_Sortida_Toulouse_S3.jpg\" alt=\"100429_Sortida_Toulouse_S3\" \/><br \/>\n100429 Sortida Toulouse (S3)<\/a><\/div>\n<div class=\"blocimg\"><a href=\"https:\/\/goo.gl\/photos\/ngxtRmsBSkJ7qFj29\" target=\"_blank\" rel=\"noopener\"><br \/>\n<img decoding=\"async\" class=\"size-thumbnail wp-image-1717 aligncenter img150x150\" src=\"http:\/\/institutjoanbrudieu.cat\/public\/web_centre\/html\/documents\/fotos_web\/100427_Sortida_EF_Vilanova_de_Banat.jpg\" alt=\"100427_Sortida_EF_Vilanova_de_Banat\" \/><br \/>\n100427 Sortida EF: Vilanova de Banat<\/a><\/div>\n<div class=\"blocimg\"><a href=\"https:\/\/goo.gl\/photos\/wMSx3qrcDbj8BENb7\" target=\"_blank\" rel=\"noopener\"><br \/>\n<img decoding=\"async\" class=\"size-thumbnail wp-image-1717 aligncenter img150x150\" src=\"http:\/\/institutjoanbrudieu.cat\/public\/web_centre\/html\/documents\/fotos_web\/100426_lila_florit.jpg\" alt=\"100426_lila_florit\" \/><br \/>\n100426 Lil\u00e0 florit i m\u00e9s flors a l&#8217;Institut<\/a><\/div>\n<div class=\"blocimg\"><a href=\"https:\/\/goo.gl\/photos\/UP8SLDk9GfUHt2cj7\" target=\"_blank\" rel=\"noopener\"><br \/>\n<img decoding=\"async\" class=\"size-thumbnail wp-image-1717 aligncenter img150x150\" src=\"http:\/\/institutjoanbrudieu.cat\/public\/web_centre\/html\/documents\/fotos_web\/100424_Esport_Escolar_Solsona.jpg\" alt=\"100424_Esport_Escolar_Solsona\" \/><br \/>\n100424 Esport Escolar Solsona<\/a><\/div>\n<div class=\"blocimg\"><a href=\"https:\/\/goo.gl\/photos\/V5FkdgKrW7whZU188\" target=\"_blank\" rel=\"noopener\"><br \/>\n<img decoding=\"async\" class=\"size-thumbnail wp-image-1717 aligncenter img150x150\" src=\"http:\/\/institutjoanbrudieu.cat\/public\/web_centre\/html\/documents\/fotos_web\/100423_Sant_Jordi.jpg\" alt=\"100423_Sant_Jordi\" \/><br \/>\n100423 Sant Jordi<\/a><\/div>\n<div class=\"blocimg\"><a href=\"https:\/\/goo.gl\/photos\/Kp3H8wrReigs9Xsb6\" target=\"_blank\" rel=\"noopener\"><br \/>\n<img decoding=\"async\" class=\"size-thumbnail wp-image-1717 aligncenter img150x150\" src=\"http:\/\/institutjoanbrudieu.cat\/public\/web_centre\/html\/documents\/fotos_web\/100422_Fotos_exposicio_passadis.jpg\" alt=\"100422_Fotos_exposicio_passadis\" \/><br \/>\n100422 Fotos exposici\u00f3 passad\u00eds<\/a><\/div>\n<div class=\"blocimg\"><a href=\"https:\/\/goo.gl\/photos\/Ym9vfAAZzfLRrWWA9\" target=\"_blank\" rel=\"noopener\"><br \/>\n<img decoding=\"async\" class=\"size-thumbnail wp-image-1717 aligncenter img150x150\" src=\"http:\/\/institutjoanbrudieu.cat\/public\/web_centre\/html\/documents\/fotos_web\/100413_Picalletres.jpg\" alt=\"100413_Picalletres\" \/><br \/>\n100413 Picalletres<\/a><\/div>\n<div class=\"blocimg\"><a href=\"https:\/\/goo.gl\/photos\/FM41gZMYniz7W2DE6\" target=\"_blank\" rel=\"noopener\"><br \/>\n<img decoding=\"async\" class=\"size-thumbnail wp-image-1717 aligncenter img150x150\" src=\"http:\/\/institutjoanbrudieu.cat\/public\/web_centre\/html\/documents\/fotos_web\/100409_Esport_Escolar_Trobada_INS_&amp;_Salle.jpg\" alt=\"100409_Esport_Escolar_Trobada_INS_&amp;_Salle\" \/><br \/>\n100409 Esport Escolar Trobada INS Joan Brudieu &amp; La Salle<\/a><\/div>\n<div class=\"blocimg\"><a href=\"https:\/\/goo.gl\/photos\/yPFr5nvxK3dFpRSu8\" target=\"_blank\" rel=\"noopener\"><br \/>\n<img decoding=\"async\" class=\"size-thumbnail wp-image-1717 aligncenter img150x150\" src=\"http:\/\/institutjoanbrudieu.cat\/public\/web_centre\/html\/documents\/fotos_web\/100406_Conferencia_Periodistes.jpg\" alt=\"100406_Conferencia_Periodistes\" \/><br \/>\n100406 Confer\u00e8ncia Periodistes<\/a><\/div>\n<div class=\"blocimg\"><a href=\"https:\/\/goo.gl\/photos\/rvQzTzbJyfR84NeYA\" target=\"_blank\" rel=\"noopener\"><br \/>\n<img decoding=\"async\" class=\"size-thumbnail wp-image-1717 aligncenter img150x150\" src=\"http:\/\/institutjoanbrudieu.cat\/public\/web_centre\/html\/documents\/fotos_web\/100326_Esport_Escolar_Trobada_Mollerussa.jpg\" alt=\"100326_Esport_Escolar_Trobada_Mollerussa\" \/><br \/>\n100326 Esport Escolar Trobada Mollerussa<\/a><\/div>\n<div class=\"blocimg\"><a href=\"https:\/\/goo.gl\/photos\/UuRkGZvCgzBk4p7B6\" target=\"_blank\" rel=\"noopener\"><br \/>\n<img decoding=\"async\" class=\"size-thumbnail wp-image-1717 aligncenter img150x150\" src=\"http:\/\/institutjoanbrudieu.cat\/public\/web_centre\/html\/documents\/fotos_web\/100316_Qualificat.jpg\" alt=\"100316_Qualificat\" \/><br \/>\n100316 Qualifica&#8217;t: lliurament diplomes i plaques<\/a><\/div>\n<div class=\"blocimg\"><a href=\"https:\/\/goo.gl\/photos\/kMwU362pSEaxu4NJA\" target=\"_blank\" rel=\"noopener\"><br \/>\n<img decoding=\"async\" class=\"size-thumbnail wp-image-1717 aligncenter img150x150\" src=\"http:\/\/institutjoanbrudieu.cat\/public\/web_centre\/html\/documents\/fotos_web\/100225_Fira_FP_Lleida.jpg\" alt=\"100225_Fira_FP_Lleida\" \/><br \/>\n100225 Fira FP Lleida<\/a><\/div>\n<div class=\"blocimg\"><a href=\"https:\/\/goo.gl\/photos\/Bpv3ZSCrSuw65k9F9\" target=\"_blank\" rel=\"noopener\"><br \/>\n<img decoding=\"async\" class=\"size-thumbnail wp-image-1717 aligncenter img150x150\" src=\"http:\/\/institutjoanbrudieu.cat\/public\/web_centre\/html\/documents\/fotos_web\/100225_Exposicio_INS_Vilafranca_75_anys.jpg\" alt=\"100225_Exposicio_INS_Vilafranca_75_anys\" \/><br \/>\n100225 Exposici\u00f3 INS Vilafranca 75 anys<\/a><\/div>\n<div class=\"blocimg\"><a href=\"https:\/\/goo.gl\/photos\/sMtmPJjJYkLyk3nn6\" target=\"_blank\" rel=\"noopener\"><br \/>\n<img decoding=\"async\" class=\"size-thumbnail wp-image-1717 aligncenter img150x150\" src=\"http:\/\/institutjoanbrudieu.cat\/public\/web_centre\/html\/documents\/fotos_web\/100219_Orientacio_Exalumnat.jpg\" alt=\"100219_Orientacio_Exalumnat\" \/><br \/>\n100219 Orientaci\u00f3 Exalumnat<\/a><\/div>\n<div class=\"blocimg\"><a href=\"https:\/\/goo.gl\/photos\/NqS6ZBrzhWCVFPWs6\" target=\"_blank\" rel=\"noopener\"><br \/>\n<img decoding=\"async\" class=\"size-thumbnail wp-image-1717 aligncenter img150x150\" src=\"http:\/\/institutjoanbrudieu.cat\/public\/web_centre\/html\/documents\/fotos_web\/100129_Sant_Tomas.jpg\" alt=\"100129_Sant_Tomas\" \/><br \/>\n100129 Sant Tom\u00e0s<\/a><\/div>\n<div class=\"blocimg\"><a href=\"https:\/\/goo.gl\/photos\/Faz9yfTaxYga3aUc6\" target=\"_blank\" rel=\"noopener\"><br \/>\n<img decoding=\"async\" class=\"size-thumbnail wp-image-1717 aligncenter img150x150\" src=\"http:\/\/institutjoanbrudieu.cat\/public\/web_centre\/html\/documents\/fotos_web\/100115_Exposicio_TdR.jpg\" alt=\"100115_Exposicio_TdR\" \/><br \/>\n100115 Exposicio TdR<\/a><\/div>\n<div class=\"blocimg\"><a href=\"https:\/\/goo.gl\/photos\/QyGV2Vk8xMCdyH917\" target=\"_blank\" rel=\"noopener\"><br \/>\n<img decoding=\"async\" class=\"size-thumbnail wp-image-1717 aligncenter img150x150\" src=\"http:\/\/institutjoanbrudieu.cat\/public\/web_centre\/html\/documents\/fotos_web\/091221_Quinto.jpg\" alt=\"091221_Quinto\" \/><br \/>\n091221 Quinto<\/a><\/div>\n<div class=\"blocimg\"><a href=\"https:\/\/goo.gl\/photos\/MhrvF7uGnHYyKu1G6\" target=\"_blank\" rel=\"noopener\"><br \/>\n<img decoding=\"async\" class=\"size-thumbnail wp-image-1717 aligncenter img150x150\" src=\"http:\/\/institutjoanbrudieu.cat\/public\/web_centre\/html\/documents\/fotos_web\/091125_Esport_Escolar_Intercanvi_INS_Josep_Lladonosa.jpg\" alt=\"091125_Esport_Escolar_Intercanvi_INS_Josep_Lladonosa\" \/><br \/>\n091125 Esport Escolar Intercanvi INS Josep Lladonosa<\/a><\/div>\n","protected":false},"excerpt":{"rendered":"<p>CURS 2009-2010 100728 Distincions PAU 100618 Coral i orquestra Institut 100618 Concurs r\u00e0dio 100616 Concurs Cap France 100603 Exposici\u00f3 Diversitat Biol\u00f2gica 100510 Comenius Holanda 100507 Exposici\u00f3 Joan Amades 100506 Sortida Foix 100505 Homer Simpson 100430 Back to School 100430 Confer\u00e8ncia Biotecnologia: Pere Puigdom\u00e9nech 100429 Sortida Toulouse (S3) 100427 Sortida EF: Vilanova de Banat 100426 Lil\u00e0 [&hellip;]<\/p>\n","protected":false},"author":1,"featured_media":0,"parent":1712,"menu_order":27,"comment_status":"closed","ping_status":"closed","template":"page-templates\/side-menu.php","meta":{"_bbp_topic_count":0,"_bbp_reply_count":0,"_bbp_total_topic_count":0,"_bbp_total_reply_count":0,"_bbp_voice_count":0,"_bbp_anonymous_reply_count":0,"_bbp_topic_count_hidden":0,"_bbp_reply_count_hidden":0,"_bbp_forum_subforum_count":0,"site-sidebar-layout":"default","site-content-layout":"","ast-site-content-layout":"","site-content-style":"default","site-sidebar-style":"default","ast-global-header-display":"","ast-banner-title-visibility":"","ast-main-header-display":"","ast-hfb-above-header-display":"","ast-hfb-below-header-display":"","ast-hfb-mobile-header-display":"","site-post-title":"","ast-breadcrumbs-content":"","ast-featured-img":"","footer-sml-layout":"","theme-transparent-header-meta":"","adv-header-id-meta":"","stick-header-meta":"","header-above-stick-meta":"","header-main-stick-meta":"","header-below-stick-meta":"","astra-migrate-meta-layouts":"default","ast-page-background-enabled":"default","ast-page-background-meta":{"desktop":{"background-color":"var(--ast-global-color-4)","background-image":"","background-repeat":"repeat","background-position":"center center","background-size":"auto","background-attachment":"scroll","background-type":"","background-media":"","overlay-type":"","overlay-color":"","overlay-opacity":"","overlay-gradient":""},"tablet":{"background-color":"","background-image":"","background-repeat":"repeat","background-position":"center center","background-size":"auto","background-attachment":"scroll","background-type":"","background-media":"","overlay-type":"","overlay-color":"","overlay-opacity":"","overlay-gradient":""},"mobile":{"background-color":"","background-image":"","background-repeat":"repeat","background-position":"center center","background-size":"auto","background-attachment":"scroll","background-type":"","background-media":"","overlay-type":"","overlay-color":"","overlay-opacity":"","overlay-gradient":""}},"ast-content-background-meta":{"desktop":{"background-color":"var(--ast-global-color-5)","background-image":"","background-repeat":"repeat","background-position":"center center","background-size":"auto","background-attachment":"scroll","background-type":"","background-media":"","overlay-type":"","overlay-color":"","overlay-opacity":"","overlay-gradient":""},"tablet":{"background-color":"var(--ast-global-color-5)","background-image":"","background-repeat":"repeat","background-position":"center center","background-size":"auto","background-attachment":"scroll","background-type":"","background-media":"","overlay-type":"","overlay-color":"","overlay-opacity":"","overlay-gradient":""},"mobile":{"background-color":"var(--ast-global-color-5)","background-image":"","background-repeat":"repeat","background-position":"center center","background-size":"auto","background-attachment":"scroll","background-type":"","background-media":"","overlay-type":"","overlay-color":"","overlay-opacity":"","overlay-gradient":""}},"footnotes":""},"class_list":["post-1860","page","type-page","status-publish","hentry"],"post_mailing_queue_ids":[],"_links":{"self":[{"href":"https:\/\/agora.xtec.cat\/iesjoanbrudieu\/wp-json\/wp\/v2\/pages\/1860","targetHints":{"allow":["GET"]}}],"collection":[{"href":"https:\/\/agora.xtec.cat\/iesjoanbrudieu\/wp-json\/wp\/v2\/pages"}],"about":[{"href":"https:\/\/agora.xtec.cat\/iesjoanbrudieu\/wp-json\/wp\/v2\/types\/page"}],"author":[{"embeddable":true,"href":"https:\/\/agora.xtec.cat\/iesjoanbrudieu\/wp-json\/wp\/v2\/users\/1"}],"replies":[{"embeddable":true,"href":"https:\/\/agora.xtec.cat\/iesjoanbrudieu\/wp-json\/wp\/v2\/comments?post=1860"}],"version-history":[{"count":4,"href":"https:\/\/agora.xtec.cat\/iesjoanbrudieu\/wp-json\/wp\/v2\/pages\/1860\/revisions"}],"predecessor-version":[{"id":7716,"href":"https:\/\/agora.xtec.cat\/iesjoanbrudieu\/wp-json\/wp\/v2\/pages\/1860\/revisions\/7716"}],"up":[{"embeddable":true,"href":"https:\/\/agora.xtec.cat\/iesjoanbrudieu\/wp-json\/wp\/v2\/pages\/1712"}],"wp:attachment":[{"href":"https:\/\/agora.xtec.cat\/iesjoanbrudieu\/wp-json\/wp\/v2\/media?parent=1860"}],"curies":[{"name":"wp","href":"https:\/\/api.w.org\/{rel}","templated":true}]}}