{"id":1621,"date":"2016-07-03T18:24:15","date_gmt":"2016-07-03T17:24:15","guid":{"rendered":"http:\/\/agora.xtec.cat\/iesjoanbrudieu\/?page_id=1621"},"modified":"2026-03-01T13:36:43","modified_gmt":"2026-03-01T12:36:43","slug":"educacio-per-a-la-salut","status":"publish","type":"page","link":"https:\/\/agora.xtec.cat\/iesjoanbrudieu\/serveis\/educacio-per-a-la-salut\/","title":{"rendered":"Educaci\u00f3 per a la Salut"},"content":{"rendered":"<ul>\n<li><a href=\"http:\/\/www.scribd.com\/full\/29323714?access_key=key-1gjd27foj8gm0t4eitel\" target=\"_blank\" rel=\"noopener\">Projecte d&#8217;Educaci\u00f3 per a la Salut 2009-2012<\/a><\/li>\n<li><a href=\"http:\/\/www.scribd.com\/full\/29323695?access_key=key-5m8yovnq5penqvxetgr\" target=\"_blank\" rel=\"noopener\">Projecte d&#8217;Educaci\u00f3 per a la Salut 2006-2009<\/a><\/li>\n<li><a href=\"http:\/\/www.scribd.com\/full\/29298004?access_key=key-3nf6y6xevbagc9fq4qt\" target=\"_blank\" rel=\"noopener\">Resoluci\u00f3 de 15 de juny de 2006<\/a>, del Programa d&#8217;Educaci\u00f3 per a la Salut (Institut Joan Brudieu &#8211; 2006)<\/li>\n<li><a href=\"http:\/\/www.scribd.com\/full\/29324381?access_key=key-22vw4ocna7m6x0lxzqf\" target=\"_blank\" rel=\"noopener\">Llista<\/a> d&#8217;Instituts i Escoles adscrites a la Xarxa d&#8217;Escoles Promotores de Salut<\/li>\n<\/ul>\n<p><a href=\"http:\/\/agora.xtec.cat\/iesjoanbrudieu\/wp-content\/uploads\/usu1248\/2016\/07\/piramidedexercici.jpg\" rel=\"attachment wp-att-1623\"><img loading=\"lazy\" decoding=\"async\" class=\"size-full wp-image-1623 aligncenter\" src=\"http:\/\/agora.xtec.cat\/iesjoanbrudieu\/wp-content\/uploads\/usu1248\/2016\/07\/piramidedexercici.jpg\" alt=\"piramidedexercici\" width=\"572\" height=\"460\" srcset=\"https:\/\/agora.xtec.cat\/iesjoanbrudieu\/wp-content\/uploads\/usu1248\/2016\/07\/piramidedexercici.jpg 572w, https:\/\/agora.xtec.cat\/iesjoanbrudieu\/wp-content\/uploads\/usu1248\/2016\/07\/piramidedexercici-300x241.jpg 300w\" sizes=\"auto, (max-width: 572px) 100vw, 572px\" \/><\/a><\/p>\n<ul>\n<li>Programa &#8220;<a href=\"https:\/\/xtec.gencat.cat\/ca\/comunitat\/salutescola\/programasalutescola\/\" target=\"_blank\" rel=\"noopener\">Salut i Escola<\/a>&#8221; a XTEC.<\/li>\n<li><a href=\"https:\/\/canalsalut.gencat.cat\/ca\/salut-a-z\/\" target=\"_blank\" rel=\"noopener\">Canal Salut: La salut de la A a la Z &#8211; Generalitat de Catalunya<\/a>.<\/li>\n<li><a href=\"https:\/\/schools4health.eu\/\" target=\"_blank\" rel=\"noopener\">Web<\/a> d&#8217;Schools for Health in Europe<a href=\"http:\/\/agora.xtec.cat\/iesjoanbrudieu\/wp-content\/uploads\/usu1248\/2016\/07\/salut_escola.jpg\" rel=\"attachment wp-att-1627\"><img loading=\"lazy\" decoding=\"async\" class=\"alignright wp-image-1627\" src=\"http:\/\/agora.xtec.cat\/iesjoanbrudieu\/wp-content\/uploads\/usu1248\/2016\/07\/salut_escola.jpg\" alt=\"salut_escola\" width=\"180\" height=\"66\" srcset=\"https:\/\/agora.xtec.cat\/iesjoanbrudieu\/wp-content\/uploads\/usu1248\/2016\/07\/salut_escola.jpg 813w, https:\/\/agora.xtec.cat\/iesjoanbrudieu\/wp-content\/uploads\/usu1248\/2016\/07\/salut_escola-300x109.jpg 300w, https:\/\/agora.xtec.cat\/iesjoanbrudieu\/wp-content\/uploads\/usu1248\/2016\/07\/salut_escola-768x280.jpg 768w\" sizes=\"auto, (max-width: 180px) 100vw, 180px\" \/><\/a><\/li>\n<li><a href=\"https:\/\/www.edu365.cat\/salut.html\" target=\"_blank\" rel=\"noopener\">Web<\/a> d&#8217;Educaci\u00f3 per a la Salut a EDU365.CAT<\/li>\n<li><a href=\"https:\/\/educacio.gencat.cat\/ca\/arees-actuacio\/families\/habits-saludables\/\" target=\"_blank\" rel=\"noopener\">H\u00e0bits saludables<\/a> a Fam\u00edlia i Escola<\/li>\n<li><a href=\"http:\/\/www.scribd.com\/full\/36618011?access_key=key-vqzkdfz0dxf182blgrz\" target=\"_blank\" rel=\"noopener\">&#8220;Ganar salud en la escuela&#8221;<\/a>, guia promoguda pels Ministeris d&#8217;Educaci\u00f3 i de Sanitat, conjuntament amb les Comunitats Aut\u00f2nomes, destinada a promoure i millorar la formaci\u00f3 en salut als centres educatius. <a href=\"http:\/\/www.educacion.es\/horizontales\/prensa\/notas\/2010\/08\/salud-escuela.html\" target=\"_blank\" rel=\"noopener\">Nota de premsa al Ministeri d&#8217;Educaci\u00f3<\/a><\/li>\n<\/ul>\n<p>.<a href=\"http:\/\/agora.xtec.cat\/iesjoanbrudieu\/wp-content\/uploads\/usu1248\/2016\/07\/piramidedemenjar.png\" rel=\"attachment wp-att-1622\"><img loading=\"lazy\" decoding=\"async\" class=\"size-full wp-image-1622 aligncenter\" src=\"http:\/\/agora.xtec.cat\/iesjoanbrudieu\/wp-content\/uploads\/usu1248\/2016\/07\/piramidedemenjar.png\" alt=\"piramidedemenjar\" width=\"505\" height=\"328\" srcset=\"https:\/\/agora.xtec.cat\/iesjoanbrudieu\/wp-content\/uploads\/usu1248\/2016\/07\/piramidedemenjar.png 505w, https:\/\/agora.xtec.cat\/iesjoanbrudieu\/wp-content\/uploads\/usu1248\/2016\/07\/piramidedemenjar-300x195.png 300w\" sizes=\"auto, (max-width: 505px) 100vw, 505px\" \/><\/a><\/p>\n<ul>\n<li><a href=\"https:\/\/institutjoanbrudieu.cat\/public\/web_centre\/html\/documents\/secretaria\/transport_menjador\/guia_alimentacio_etapa_escolar.pdf\" target=\"_blank\" rel=\"noopener noreferrer\">Guia de l&#8217;alimentaci\u00f3 saludable a l&#8217;etapa escolar<\/a>.<\/li>\n<\/ul>\n<p><a href=\"https:\/\/institutjoanbrudieu.cat\/public\/web_centre\/html\/documents\/secretaria\/transport_menjador\/guia_alimentacio_etapa_escolar.pdf\" target=\"_blank\" rel=\"noopener\"><img loading=\"lazy\" decoding=\"async\" class=\"aligncenter wp-image-6937 \" src=\"https:\/\/institutjoanbrudieu.cat\/public\/web_centre\/html\/documents\/secretaria\/transport_menjador\/guia_alimentacio_saludable_2020.jpg\" alt=\"guia_alimentacio_saludable_2020\" width=\"267\" height=\"302\" \/><\/a><\/p>\n","protected":false},"excerpt":{"rendered":"<p>Projecte d&#8217;Educaci\u00f3 per a la Salut 2009-2012 Projecte d&#8217;Educaci\u00f3 per a la Salut 2006-2009 Resoluci\u00f3 de 15 de juny de 2006, del Programa d&#8217;Educaci\u00f3 per a la Salut (Institut Joan Brudieu &#8211; 2006) Llista d&#8217;Instituts i Escoles adscrites a la Xarxa d&#8217;Escoles Promotores de Salut Programa &#8220;Salut i Escola&#8221; a XTEC. Canal Salut: La salut [&hellip;]<\/p>\n","protected":false},"author":1,"featured_media":0,"parent":63,"menu_order":15,"comment_status":"closed","ping_status":"closed","template":"page-templates\/side-menu.php","meta":{"_bbp_topic_count":0,"_bbp_reply_count":0,"_bbp_total_topic_count":0,"_bbp_total_reply_count":0,"_bbp_voice_count":0,"_bbp_anonymous_reply_count":0,"_bbp_topic_count_hidden":0,"_bbp_reply_count_hidden":0,"_bbp_forum_subforum_count":0,"site-sidebar-layout":"default","site-content-layout":"","ast-site-content-layout":"","site-content-style":"default","site-sidebar-style":"default","ast-global-header-display":"","ast-banner-title-visibility":"","ast-main-header-display":"","ast-hfb-above-header-display":"","ast-hfb-below-header-display":"","ast-hfb-mobile-header-display":"","site-post-title":"","ast-breadcrumbs-content":"","ast-featured-img":"","footer-sml-layout":"","theme-transparent-header-meta":"","adv-header-id-meta":"","stick-header-meta":"","header-above-stick-meta":"","header-main-stick-meta":"","header-below-stick-meta":"","astra-migrate-meta-layouts":"default","ast-page-background-enabled":"default","ast-page-background-meta":{"desktop":{"background-color":"var(--ast-global-color-4)","background-image":"","background-repeat":"repeat","background-position":"center center","background-size":"auto","background-attachment":"scroll","background-type":"","background-media":"","overlay-type":"","overlay-color":"","overlay-opacity":"","overlay-gradient":""},"tablet":{"background-color":"","background-image":"","background-repeat":"repeat","background-position":"center center","background-size":"auto","background-attachment":"scroll","background-type":"","background-media":"","overlay-type":"","overlay-color":"","overlay-opacity":"","overlay-gradient":""},"mobile":{"background-color":"","background-image":"","background-repeat":"repeat","background-position":"center center","background-size":"auto","background-attachment":"scroll","background-type":"","background-media":"","overlay-type":"","overlay-color":"","overlay-opacity":"","overlay-gradient":""}},"ast-content-background-meta":{"desktop":{"background-color":"var(--ast-global-color-5)","background-image":"","background-repeat":"repeat","background-position":"center center","background-size":"auto","background-attachment":"scroll","background-type":"","background-media":"","overlay-type":"","overlay-color":"","overlay-opacity":"","overlay-gradient":""},"tablet":{"background-color":"var(--ast-global-color-5)","background-image":"","background-repeat":"repeat","background-position":"center center","background-size":"auto","background-attachment":"scroll","background-type":"","background-media":"","overlay-type":"","overlay-color":"","overlay-opacity":"","overlay-gradient":""},"mobile":{"background-color":"var(--ast-global-color-5)","background-image":"","background-repeat":"repeat","background-position":"center center","background-size":"auto","background-attachment":"scroll","background-type":"","background-media":"","overlay-type":"","overlay-color":"","overlay-opacity":"","overlay-gradient":""}},"footnotes":""},"class_list":["post-1621","page","type-page","status-publish","hentry"],"post_mailing_queue_ids":[],"_links":{"self":[{"href":"https:\/\/agora.xtec.cat\/iesjoanbrudieu\/wp-json\/wp\/v2\/pages\/1621","targetHints":{"allow":["GET"]}}],"collection":[{"href":"https:\/\/agora.xtec.cat\/iesjoanbrudieu\/wp-json\/wp\/v2\/pages"}],"about":[{"href":"https:\/\/agora.xtec.cat\/iesjoanbrudieu\/wp-json\/wp\/v2\/types\/page"}],"author":[{"embeddable":true,"href":"https:\/\/agora.xtec.cat\/iesjoanbrudieu\/wp-json\/wp\/v2\/users\/1"}],"replies":[{"embeddable":true,"href":"https:\/\/agora.xtec.cat\/iesjoanbrudieu\/wp-json\/wp\/v2\/comments?post=1621"}],"version-history":[{"count":4,"href":"https:\/\/agora.xtec.cat\/iesjoanbrudieu\/wp-json\/wp\/v2\/pages\/1621\/revisions"}],"predecessor-version":[{"id":10642,"href":"https:\/\/agora.xtec.cat\/iesjoanbrudieu\/wp-json\/wp\/v2\/pages\/1621\/revisions\/10642"}],"up":[{"embeddable":true,"href":"https:\/\/agora.xtec.cat\/iesjoanbrudieu\/wp-json\/wp\/v2\/pages\/63"}],"wp:attachment":[{"href":"https:\/\/agora.xtec.cat\/iesjoanbrudieu\/wp-json\/wp\/v2\/media?parent=1621"}],"curies":[{"name":"wp","href":"https:\/\/api.w.org\/{rel}","templated":true}]}}