{"id":1499,"date":"2016-07-02T18:28:21","date_gmt":"2016-07-02T17:28:21","guid":{"rendered":"http:\/\/agora.xtec.cat\/iesjoanbrudieu\/?page_id=1499"},"modified":"2026-03-16T13:04:57","modified_gmt":"2026-03-16T12:04:57","slug":"proves-dacces-a-cicles-formatius","status":"publish","type":"page","link":"https:\/\/agora.xtec.cat\/iesjoanbrudieu\/estudis\/proves-dacces-a-cicles-formatius\/","title":{"rendered":"Proves d&#8217;Acc\u00e9s a Cicles Formatius"},"content":{"rendered":"<h3><span style=\"color: #ff0000;\"><strong>CONVOCAT\u00d2RIA 2026<\/strong><\/span><\/h3>\n<ul>\n<li><a href=\"https:\/\/educacio.gencat.cat\/ca\/serveis-tramits\/proves\/proves-acces\/\" target=\"_blank\" rel=\".self noopener noreferrer\">P\u00e0gina de &#8220;Proves d&#8217;Acc\u00e9s&#8221; del Departament d\u2019Educaci\u00f3<\/a>.<\/li>\n<\/ul>\n<p><span style=\"color: #ff0000;\"><strong>Normativa<\/strong><\/span><\/p>\n<ul>\n<li><a href=\"https:\/\/dogc.gencat.cat\/ca\/document-del-dogc\/?documentId=1038918\" target=\"_blank\" rel=\"noopener noreferrer\">Resoluci\u00f3 EDF\/575\/2026, de 2 de mar\u00e7<\/a>, per la qual es convoquen les proves d\u2019acc\u00e9s als cicles formatius de formaci\u00f3 professional i als cicles formatius d\u2019arts pl\u00e0stiques i disseny, les proves de car\u00e0cter general d\u2019ensenyaments esportius i les proves d\u2019acc\u00e9s a les formacions esportives de nivell 1 i de nivell 3, corresponents a l\u2019any 2026 (DOGC n\u00fam. 99620, de 9.3.2026)<\/li>\n<li><a href=\"https:\/\/dogc.gencat.cat\/ca\/pdogc_canals_interns\/pdogc_resultats_fitxa\/?documentId=567520&amp;language=ca_ES&amp;action=fitxa\" target=\"_blank\" rel=\"noopener noreferrer\">Resoluci\u00f3 EDU\/3983\/2010<\/a>, de 9 de desembre, per la qual s&#8217;estableixen els <strong>temaris i els criteris d&#8217;avaluaci\u00f3<\/strong> de les proves d&#8217;acc\u00e9s als cicles formatius de formaci\u00f3 professional inicial, als cicles formatius d&#8217;ensenyaments d&#8217;arts pl\u00e0stiques i disseny, i als cicles d&#8217;ensenyaments esportius (DOGC n\u00fam. 5778, de 20.12.2010)<\/li>\n<li><strong>Temaris i criteris d&#8217;avaluaci\u00f3<\/strong> de la prova espec\u00edfica d&#8217;acc\u00e9s als cicles formatius d&#8217;ensenyaments d&#8217;arts pl\u00e0stiques i disseny: Annex 6 i 7 de la <a href=\"http:\/\/portaldogc.gencat.cat\/utilsEADOP\/AppJava\/PdfProviderServlet?documentId=600754&amp;type=01&amp;language=ca_ES\" target=\"_blank\" rel=\"noopener noreferrer\">Resoluci\u00f3 ENS\/519\/2011<\/a>, de 17 de febrer, per la qual es convoquen les proves d\u2019acc\u00e9s als cicles de formaci\u00f3 espec\u00edfica de grau mitj\u00e0 i de grau superior d\u2019arts pl\u00e0stiques i disseny corresponents a l\u2019any 2011 i se\u2019n defineix el procediment d\u2019execuci\u00f3 (DOGC n\u00fam. 5827, de 28.2.2011)<\/li>\n<\/ul>\n<p><span style=\"color: #ff0000;\"><strong>Prova d&#8217;Acc\u00e9s a CFM<\/strong><\/span><\/p>\n<p>Per inscriure&#8217;s a les proves d\u2019acc\u00e9s als cicles formatius de grau mitj\u00e0 cal tenir <strong>17 anys<\/strong> o complir-los durant l\u2019any 2026 i no posseir cap titulaci\u00f3 acad\u00e8mica o ensenyament equivalent que permeti l&#8217;acc\u00e9s directe a aquests cicles formatius (ESO o equivalent)<\/p>\n<p>Les persones que hagin superat amb anterioritat la prova d&#8217;acc\u00e9s poden tornar-s&#8217;hi a inscriure, sempre i quan no hagin assolit algun dels altres requisits d&#8217;acc\u00e9s directe.<\/p>\n<ul>\n<li><a href=\"https:\/\/triaeducativa.gencat.cat\/ca\/proves\/proves-acces\/fp\/fp-gm\/\" target=\"_blank\" rel=\".self noopener noreferrer\">Informaci\u00f3 sobre les Proves d\u2019Acc\u00e9s al GRAU MITJ\u00c0 de formaci\u00f3 professional (Web Departament)<\/a>\n<ul>\n<li><strong>Inscripci\u00f3:<\/strong> de les 09:00 h. del 17 de mar\u00e7 fins al 30 de mar\u00e7 de 20265, a les 23:59 h [<a href=\"https:\/\/educacio.gencat.cat\/ca\/tramits\/tramits-temes\/11014-f-professional-gmitja?category=7445de6a-a82c-11e3-a972-000c29052e2c&amp;moda=1\" target=\"_blank\" rel=\"noopener noreferrer\">sol\u00b7licitud, documentaci\u00f3 i taxes<\/a>]<\/li>\n<li><strong>Pagament de la taxa<\/strong>: fins al 31 de mar\u00e7 de 2026 (abans de les 22:00 h)<\/li>\n<\/ul>\n<\/li>\n<li><a href=\"https:\/\/institutjoanbrudieu.cat\/public\/web_centre\/html\/documents\/proves\/26_CF_Proves_acces_CFM_consignes_alumnat.pdf\" target=\"_blank\" rel=\"noopener\">Full intern<\/a> d&#8217;informaci\u00f3 de la inscripci\u00f3 a les Proves d&#8217;acc\u00e9s al GRAU MITJ\u00c0.<\/li>\n<\/ul>\n<p style=\"text-align: center;\"><object style=\"width: 800px; height: 600px;\" data=\"https:\/\/institutjoanbrudieu.cat\/public\/web_centre\/html\/documents\/proves\/26_CF_Proves_acces_CFM_consignes_alumnat.pdf\" width=\"300\" height=\"150\"><span style=\"display: inline-block; width: 0px; overflow: hidden; line-height: 0;\" data-mce-type=\"bookmark\" class=\"mce_SELRES_start\">\ufeff<\/span><span style=\"display: inline-block; width: 0px; overflow: hidden; line-height: 0;\" data-mce-type=\"bookmark\" class=\"mce_SELRES_start\"><span style=\"display: inline-block; width: 0px; overflow: hidden; line-height: 0;\" data-mce-type=\"bookmark\" class=\"mce_SELRES_start\">\ufeff<\/span>\ufeff<\/span><\/object><\/p>\n<p><strong><span style=\"color: #ff0000;\">Comissi\u00f3 avaluadora de Prova d&#8217;Acc\u00e9s a CFM [Institut Joan Brudieu]<\/span><\/strong><\/p>\n<ul>\n<li><a href=\"https:\/\/institutjoanbrudieu.cat\/public\/web_centre\/html\/documents\/proves\/26_CF_Proves_acces_CFM_Desenvolupament.pdf\" target=\"_blank\" rel=\"noopener noreferrer\">Instruccions Comissi\u00f3 Avaluadora Institut Joan Brudieu: qualificacions (provisonals i definitives), consultes i reclamacions, lliurament certificats<\/a>.<\/li>\n<\/ul>\n<p style=\"text-align: center;\"><object style=\"width: 800px; height: 600px;\" data=\"https:\/\/institutjoanbrudieu.cat\/public\/web_centre\/html\/documents\/proves\/26_CF_Proves_acces_CFM_Desenvolupament.pdf\" width=\"300\" height=\"150\"><span style=\"display: inline-block; width: 0px; overflow: hidden; line-height: 0;\" data-mce-type=\"bookmark\" class=\"mce_SELRES_start\">\ufeff<\/span><span style=\"display: inline-block; width: 0px; overflow: hidden; line-height: 0;\" data-mce-type=\"bookmark\" class=\"mce_SELRES_start\">\ufeff<\/span><\/object><\/p>\n<ul>\n<li><a href=\"https:\/\/institutjoanbrudieu.cat\/public\/web_centre\/html\/documents\/proves\/26_CF_Proves_acces_CFM_Comissio_avaluadora.pdf\" target=\"_blank\" rel=\"noopener noreferrer\">Comissi\u00f3 avaluadora<\/a> Institut Joan Brudieu<\/li>\n<li><strong>Presentaci\u00f3 de documentaci\u00f3<\/strong>: del 23 d&#8217;abril al 7 de maig de 2026 (14:00 h)\n<ul>\n<li style=\"list-style-type: none;\">\n<ul>\n<li style=\"list-style-type: none;\"><\/li>\n<\/ul>\n<\/li>\n<\/ul>\n<\/li>\n<li><strong>Publicaci\u00f3 de llistats d&#8217;admesos i exclosos i de qualificacions<\/strong>.\n<ul>\n<li>La consulta dels resultats s\u2019efectua telem\u00e0ticament des de la <a href=\"https:\/\/educacio.gencat.cat\/ca\/serveis-tramits\/proves\/proves-acces\/gm-fp\/consulta-resultats\/\" target=\"_blank\" rel=\"noopener noreferrer\">p\u00e0gina web del Departament<\/a>.\n<ul>\n<li>Llistat provisional d&#8217;admesos i exclosos: a partir del 22 d&#8217;abril de 2026.<\/li>\n<li>Llistat definitiu d&#8217;admesos i exclosos: a partir del 12 de maig de 2026.<\/li>\n<li>Qualificacions provisionals: a partir del 3 de juny de 2026.<\/li>\n<li>Presentaci\u00f3 de reclamacions: 4, 5 i 8 de juny (abans de les 13:00 h).<\/li>\n<li>Qualificacions definitives: 10 de juny de 2026.<\/li>\n<li>Emissi\u00f3 de certificats: a partir de l&#8217;11 de juny de 2026.<\/li>\n<\/ul>\n<\/li>\n<\/ul>\n<\/li>\n<li><strong>Prova<\/strong>\n<ul>\n<li>13 de maig de 2026.<\/li>\n<\/ul>\n<\/li>\n<\/ul>\n<p><a href=\"https:\/\/institutjoanbrudieu.cat\/public\/web_centre\/html\/documents\/institut\/curs\/24_CF_Proves_acces_CFM_Prova.jpg\" target=\"_blank\" rel=\"noopener\"><img loading=\"lazy\" decoding=\"async\" class=\"aligncenter wp-image-5576\" src=\"https:\/\/institutjoanbrudieu.cat\/public\/web_centre\/html\/documents\/institut\/curs\/24_CF_Proves_acces_CFM_Prova.jpg\" alt=\"https:\/\/institutjoanbrudieu.cat\/public\/web_centre\/html\/documents\/institut\/curs\/24_CF_Proves_acces_CFM_Prova.jpg\" width=\"811\" height=\"322\" \/><\/a><\/p>\n<ul>\n<li><a href=\"https:\/\/institutjoanbrudieu.cat\/public\/web_centre\/html\/documents\/proves\/26_CF_Proves_acces_CFM_Resultats_finals.pdf\" target=\"_blank\" rel=\"noopener noreferrer\">Resultats estad\u00edstics proves CFM<\/a> (comissi\u00f3 avaluadora Institut Joan Brudieu &#8211; any 2026)<\/li>\n<\/ul>\n<p style=\"text-align: center;\"><object style=\"width: 800px; height: 600px;\" data=\"https:\/\/institutjoanbrudieu.cat\/public\/web_centre\/html\/documents\/proves\/26_CF_Proves_acces_CFM_Resultats_finals.pdf\" width=\"300\" height=\"150\"><span data-mce-type=\"bookmark\" style=\"display: inline-block; width: 0px; overflow: hidden; line-height: 0;\" class=\"mce_SELRES_start\">\ufeff<\/span><span style=\"display: inline-block; width: 0px; overflow: hidden; line-height: 0;\" data-mce-type=\"bookmark\" class=\"mce_SELRES_start\">\ufeff<\/span><span style=\"display: inline-block; width: 0px; overflow: hidden; line-height: 0;\" data-mce-type=\"bookmark\" class=\"mce_SELRES_start\">\ufeff<\/span><\/object><\/p>\n<p><span style=\"color: #ff0000;\"><strong>Prova d&#8217;Acc\u00e9s a CFS<\/strong><\/span><\/p>\n<p>Per inscriure&#8217;s a les proves d\u2019acc\u00e9s als cicles formatius de grau superior cal tenir <strong>19 anys<\/strong> o complir-los durant l\u2019any 2026 i no posseir cap titulaci\u00f3 acad\u00e8mica o ensenyament equivalent que permeti l&#8217;acc\u00e9s directe a aquests cicles formatius.<\/p>\n<p>Les persones que hagin superat amb anterioritat la prova d&#8217;acc\u00e9s poden tornar-s&#8217;hi a inscriure, sempre i quan no hagin assolit algun dels altres requisits d&#8217;acc\u00e9s directe (batxillerat o equivalent, o curs espec\u00edfic d&#8217;acc\u00e9s). En el cas de la prova d&#8217;acc\u00e9s a grau superior, poden optar per recuperar la qualificaci\u00f3 d&#8217;una de les parts de la prova, d&#8217;acord amb el que s&#8217;estableix a l&#8217;apartat 11 de l&#8217;annex 1 i a l&#8217;apartat 10 de l&#8217;annex 8 de la Resoluci\u00f3.<\/p>\n<ul>\n<li><a href=\"https:\/\/triaeducativa.gencat.cat\/ca\/proves\/proves-acces\/fp\/fp-gs\/\" target=\"_blank\" rel=\".self noopener noreferrer\">Informaci\u00f3 sobre les Proves d\u2019Acc\u00e9s al GRAU SUPERIOR de formaci\u00f3 professional (Web Departament)<\/a>\n<ul>\n<li><strong>Inscripci\u00f3:<\/strong> de les 09:00 h. del 17 de mar\u00e7 fins al 30 de mar\u00e7 de 2026, a les 23:59 h [<a href=\"https:\/\/educacio.gencat.cat\/ca\/tramits\/tramits-temes\/prova-FP-GS-6949?category=7445de6a-a82c-11e3-a972-000c29052e2c&amp;temesNom=Educaci%C3%B3+i+formaci%C3%B3&amp;moda=1\" target=\"_blank\" rel=\"noopener noreferrer\">sol\u00b7licitud, documentaci\u00f3 i taxes<\/a>]<\/li>\n<\/ul>\n<\/li>\n<\/ul>\n<p><strong><span style=\"color: #ff0000;\">Recopilatori d&#8217;ex\u00e0mens de proves d&#8217;acc\u00e9s a CFM i a CFS<\/span><\/strong><\/p>\n<ul>\n<li style=\"list-style-type: none;\">\n<ul>\n<li style=\"list-style-type: none;\">\n<ul>\n<li>Des <a href=\"https:\/\/drive.google.com\/drive\/u\/0\/folders\/1HQueeJzOczswzW2E5Gwq56Lx-1tXrRkd\" target=\"_blank\" rel=\"noopener noreferrer\">d&#8217;aquest enlla\u00e7<\/a> (Institut Mil\u00e0 i Fontanals, d&#8217;Igualada) podeu accedir a una recopilaci\u00f3 dels enunciats d\u2019ex\u00e0mens de diverses convocat\u00f2ries de les proves d\u2019acc\u00e9s, tant de grau mitj\u00e0 com de grau superior. Tots els fitxers estan en format PDF. En alguns anys hi ha disponible dues convocat\u00f2ries: l\u2019ordin\u00e0ria i la d\u2019incid\u00e8ncies i, en tots els casos, un fitxer amb l\u2019enunciat de l\u2019examen i un altre amb la soluci\u00f3.<\/li>\n<\/ul>\n<\/li>\n<\/ul>\n<\/li>\n<\/ul>\n","protected":false},"excerpt":{"rendered":"<p>CONVOCAT\u00d2RIA 2026 P\u00e0gina de &#8220;Proves d&#8217;Acc\u00e9s&#8221; del Departament d\u2019Educaci\u00f3. Normativa Resoluci\u00f3 EDF\/575\/2026, de 2 de mar\u00e7, per la qual es convoquen les proves d\u2019acc\u00e9s als cicles formatius de formaci\u00f3 professional i als cicles formatius d\u2019arts pl\u00e0stiques i disseny, les proves de car\u00e0cter general d\u2019ensenyaments esportius i les proves d\u2019acc\u00e9s a les formacions esportives de nivell [&hellip;]<\/p>\n","protected":false},"author":1,"featured_media":0,"parent":195,"menu_order":35,"comment_status":"closed","ping_status":"closed","template":"","meta":{"_bbp_topic_count":0,"_bbp_reply_count":0,"_bbp_total_topic_count":0,"_bbp_total_reply_count":0,"_bbp_voice_count":0,"_bbp_anonymous_reply_count":0,"_bbp_topic_count_hidden":0,"_bbp_reply_count_hidden":0,"_bbp_forum_subforum_count":0,"site-sidebar-layout":"default","site-content-layout":"","ast-site-content-layout":"default","site-content-style":"default","site-sidebar-style":"default","ast-global-header-display":"","ast-banner-title-visibility":"","ast-main-header-display":"","ast-hfb-above-header-display":"","ast-hfb-below-header-display":"","ast-hfb-mobile-header-display":"","site-post-title":"","ast-breadcrumbs-content":"","ast-featured-img":"","footer-sml-layout":"","theme-transparent-header-meta":"","adv-header-id-meta":"","stick-header-meta":"","header-above-stick-meta":"","header-main-stick-meta":"","header-below-stick-meta":"","astra-migrate-meta-layouts":"set","ast-page-background-enabled":"default","ast-page-background-meta":{"desktop":{"background-color":"var(--ast-global-color-4)","background-image":"","background-repeat":"repeat","background-position":"center center","background-size":"auto","background-attachment":"scroll","background-type":"","background-media":"","overlay-type":"","overlay-color":"","overlay-opacity":"","overlay-gradient":""},"tablet":{"background-color":"","background-image":"","background-repeat":"repeat","background-position":"center center","background-size":"auto","background-attachment":"scroll","background-type":"","background-media":"","overlay-type":"","overlay-color":"","overlay-opacity":"","overlay-gradient":""},"mobile":{"background-color":"","background-image":"","background-repeat":"repeat","background-position":"center center","background-size":"auto","background-attachment":"scroll","background-type":"","background-media":"","overlay-type":"","overlay-color":"","overlay-opacity":"","overlay-gradient":""}},"ast-content-background-meta":{"desktop":{"background-color":"var(--ast-global-color-5)","background-image":"","background-repeat":"repeat","background-position":"center center","background-size":"auto","background-attachment":"scroll","background-type":"","background-media":"","overlay-type":"","overlay-color":"","overlay-opacity":"","overlay-gradient":""},"tablet":{"background-color":"var(--ast-global-color-5)","background-image":"","background-repeat":"repeat","background-position":"center center","background-size":"auto","background-attachment":"scroll","background-type":"","background-media":"","overlay-type":"","overlay-color":"","overlay-opacity":"","overlay-gradient":""},"mobile":{"background-color":"var(--ast-global-color-5)","background-image":"","background-repeat":"repeat","background-position":"center center","background-size":"auto","background-attachment":"scroll","background-type":"","background-media":"","overlay-type":"","overlay-color":"","overlay-opacity":"","overlay-gradient":""}},"footnotes":""},"class_list":["post-1499","page","type-page","status-publish","hentry"],"post_mailing_queue_ids":[],"_links":{"self":[{"href":"https:\/\/agora.xtec.cat\/iesjoanbrudieu\/wp-json\/wp\/v2\/pages\/1499","targetHints":{"allow":["GET"]}}],"collection":[{"href":"https:\/\/agora.xtec.cat\/iesjoanbrudieu\/wp-json\/wp\/v2\/pages"}],"about":[{"href":"https:\/\/agora.xtec.cat\/iesjoanbrudieu\/wp-json\/wp\/v2\/types\/page"}],"author":[{"embeddable":true,"href":"https:\/\/agora.xtec.cat\/iesjoanbrudieu\/wp-json\/wp\/v2\/users\/1"}],"replies":[{"embeddable":true,"href":"https:\/\/agora.xtec.cat\/iesjoanbrudieu\/wp-json\/wp\/v2\/comments?post=1499"}],"version-history":[{"count":5,"href":"https:\/\/agora.xtec.cat\/iesjoanbrudieu\/wp-json\/wp\/v2\/pages\/1499\/revisions"}],"predecessor-version":[{"id":10894,"href":"https:\/\/agora.xtec.cat\/iesjoanbrudieu\/wp-json\/wp\/v2\/pages\/1499\/revisions\/10894"}],"up":[{"embeddable":true,"href":"https:\/\/agora.xtec.cat\/iesjoanbrudieu\/wp-json\/wp\/v2\/pages\/195"}],"wp:attachment":[{"href":"https:\/\/agora.xtec.cat\/iesjoanbrudieu\/wp-json\/wp\/v2\/media?parent=1499"}],"curies":[{"name":"wp","href":"https:\/\/api.w.org\/{rel}","templated":true}]}}