{"id":1337,"date":"2016-05-09T18:34:13","date_gmt":"2016-05-09T17:34:13","guid":{"rendered":"http:\/\/agora.xtec.cat\/iesjoanbrudieu\/?page_id=1337"},"modified":"2026-03-13T19:07:36","modified_gmt":"2026-03-13T18:07:36","slug":"preins-mat","status":"publish","type":"page","link":"https:\/\/agora.xtec.cat\/iesjoanbrudieu\/secretaria\/preins-mat\/","title":{"rendered":"Preinscripci\u00f3 i Matr\u00edcula"},"content":{"rendered":"\n<h3 class=\"wp-block-heading\"><span style=\"color: #ff0000;\"><strong>Estudis<\/strong><\/span><\/h3>\n\n\n\n<div class=\"row\" style=\"margin-bottom: 1em !important;\">\n<figure><a href=\"https:\/\/agora.xtec.cat\/iesjoanbrudieu\/wp-content\/uploads\/usu1248\/2020\/05\/logo_ESO_2-e1589795454234.jpg\"><img loading=\"lazy\" decoding=\"async\" class=\"aligncenter wp-image-5301\" src=\"https:\/\/agora.xtec.cat\/iesjoanbrudieu\/wp-content\/uploads\/usu1248\/2020\/05\/logo_ESO_2-e1589795454234.jpg\" alt=\"\" width=\"145\" height=\"100\"><\/a><\/figure><div class=\"small-12 large-12 text-center columns\"><\/div>\n<\/div>\n\n\n\n<div class=\"row\" style=\"margin-bottom: 1em !important;\">\n<div class=\"small-12 large-12 text-center columns\" style=\"text-align: center;\"><strong>Ensenyament Secundari Obligatori (ESO)<\/strong><\/div>\n<div class=\"small-12 large-12 text-center columns\" style=\"text-align: center;\"><a href=\"https:\/\/agora.xtec.cat\/iesjoanbrudieu\/secretaria\/preins-mat-impresos\/eso-preinscripcio-i-matricula\/\" target=\"_blank\" rel=\"noopener noreferrer\">Preinscripci\u00f3 i matr\u00edcula<\/a>.<\/div>\n<\/div>\n\n\n\n<div class=\"row\" style=\"margin-bottom: 1em !important;\">\n<figure><a href=\"https:\/\/agora.xtec.cat\/iesjoanbrudieu\/wp-content\/uploads\/usu1248\/2021\/02\/Logo_BTX_BATXIBAC.jpg\"><img loading=\"lazy\" decoding=\"async\" class=\"aligncenter wp-image-5937\" src=\"https:\/\/agora.xtec.cat\/iesjoanbrudieu\/wp-content\/uploads\/usu1248\/2021\/02\/Logo_BTX_BATXIBAC.jpg\" alt=\"\" width=\"302\" height=\"100\" srcset=\"https:\/\/agora.xtec.cat\/iesjoanbrudieu\/wp-content\/uploads\/usu1248\/2021\/02\/Logo_BTX_BATXIBAC.jpg 453w, https:\/\/agora.xtec.cat\/iesjoanbrudieu\/wp-content\/uploads\/usu1248\/2021\/02\/Logo_BTX_BATXIBAC-300x99.jpg 300w\" sizes=\"auto, (max-width: 302px) 100vw, 302px\" \/><\/a><\/figure>\n<div class=\"small-12 large-12 text-center columns\">\u00a0<\/div>\n<\/div>\n\n\n\n<div class=\"row\" style=\"margin-bottom: 1em !important;\">\n<div class=\"small-12 large-12 text-center columns\" style=\"text-align: center;\"><strong>Batxillerat i BatxiBac<\/strong><\/div>\n<div class=\"small-12 large-12 text-center columns\" style=\"text-align: center;\"><a href=\"https:\/\/agora.xtec.cat\/iesjoanbrudieu\/secretaria\/preins-mat-impresos\/btx-i-batxibac-preinscripcio-i-matricula\/\" target=\"_blank\" rel=\"noopener noreferrer\">Preinscripci\u00f3 i matr\u00edcula<\/a>.<\/div>\n<\/div>\n\n\n\n<div class=\"row\" style=\"margin-bottom: 1em !important;\">\n<figure><a href=\"https:\/\/agora.xtec.cat\/iesjoanbrudieu\/wp-content\/uploads\/usu1248\/2021\/02\/logo_CFM_CFS.jpg\"><img loading=\"lazy\" decoding=\"async\" class=\"aligncenter wp-image-6000\" src=\"https:\/\/agora.xtec.cat\/iesjoanbrudieu\/wp-content\/uploads\/usu1248\/2021\/02\/logo_CFM_CFS.jpg\" alt=\"\" width=\"230\" height=\"100\" srcset=\"https:\/\/agora.xtec.cat\/iesjoanbrudieu\/wp-content\/uploads\/usu1248\/2021\/02\/logo_CFM_CFS.jpg 306w, https:\/\/agora.xtec.cat\/iesjoanbrudieu\/wp-content\/uploads\/usu1248\/2021\/02\/logo_CFM_CFS-300x130.jpg 300w\" sizes=\"auto, (max-width: 230px) 100vw, 230px\" \/><\/a><\/figure>\n<div class=\"small-12 large-12 text-center columns\">\u00a0<\/div>\n<\/div>\n\n\n\n<div class=\"row\" style=\"margin-bottom: 1em !important;\">\n<div class=\"small-12 large-12 text-center columns\" style=\"text-align: center;\"><strong>Formaci\u00f3 Professional (CFM &#8211; CFS)<\/strong><\/div>\n<div class=\"small-12 large-12 text-center columns\" style=\"text-align: center;\"><a href=\"https:\/\/agora.xtec.cat\/iesjoanbrudieu\/secretaria\/preins-mat-impresos\/cfm-i-cfs-preinscripcio-i-matricula\/\" target=\"_blank\" rel=\"noopener noreferrer\">Preinscripci\u00f3 i matr\u00edcula<\/a>.<\/div>\n<\/div>\n\n\n\n<div class=\"row\" style=\"margin-bottom: 1em !important;\">\n<figure><a href=\"https:\/\/agora.xtec.cat\/iesjoanbrudieu\/wp-content\/uploads\/usu1248\/2020\/04\/logo_IFE.png\"><img loading=\"lazy\" decoding=\"async\" class=\"aligncenter wp-image-5183\" src=\"https:\/\/agora.xtec.cat\/iesjoanbrudieu\/wp-content\/uploads\/usu1248\/2020\/04\/logo_IFE.png\" alt=\"\" width=\"172\" height=\"100\"><\/a><\/figure><div class=\"small-12 large-12 text-center columns\"><\/div>\n<\/div>\n\n\n\n<div class=\"row\" style=\"margin-bottom: 1em !important;\">\n<div class=\"small-12 large-12 text-center columns\" style=\"text-align: center;\"><strong>Itineraris Formatius Espec\u00edfics (IFE)<\/strong><\/div>\n<div class=\"small-12 large-12 text-center columns\" style=\"text-align: center;\"><a href=\"https:\/\/agora.xtec.cat\/iesjoanbrudieu\/secretaria\/preins-mat-impresos\/ife-preinscripcio-i-matricula\/\" target=\"_blank\" rel=\"noopener noreferrer\">Preinscripci\u00f3 i matr\u00edcula<\/a>.<\/div>\n<\/div>\n\n\n\n<div class=\"row\" style=\"margin-bottom: 1em !important;\">\n<figure><a href=\"https:\/\/agora.xtec.cat\/iesjoanbrudieu\/wp-content\/uploads\/usu1248\/2020\/08\/logo_pfiptt.png\"><img loading=\"lazy\" decoding=\"async\" class=\"aligncenter wp-image-5504\" src=\"https:\/\/agora.xtec.cat\/iesjoanbrudieu\/wp-content\/uploads\/usu1248\/2020\/08\/logo_pfiptt.png\" alt=\"\" width=\"98\" height=\"100\"><\/a><\/figure><div class=\"small-12 large-12 text-center columns\"><\/div>\n<\/div>\n\n\n\n<div class=\"row\" style=\"margin-bottom: 1em !important;\">\n<div class=\"small-12 large-12 text-center columns\" style=\"text-align: center;\"><strong>Programes Formaci\u00f3 i Inserci\u00f3 (PFI-PTT)<\/strong><\/div>\n<div class=\"small-12 large-12 text-center columns\" style=\"text-align: center;\"><a href=\"https:\/\/agora.xtec.cat\/iesjoanbrudieu\/secretaria\/preins-mat-impresos\/pfi-ptt-preinscripcio-i-matricula\/\" target=\"_blank\" rel=\"noopener noreferrer\">Preinscripci\u00f3 i matr\u00edcula<\/a>.<\/div>\n<\/div>\n\n\n\n<p>&nbsp;<\/p>\n","protected":false},"excerpt":{"rendered":"<p>Estudis Ensenyament Secundari Obligatori (ESO) Preinscripci\u00f3 i matr\u00edcula. \u00a0 Batxillerat i BatxiBac Preinscripci\u00f3 i matr\u00edcula. \u00a0 Formaci\u00f3 Professional (CFM &#8211; CFS) Preinscripci\u00f3 i matr\u00edcula. Itineraris Formatius Espec\u00edfics (IFE) Preinscripci\u00f3 i matr\u00edcula. Programes Formaci\u00f3 i Inserci\u00f3 (PFI-PTT) Preinscripci\u00f3 i matr\u00edcula. &nbsp;<\/p>\n","protected":false},"author":1,"featured_media":0,"parent":81,"menu_order":15,"comment_status":"closed","ping_status":"closed","template":"","meta":{"_bbp_topic_count":0,"_bbp_reply_count":0,"_bbp_total_topic_count":0,"_bbp_total_reply_count":0,"_bbp_voice_count":0,"_bbp_anonymous_reply_count":0,"_bbp_topic_count_hidden":0,"_bbp_reply_count_hidden":0,"_bbp_forum_subforum_count":0,"site-sidebar-layout":"default","site-content-layout":"","ast-site-content-layout":"default","site-content-style":"default","site-sidebar-style":"default","ast-global-header-display":"","ast-banner-title-visibility":"","ast-main-header-display":"","ast-hfb-above-header-display":"","ast-hfb-below-header-display":"","ast-hfb-mobile-header-display":"","site-post-title":"","ast-breadcrumbs-content":"","ast-featured-img":"","footer-sml-layout":"","theme-transparent-header-meta":"","adv-header-id-meta":"","stick-header-meta":"","header-above-stick-meta":"","header-main-stick-meta":"","header-below-stick-meta":"","astra-migrate-meta-layouts":"set","ast-page-background-enabled":"default","ast-page-background-meta":{"desktop":{"background-color":"var(--ast-global-color-4)","background-image":"","background-repeat":"repeat","background-position":"center center","background-size":"auto","background-attachment":"scroll","background-type":"","background-media":"","overlay-type":"","overlay-color":"","overlay-opacity":"","overlay-gradient":""},"tablet":{"background-color":"","background-image":"","background-repeat":"repeat","background-position":"center center","background-size":"auto","background-attachment":"scroll","background-type":"","background-media":"","overlay-type":"","overlay-color":"","overlay-opacity":"","overlay-gradient":""},"mobile":{"background-color":"","background-image":"","background-repeat":"repeat","background-position":"center center","background-size":"auto","background-attachment":"scroll","background-type":"","background-media":"","overlay-type":"","overlay-color":"","overlay-opacity":"","overlay-gradient":""}},"ast-content-background-meta":{"desktop":{"background-color":"var(--ast-global-color-5)","background-image":"","background-repeat":"repeat","background-position":"center center","background-size":"auto","background-attachment":"scroll","background-type":"","background-media":"","overlay-type":"","overlay-color":"","overlay-opacity":"","overlay-gradient":""},"tablet":{"background-color":"var(--ast-global-color-5)","background-image":"","background-repeat":"repeat","background-position":"center center","background-size":"auto","background-attachment":"scroll","background-type":"","background-media":"","overlay-type":"","overlay-color":"","overlay-opacity":"","overlay-gradient":""},"mobile":{"background-color":"var(--ast-global-color-5)","background-image":"","background-repeat":"repeat","background-position":"center center","background-size":"auto","background-attachment":"scroll","background-type":"","background-media":"","overlay-type":"","overlay-color":"","overlay-opacity":"","overlay-gradient":""}},"footnotes":""},"class_list":["post-1337","page","type-page","status-publish","hentry"],"post_mailing_queue_ids":[],"_links":{"self":[{"href":"https:\/\/agora.xtec.cat\/iesjoanbrudieu\/wp-json\/wp\/v2\/pages\/1337","targetHints":{"allow":["GET"]}}],"collection":[{"href":"https:\/\/agora.xtec.cat\/iesjoanbrudieu\/wp-json\/wp\/v2\/pages"}],"about":[{"href":"https:\/\/agora.xtec.cat\/iesjoanbrudieu\/wp-json\/wp\/v2\/types\/page"}],"author":[{"embeddable":true,"href":"https:\/\/agora.xtec.cat\/iesjoanbrudieu\/wp-json\/wp\/v2\/users\/1"}],"replies":[{"embeddable":true,"href":"https:\/\/agora.xtec.cat\/iesjoanbrudieu\/wp-json\/wp\/v2\/comments?post=1337"}],"version-history":[{"count":5,"href":"https:\/\/agora.xtec.cat\/iesjoanbrudieu\/wp-json\/wp\/v2\/pages\/1337\/revisions"}],"predecessor-version":[{"id":10808,"href":"https:\/\/agora.xtec.cat\/iesjoanbrudieu\/wp-json\/wp\/v2\/pages\/1337\/revisions\/10808"}],"up":[{"embeddable":true,"href":"https:\/\/agora.xtec.cat\/iesjoanbrudieu\/wp-json\/wp\/v2\/pages\/81"}],"wp:attachment":[{"href":"https:\/\/agora.xtec.cat\/iesjoanbrudieu\/wp-json\/wp\/v2\/media?parent=1337"}],"curies":[{"name":"wp","href":"https:\/\/api.w.org\/{rel}","templated":true}]}}