{"id":10315,"date":"2025-08-29T16:15:45","date_gmt":"2025-08-29T14:15:45","guid":{"rendered":"https:\/\/agora.xtec.cat\/iesjoanbrudieu\/?page_id=10315"},"modified":"2025-08-29T16:15:45","modified_gmt":"2025-08-29T14:15:45","slug":"videos-curs-2024-2025","status":"publish","type":"page","link":"https:\/\/agora.xtec.cat\/iesjoanbrudieu\/videos-de-linstitut\/videos-curs-2024-2025\/","title":{"rendered":"V\u00eddeos: curs 2024-2025"},"content":{"rendered":"<h2 class=\"titolh2\">CURS 2024-2025<\/h2>\n<div class=\"blocimg\"><a href=\"https:\/\/youtu.be\/uXnig1EgM4o\" target=\"_blank\" rel=\"noopener noreferrer\"><img decoding=\"async\" class=\"size-thumbnail wp-image-1717 aligncenter img150x150\" src=\"https:\/\/institutjoanbrudieu.cat\/public\/web_centre\/html\/documents\/fotos_videos_web\/250619_Graduacio_S4.jpg\" alt=\"250619_Graduacio_S4\" \/>250619 Cloenda 4t ESO: v\u00eddeo resum promoci\u00f3 2021-2025<\/a><\/div>\n<div class=\"blocimg\"><a href=\"https:\/\/youtu.be\/8H_vdafl-j4\" target=\"_blank\" rel=\"noopener noreferrer\"><img decoding=\"async\" class=\"size-thumbnail wp-image-1717 aligncenter img150x150\" src=\"https:\/\/institutjoanbrudieu.cat\/public\/web_centre\/html\/documents\/fotos_videos_web\/250613_Viatge_Italia.jpg\" alt=\"250613_Viatge_Italia\" \/>250613 Viatge a It\u00e0lia de 4t ESO<\/a><\/div>\n<div class=\"blocimg\"><a href=\"https:\/\/youtu.be\/IDBcXl_YAxQ\" target=\"_blank\" rel=\"noopener noreferrer\"><img decoding=\"async\" class=\"size-thumbnail wp-image-1717 aligncenter img150x150\" src=\"https:\/\/institutjoanbrudieu.cat\/public\/web_centre\/html\/documents\/fotos_videos_web\/250610_IFE_al_Parc_del_Segre.jpg\" alt=\"250610_IFE_al_Parc_del_Segre\" \/>250610 IFE al Parc del Secre: tots passats per aigua<\/a><\/div>\n<div class=\"blocimg\"><a href=\"https:\/\/youtu.be\/2X6JCWX5kMI\" target=\"_blank\" rel=\"noopener noreferrer\"><img decoding=\"async\" class=\"size-thumbnail wp-image-1717 aligncenter img150x150\" src=\"https:\/\/institutjoanbrudieu.cat\/public\/web_centre\/html\/documents\/fotos_videos_web\/Brudieu.jpg\" alt=\"Brudieu\" \/>250505 V\u00eddeo de presentaci\u00f3 de l&#8217;Institut realitzat per l&#8217;alumnat de l&#8217;Aula d&#8217;Acollida per a la gent Gran de la Seu<\/a><\/div>\n<div class=\"blocimg\"><a href=\"https:\/\/youtu.be\/mSpFcP_bP2w\" target=\"_blank\" rel=\"noopener noreferrer\"><img decoding=\"async\" class=\"size-thumbnail wp-image-1717 aligncenter img150x150\" src=\"https:\/\/institutjoanbrudieu.cat\/public\/web_centre\/html\/documents\/fotos_videos_web\/Tuixent.jpg\" alt=\"Tuixent\" \/>250410 Visita geol\u00f2gica a Tuixent (v\u00eddeo realitzat per Sara Coll)<\/a><\/div>\n<div class=\"blocimg\"><a href=\"https:\/\/youtu.be\/nmI7YUSli_I\" target=\"_blank\" rel=\"noopener noreferrer\"><img decoding=\"async\" class=\"size-thumbnail wp-image-1717 aligncenter img150x150\" src=\"https:\/\/institutjoanbrudieu.cat\/public\/web_centre\/html\/documents\/fotos_videos_web\/Tuixent.jpg\" alt=\"Tuixent\" \/>250410 Visita geol\u00f2gica a Tuixent (v\u00eddeo realitzat per Clara Sanjos\u00e9)<\/a><\/div>\n<div class=\"blocimg\"><a href=\"https:\/\/youtu.be\/Z450BlNKsNs\" target=\"_blank\" rel=\"noopener noreferrer\"><img decoding=\"async\" class=\"size-thumbnail wp-image-1717 aligncenter img150x150\" src=\"https:\/\/institutjoanbrudieu.cat\/public\/web_centre\/html\/documents\/fotos_videos_web\/250425_Setmana_FP.jpg\" alt=\"250425_Setmana_FP\" \/>250425 Setmana FP<\/a><\/div>\n<div class=\"blocimg\"><a href=\"https:\/\/youtu.be\/His7KiFxgKc\" target=\"_blank\" rel=\"noopener noreferrer\"><img decoding=\"async\" class=\"size-thumbnail wp-image-1717 aligncenter img150x150\" src=\"https:\/\/institutjoanbrudieu.cat\/public\/web_centre\/html\/documents\/fotos_videos_web\/250321_JAM_TdR.jpg\" alt=\"250321_JAM_TdR\" \/>250314 JAM de TdR (B2)<\/a><\/div>\n<div class=\"blocimg\"><a href=\"https:\/\/youtube.com\/shorts\/TqQhmae5gpM?feature=share\" target=\"_blank\" rel=\"noopener noreferrer\"><img decoding=\"async\" class=\"size-thumbnail wp-image-1717 aligncenter img150x150\" src=\"https:\/\/institutjoanbrudieu.cat\/public\/web_centre\/html\/documents\/fotos_videos_web\/250225_Visionat_frances.jpg\" alt=\"250225_Visionat_frances\" \/>250225 Visionat pel\u00b7l\u00edcula en franc\u00e8s<\/a><\/div>\n<div class=\"blocimg\"><a href=\"https:\/\/youtu.be\/6MG6RtObKbk\" target=\"_blank\" rel=\"noopener noreferrer\"><img decoding=\"async\" class=\"size-thumbnail wp-image-1717 aligncenter img150x150\" src=\"https:\/\/institutjoanbrudieu.cat\/public\/web_centre\/html\/documents\/fotos_videos_web\/250321_Taller_Primers_auxilis.jpg\" alt=\"250321_Taller_Primers_auxilis\" \/>250221 Taller de Primers auxilis (FP)<\/a><\/div>\n<div class=\"blocimg\"><a href=\"https:\/\/youtu.be\/Ak52a_FNIYs\" target=\"_blank\" rel=\"noopener noreferrer\"><img decoding=\"async\" class=\"size-thumbnail wp-image-1717 aligncenter img150x150\" src=\"https:\/\/institutjoanbrudieu.cat\/public\/web_centre\/html\/documents\/fotos_videos_web\/250212_Esquiada_Espot.jpg\" alt=\"250212_Esquiada_Espot\" \/>250212 Esquiada a Espot(alumnat B1 i S3)<\/a><\/div>\n<div class=\"blocimg\"><a href=\"https:\/\/youtu.be\/BpFxWMrDMaQ\" target=\"_blank\" rel=\"noopener noreferrer\"><img decoding=\"async\" class=\"size-thumbnail wp-image-1717 aligncenter img150x150\" src=\"https:\/\/institutjoanbrudieu.cat\/public\/web_centre\/html\/documents\/fotos_videos_web\/250206_Sessio_TdR_i_ODS.jpg\" alt=\"250206_Sessio_TdR_i_ODS\" \/>250206 Sessi\u00f3 TdR i ODS (alumnat B1)<\/a><\/div>\n<div class=\"blocimg\"><a href=\"https:\/\/youtube.com\/shorts\/GlKUfR7pXg0?feature=share\" target=\"_blank\" rel=\"noopener noreferrer\"><img decoding=\"async\" class=\"size-thumbnail wp-image-1717 aligncenter img150x150\" src=\"https:\/\/institutjoanbrudieu.cat\/public\/web_centre\/html\/documents\/fotos_videos_web\/250129_Copa_Cangur.jpg\" alt=\"250129_Copa_Cangur\" \/>250129 Copa Cangur<\/a><\/div>\n<div class=\"blocimg\"><a href=\"https:\/\/youtube.com\/shorts\/B1NaOsEAZ6w?feature=share\" target=\"_blank\" rel=\"noopener noreferrer\"><img decoding=\"async\" class=\"size-thumbnail wp-image-1717 aligncenter img150x150\" src=\"https:\/\/institutjoanbrudieu.cat\/public\/web_centre\/html\/documents\/fotos_videos_web\/250129_Copa_Cangur.jpg\" alt=\"250129_Copa_Cangur\" \/>250129 Copa Cangur<\/a><\/div>\n<div class=\"blocimg\"><a href=\"https:\/\/youtu.be\/PWhpegzs6Ww\" target=\"_blank\" rel=\"noopener noreferrer\"><img decoding=\"async\" class=\"size-thumbnail wp-image-1717 aligncenter img150x150\" src=\"https:\/\/institutjoanbrudieu.cat\/public\/web_centre\/html\/documents\/fotos_videos_web\/250129_Copa_Cangur.jpg\" alt=\"250129_Copa_Cangur\" \/>250129 Copa Cangur<\/a><\/div>\n<div class=\"blocimg\"><a href=\"https:\/\/youtu.be\/qd849jI3jPA\" target=\"_blank\" rel=\"noopener noreferrer\"><img decoding=\"async\" class=\"size-thumbnail wp-image-1717 aligncenter img150x150\" src=\"https:\/\/institutjoanbrudieu.cat\/public\/web_centre\/html\/documents\/fotos_videos_web\/250124_Caseta_hort_IFE.jpg\" alt=\"250124_Caseta_hort_IFE\" \/>250124 Caseta de l&#8217;hort (Alumnat IFE)<\/a><\/div>\n<div class=\"blocimg\"><a href=\"https:\/\/youtu.be\/9u_SSiGWSBs\" target=\"_blank\" rel=\"noopener noreferrer\"><img decoding=\"async\" class=\"size-thumbnail wp-image-1717 aligncenter img150x150\" src=\"https:\/\/institutjoanbrudieu.cat\/public\/web_centre\/html\/documents\/fotos_videos_web\/250122_cellula.jpg\" alt=\"250122_cellula\" \/>250122 Maquetes c\u00e8l\u00b7lules (Alumnat S1D)<\/a><\/div>\n<div class=\"blocimg\"><a href=\"https:\/\/youtu.be\/zkPKMl0N5ec\" target=\"_blank\" rel=\"noopener noreferrer\"><img decoding=\"async\" class=\"size-thumbnail wp-image-1717 aligncenter img150x150\" src=\"https:\/\/institutjoanbrudieu.cat\/public\/web_centre\/html\/documents\/fotos_videos_web\/250122_cellula.jpg\" alt=\"250122_cellula\" \/>250122 Maquetes c\u00e8l\u00b7lules (Alumnat S1C)<\/a><\/div>\n<div class=\"blocimg\"><a href=\"https:\/\/youtu.be\/A6uJpXc0b5E\" target=\"_blank\" rel=\"noopener noreferrer\"><img decoding=\"async\" class=\"size-thumbnail wp-image-1717 aligncenter img150x150\" src=\"https:\/\/institutjoanbrudieu.cat\/public\/web_centre\/html\/documents\/fotos_videos_web\/250122_cellula.jpg\" alt=\"250122_cellula\" \/>250122 Maquetes c\u00e8l\u00b7lules (Alumnat S1B)<\/a><\/div>\n<div class=\"blocimg\"><a href=\"https:\/\/youtu.be\/hUGUIO_NwyA\" target=\"_blank\" rel=\"noopener noreferrer\"><img decoding=\"async\" class=\"size-thumbnail wp-image-1717 aligncenter img150x150\" src=\"https:\/\/institutjoanbrudieu.cat\/public\/web_centre\/html\/documents\/fotos_videos_web\/250122_cellula.jpg\" alt=\"250122_cellula\" \/>250122 Maquetes c\u00e8l\u00b7lules (Alumnat S1A)<\/a><\/div>\n<div class=\"blocimg\"><a href=\"https:\/\/youtu.be\/qU_MEj-yH3Y\" target=\"_blank\" rel=\"noopener noreferrer\"><img decoding=\"async\" class=\"size-thumbnail wp-image-1717 aligncenter img150x150\" src=\"https:\/\/institutjoanbrudieu.cat\/public\/web_centre\/html\/documents\/fotos_videos_web\/241219_Concert_Nadal.jpg\" alt=\"241219_Concert_Nadal\" \/>241220 Concert de Nadal (mat\u00ed)<\/a><\/div>\n<div class=\"blocimg\"><a href=\"https:\/\/youtu.be\/tUCSHWR4YGE\" target=\"_blank\" rel=\"noopener noreferrer\"><img decoding=\"async\" class=\"size-thumbnail wp-image-1717 aligncenter img150x150\" src=\"https:\/\/institutjoanbrudieu.cat\/public\/web_centre\/html\/documents\/fotos_videos_web\/241219_Concert_Nadal.jpg\" alt=\"241219_Concert_Nadal\" \/>241219 Concert de Nadal (vespre)<\/a><\/div>\n<div class=\"blocimg\"><a href=\"https:\/\/youtu.be\/fabh7ecQMIo\" target=\"_blank\" rel=\"noopener noreferrer\"><img decoding=\"async\" class=\"size-thumbnail wp-image-1717 aligncenter img150x150\" src=\"https:\/\/institutjoanbrudieu.cat\/public\/web_centre\/html\/documents\/fotos_videos_web\/241010_Activitats_cohesio_FP_mati.jpg\" alt=\"241010_Activitats_cohesio_FP_mati\" \/>241010 Activitats de cohesi\u00f3 FP (torn mat\u00ed)<\/a><\/div>\n<div class=\"blocimg\"><a href=\"https:\/\/youtu.be\/1Gg1beewvg8\" target=\"_blank\" rel=\"noopener noreferrer\"><img decoding=\"async\" class=\"size-thumbnail wp-image-1717 aligncenter img150x150\" src=\"https:\/\/institutjoanbrudieu.cat\/public\/web_centre\/html\/documents\/fotos_videos_web\/241005_Ball_cerda_intergeneracional.jpg\" alt=\"241005_Ball_cerda_intergeneracional\" \/>241005 Ball Cerd\u00e0 Intergeneracional (v\u00eddeo #2)<\/a><\/div>\n<div class=\"blocimg\"><a href=\"https:\/\/youtu.be\/wc9tHvzhm6E\" target=\"_blank\" rel=\"noopener noreferrer\"><img decoding=\"async\" class=\"size-thumbnail wp-image-1717 aligncenter img150x150\" src=\"https:\/\/institutjoanbrudieu.cat\/public\/web_centre\/html\/documents\/fotos_videos_web\/241005_Ball_cerda_intergeneracional.jpg\" alt=\"241005_Ball_cerda_intergeneracional\" \/>241005 Ball Cerd\u00e0 Intergeneracional (v\u00eddeo #1)<\/a><\/div>\n","protected":false},"excerpt":{"rendered":"<p>CURS 2024-2025 250619 Cloenda 4t ESO: v\u00eddeo resum promoci\u00f3 2021-2025 250613 Viatge a It\u00e0lia de 4t ESO 250610 IFE al Parc del Secre: tots passats per aigua 250505 V\u00eddeo de presentaci\u00f3 de l&#8217;Institut realitzat per l&#8217;alumnat de l&#8217;Aula d&#8217;Acollida per a la gent Gran de la Seu 250410 Visita geol\u00f2gica a Tuixent (v\u00eddeo realitzat per [&hellip;]<\/p>\n","protected":false},"author":1,"featured_media":0,"parent":2043,"menu_order":14,"comment_status":"closed","ping_status":"closed","template":"page-templates\/side-menu.php","meta":{"_bbp_topic_count":0,"_bbp_reply_count":0,"_bbp_total_topic_count":0,"_bbp_total_reply_count":0,"_bbp_voice_count":0,"_bbp_anonymous_reply_count":0,"_bbp_topic_count_hidden":0,"_bbp_reply_count_hidden":0,"_bbp_forum_subforum_count":0,"site-sidebar-layout":"default","site-content-layout":"","ast-site-content-layout":"","site-content-style":"default","site-sidebar-style":"default","ast-global-header-display":"","ast-banner-title-visibility":"","ast-main-header-display":"","ast-hfb-above-header-display":"","ast-hfb-below-header-display":"","ast-hfb-mobile-header-display":"","site-post-title":"","ast-breadcrumbs-content":"","ast-featured-img":"","footer-sml-layout":"","theme-transparent-header-meta":"","adv-header-id-meta":"","stick-header-meta":"","header-above-stick-meta":"","header-main-stick-meta":"","header-below-stick-meta":"","astra-migrate-meta-layouts":"default","ast-page-background-enabled":"default","ast-page-background-meta":{"desktop":{"background-color":"var(--ast-global-color-4)","background-image":"","background-repeat":"repeat","background-position":"center center","background-size":"auto","background-attachment":"scroll","background-type":"","background-media":"","overlay-type":"","overlay-color":"","overlay-opacity":"","overlay-gradient":""},"tablet":{"background-color":"","background-image":"","background-repeat":"repeat","background-position":"center center","background-size":"auto","background-attachment":"scroll","background-type":"","background-media":"","overlay-type":"","overlay-color":"","overlay-opacity":"","overlay-gradient":""},"mobile":{"background-color":"","background-image":"","background-repeat":"repeat","background-position":"center center","background-size":"auto","background-attachment":"scroll","background-type":"","background-media":"","overlay-type":"","overlay-color":"","overlay-opacity":"","overlay-gradient":""}},"ast-content-background-meta":{"desktop":{"background-color":"var(--ast-global-color-5)","background-image":"","background-repeat":"repeat","background-position":"center center","background-size":"auto","background-attachment":"scroll","background-type":"","background-media":"","overlay-type":"","overlay-color":"","overlay-opacity":"","overlay-gradient":""},"tablet":{"background-color":"var(--ast-global-color-5)","background-image":"","background-repeat":"repeat","background-position":"center center","background-size":"auto","background-attachment":"scroll","background-type":"","background-media":"","overlay-type":"","overlay-color":"","overlay-opacity":"","overlay-gradient":""},"mobile":{"background-color":"var(--ast-global-color-5)","background-image":"","background-repeat":"repeat","background-position":"center center","background-size":"auto","background-attachment":"scroll","background-type":"","background-media":"","overlay-type":"","overlay-color":"","overlay-opacity":"","overlay-gradient":""}},"footnotes":""},"class_list":["post-10315","page","type-page","status-publish","hentry"],"post_mailing_queue_ids":[],"_links":{"self":[{"href":"https:\/\/agora.xtec.cat\/iesjoanbrudieu\/wp-json\/wp\/v2\/pages\/10315","targetHints":{"allow":["GET"]}}],"collection":[{"href":"https:\/\/agora.xtec.cat\/iesjoanbrudieu\/wp-json\/wp\/v2\/pages"}],"about":[{"href":"https:\/\/agora.xtec.cat\/iesjoanbrudieu\/wp-json\/wp\/v2\/types\/page"}],"author":[{"embeddable":true,"href":"https:\/\/agora.xtec.cat\/iesjoanbrudieu\/wp-json\/wp\/v2\/users\/1"}],"replies":[{"embeddable":true,"href":"https:\/\/agora.xtec.cat\/iesjoanbrudieu\/wp-json\/wp\/v2\/comments?post=10315"}],"version-history":[{"count":1,"href":"https:\/\/agora.xtec.cat\/iesjoanbrudieu\/wp-json\/wp\/v2\/pages\/10315\/revisions"}],"predecessor-version":[{"id":10316,"href":"https:\/\/agora.xtec.cat\/iesjoanbrudieu\/wp-json\/wp\/v2\/pages\/10315\/revisions\/10316"}],"up":[{"embeddable":true,"href":"https:\/\/agora.xtec.cat\/iesjoanbrudieu\/wp-json\/wp\/v2\/pages\/2043"}],"wp:attachment":[{"href":"https:\/\/agora.xtec.cat\/iesjoanbrudieu\/wp-json\/wp\/v2\/media?parent=10315"}],"curies":[{"name":"wp","href":"https:\/\/api.w.org\/{rel}","templated":true}]}}