{"id":43,"date":"2014-09-17T16:45:07","date_gmt":"2014-09-17T16:45:07","guid":{"rendered":"http:\/\/agora.xtec.cat\/iesjoanbrossa\/?page_id=43"},"modified":"2026-05-07T22:11:56","modified_gmt":"2026-05-07T20:11:56","slug":"consell-escolar","status":"publish","type":"page","link":"https:\/\/agora.xtec.cat\/iesjoanbrossa\/qui-som-2\/consell-escolar\/","title":{"rendered":"Consell Escolar"},"content":{"rendered":"\n<div class=\"wp-block-columns is-layout-flex wp-container-core-columns-is-layout-1 wp-block-columns-is-layout-flex\" style=\"padding-top:var(--wp--preset--spacing--20);padding-left:0\">\n<div class=\"wp-block-column is-layout-flow wp-block-column-is-layout-flow\" style=\"padding-right:0;padding-left:var(--wp--preset--spacing--50);flex-basis:100%\">\n<p>El consell escolar del centre \u00e9s l&#8217;<strong>\u00f2rgan col\u00b7legiat de participaci\u00f3<\/strong>\u00a0de la comunitat escolar en el govern del centre. En el consell escolar hi ha representats tots els col\u00b7lectius que intervenen en la comunitat educativa: director o directora, professorat, alumnes, personal d&#8217;administraci\u00f3 i serveis, etc.<\/p>\n<p>Els membres del consell escolar s\u00f3n elegits per un per\u00edode de quatre anys i es renoven per meitats cada dos anys.<\/p>\n<p><em>Composici\u00f3 del Consell Escolar:\u00a0<\/em><\/p>\n<p>\u2013 Director\/a, i President\/a del Consell Escolar.\u00a0<br \/>\u2013 Cap d\u2019Estudis.\u00a0<br \/>\u2013 Secretari\/a (Sense vot)\u00a0<br \/>\u2013 Sector alumnat: 3 representants<br \/>\u2013 Sector fam\u00edlies: 3 representants<br \/>\u2013 Sector professorat: 6 representants\u00a0<br \/>\u2013 Representant de l\u2019AFA<br \/>\u2013 Representant d\u2019administraci\u00f3 i serveis<br \/>\u2013 Representant Municipal<\/p>\n<p><span style=\"color: #ff0000;\"><strong>ACORDS del Consell Escolar<br \/><\/strong><\/span><img loading=\"lazy\" decoding=\"async\" class=\"wp-image-1148 alignleft\" src=\"https:\/\/agora.xtec.cat\/iesjoanbrossa\/wp-content\/uploads\/usu3062\/2025\/03\/flecha-correcta-e1741865864502.png\" alt=\"\" width=\"40\" height=\"26\" srcset=\"https:\/\/agora.xtec.cat\/iesjoanbrossa\/wp-content\/uploads\/usu3062\/2025\/03\/flecha-correcta-e1741865864502.png 378w, https:\/\/agora.xtec.cat\/iesjoanbrossa\/wp-content\/uploads\/usu3062\/2025\/03\/flecha-correcta-e1741865864502-300x197.png 300w\" sizes=\"auto, (max-width: 40px) 100vw, 40px\" \/> Consulteu els documents aqu\u00ed.<\/p>\n<\/div>\n<\/div>\n\n\n\n\n","protected":false},"excerpt":{"rendered":"<p>El consell escolar del centre \u00e9s l&#8217;\u00f2rgan col\u00b7legiat de participaci\u00f3\u00a0de la comunitat escolar en el govern del centre. En el consell escolar hi ha representats tots els col\u00b7lectius que intervenen en la comunitat educativa: director o directora, professorat, alumnes, personal d&#8217;administraci\u00f3 i serveis, etc. Els membres del consell escolar s\u00f3n elegits per un per\u00edode de [&hellip;]<\/p>\n","protected":false},"author":1,"featured_media":0,"parent":1006,"menu_order":30,"comment_status":"closed","ping_status":"closed","template":"","meta":{"site-sidebar-layout":"left-sidebar","site-content-layout":"","ast-site-content-layout":"default","site-content-style":"default","site-sidebar-style":"default","ast-global-header-display":"","ast-banner-title-visibility":"","ast-main-header-display":"","ast-hfb-above-header-display":"","ast-hfb-below-header-display":"","ast-hfb-mobile-header-display":"","site-post-title":"","ast-breadcrumbs-content":"","ast-featured-img":"","footer-sml-layout":"","theme-transparent-header-meta":"","adv-header-id-meta":"","stick-header-meta":"","header-above-stick-meta":"","header-main-stick-meta":"","header-below-stick-meta":"","astra-migrate-meta-layouts":"set","ast-page-background-enabled":"default","ast-page-background-meta":{"desktop":{"background-color":"var(--ast-global-color-4)","background-image":"","background-repeat":"repeat","background-position":"center center","background-size":"auto","background-attachment":"scroll","background-type":"","background-media":"","overlay-type":"","overlay-color":"","overlay-opacity":"","overlay-gradient":""},"tablet":{"background-color":"","background-image":"","background-repeat":"repeat","background-position":"center center","background-size":"auto","background-attachment":"scroll","background-type":"","background-media":"","overlay-type":"","overlay-color":"","overlay-opacity":"","overlay-gradient":""},"mobile":{"background-color":"","background-image":"","background-repeat":"repeat","background-position":"center center","background-size":"auto","background-attachment":"scroll","background-type":"","background-media":"","overlay-type":"","overlay-color":"","overlay-opacity":"","overlay-gradient":""}},"ast-content-background-meta":{"desktop":{"background-color":"var(--ast-global-color-5)","background-image":"","background-repeat":"repeat","background-position":"center center","background-size":"auto","background-attachment":"scroll","background-type":"","background-media":"","overlay-type":"","overlay-color":"","overlay-opacity":"","overlay-gradient":""},"tablet":{"background-color":"var(--ast-global-color-5)","background-image":"","background-repeat":"repeat","background-position":"center center","background-size":"auto","background-attachment":"scroll","background-type":"","background-media":"","overlay-type":"","overlay-color":"","overlay-opacity":"","overlay-gradient":""},"mobile":{"background-color":"var(--ast-global-color-5)","background-image":"","background-repeat":"repeat","background-position":"center center","background-size":"auto","background-attachment":"scroll","background-type":"","background-media":"","overlay-type":"","overlay-color":"","overlay-opacity":"","overlay-gradient":""}},"footnotes":""},"class_list":["post-43","page","type-page","status-publish","hentry"],"post_mailing_queue_ids":[],"_links":{"self":[{"href":"https:\/\/agora.xtec.cat\/iesjoanbrossa\/wp-json\/wp\/v2\/pages\/43","targetHints":{"allow":["GET"]}}],"collection":[{"href":"https:\/\/agora.xtec.cat\/iesjoanbrossa\/wp-json\/wp\/v2\/pages"}],"about":[{"href":"https:\/\/agora.xtec.cat\/iesjoanbrossa\/wp-json\/wp\/v2\/types\/page"}],"author":[{"embeddable":true,"href":"https:\/\/agora.xtec.cat\/iesjoanbrossa\/wp-json\/wp\/v2\/users\/1"}],"replies":[{"embeddable":true,"href":"https:\/\/agora.xtec.cat\/iesjoanbrossa\/wp-json\/wp\/v2\/comments?post=43"}],"version-history":[{"count":6,"href":"https:\/\/agora.xtec.cat\/iesjoanbrossa\/wp-json\/wp\/v2\/pages\/43\/revisions"}],"predecessor-version":[{"id":1975,"href":"https:\/\/agora.xtec.cat\/iesjoanbrossa\/wp-json\/wp\/v2\/pages\/43\/revisions\/1975"}],"up":[{"embeddable":true,"href":"https:\/\/agora.xtec.cat\/iesjoanbrossa\/wp-json\/wp\/v2\/pages\/1006"}],"wp:attachment":[{"href":"https:\/\/agora.xtec.cat\/iesjoanbrossa\/wp-json\/wp\/v2\/media?parent=43"}],"curies":[{"name":"wp","href":"https:\/\/api.w.org\/{rel}","templated":true}]}}