{"id":27,"date":"2014-09-17T16:24:03","date_gmt":"2014-09-17T16:24:03","guid":{"rendered":"http:\/\/agora.xtec.cat\/iesjoanbrossa\/?page_id=27"},"modified":"2026-05-07T20:07:57","modified_gmt":"2026-05-07T18:07:57","slug":"historia","status":"publish","type":"page","link":"https:\/\/agora.xtec.cat\/iesjoanbrossa\/qui-som-2\/historia\/","title":{"rendered":"Hist\u00f2ria"},"content":{"rendered":"\n<div class=\"wp-block-columns is-layout-flex wp-container-core-columns-is-layout-1 wp-block-columns-is-layout-flex\" style=\"padding-top:0;padding-bottom:0\">\n<div class=\"wp-block-column is-layout-flow wp-block-column-is-layout-flow\" style=\"flex-basis:66.66%\">\n<p>En el solar on es troba l&#8217;actual Institut Joan Brossa hi havia hagut l&#8217;hospital de la col\u00f2nia francesa barcelonina (Hospital Maison d&#8217;Assistance Fran\u00e7aise), inaugurat l&#8217;any 1917. Despr\u00e9s de la Guerra va ser convertit en hospici i se li va afegir l&#8217;actual capella. L&#8217;any 1968 es va construir al costat, de nova planta, l&#8217;edifici de la <i>Escuela de Formaci\u00f3n Profesional Jos\u00e9 Antonio Gir\u00f3n<\/i>, projectat per l&#8217;arquitecte Francisco de As\u00eds Cabrero (Santander, 1912 &#8211; 2005) i constru\u00eft, en un temps r\u00e8cord, l&#8217;any 1968.<\/p>\n<p>Posteriorment, el complex va ser transformat en el nou IES Joan Brossa, fruit de la fusi\u00f3 de l\u2019IES Mare de D\u00e9u de Montserrat i de l\u2019IES Guinard\u00f3.<\/p>\n<p>Tot el conjunt va ser objecte de reforma, entre 2006 i 2010, segons projecte de l&#8217;arquitecte Xavier G\u00fcell. De l&#8217;edifici primigeni nom\u00e9s s&#8217;ha conservat la capella.<\/p>\n<p>El curs 2024 &#8211; 2025 el conjunt arquitect\u00f2nic queda dividit en dos instituts diferents, l&#8217;Institut de Formaci\u00f3 Empresarial de Barcelona (Hereu dels cicles formatius del Brossa), que es queda amb la part superior, i l&#8217;Institut Joan Brossa, que es queda amb el nom i la resta de les instal\u00b7lacions.<\/p>\n<\/div>\n\n\n\n<div class=\"wp-block-column is-layout-flow wp-block-column-is-layout-flow\" style=\"flex-basis:33.33%\">\n<figure data-wp-context=\"{&quot;imageId&quot;:&quot;6a072c00ba32f&quot;}\" data-wp-interactive=\"core\/image\" class=\"wp-block-image size-full is-resized wp-lightbox-container\"><img loading=\"lazy\" decoding=\"async\" width=\"400\" height=\"223\" data-wp-class--hide=\"state.isContentHidden\" data-wp-class--show=\"state.isContentVisible\" data-wp-init=\"callbacks.setButtonStyles\" data-wp-on-async--click=\"actions.showLightbox\" data-wp-on-async--load=\"callbacks.setButtonStyles\" data-wp-on-async-window--resize=\"callbacks.setButtonStyles\" src=\"https:\/\/agora.xtec.cat\/iesjoanbrossa\/wp-content\/uploads\/usu3062\/2025\/01\/assistance3.png\" alt=\"\" class=\"wp-image-846\" style=\"width:275px;height:auto\" srcset=\"https:\/\/agora.xtec.cat\/iesjoanbrossa\/wp-content\/uploads\/usu3062\/2025\/01\/assistance3.png 400w, https:\/\/agora.xtec.cat\/iesjoanbrossa\/wp-content\/uploads\/usu3062\/2025\/01\/assistance3-300x167.png 300w\" sizes=\"auto, (max-width: 400px) 100vw, 400px\" \/><button\n\t\t\tclass=\"lightbox-trigger\"\n\t\t\ttype=\"button\"\n\t\t\taria-haspopup=\"dialog\"\n\t\t\taria-label=\"Amplia la imatge\"\n\t\t\tdata-wp-init=\"callbacks.initTriggerButton\"\n\t\t\tdata-wp-on-async--click=\"actions.showLightbox\"\n\t\t\tdata-wp-style--right=\"state.imageButtonRight\"\n\t\t\tdata-wp-style--top=\"state.imageButtonTop\"\n\t\t>\n\t\t\t<svg xmlns=\"http:\/\/www.w3.org\/2000\/svg\" width=\"12\" height=\"12\" fill=\"none\" viewBox=\"0 0 12 12\">\n\t\t\t\t<path fill=\"#fff\" d=\"M2 0a2 2 0 0 0-2 2v2h1.5V2a.5.5 0 0 1 .5-.5h2V0H2Zm2 10.5H2a.5.5 0 0 1-.5-.5V8H0v2a2 2 0 0 0 2 2h2v-1.5ZM8 12v-1.5h2a.5.5 0 0 0 .5-.5V8H12v2a2 2 0 0 1-2 2H8Zm2-12a2 2 0 0 1 2 2v2h-1.5V2a.5.5 0 0 0-.5-.5H8V0h2Z\" \/>\n\t\t\t<\/svg>\n\t\t<\/button><figcaption class=\"wp-element-caption\"><sub><sup>Vista de l&#8217;<em>Hospital Maison d&#8217;Assistance Fran\u00e7aise<\/em>&nbsp;a la Pla\u00e7a de la Font Castellana, 1920. <\/sup><\/sub><br><sub><sup>(Foto:&nbsp;<em>Josep Brangul\u00ed<\/em>) <\/sup><\/sub><\/figcaption><\/figure>\n<\/div>\n<\/div>\n\n\n","protected":false},"excerpt":{"rendered":"<p>En el solar on es troba l&#8217;actual Institut Joan Brossa hi havia hagut l&#8217;hospital de la col\u00f2nia francesa barcelonina (Hospital Maison d&#8217;Assistance Fran\u00e7aise), inaugurat l&#8217;any 1917. Despr\u00e9s de la Guerra va ser convertit en hospici i se li va afegir l&#8217;actual capella. L&#8217;any 1968 es va construir al costat, de nova planta, l&#8217;edifici de la [&hellip;]<\/p>\n","protected":false},"author":1,"featured_media":0,"parent":1006,"menu_order":10,"comment_status":"closed","ping_status":"closed","template":"","meta":{"site-sidebar-layout":"left-sidebar","site-content-layout":"","ast-site-content-layout":"default","site-content-style":"default","site-sidebar-style":"default","ast-global-header-display":"","ast-banner-title-visibility":"","ast-main-header-display":"","ast-hfb-above-header-display":"","ast-hfb-below-header-display":"","ast-hfb-mobile-header-display":"","site-post-title":"","ast-breadcrumbs-content":"","ast-featured-img":"","footer-sml-layout":"","theme-transparent-header-meta":"","adv-header-id-meta":"","stick-header-meta":"","header-above-stick-meta":"","header-main-stick-meta":"","header-below-stick-meta":"","astra-migrate-meta-layouts":"set","ast-page-background-enabled":"default","ast-page-background-meta":{"desktop":{"background-color":"var(--ast-global-color-4)","background-image":"","background-repeat":"repeat","background-position":"center center","background-size":"auto","background-attachment":"scroll","background-type":"","background-media":"","overlay-type":"","overlay-color":"","overlay-opacity":"","overlay-gradient":""},"tablet":{"background-color":"","background-image":"","background-repeat":"repeat","background-position":"center center","background-size":"auto","background-attachment":"scroll","background-type":"","background-media":"","overlay-type":"","overlay-color":"","overlay-opacity":"","overlay-gradient":""},"mobile":{"background-color":"","background-image":"","background-repeat":"repeat","background-position":"center center","background-size":"auto","background-attachment":"scroll","background-type":"","background-media":"","overlay-type":"","overlay-color":"","overlay-opacity":"","overlay-gradient":""}},"ast-content-background-meta":{"desktop":{"background-color":"var(--ast-global-color-5)","background-image":"","background-repeat":"repeat","background-position":"center center","background-size":"auto","background-attachment":"scroll","background-type":"","background-media":"","overlay-type":"","overlay-color":"","overlay-opacity":"","overlay-gradient":""},"tablet":{"background-color":"var(--ast-global-color-5)","background-image":"","background-repeat":"repeat","background-position":"center center","background-size":"auto","background-attachment":"scroll","background-type":"","background-media":"","overlay-type":"","overlay-color":"","overlay-opacity":"","overlay-gradient":""},"mobile":{"background-color":"var(--ast-global-color-5)","background-image":"","background-repeat":"repeat","background-position":"center center","background-size":"auto","background-attachment":"scroll","background-type":"","background-media":"","overlay-type":"","overlay-color":"","overlay-opacity":"","overlay-gradient":""}},"footnotes":""},"class_list":["post-27","page","type-page","status-publish","hentry"],"post_mailing_queue_ids":[],"_links":{"self":[{"href":"https:\/\/agora.xtec.cat\/iesjoanbrossa\/wp-json\/wp\/v2\/pages\/27","targetHints":{"allow":["GET"]}}],"collection":[{"href":"https:\/\/agora.xtec.cat\/iesjoanbrossa\/wp-json\/wp\/v2\/pages"}],"about":[{"href":"https:\/\/agora.xtec.cat\/iesjoanbrossa\/wp-json\/wp\/v2\/types\/page"}],"author":[{"embeddable":true,"href":"https:\/\/agora.xtec.cat\/iesjoanbrossa\/wp-json\/wp\/v2\/users\/1"}],"replies":[{"embeddable":true,"href":"https:\/\/agora.xtec.cat\/iesjoanbrossa\/wp-json\/wp\/v2\/comments?post=27"}],"version-history":[{"count":6,"href":"https:\/\/agora.xtec.cat\/iesjoanbrossa\/wp-json\/wp\/v2\/pages\/27\/revisions"}],"predecessor-version":[{"id":1905,"href":"https:\/\/agora.xtec.cat\/iesjoanbrossa\/wp-json\/wp\/v2\/pages\/27\/revisions\/1905"}],"up":[{"embeddable":true,"href":"https:\/\/agora.xtec.cat\/iesjoanbrossa\/wp-json\/wp\/v2\/pages\/1006"}],"wp:attachment":[{"href":"https:\/\/agora.xtec.cat\/iesjoanbrossa\/wp-json\/wp\/v2\/media?parent=27"}],"curies":[{"name":"wp","href":"https:\/\/api.w.org\/{rel}","templated":true}]}}