{"id":21,"date":"2014-09-17T16:14:14","date_gmt":"2014-09-17T16:14:14","guid":{"rendered":"http:\/\/agora.xtec.cat\/iesjoanbrossa\/?page_id=21"},"modified":"2026-05-07T22:25:08","modified_gmt":"2026-05-07T20:25:08","slug":"contacte","status":"publish","type":"page","link":"https:\/\/agora.xtec.cat\/iesjoanbrossa\/contacte\/","title":{"rendered":"Contacte"},"content":{"rendered":"\n<div class=\"wp-block-columns is-layout-flex wp-container-core-columns-is-layout-1 wp-block-columns-is-layout-flex\">\n<div class=\"wp-block-column is-layout-flow wp-block-column-is-layout-flow\" style=\"flex-basis:66.66%\">\n<p><strong>Institut Joan Brossa<\/strong><br>Carrer Thous, 40. 08024 Barcelona *<br>Tel\u00e8fon: 934 335 180<br>Mail: <a href=\"mailto:iesjoanbrossa@xtec.cat\"><a href=\"mailto:a8057540@xtec.cat\">a8057540@xtec.cat<\/a><\/a><\/p>\n\n\n\n<p><em>* Des del curs 24-25, l&#8217;acc\u00e9s a l&#8217;Institut \u00e9s pel Carrer Thous.<\/em><\/p>\n\n\n\n<p><\/p>\n<figure class=\"wp-block-image size-full is-resized\"><a href=\"https:\/\/agora.xtec.cat\/iesjoanbrossa\/wp-content\/uploads\/usu3062\/2025\/01\/Localitzacio.jpg\"><img loading=\"lazy\" decoding=\"async\" class=\"wp-image-823\" src=\"https:\/\/agora.xtec.cat\/iesjoanbrossa\/wp-content\/uploads\/usu3062\/2025\/01\/Localitzacio.jpg\" alt=\"\" width=\"700\" height=\"497\" srcset=\"https:\/\/agora.xtec.cat\/iesjoanbrossa\/wp-content\/uploads\/usu3062\/2025\/01\/Localitzacio.jpg 959w, https:\/\/agora.xtec.cat\/iesjoanbrossa\/wp-content\/uploads\/usu3062\/2025\/01\/Localitzacio-300x213.jpg 300w, https:\/\/agora.xtec.cat\/iesjoanbrossa\/wp-content\/uploads\/usu3062\/2025\/01\/Localitzacio-768x545.jpg 768w\" sizes=\"auto, (max-width: 700px) 100vw, 700px\" \/><\/a><\/figure>\n<p><\/p>\n<\/div>\n\n\n\n<div class=\"wp-block-column is-layout-flow wp-block-column-is-layout-flow\" style=\"flex-basis:33.33%\">\n<p><strong><img decoding=\"async\" style=\"width: 18px;\" src=\"https:\/\/cdn-icons-png.flaticon.com\/512\/992\/992700.png\" alt=\"Reloj - Iconos gratis de diverso\"><\/strong> <strong>Horari del centre<\/strong><br>De dilluns a dimecres de 8 a 17 h<br>Dijous i divendres de 8 a 15 h<br><strong>Horari d&#8217;estiu<\/strong> de l&#8217;1 al 15 de juliol i primera setmana de setembre de  8 a 14.30 h. <\/p>\n\n\n\n<p><strong><img decoding=\"async\" style=\"width: 18px;\" src=\"https:\/\/cdn-icons-png.flaticon.com\/512\/992\/992700.png\" alt=\"Reloj - Iconos gratis de diverso\"><\/strong> <strong>Horari d&#8217;atenci\u00f3 al p\u00fablic de secretaria<\/strong><\/p>\n\n\n\n<p>Dilluns i dimarts de 9 a 13 h i de 15 a 16.30 h<br>De dimecres a divendres de 9 a 13 h<br><strong>Horari d&#8217;estiu<\/strong> de l&#8217;1 de juny al 30 de setembre de 9 a 13 h<\/p>\n\n\n<\/div>\n<\/div>\n\n\n\n<div class=\"wp-block-group is-layout-constrained wp-container-core-group-is-layout-2 wp-block-group-is-layout-constrained\" style=\"padding-top:0;padding-left:var(--wp--preset--spacing--20)\">\n<div class=\"wp-block-group is-layout-constrained wp-block-group-is-layout-constrained\">\n<p><strong>Com arribar-hi<\/strong><br>&#8211; Amb metro: l\u00ednia groga estaci\u00f3 Alfons X.<br>&#8211; Amb bus: L\u00ednies H6, D40, V19, V21, 39, 191. 114. <br><\/p>\n<\/div>\n<\/div>\n","protected":false},"excerpt":{"rendered":"<p>Institut Joan BrossaCarrer Thous, 40. 08024 Barcelona *Tel\u00e8fon: 934 335 180Mail: a8057540@xtec.cat * Des del curs 24-25, l&#8217;acc\u00e9s a l&#8217;Institut \u00e9s pel Carrer Thous. Horari del centreDe dilluns a dimecres de 8 a 17 hDijous i divendres de 8 a 15 hHorari d&#8217;estiu de l&#8217;1 al 15 de juliol i primera setmana de setembre de [&hellip;]<\/p>\n","protected":false},"author":1,"featured_media":0,"parent":0,"menu_order":10,"comment_status":"closed","ping_status":"closed","template":"","meta":{"site-sidebar-layout":"no-sidebar","site-content-layout":"","ast-site-content-layout":"default","site-content-style":"default","site-sidebar-style":"default","ast-global-header-display":"","ast-banner-title-visibility":"","ast-main-header-display":"","ast-hfb-above-header-display":"","ast-hfb-below-header-display":"","ast-hfb-mobile-header-display":"","site-post-title":"","ast-breadcrumbs-content":"","ast-featured-img":"","footer-sml-layout":"","theme-transparent-header-meta":"","adv-header-id-meta":"","stick-header-meta":"","header-above-stick-meta":"","header-main-stick-meta":"","header-below-stick-meta":"","astra-migrate-meta-layouts":"set","ast-page-background-enabled":"default","ast-page-background-meta":{"desktop":{"background-color":"var(--ast-global-color-4)","background-image":"","background-repeat":"repeat","background-position":"center center","background-size":"auto","background-attachment":"scroll","background-type":"","background-media":"","overlay-type":"","overlay-color":"","overlay-opacity":"","overlay-gradient":""},"tablet":{"background-color":"","background-image":"","background-repeat":"repeat","background-position":"center center","background-size":"auto","background-attachment":"scroll","background-type":"","background-media":"","overlay-type":"","overlay-color":"","overlay-opacity":"","overlay-gradient":""},"mobile":{"background-color":"","background-image":"","background-repeat":"repeat","background-position":"center center","background-size":"auto","background-attachment":"scroll","background-type":"","background-media":"","overlay-type":"","overlay-color":"","overlay-opacity":"","overlay-gradient":""}},"ast-content-background-meta":{"desktop":{"background-color":"var(--ast-global-color-5)","background-image":"","background-repeat":"repeat","background-position":"center center","background-size":"auto","background-attachment":"scroll","background-type":"","background-media":"","overlay-type":"","overlay-color":"","overlay-opacity":"","overlay-gradient":""},"tablet":{"background-color":"var(--ast-global-color-5)","background-image":"","background-repeat":"repeat","background-position":"center center","background-size":"auto","background-attachment":"scroll","background-type":"","background-media":"","overlay-type":"","overlay-color":"","overlay-opacity":"","overlay-gradient":""},"mobile":{"background-color":"var(--ast-global-color-5)","background-image":"","background-repeat":"repeat","background-position":"center center","background-size":"auto","background-attachment":"scroll","background-type":"","background-media":"","overlay-type":"","overlay-color":"","overlay-opacity":"","overlay-gradient":""}},"footnotes":""},"class_list":["post-21","page","type-page","status-publish","hentry"],"post_mailing_queue_ids":[],"_links":{"self":[{"href":"https:\/\/agora.xtec.cat\/iesjoanbrossa\/wp-json\/wp\/v2\/pages\/21","targetHints":{"allow":["GET"]}}],"collection":[{"href":"https:\/\/agora.xtec.cat\/iesjoanbrossa\/wp-json\/wp\/v2\/pages"}],"about":[{"href":"https:\/\/agora.xtec.cat\/iesjoanbrossa\/wp-json\/wp\/v2\/types\/page"}],"author":[{"embeddable":true,"href":"https:\/\/agora.xtec.cat\/iesjoanbrossa\/wp-json\/wp\/v2\/users\/1"}],"replies":[{"embeddable":true,"href":"https:\/\/agora.xtec.cat\/iesjoanbrossa\/wp-json\/wp\/v2\/comments?post=21"}],"version-history":[{"count":6,"href":"https:\/\/agora.xtec.cat\/iesjoanbrossa\/wp-json\/wp\/v2\/pages\/21\/revisions"}],"predecessor-version":[{"id":1987,"href":"https:\/\/agora.xtec.cat\/iesjoanbrossa\/wp-json\/wp\/v2\/pages\/21\/revisions\/1987"}],"wp:attachment":[{"href":"https:\/\/agora.xtec.cat\/iesjoanbrossa\/wp-json\/wp\/v2\/media?parent=21"}],"curies":[{"name":"wp","href":"https:\/\/api.w.org\/{rel}","templated":true}]}}