{"id":1655,"date":"2026-01-26T18:25:41","date_gmt":"2026-01-26T17:25:41","guid":{"rendered":"https:\/\/agora.xtec.cat\/iesjoanbrossa\/?page_id=1655"},"modified":"2026-05-08T23:38:17","modified_gmt":"2026-05-08T21:38:17","slug":"projectes-i-programes","status":"publish","type":"page","link":"https:\/\/agora.xtec.cat\/iesjoanbrossa\/projecte-educatiu-2\/projectes-i-programes\/","title":{"rendered":"Projectes i programes"},"content":{"rendered":"\n<div class=\"wp-block-columns is-layout-flex wp-container-core-columns-is-layout-1 wp-block-columns-is-layout-flex\" style=\"padding-top:0.5rem;padding-left:70px\">\n<div class=\"wp-block-column is-layout-flow wp-block-column-is-layout-flow\" style=\"flex-basis:66.66%\">\n<figure class=\"wp-block-image size-large\"><a href=\"https:\/\/agora.xtec.cat\/iesjoanbrossa\/wp-content\/uploads\/usu3062\/2026\/01\/Impuls-Lllegues-estrangeres-1.jpg\"><img loading=\"lazy\" decoding=\"async\" width=\"1024\" height=\"663\" src=\"https:\/\/agora.xtec.cat\/iesjoanbrossa\/wp-content\/uploads\/usu3062\/2026\/01\/Impuls-Lllegues-estrangeres-1-1024x663.jpg\" alt=\"\" class=\"wp-image-1716\" srcset=\"https:\/\/agora.xtec.cat\/iesjoanbrossa\/wp-content\/uploads\/usu3062\/2026\/01\/Impuls-Lllegues-estrangeres-1-1024x663.jpg 1024w, https:\/\/agora.xtec.cat\/iesjoanbrossa\/wp-content\/uploads\/usu3062\/2026\/01\/Impuls-Lllegues-estrangeres-1-300x194.jpg 300w, https:\/\/agora.xtec.cat\/iesjoanbrossa\/wp-content\/uploads\/usu3062\/2026\/01\/Impuls-Lllegues-estrangeres-1-768x497.jpg 768w, https:\/\/agora.xtec.cat\/iesjoanbrossa\/wp-content\/uploads\/usu3062\/2026\/01\/Impuls-Lllegues-estrangeres-1.jpg 1050w\" sizes=\"auto, (max-width: 1024px) 100vw, 1024px\" \/><\/a><\/figure>\n\n\n<\/div>\n\n\n\n<div class=\"wp-block-column is-layout-flow wp-block-column-is-layout-flow\" style=\"flex-basis:33.33%\">\n<p>M\u00e9s informaci\u00f3 a:<br><strong>&#8211; <a href=\"https:\/\/agora.xtec.cat\/iesjoanbrossa\/programes-de-mobilitat\/\">Programes de mobilitat i intercanvi<\/a><br>&#8211; Espai <a href=\"https:\/\/sites.google.com\/institutjoanbrossa.cat\/brossa-internacional\/inici\" target=\"_blank\" rel=\"noreferrer noopener\">Brossa Internacional<\/a><\/strong><\/p>\n<\/div>\n<\/div>\n\n\n\n<div class=\"wp-block-columns is-layout-flex wp-container-core-columns-is-layout-2 wp-block-columns-is-layout-flex\" style=\"padding-top:0;padding-bottom:0\">\n<div class=\"wp-block-column is-layout-flow wp-block-column-is-layout-flow\" style=\"flex-basis:66.66%\">\n<h3><span style=\"color: #000000;\"><strong>TOT DANSA<\/strong><\/span><\/h3>\n<p><span style=\"color: #ff0000;\"><span style=\"color: #000000;\">\u00c9s un programa impulsat del Consorci d&#8217;Educaci\u00f3 de Barcelona (CEB) en qu\u00e8 participen<\/span>&nbsp;<a href=\"https:\/\/www.barcelona.cat\/barcelonacultura\/ca\/icub\">l\u2019<u>Institut de Cultura<\/u> de Barcelona (ICUB)<\/a><span style=\"color: #000000;\">, el<\/span>&nbsp;<a href=\"https:\/\/mercatflors.cat\/\"><u>Mercat de les Flors<\/u><\/a><span style=\"color: #000000;\">&nbsp;i l\u2019<\/span><a href=\"https:\/\/www.institutdelteatre.cat\/\"><u>Institut del Teatre<\/u><\/a><span style=\"color: #000000;\">.<\/span><\/span><\/p>\n<p><strong>TOT DANSA<\/strong> \u00e9s un projecte de <strong>creaci\u00f3 art\u00edstica col\u00b7lectiva <\/strong>que apropa la <strong data-start=\"496\" data-end=\"519\">dansa contempor\u00e0nia<\/strong> als centres educatius com a eina d\u2019aprenentatge, expressi\u00f3 i creixement personal. A trav\u00e9s d\u2019un proc\u00e9s creatiu compartit, l\u2019alumnat treballa amb professionals de la dansa i del m\u00f3n educatiu per crear una pe\u00e7a art\u00edstica col\u00b7lectiva que culmina amb una representaci\u00f3 final en un espai esc\u00e8nic professional.<\/p>\n<p>&nbsp;<\/p>\n<\/div>\n\n\n\n<div class=\"wp-block-column is-layout-flow wp-block-column-is-layout-flow\" style=\"flex-basis:33.33%\">\n<figure class=\"wp-block-image size-large is-resized\"><a href=\"https:\/\/ajuntament.barcelona.cat\/educacio\/ca\/tot-dansa\"><img decoding=\"async\" src=\"https:\/\/premsaicub.bcn.cat\/wp-content\/uploads\/2024\/10\/1.png\" alt=\"\" style=\"width:250px;height:auto\"\/><\/a><\/figure>\n\n\n\n<p class=\"has-small-font-size\"><\/p>\n<\/div>\n<\/div>\n\n\n\n<div class=\"wp-block-columns is-layout-flex wp-container-core-columns-is-layout-3 wp-block-columns-is-layout-flex\" style=\"padding-top:0;padding-bottom:0\">\n<div class=\"wp-block-column is-layout-flow wp-block-column-is-layout-flow\" style=\"flex-basis:66.66%\">\n<h3><span style=\"color: #000000;\"><strong>EMPREMTES DE LA GUERRA: la ciutat com a espai de conflicte<\/strong><\/span><\/h3>\n<p>Projecte de col\u00b7laboraci\u00f3 entre el museu i l\u2019escola, impulsat per <strong data-start=\"165\" data-end=\"208\">El Born \u2013 Museu d\u2019Hist\u00f2ria de Barcelona<\/strong>, que promou la reflexi\u00f3 cr\u00edtica sobre les petjades f\u00edsiques i simb\u00f2liques que les guerres deixen en l\u2019espai p\u00fablic. A partir del patrimoni hist\u00f2ric, arqueol\u00f2gic i memorial de Barcelona, el projecte aborda la Guerra de Successi\u00f3 i la Guerra Civil, tot establint connexions amb conflictes actuals.<\/p>\n<p>&nbsp;<\/p>\n<\/div>\n\n\n\n<div class=\"wp-block-column is-layout-flow wp-block-column-is-layout-flow\" style=\"flex-basis:33.33%\">\n<figure class=\"wp-block-image size-full is-resized\"><a href=\"https:\/\/www.barcelona.cat\/museuhistoria\/ca\/empremtes-de-la-guerra-la-ciutat-com-espai-de-conflicte\"><img loading=\"lazy\" decoding=\"async\" width=\"750\" height=\"370\" src=\"https:\/\/agora.xtec.cat\/iesjoanbrossa\/wp-content\/uploads\/usu3062\/2026\/01\/Empemta-guerres-bombes.jpg\" alt=\"\" class=\"wp-image-1693\" style=\"width:258px;height:auto\" srcset=\"https:\/\/agora.xtec.cat\/iesjoanbrossa\/wp-content\/uploads\/usu3062\/2026\/01\/Empemta-guerres-bombes.jpg 750w, https:\/\/agora.xtec.cat\/iesjoanbrossa\/wp-content\/uploads\/usu3062\/2026\/01\/Empemta-guerres-bombes-300x148.jpg 300w\" sizes=\"auto, (max-width: 750px) 100vw, 750px\" \/><\/a><\/figure>\n<\/div>\n<\/div>\n\n\n\n<div class=\"wp-block-columns is-layout-flex wp-container-core-columns-is-layout-4 wp-block-columns-is-layout-flex\" style=\"padding-top:var(--wp--preset--spacing--20)\">\n<div class=\"wp-block-column is-layout-flow wp-block-column-is-layout-flow\" style=\"flex-basis:66.66%\">\n<h3><span style=\"color: #000000;\"><strong>DELEGATS i DELEGADES 3D<\/strong><\/span><\/h3>\n<p>Est\u00e0 impulsat per la <strong>Direcci\u00f3 General de Joventut<\/strong> i promou la <strong>participaci\u00f3 activa<\/strong> de l\u2019alumnat als centres educatius. A trav\u00e9s de les persones delegades de classe i amb l\u2019acompanyament del tutor o tutora, l\u2019alumnat dissenya i desenvolupa de manera col\u00b7lectiva un projecte escollit per ells mateixos.<\/p>\n<p data-start=\"467\" data-end=\"729\">El programa fomenta el debat, l\u2019organitzaci\u00f3, l\u2019assumpci\u00f3 de responsabilitats i la presa de decisions compartides, entenent la participaci\u00f3 com un proc\u00e9s educatiu continu que ha de formar part de l\u2019eix de conviv\u00e8ncia del centre m\u00e9s enll\u00e0 d\u2019una activitat puntual.<\/p>\n<\/div>\n\n\n\n<div class=\"wp-block-column is-layout-flow wp-block-column-is-layout-flow\" style=\"flex-basis:33.33%\">\n<figure class=\"wp-block-image size-full is-resized\"><a href=\"https:\/\/agora.xtec.cat\/iesjoanbrossa\/wp-content\/uploads\/usu3062\/2026\/01\/Delegats-3D_WEB.jpg_1955977332.jpg\"><img loading=\"lazy\" decoding=\"async\" width=\"750\" height=\"300\" src=\"https:\/\/agora.xtec.cat\/iesjoanbrossa\/wp-content\/uploads\/usu3062\/2026\/01\/Delegats-3D_WEB.jpg_1955977332.jpg\" alt=\"\" class=\"wp-image-1691\" style=\"width:261px;height:auto\" srcset=\"https:\/\/agora.xtec.cat\/iesjoanbrossa\/wp-content\/uploads\/usu3062\/2026\/01\/Delegats-3D_WEB.jpg_1955977332.jpg 750w, https:\/\/agora.xtec.cat\/iesjoanbrossa\/wp-content\/uploads\/usu3062\/2026\/01\/Delegats-3D_WEB.jpg_1955977332-300x120.jpg 300w\" sizes=\"auto, (max-width: 750px) 100vw, 750px\" \/><\/a><\/figure>\n<\/div>\n<\/div>\n\n\n\n<div class=\"wp-block-columns is-layout-flex wp-container-core-columns-is-layout-5 wp-block-columns-is-layout-flex\" style=\"padding-top:var(--wp--preset--spacing--20)\">\n<div class=\"wp-block-column is-layout-flow wp-block-column-is-layout-flow\" style=\"flex-basis:66.66%\">\n<h3><strong><span style=\"color: #000000;\">Recerca, Creaci\u00f3 i Servei (RCS)<\/span><\/strong><\/h3>\n<p>El Programa Recerca, Creaci\u00f3 i Servei fomenta els\u00a0<strong>aprenentatges competencials<\/strong>\u00a0a partir de reptes derivats de necessitats que plantegen\u00a0<strong>entitats de l\u2019entorn<\/strong> i que es concreten en l\u2019elaboraci\u00f3 de productes i serveis culturals. Treballem aquest projecte a 4t d&#8217;ESO.\u00a0<\/p>\n<p>\u00a0<\/p>\n<\/div>\n\n\n\n<div class=\"wp-block-column is-layout-flow wp-block-column-is-layout-flow\" style=\"flex-basis:33.33%\">\n<figure class=\"wp-block-image size-full is-resized\"><a href=\"https:\/\/projectes.xtec.cat\/nou-curriculum\/educacio-basica\/programes-innovacio\/programa-de-recerca-creacio-i-servei-rcs\/\"><img loading=\"lazy\" decoding=\"async\" width=\"1018\" height=\"514\" src=\"https:\/\/agora.xtec.cat\/iesjoanbrossa\/wp-content\/uploads\/usu3062\/2026\/01\/rcs.jpg\" alt=\"\" class=\"wp-image-1692\" style=\"width:192px;height:auto\" srcset=\"https:\/\/agora.xtec.cat\/iesjoanbrossa\/wp-content\/uploads\/usu3062\/2026\/01\/rcs.jpg 1018w, https:\/\/agora.xtec.cat\/iesjoanbrossa\/wp-content\/uploads\/usu3062\/2026\/01\/rcs-300x151.jpg 300w, https:\/\/agora.xtec.cat\/iesjoanbrossa\/wp-content\/uploads\/usu3062\/2026\/01\/rcs-768x388.jpg 768w\" sizes=\"auto, (max-width: 1018px) 100vw, 1018px\" \/><\/a><\/figure>\n<\/div>\n<\/div>\n","protected":false},"excerpt":{"rendered":"<p>M\u00e9s informaci\u00f3 a:&#8211; Programes de mobilitat i intercanvi&#8211; Espai Brossa Internacional TOT DANSA \u00c9s un programa impulsat del Consorci d&#8217;Educaci\u00f3 de Barcelona (CEB) en qu\u00e8 participen&nbsp;l\u2019Institut de Cultura de Barcelona (ICUB), el&nbsp;Mercat de les Flors&nbsp;i l\u2019Institut del Teatre. TOT DANSA \u00e9s un projecte de creaci\u00f3 art\u00edstica col\u00b7lectiva que apropa la dansa contempor\u00e0nia als centres educatius [&hellip;]<\/p>\n","protected":false},"author":3,"featured_media":0,"parent":1012,"menu_order":40,"comment_status":"closed","ping_status":"close","template":"","meta":{"site-sidebar-layout":"left-sidebar","site-content-layout":"","ast-site-content-layout":"default","site-content-style":"default","site-sidebar-style":"default","ast-global-header-display":"","ast-banner-title-visibility":"","ast-main-header-display":"","ast-hfb-above-header-display":"","ast-hfb-below-header-display":"","ast-hfb-mobile-header-display":"","site-post-title":"","ast-breadcrumbs-content":"","ast-featured-img":"","footer-sml-layout":"","theme-transparent-header-meta":"","adv-header-id-meta":"","stick-header-meta":"","header-above-stick-meta":"","header-main-stick-meta":"","header-below-stick-meta":"","astra-migrate-meta-layouts":"set","ast-page-background-enabled":"default","ast-page-background-meta":{"desktop":{"background-color":"var(--ast-global-color-4)","background-image":"","background-repeat":"repeat","background-position":"center center","background-size":"auto","background-attachment":"scroll","background-type":"","background-media":"","overlay-type":"","overlay-color":"","overlay-opacity":"","overlay-gradient":""},"tablet":{"background-color":"","background-image":"","background-repeat":"repeat","background-position":"center center","background-size":"auto","background-attachment":"scroll","background-type":"","background-media":"","overlay-type":"","overlay-color":"","overlay-opacity":"","overlay-gradient":""},"mobile":{"background-color":"","background-image":"","background-repeat":"repeat","background-position":"center center","background-size":"auto","background-attachment":"scroll","background-type":"","background-media":"","overlay-type":"","overlay-color":"","overlay-opacity":"","overlay-gradient":""}},"ast-content-background-meta":{"desktop":{"background-color":"var(--ast-global-color-5)","background-image":"","background-repeat":"repeat","background-position":"center center","background-size":"auto","background-attachment":"scroll","background-type":"","background-media":"","overlay-type":"","overlay-color":"","overlay-opacity":"","overlay-gradient":""},"tablet":{"background-color":"var(--ast-global-color-5)","background-image":"","background-repeat":"repeat","background-position":"center center","background-size":"auto","background-attachment":"scroll","background-type":"","background-media":"","overlay-type":"","overlay-color":"","overlay-opacity":"","overlay-gradient":""},"mobile":{"background-color":"var(--ast-global-color-5)","background-image":"","background-repeat":"repeat","background-position":"center center","background-size":"auto","background-attachment":"scroll","background-type":"","background-media":"","overlay-type":"","overlay-color":"","overlay-opacity":"","overlay-gradient":""}},"footnotes":""},"class_list":["post-1655","page","type-page","status-publish","hentry"],"post_mailing_queue_ids":[],"_links":{"self":[{"href":"https:\/\/agora.xtec.cat\/iesjoanbrossa\/wp-json\/wp\/v2\/pages\/1655","targetHints":{"allow":["GET"]}}],"collection":[{"href":"https:\/\/agora.xtec.cat\/iesjoanbrossa\/wp-json\/wp\/v2\/pages"}],"about":[{"href":"https:\/\/agora.xtec.cat\/iesjoanbrossa\/wp-json\/wp\/v2\/types\/page"}],"author":[{"embeddable":true,"href":"https:\/\/agora.xtec.cat\/iesjoanbrossa\/wp-json\/wp\/v2\/users\/3"}],"replies":[{"embeddable":true,"href":"https:\/\/agora.xtec.cat\/iesjoanbrossa\/wp-json\/wp\/v2\/comments?post=1655"}],"version-history":[{"count":6,"href":"https:\/\/agora.xtec.cat\/iesjoanbrossa\/wp-json\/wp\/v2\/pages\/1655\/revisions"}],"predecessor-version":[{"id":2074,"href":"https:\/\/agora.xtec.cat\/iesjoanbrossa\/wp-json\/wp\/v2\/pages\/1655\/revisions\/2074"}],"up":[{"embeddable":true,"href":"https:\/\/agora.xtec.cat\/iesjoanbrossa\/wp-json\/wp\/v2\/pages\/1012"}],"wp:attachment":[{"href":"https:\/\/agora.xtec.cat\/iesjoanbrossa\/wp-json\/wp\/v2\/media?parent=1655"}],"curies":[{"name":"wp","href":"https:\/\/api.w.org\/{rel}","templated":true}]}}