{"id":1419,"date":"2025-06-05T06:59:20","date_gmt":"2025-06-05T04:59:20","guid":{"rendered":"https:\/\/agora.xtec.cat\/iesjoanbrossa\/?page_id=1419"},"modified":"2026-05-08T23:46:30","modified_gmt":"2026-05-08T21:46:30","slug":"programes-de-mobilitat","status":"publish","type":"page","link":"https:\/\/agora.xtec.cat\/iesjoanbrossa\/programes-de-mobilitat\/","title":{"rendered":"Programes de mobilitat i intercanvi"},"content":{"rendered":"\n<div class=\"wp-block-columns is-layout-flex wp-container-core-columns-is-layout-1 wp-block-columns-is-layout-flex\" style=\"padding-top:0.5rem;padding-bottom:0;padding-left:70px\">\n<div class=\"wp-block-column is-layout-flow wp-block-column-is-layout-flow\" style=\"padding-top:0px;padding-bottom:0;padding-left:0;flex-basis:66.66%\">\n<p><strong>Projectes Erasmus+<\/strong><\/p>\n\n\n\n<p>El nostre centre compta amb l&#8217;acreditaci\u00f3 Erasmus+ que ens facilita participar de projectes de mobilitat, tant per part d&#8217;alumnes com de treballadors. La dotaci\u00f3 de les institucions europees per al programa 2021-27 \u00e9s de m\u00e9s de 26.000 milions d&#8217;Euros.<\/p>\n<\/div>\n\n\n\n<div class=\"wp-block-column is-layout-flow wp-block-column-is-layout-flow\" style=\"flex-basis:33.33%\">\n<figure class=\"wp-block-image size-large is-resized\"><a href=\"https:\/\/agora.xtec.cat\/iesjoanbrossa\/wp-content\/uploads\/usu3062\/2025\/06\/izquierda_ES-1-e1749100979784.png\"><img loading=\"lazy\" decoding=\"async\" width=\"1024\" height=\"282\" src=\"https:\/\/agora.xtec.cat\/iesjoanbrossa\/wp-content\/uploads\/usu3062\/2025\/06\/izquierda_ES-1-e1749100816979-1024x282.png\" alt=\"\" class=\"wp-image-1427\" style=\"width:239px;height:auto\"\/><\/a><\/figure>\n\n\n\n<figure class=\"wp-block-image size-full is-resized\"><a href=\"https:\/\/agora.xtec.cat\/iesjoanbrossa\/wp-content\/uploads\/usu3062\/2025\/06\/es_v_cofinanciado_por_la_union_europea_pos.png\"><img loading=\"lazy\" decoding=\"async\" width=\"910\" height=\"922\" src=\"https:\/\/agora.xtec.cat\/iesjoanbrossa\/wp-content\/uploads\/usu3062\/2025\/06\/es_v_cofinanciado_por_la_union_europea_pos.png\" alt=\"\" class=\"wp-image-1424\" style=\"width:131px;height:auto\" srcset=\"https:\/\/agora.xtec.cat\/iesjoanbrossa\/wp-content\/uploads\/usu3062\/2025\/06\/es_v_cofinanciado_por_la_union_europea_pos.png 910w, https:\/\/agora.xtec.cat\/iesjoanbrossa\/wp-content\/uploads\/usu3062\/2025\/06\/es_v_cofinanciado_por_la_union_europea_pos-296x300.png 296w, https:\/\/agora.xtec.cat\/iesjoanbrossa\/wp-content\/uploads\/usu3062\/2025\/06\/es_v_cofinanciado_por_la_union_europea_pos-768x778.png 768w\" sizes=\"auto, (max-width: 910px) 100vw, 910px\" \/><\/a><\/figure>\n<\/div>\n<\/div>\n\n\n\n<div class=\"wp-block-columns is-layout-flex wp-container-core-columns-is-layout-2 wp-block-columns-is-layout-flex\" style=\"padding-top:0.5rem;padding-bottom:0;padding-left:70px\">\n<div class=\"wp-block-column is-layout-flow wp-block-column-is-layout-flow\" style=\"padding-top:0px;flex-basis:66.66%\">\n<p><strong>Projectes eTwinning<\/strong><\/p>\n\n\n\n<p>Els <a href=\"http:\/\/etwinning.es\/ca\/inicio\/que-es-etwinning-2\/\">projectes internacionals eTwinning<\/a>, formen part d\u2019Erasmus+, el programa de la Uni\u00f3 Europea en mat\u00e8ria d\u2019educaci\u00f3, formaci\u00f3, joventut i esport. Es tracta de treballs col\u00b7laboratius, a trav\u00e9s d\u2019una plataforma digital i altres eines TIC, entre professorat i alumnat de centres escolars de diversos pa\u00efsos europeus. La col\u00b7laboraci\u00f3 es duu a terme tot emprant la llengua pactada, en el nostre cas realitzem projectes en angl\u00e8s, en franc\u00e8s i en llat\u00ed.<\/p>\n<p>El nostre centre lidera<strong> projectes internacionals eTwinning,<\/strong> des del 2008, que han estat guardonats amb diversos <strong>Segells de Qualitat Nacional<\/strong> i <strong>Segells de Qualitat Europeus.<\/strong><\/p>\n<\/div>\n\n\n\n<div class=\"wp-block-column is-layout-flow wp-block-column-is-layout-flow\" style=\"flex-basis:33.33%\"><\/div>\n<\/div>\n\n\n\n<div class=\"wp-block-columns is-layout-flex wp-container-core-columns-is-layout-3 wp-block-columns-is-layout-flex\" style=\"margin-top:0;margin-bottom:0;padding-top:2.5rem;padding-bottom:0rem;padding-left:0px\">\n<div class=\"wp-block-column is-layout-flow wp-block-column-is-layout-flow\" style=\"flex-basis:100%\">\n<h3><strong>VISITEU EL NOSTRE ESPAI\u00a0 <\/strong><strong style=\"font-size: 1.44444rem; background-color: rgba(0, 0, 0, 0);\"><em><a href=\"https:\/\/sites.google.com\/institutjoanbrossa.cat\/brossa-internacional\/inici\"><span style=\"color: #ff0000;\"><span class=\"C9DxTc \">Brossa Internacional<\/span><\/span><\/a><\/em><\/strong><\/h3>\n<\/div>\n<\/div>\n\n\n\n\n","protected":false},"excerpt":{"rendered":"<p>Projectes Erasmus+ El nostre centre compta amb l&#8217;acreditaci\u00f3 Erasmus+ que ens facilita participar de projectes de mobilitat, tant per part d&#8217;alumnes com de treballadors. La dotaci\u00f3 de les institucions europees per al programa 2021-27 \u00e9s de m\u00e9s de 26.000 milions d&#8217;Euros. Projectes eTwinning Els projectes internacionals eTwinning, formen part d\u2019Erasmus+, el programa de la Uni\u00f3 [&hellip;]<\/p>\n","protected":false},"author":3,"featured_media":0,"parent":0,"menu_order":0,"comment_status":"closed","ping_status":"close","template":"","meta":{"site-sidebar-layout":"no-sidebar","site-content-layout":"","ast-site-content-layout":"default","site-content-style":"default","site-sidebar-style":"default","ast-global-header-display":"","ast-banner-title-visibility":"","ast-main-header-display":"","ast-hfb-above-header-display":"","ast-hfb-below-header-display":"","ast-hfb-mobile-header-display":"","site-post-title":"","ast-breadcrumbs-content":"","ast-featured-img":"","footer-sml-layout":"","theme-transparent-header-meta":"","adv-header-id-meta":"","stick-header-meta":"","header-above-stick-meta":"","header-main-stick-meta":"","header-below-stick-meta":"","astra-migrate-meta-layouts":"set","ast-page-background-enabled":"default","ast-page-background-meta":{"desktop":{"background-color":"var(--ast-global-color-4)","background-image":"","background-repeat":"repeat","background-position":"center center","background-size":"auto","background-attachment":"scroll","background-type":"","background-media":"","overlay-type":"","overlay-color":"","overlay-opacity":"","overlay-gradient":""},"tablet":{"background-color":"","background-image":"","background-repeat":"repeat","background-position":"center center","background-size":"auto","background-attachment":"scroll","background-type":"","background-media":"","overlay-type":"","overlay-color":"","overlay-opacity":"","overlay-gradient":""},"mobile":{"background-color":"","background-image":"","background-repeat":"repeat","background-position":"center center","background-size":"auto","background-attachment":"scroll","background-type":"","background-media":"","overlay-type":"","overlay-color":"","overlay-opacity":"","overlay-gradient":""}},"ast-content-background-meta":{"desktop":{"background-color":"var(--ast-global-color-5)","background-image":"","background-repeat":"repeat","background-position":"center center","background-size":"auto","background-attachment":"scroll","background-type":"","background-media":"","overlay-type":"","overlay-color":"","overlay-opacity":"","overlay-gradient":""},"tablet":{"background-color":"var(--ast-global-color-5)","background-image":"","background-repeat":"repeat","background-position":"center center","background-size":"auto","background-attachment":"scroll","background-type":"","background-media":"","overlay-type":"","overlay-color":"","overlay-opacity":"","overlay-gradient":""},"mobile":{"background-color":"var(--ast-global-color-5)","background-image":"","background-repeat":"repeat","background-position":"center center","background-size":"auto","background-attachment":"scroll","background-type":"","background-media":"","overlay-type":"","overlay-color":"","overlay-opacity":"","overlay-gradient":""}},"footnotes":""},"class_list":["post-1419","page","type-page","status-publish","hentry"],"post_mailing_queue_ids":[],"_links":{"self":[{"href":"https:\/\/agora.xtec.cat\/iesjoanbrossa\/wp-json\/wp\/v2\/pages\/1419","targetHints":{"allow":["GET"]}}],"collection":[{"href":"https:\/\/agora.xtec.cat\/iesjoanbrossa\/wp-json\/wp\/v2\/pages"}],"about":[{"href":"https:\/\/agora.xtec.cat\/iesjoanbrossa\/wp-json\/wp\/v2\/types\/page"}],"author":[{"embeddable":true,"href":"https:\/\/agora.xtec.cat\/iesjoanbrossa\/wp-json\/wp\/v2\/users\/3"}],"replies":[{"embeddable":true,"href":"https:\/\/agora.xtec.cat\/iesjoanbrossa\/wp-json\/wp\/v2\/comments?post=1419"}],"version-history":[{"count":6,"href":"https:\/\/agora.xtec.cat\/iesjoanbrossa\/wp-json\/wp\/v2\/pages\/1419\/revisions"}],"predecessor-version":[{"id":2082,"href":"https:\/\/agora.xtec.cat\/iesjoanbrossa\/wp-json\/wp\/v2\/pages\/1419\/revisions\/2082"}],"wp:attachment":[{"href":"https:\/\/agora.xtec.cat\/iesjoanbrossa\/wp-json\/wp\/v2\/media?parent=1419"}],"curies":[{"name":"wp","href":"https:\/\/api.w.org\/{rel}","templated":true}]}}