{"id":1193,"date":"2025-03-26T22:32:36","date_gmt":"2025-03-26T21:32:36","guid":{"rendered":"https:\/\/agora.xtec.cat\/iesjoanbrossa\/?page_id=1193"},"modified":"2026-05-08T23:55:57","modified_gmt":"2026-05-08T21:55:57","slug":"titols-i-certificats","status":"publish","type":"page","link":"https:\/\/agora.xtec.cat\/iesjoanbrossa\/titols-i-certificats\/","title":{"rendered":"T\u00edtols i certificats"},"content":{"rendered":"\n<div class=\"wp-block-columns is-layout-flex wp-container-core-columns-is-layout-1 wp-block-columns-is-layout-flex\" style=\"margin-top:0;margin-bottom:0;padding-top:0.5rem;padding-right:70px;padding-bottom:0.5rem;padding-left:70px\">\n<div class=\"wp-block-column is-layout-flow wp-block-column-is-layout-flow\" style=\"padding-left:0;flex-basis:100%\">\n<h3 class=\"wp-block-heading has-black-color has-text-color has-link-color wp-elements-b9b4033fe08d64f1f947bcf4385f4b4e\"><strong>Sol\u00b7licitud de t\u00edtols<\/strong><\/h3>\n\n\n\n<p>S&#8217;ha de fer en l\u00ednia, al seg\u00fcent enlla\u00e7: <a style=\"font-size: revert; background-color: rgba(0, 0, 0, 0); font-weight: inherit;\" href=\"https:\/\/tramits.gencat.cat\/ca\/tramits\/tramits-temes\/titols-academics-no-universitaris?category=742b7874-a82c-11e3-a972-000c29052e2c\"><strong>Tramitaci\u00f3 de t\u00edtols acad\u00e8mics i professionals no universitaris<\/strong><\/a><\/p>\n\n\n\n<h3 class=\"wp-block-heading has-black-color has-text-color has-link-color wp-elements-d491a061e573f8c7912fa9e9a9cd4b0d\"><br><strong>Certificaci\u00f3 de nivell B2 i C1 de llengua catalana<\/strong><\/h3>\n\n\n\n<p>Poden obtenir el certificat les persones nascudes a partir de l\u2019any 1972. Per formalitzar la sol\u00b7licitud, us heu d&#8217;adre\u00e7ar a les nostres oficines, i aportar original i fotoc\u00f2pia la seg\u00fcent documentaci\u00f3:<\/p>\n<ul>\n<li>Sol\u00b7licitud de reconeixement de l\u2019equival\u00e8ncia del nivell B2 o C1 de llengua catalana per escolaritzaci\u00f3 reglada no universit\u00e0ria.<\/li>\n<li>DNI<\/li>\n<li>C\u00f2pia dels t\u00edtols obtinguts (EGB, ESO, Batxillerat, BUP, FP-1, FP-2).<\/li>\n<li>Certificat expedit pel centre on es va cursar prim\u00e0ria i secund\u00e0ria que acrediti que es va cursar i aprovar la mat\u00e8ria de Llengua i Literatura Catalana sense exempci\u00f3.<br><br><\/li>\n<\/ul>\n\n\n\n<div class=\"wp-block-buttons is-layout-flex wp-block-buttons-is-layout-flex\">\n<div class=\"wp-block-button\"><a class=\"wp-block-button__link wp-element-button\" href=\"https:\/\/docs.google.com\/document\/d\/1h2U4JjjNuHyFN9-N1KNl3tKlAAsvdt_z0YZn5tt2H1o\/edit?usp=sharing\">QUADRE D&#8217;EQUIVAL\u00c8NCIES<\/a><\/div>\n<\/div>\n\n\n\n<p>En el cas que no disposeu dels llibres d\u2019escolaritat, la persona interessada haur\u00e0 d\u2019adre\u00e7ar-se a la secretaria del centre on va cursar els seus estudis per demanar el llibre o el certificat equivalent.<\/p>\n\n\n\n<p>Per a m\u00e9s informaci\u00f3 consulteu l\u2019<a href=\"http:\/\/tinyurl.com\/ordre-vcp-491-2009\">Ordre VCP\/491\/2009<\/a> modificada per l\u2019<a href=\"https:\/\/dogc.gencat.cat\/ca\/pdogc_canals_interns\/pdogc_resultats_fitxa\/?documentId=519344&amp;language=ca_ES&amp;action=fitxa\">Ordre VCP\/233\/2010<\/a>, de 12 d\u2019abril de 2010 (DOGC n\u00fam. 5610, de 19\/04\/2010).<\/p>\n\n\n\n<p><br><img loading=\"lazy\" decoding=\"async\" width=\"30\" height=\"20\" class=\"wp-image-1148\" style=\"width: 30px;\" src=\"https:\/\/agora.xtec.cat\/iesjoanbrossa\/wp-content\/uploads\/usu3062\/2025\/03\/flecha-correcta-e1741865864502.png\" alt=\"\" srcset=\"https:\/\/agora.xtec.cat\/iesjoanbrossa\/wp-content\/uploads\/usu3062\/2025\/03\/flecha-correcta-e1741865864502.png 378w, https:\/\/agora.xtec.cat\/iesjoanbrossa\/wp-content\/uploads\/usu3062\/2025\/03\/flecha-correcta-e1741865864502-300x197.png 300w\" sizes=\"auto, (max-width: 30px) 100vw, 30px\" \/>  <a href=\"https:\/\/drive.google.com\/file\/d\/1JkfpXc3-5yCQrtzR0qWlhoB8VG7xI8Dg\/view?usp=drive_link\">FULL de sol\u00b7licitud de reconeixement de l\u2019equival\u00e8ncia del nivell B2\/C1 de llengua catalana per l\u2019escolaritat reglada no universit\u00e0ria<\/a><\/p>\n<\/div>\n<\/div>\n\n\n","protected":false},"excerpt":{"rendered":"<p>Sol\u00b7licitud de t\u00edtols S&#8217;ha de fer en l\u00ednia, al seg\u00fcent enlla\u00e7: Tramitaci\u00f3 de t\u00edtols acad\u00e8mics i professionals no universitaris Certificaci\u00f3 de nivell B2 i C1 de llengua catalana Poden obtenir el certificat les persones nascudes a partir de l\u2019any 1972. Per formalitzar la sol\u00b7licitud, us heu d&#8217;adre\u00e7ar a les nostres oficines, i aportar original i [&hellip;]<\/p>\n","protected":false},"author":3,"featured_media":0,"parent":0,"menu_order":0,"comment_status":"closed","ping_status":"close","template":"","meta":{"site-sidebar-layout":"left-sidebar","site-content-layout":"","ast-site-content-layout":"default","site-content-style":"default","site-sidebar-style":"boxed","ast-global-header-display":"","ast-banner-title-visibility":"","ast-main-header-display":"","ast-hfb-above-header-display":"","ast-hfb-below-header-display":"","ast-hfb-mobile-header-display":"","site-post-title":"","ast-breadcrumbs-content":"","ast-featured-img":"","footer-sml-layout":"","theme-transparent-header-meta":"","adv-header-id-meta":"","stick-header-meta":"","header-above-stick-meta":"","header-main-stick-meta":"","header-below-stick-meta":"","astra-migrate-meta-layouts":"set","ast-page-background-enabled":"default","ast-page-background-meta":{"desktop":{"background-color":"var(--ast-global-color-4)","background-image":"","background-repeat":"repeat","background-position":"center center","background-size":"auto","background-attachment":"scroll","background-type":"","background-media":"","overlay-type":"","overlay-color":"","overlay-opacity":"","overlay-gradient":""},"tablet":{"background-color":"","background-image":"","background-repeat":"repeat","background-position":"center center","background-size":"auto","background-attachment":"scroll","background-type":"","background-media":"","overlay-type":"","overlay-color":"","overlay-opacity":"","overlay-gradient":""},"mobile":{"background-color":"","background-image":"","background-repeat":"repeat","background-position":"center center","background-size":"auto","background-attachment":"scroll","background-type":"","background-media":"","overlay-type":"","overlay-color":"","overlay-opacity":"","overlay-gradient":""}},"ast-content-background-meta":{"desktop":{"background-color":"var(--ast-global-color-5)","background-image":"","background-repeat":"repeat","background-position":"center center","background-size":"auto","background-attachment":"scroll","background-type":"","background-media":"","overlay-type":"","overlay-color":"","overlay-opacity":"","overlay-gradient":""},"tablet":{"background-color":"var(--ast-global-color-5)","background-image":"","background-repeat":"repeat","background-position":"center center","background-size":"auto","background-attachment":"scroll","background-type":"","background-media":"","overlay-type":"","overlay-color":"","overlay-opacity":"","overlay-gradient":""},"mobile":{"background-color":"var(--ast-global-color-5)","background-image":"","background-repeat":"repeat","background-position":"center center","background-size":"auto","background-attachment":"scroll","background-type":"","background-media":"","overlay-type":"","overlay-color":"","overlay-opacity":"","overlay-gradient":""}},"footnotes":""},"class_list":["post-1193","page","type-page","status-publish","hentry"],"post_mailing_queue_ids":[],"_links":{"self":[{"href":"https:\/\/agora.xtec.cat\/iesjoanbrossa\/wp-json\/wp\/v2\/pages\/1193","targetHints":{"allow":["GET"]}}],"collection":[{"href":"https:\/\/agora.xtec.cat\/iesjoanbrossa\/wp-json\/wp\/v2\/pages"}],"about":[{"href":"https:\/\/agora.xtec.cat\/iesjoanbrossa\/wp-json\/wp\/v2\/types\/page"}],"author":[{"embeddable":true,"href":"https:\/\/agora.xtec.cat\/iesjoanbrossa\/wp-json\/wp\/v2\/users\/3"}],"replies":[{"embeddable":true,"href":"https:\/\/agora.xtec.cat\/iesjoanbrossa\/wp-json\/wp\/v2\/comments?post=1193"}],"version-history":[{"count":6,"href":"https:\/\/agora.xtec.cat\/iesjoanbrossa\/wp-json\/wp\/v2\/pages\/1193\/revisions"}],"predecessor-version":[{"id":2083,"href":"https:\/\/agora.xtec.cat\/iesjoanbrossa\/wp-json\/wp\/v2\/pages\/1193\/revisions\/2083"}],"wp:attachment":[{"href":"https:\/\/agora.xtec.cat\/iesjoanbrossa\/wp-json\/wp\/v2\/media?parent=1193"}],"curies":[{"name":"wp","href":"https:\/\/api.w.org\/{rel}","templated":true}]}}