{"id":1015,"date":"2025-03-06T18:36:27","date_gmt":"2025-03-06T17:36:27","guid":{"rendered":"https:\/\/agora.xtec.cat\/iesjoanbrossa\/?page_id=1015"},"modified":"2026-05-08T22:16:40","modified_gmt":"2026-05-08T20:16:40","slug":"secretaria","status":"publish","type":"page","link":"https:\/\/agora.xtec.cat\/iesjoanbrossa\/secretaria\/","title":{"rendered":"Secretaria"},"content":{"rendered":"\n<div class=\"wp-block-columns is-layout-flex wp-container-core-columns-is-layout-1 wp-block-columns-is-layout-flex\" style=\"padding-top:0.5rem;padding-right:70px;padding-bottom:0.5rem;padding-left:70px\">\n<div class=\"wp-block-column is-layout-flow wp-block-column-is-layout-flow\">\n<h3><strong>Homologacions d&#8217;estudis<\/strong><\/h3>\n<p>L\u2019homologaci\u00f3 \u00e9s el reconeixement de la validesa oficial a Espanya de t\u00edtols i estudis no universitaris fets a l&#8217;estranger.<br \/>Per a m\u00e9s informaci\u00f3 consulteu aquest <a href=\"https:\/\/educacio.gencat.cat\/ca\/tramits\/tramits-temes\/20264_homologacio_titols?moda=1\" target=\"_blank\" rel=\"noreferrer noopener\">enlla\u00e7<\/a>. <em><a href=\"https:\/\/triaeducativa.gencat.cat\/ca\/homologacio\/que-es\/normativa\/\" target=\"_blank\" rel=\"noreferrer noopener\">Normativa aplicable.<\/a><\/em><\/p>\n<p>\u00a0<\/p>\n<h3><strong>Baixa de matr\u00edcula<\/strong><\/h3>\n<p>Si heu canviat de centre \u00e9s fonamental que feu la baixa acad\u00e8mica. Per donar-vos de baixa us heu d&#8217;adre\u00e7ar a la secretaria i omplir un dels formularis que trobareu a continuaci\u00f3.<\/p>\n<ul>\n<li><a href=\"https:\/\/drive.google.com\/file\/d\/1Doj4o4V8358UAIxEv2jIb0a967N_MZps\/view?usp=drive_link\">Sol\u00b7licitud de baixa acad\u00e8mica menors d&#8217;edat<\/a><\/li>\n<li><a href=\"https:\/\/drive.google.com\/file\/d\/1_n2doPRTKUdsZV_9KQxTNDbeiTldm3H6\/view?usp=drive_link\">Sol\u00b7licitud de baixa acad\u00e8mica majors d&#8217;edat<\/a><\/li>\n<\/ul>\n<p>En cas de menors d&#8217;edat han de venir els pares o tutors legals. Caldr\u00e0 portar el document identificatiu de l&#8217;alumne i del pare\/mare o tutor legal, si s&#8217;escau.<\/p>\n<p>\u00a0<\/p>\n<p>\u00a0<\/p>\n<\/div>\n<\/div>\n\n\n","protected":false},"excerpt":{"rendered":"<p>Homologacions d&#8217;estudis L\u2019homologaci\u00f3 \u00e9s el reconeixement de la validesa oficial a Espanya de t\u00edtols i estudis no universitaris fets a l&#8217;estranger.Per a m\u00e9s informaci\u00f3 consulteu aquest enlla\u00e7. Normativa aplicable. \u00a0 Baixa de matr\u00edcula Si heu canviat de centre \u00e9s fonamental que feu la baixa acad\u00e8mica. Per donar-vos de baixa us heu d&#8217;adre\u00e7ar a la secretaria [&hellip;]<\/p>\n","protected":false},"author":3,"featured_media":0,"parent":0,"menu_order":0,"comment_status":"closed","ping_status":"close","template":"","meta":{"site-sidebar-layout":"left-sidebar","site-content-layout":"","ast-site-content-layout":"default","site-content-style":"default","site-sidebar-style":"default","ast-global-header-display":"","ast-banner-title-visibility":"","ast-main-header-display":"","ast-hfb-above-header-display":"","ast-hfb-below-header-display":"","ast-hfb-mobile-header-display":"","site-post-title":"","ast-breadcrumbs-content":"","ast-featured-img":"","footer-sml-layout":"","theme-transparent-header-meta":"","adv-header-id-meta":"","stick-header-meta":"","header-above-stick-meta":"","header-main-stick-meta":"","header-below-stick-meta":"","astra-migrate-meta-layouts":"set","ast-page-background-enabled":"default","ast-page-background-meta":{"desktop":{"background-color":"var(--ast-global-color-4)","background-image":"","background-repeat":"repeat","background-position":"center center","background-size":"auto","background-attachment":"scroll","background-type":"","background-media":"","overlay-type":"","overlay-color":"","overlay-opacity":"","overlay-gradient":""},"tablet":{"background-color":"","background-image":"","background-repeat":"repeat","background-position":"center center","background-size":"auto","background-attachment":"scroll","background-type":"","background-media":"","overlay-type":"","overlay-color":"","overlay-opacity":"","overlay-gradient":""},"mobile":{"background-color":"","background-image":"","background-repeat":"repeat","background-position":"center center","background-size":"auto","background-attachment":"scroll","background-type":"","background-media":"","overlay-type":"","overlay-color":"","overlay-opacity":"","overlay-gradient":""}},"ast-content-background-meta":{"desktop":{"background-color":"var(--ast-global-color-5)","background-image":"","background-repeat":"repeat","background-position":"center center","background-size":"auto","background-attachment":"scroll","background-type":"","background-media":"","overlay-type":"","overlay-color":"","overlay-opacity":"","overlay-gradient":""},"tablet":{"background-color":"var(--ast-global-color-5)","background-image":"","background-repeat":"repeat","background-position":"center center","background-size":"auto","background-attachment":"scroll","background-type":"","background-media":"","overlay-type":"","overlay-color":"","overlay-opacity":"","overlay-gradient":""},"mobile":{"background-color":"var(--ast-global-color-5)","background-image":"","background-repeat":"repeat","background-position":"center center","background-size":"auto","background-attachment":"scroll","background-type":"","background-media":"","overlay-type":"","overlay-color":"","overlay-opacity":"","overlay-gradient":""}},"footnotes":""},"class_list":["post-1015","page","type-page","status-publish","hentry"],"post_mailing_queue_ids":[],"_links":{"self":[{"href":"https:\/\/agora.xtec.cat\/iesjoanbrossa\/wp-json\/wp\/v2\/pages\/1015","targetHints":{"allow":["GET"]}}],"collection":[{"href":"https:\/\/agora.xtec.cat\/iesjoanbrossa\/wp-json\/wp\/v2\/pages"}],"about":[{"href":"https:\/\/agora.xtec.cat\/iesjoanbrossa\/wp-json\/wp\/v2\/types\/page"}],"author":[{"embeddable":true,"href":"https:\/\/agora.xtec.cat\/iesjoanbrossa\/wp-json\/wp\/v2\/users\/3"}],"replies":[{"embeddable":true,"href":"https:\/\/agora.xtec.cat\/iesjoanbrossa\/wp-json\/wp\/v2\/comments?post=1015"}],"version-history":[{"count":6,"href":"https:\/\/agora.xtec.cat\/iesjoanbrossa\/wp-json\/wp\/v2\/pages\/1015\/revisions"}],"predecessor-version":[{"id":2042,"href":"https:\/\/agora.xtec.cat\/iesjoanbrossa\/wp-json\/wp\/v2\/pages\/1015\/revisions\/2042"}],"wp:attachment":[{"href":"https:\/\/agora.xtec.cat\/iesjoanbrossa\/wp-json\/wp\/v2\/media?parent=1015"}],"curies":[{"name":"wp","href":"https:\/\/api.w.org\/{rel}","templated":true}]}}