{"id":1012,"date":"2025-03-06T18:36:27","date_gmt":"2025-03-06T17:36:27","guid":{"rendered":"https:\/\/agora.xtec.cat\/iesjoanbrossa\/?page_id=1012"},"modified":"2026-05-08T19:15:00","modified_gmt":"2026-05-08T17:15:00","slug":"projecte-educatiu-2","status":"publish","type":"page","link":"https:\/\/agora.xtec.cat\/iesjoanbrossa\/projecte-educatiu-2\/","title":{"rendered":"Projecte Educatiu"},"content":{"rendered":"\n<h3><b>El nostre projecte educatiu<\/b><\/h3>\n<p><span style=\"font-weight: 400;\">El curs 2024-2025 iniciem una nova etapa com a centre d\u2019ESO i Batxillerat, arran de la separaci\u00f3 de centres i de la posada en marxa d\u2019un nou projecte de direcci\u00f3. Aquest canvi ens permet consolidar una identitat pr\u00f2pia i un model educatiu coherent i compartit.<\/span><\/p>\n<p><span style=\"font-weight: 400;\">El nostre projecte educatiu es fonamenta en tres pilars:<\/span><\/p>\n<ul>\n<li style=\"font-weight: 400;\" aria-level=\"1\">\n<p><b>Benestar<\/b><span style=\"font-weight: 400;\">: ent\u00e8s com la base per garantir un bon clima de conviv\u00e8ncia, l\u2019acompanyament personal i el desenvolupament integral de l\u2019alumnat.<\/span><span style=\"font-weight: 400;\"><br \/><\/span><\/p>\n<\/li>\n<li style=\"font-weight: 400;\" aria-level=\"1\">\n<p><b>Aprenentatge<\/b><span style=\"font-weight: 400;\">: amb una mirada competencial, activa i significativa, que afavoreixi l\u2019esfor\u00e7, l\u2019autonomia i la millora cont\u00ednua.<\/span><span style=\"font-weight: 400;\"><br \/><\/span><\/p>\n<\/li>\n<li style=\"font-weight: 400;\" aria-level=\"1\">\n<p><b>Comunitat<\/b><span style=\"font-weight: 400;\">: com a espai de participaci\u00f3, di\u00e0leg i corresponsabilitat entre alumnat, fam\u00edlies i professorat.<\/span><\/p>\n<\/li>\n<\/ul>\n<p><span style=\"font-weight: 400;\">A partir d\u2019aquests tres eixos, treballem per oferir una educaci\u00f3 de qualitat, inclusiva i amb continu\u00eftat formativa, compromesa amb l\u2019entorn i amb el futur del nostre alumnat.<\/span><span style=\"font-weight: 400;\"><br \/><\/span><\/p>\n<p><span style=\"font-weight: 400;\">Entenem l\u2019etapa educativa de <\/span><b>1r d\u2019ESO a 2n de Batxillerat<\/b><span style=\"font-weight: 400;\"> com un cam\u00ed de creixement personal i acad\u00e8mic. Sabem que cada moment del recorregut respon a un <\/span><b>moment evolutiu diferent<\/b><span style=\"font-weight: 400;\">, en qu\u00e8 l\u2019alumnat necessita construir la seva identitat (<\/span><b>qui soc<\/b><span style=\"font-weight: 400;\">), aprendre a relacionar-se amb els altres (<\/span><b>com em relaciono<\/b><span style=\"font-weight: 400;\">) i comen\u00e7ar a definir el seu projecte vital (<\/span><b>cap on vaig<\/b><span style=\"font-weight: 400;\">).<\/span><\/p>\n<p><span style=\"font-weight: 400;\">Per aix\u00f2, acompanyem el nostre alumnat en aquest proc\u00e9s cap a la <\/span><b>maduresa<\/b><span style=\"font-weight: 400;\">, promovent de manera progressiva la <\/span><b>responsabilitat<\/b><span style=\"font-weight: 400;\">, l\u2019<\/span><b>autonomia<\/b><span style=\"font-weight: 400;\"> i la capacitat de prendre <\/span><b>decisions conscients<\/b><span style=\"font-weight: 400;\"> sobre el seu present i el seu futur.<\/span><\/p>\n","protected":false},"excerpt":{"rendered":"<p>El nostre projecte educatiu El curs 2024-2025 iniciem una nova etapa com a centre d\u2019ESO i Batxillerat, arran de la separaci\u00f3 de centres i de la posada en marxa d\u2019un nou projecte de direcci\u00f3. Aquest canvi ens permet consolidar una identitat pr\u00f2pia i un model educatiu coherent i compartit. El nostre projecte educatiu es fonamenta [&hellip;]<\/p>\n","protected":false},"author":3,"featured_media":0,"parent":0,"menu_order":0,"comment_status":"closed","ping_status":"close","template":"","meta":{"site-sidebar-layout":"left-sidebar","site-content-layout":"","ast-site-content-layout":"default","site-content-style":"default","site-sidebar-style":"default","ast-global-header-display":"","ast-banner-title-visibility":"","ast-main-header-display":"","ast-hfb-above-header-display":"","ast-hfb-below-header-display":"","ast-hfb-mobile-header-display":"","site-post-title":"","ast-breadcrumbs-content":"","ast-featured-img":"","footer-sml-layout":"","theme-transparent-header-meta":"","adv-header-id-meta":"","stick-header-meta":"","header-above-stick-meta":"","header-main-stick-meta":"","header-below-stick-meta":"","astra-migrate-meta-layouts":"set","ast-page-background-enabled":"default","ast-page-background-meta":{"desktop":{"background-color":"var(--ast-global-color-4)","background-image":"","background-repeat":"repeat","background-position":"center center","background-size":"auto","background-attachment":"scroll","background-type":"","background-media":"","overlay-type":"","overlay-color":"","overlay-opacity":"","overlay-gradient":""},"tablet":{"background-color":"","background-image":"","background-repeat":"repeat","background-position":"center center","background-size":"auto","background-attachment":"scroll","background-type":"","background-media":"","overlay-type":"","overlay-color":"","overlay-opacity":"","overlay-gradient":""},"mobile":{"background-color":"","background-image":"","background-repeat":"repeat","background-position":"center center","background-size":"auto","background-attachment":"scroll","background-type":"","background-media":"","overlay-type":"","overlay-color":"","overlay-opacity":"","overlay-gradient":""}},"ast-content-background-meta":{"desktop":{"background-color":"var(--ast-global-color-5)","background-image":"","background-repeat":"repeat","background-position":"center center","background-size":"auto","background-attachment":"scroll","background-type":"","background-media":"","overlay-type":"","overlay-color":"","overlay-opacity":"","overlay-gradient":""},"tablet":{"background-color":"var(--ast-global-color-5)","background-image":"","background-repeat":"repeat","background-position":"center center","background-size":"auto","background-attachment":"scroll","background-type":"","background-media":"","overlay-type":"","overlay-color":"","overlay-opacity":"","overlay-gradient":""},"mobile":{"background-color":"var(--ast-global-color-5)","background-image":"","background-repeat":"repeat","background-position":"center center","background-size":"auto","background-attachment":"scroll","background-type":"","background-media":"","overlay-type":"","overlay-color":"","overlay-opacity":"","overlay-gradient":""}},"footnotes":""},"class_list":["post-1012","page","type-page","status-publish","hentry"],"post_mailing_queue_ids":[],"_links":{"self":[{"href":"https:\/\/agora.xtec.cat\/iesjoanbrossa\/wp-json\/wp\/v2\/pages\/1012","targetHints":{"allow":["GET"]}}],"collection":[{"href":"https:\/\/agora.xtec.cat\/iesjoanbrossa\/wp-json\/wp\/v2\/pages"}],"about":[{"href":"https:\/\/agora.xtec.cat\/iesjoanbrossa\/wp-json\/wp\/v2\/types\/page"}],"author":[{"embeddable":true,"href":"https:\/\/agora.xtec.cat\/iesjoanbrossa\/wp-json\/wp\/v2\/users\/3"}],"replies":[{"embeddable":true,"href":"https:\/\/agora.xtec.cat\/iesjoanbrossa\/wp-json\/wp\/v2\/comments?post=1012"}],"version-history":[{"count":6,"href":"https:\/\/agora.xtec.cat\/iesjoanbrossa\/wp-json\/wp\/v2\/pages\/1012\/revisions"}],"predecessor-version":[{"id":1999,"href":"https:\/\/agora.xtec.cat\/iesjoanbrossa\/wp-json\/wp\/v2\/pages\/1012\/revisions\/1999"}],"wp:attachment":[{"href":"https:\/\/agora.xtec.cat\/iesjoanbrossa\/wp-json\/wp\/v2\/media?parent=1012"}],"curies":[{"name":"wp","href":"https:\/\/api.w.org\/{rel}","templated":true}]}}