{"id":1011,"date":"2025-03-06T18:36:27","date_gmt":"2025-03-06T17:36:27","guid":{"rendered":"https:\/\/agora.xtec.cat\/iesjoanbrossa\/?page_id=1011"},"modified":"2026-05-08T23:34:57","modified_gmt":"2026-05-08T21:34:57","slug":"estudis-2","status":"publish","type":"page","link":"https:\/\/agora.xtec.cat\/iesjoanbrossa\/projecte-educatiu-2\/estudis-2\/","title":{"rendered":"Estudis"},"content":{"rendered":"\n<div class=\"wp-block-columns is-layout-flex wp-container-core-columns-is-layout-1 wp-block-columns-is-layout-flex\" style=\"padding-top:0.5rem;padding-left:70px\">\n<div class=\"wp-block-column is-layout-flow wp-block-column-is-layout-flow\" style=\"flex-basis:100%\">\n<p>A l&#8217;Institut Joan Brossa s&#8217;imparteixen estudis d&#8217;ESO i Batxillerat en les modalitats&nbsp;<br>d&#8217;<a href=\"https:\/\/www.gencat.cat\/ensenyament\/eac\/pdf\/BATXLOE_3000_CA.pdf\">humanitats i ci\u00e8ncies socials<\/a> i <a href=\"https:\/\/www.gencat.cat\/ensenyament\/eac\/pdf\/BATXLOE_2000_CA.pdf\">ci\u00e8ncies i tecnologia<\/a>.&nbsp;Tenim tres l\u00ednies d&#8217;ESO (90 places) <br>i dues l\u00ednies de batxillerat (70 places).&nbsp;<\/p>\n<\/div>\n<\/div>\n\n\n\n<div class=\"wp-block-columns is-layout-flex wp-container-core-columns-is-layout-2 wp-block-columns-is-layout-flex\" style=\"padding-top:0;padding-right:0px;padding-bottom:0;padding-left:0px\">\n<div class=\"wp-block-column is-layout-flow wp-block-column-is-layout-flow\" style=\"flex-basis:100%\">\n<figure class=\"wp-block-image size-large is-resized\" style=\"margin-top:0.5rem;margin-right:0;margin-left:70px\"><a href=\"https:\/\/agora.xtec.cat\/iesjoanbrossa\/wp-content\/uploads\/usu3062\/2026\/01\/ESO_Estudis.png\"><img loading=\"lazy\" decoding=\"async\" width=\"1024\" height=\"609\" src=\"https:\/\/agora.xtec.cat\/iesjoanbrossa\/wp-content\/uploads\/usu3062\/2026\/01\/ESO_Estudis-1024x609.png\" alt=\"\" class=\"wp-image-1671\" style=\"width:761px;height:auto\" srcset=\"https:\/\/agora.xtec.cat\/iesjoanbrossa\/wp-content\/uploads\/usu3062\/2026\/01\/ESO_Estudis-1024x609.png 1024w, https:\/\/agora.xtec.cat\/iesjoanbrossa\/wp-content\/uploads\/usu3062\/2026\/01\/ESO_Estudis-300x179.png 300w, https:\/\/agora.xtec.cat\/iesjoanbrossa\/wp-content\/uploads\/usu3062\/2026\/01\/ESO_Estudis-768x457.png 768w, https:\/\/agora.xtec.cat\/iesjoanbrossa\/wp-content\/uploads\/usu3062\/2026\/01\/ESO_Estudis-1536x914.png 1536w, https:\/\/agora.xtec.cat\/iesjoanbrossa\/wp-content\/uploads\/usu3062\/2026\/01\/ESO_Estudis.png 1660w\" sizes=\"auto, (max-width: 1024px) 100vw, 1024px\" \/><\/a><\/figure>\n\n\n\n<figure class=\"wp-block-image size-large is-resized\" style=\"margin-left:70px\"><a href=\"https:\/\/agora.xtec.cat\/iesjoanbrossa\/wp-content\/uploads\/usu3062\/2026\/01\/BTX_Estudis.jpg\"><img loading=\"lazy\" decoding=\"async\" width=\"1024\" height=\"614\" src=\"https:\/\/agora.xtec.cat\/iesjoanbrossa\/wp-content\/uploads\/usu3062\/2026\/01\/BTX_Estudis-1024x614.jpg\" alt=\"\" class=\"wp-image-1682\" style=\"width:759px;height:auto\" srcset=\"https:\/\/agora.xtec.cat\/iesjoanbrossa\/wp-content\/uploads\/usu3062\/2026\/01\/BTX_Estudis-1024x614.jpg 1024w, https:\/\/agora.xtec.cat\/iesjoanbrossa\/wp-content\/uploads\/usu3062\/2026\/01\/BTX_Estudis-300x180.jpg 300w, https:\/\/agora.xtec.cat\/iesjoanbrossa\/wp-content\/uploads\/usu3062\/2026\/01\/BTX_Estudis-768x460.jpg 768w, https:\/\/agora.xtec.cat\/iesjoanbrossa\/wp-content\/uploads\/usu3062\/2026\/01\/BTX_Estudis.jpg 1361w\" sizes=\"auto, (max-width: 1024px) 100vw, 1024px\" \/><\/a><\/figure>\n<\/div>\n<\/div>\n\n\n\n<div class=\"wp-block-columns is-layout-flex wp-container-core-columns-is-layout-3 wp-block-columns-is-layout-flex\" style=\"padding-top:0.5rem;padding-left:70px\">\n<div class=\"wp-block-column is-layout-flow wp-block-column-is-layout-flow\" style=\"flex-basis:100%\">\n<h3><strong><span style=\"color: #ff0000;\"><br \/>Marc horari<\/span><\/strong><\/h3>\n<p><strong>1r i 2n d&#8217;ESO<em><br \/><\/em>Mat\u00ed:<\/strong> dilluns, dimarts, dimecres i divendres de <strong>8 a 13.35 h<\/strong> \/ Dijous de <strong>8 a 14.30 h\u00a0<\/strong><br \/>Tarda: dilluns i dimarts de 1<strong>5 a 16.50 h<\/strong><\/p>\n<p><strong>3r i 4t d&#8217;ESO i BATXILLERAT<\/strong><br \/><strong>Horari intensiu:<\/strong> dilluns a divendres de <strong>8 a 14.30 h\u00a0<\/strong><\/p>\n<\/div>\n<\/div>\n","protected":false},"excerpt":{"rendered":"<p>A l&#8217;Institut Joan Brossa s&#8217;imparteixen estudis d&#8217;ESO i Batxillerat en les modalitats&nbsp;d&#8217;humanitats i ci\u00e8ncies socials i ci\u00e8ncies i tecnologia.&nbsp;Tenim tres l\u00ednies d&#8217;ESO (90 places) i dues l\u00ednies de batxillerat (70 places).&nbsp; Marc horari 1r i 2n d&#8217;ESOMat\u00ed: dilluns, dimarts, dimecres i divendres de 8 a 13.35 h \/ Dijous de 8 a 14.30 h\u00a0Tarda: dilluns [&hellip;]<\/p>\n","protected":false},"author":3,"featured_media":0,"parent":1012,"menu_order":10,"comment_status":"closed","ping_status":"close","template":"","meta":{"site-sidebar-layout":"left-sidebar","site-content-layout":"","ast-site-content-layout":"default","site-content-style":"default","site-sidebar-style":"boxed","ast-global-header-display":"","ast-banner-title-visibility":"","ast-main-header-display":"","ast-hfb-above-header-display":"","ast-hfb-below-header-display":"","ast-hfb-mobile-header-display":"","site-post-title":"","ast-breadcrumbs-content":"","ast-featured-img":"","footer-sml-layout":"","theme-transparent-header-meta":"","adv-header-id-meta":"","stick-header-meta":"","header-above-stick-meta":"","header-main-stick-meta":"","header-below-stick-meta":"","astra-migrate-meta-layouts":"set","ast-page-background-enabled":"default","ast-page-background-meta":{"desktop":{"background-color":"var(--ast-global-color-4)","background-image":"","background-repeat":"repeat","background-position":"center center","background-size":"auto","background-attachment":"scroll","background-type":"","background-media":"","overlay-type":"","overlay-color":"","overlay-opacity":"","overlay-gradient":""},"tablet":{"background-color":"","background-image":"","background-repeat":"repeat","background-position":"center center","background-size":"auto","background-attachment":"scroll","background-type":"","background-media":"","overlay-type":"","overlay-color":"","overlay-opacity":"","overlay-gradient":""},"mobile":{"background-color":"","background-image":"","background-repeat":"repeat","background-position":"center center","background-size":"auto","background-attachment":"scroll","background-type":"","background-media":"","overlay-type":"","overlay-color":"","overlay-opacity":"","overlay-gradient":""}},"ast-content-background-meta":{"desktop":{"background-color":"var(--ast-global-color-5)","background-image":"","background-repeat":"repeat","background-position":"center center","background-size":"auto","background-attachment":"scroll","background-type":"","background-media":"","overlay-type":"","overlay-color":"","overlay-opacity":"","overlay-gradient":""},"tablet":{"background-color":"var(--ast-global-color-5)","background-image":"","background-repeat":"repeat","background-position":"center center","background-size":"auto","background-attachment":"scroll","background-type":"","background-media":"","overlay-type":"","overlay-color":"","overlay-opacity":"","overlay-gradient":""},"mobile":{"background-color":"var(--ast-global-color-5)","background-image":"","background-repeat":"repeat","background-position":"center center","background-size":"auto","background-attachment":"scroll","background-type":"","background-media":"","overlay-type":"","overlay-color":"","overlay-opacity":"","overlay-gradient":""}},"footnotes":""},"class_list":["post-1011","page","type-page","status-publish","hentry"],"post_mailing_queue_ids":[],"_links":{"self":[{"href":"https:\/\/agora.xtec.cat\/iesjoanbrossa\/wp-json\/wp\/v2\/pages\/1011","targetHints":{"allow":["GET"]}}],"collection":[{"href":"https:\/\/agora.xtec.cat\/iesjoanbrossa\/wp-json\/wp\/v2\/pages"}],"about":[{"href":"https:\/\/agora.xtec.cat\/iesjoanbrossa\/wp-json\/wp\/v2\/types\/page"}],"author":[{"embeddable":true,"href":"https:\/\/agora.xtec.cat\/iesjoanbrossa\/wp-json\/wp\/v2\/users\/3"}],"replies":[{"embeddable":true,"href":"https:\/\/agora.xtec.cat\/iesjoanbrossa\/wp-json\/wp\/v2\/comments?post=1011"}],"version-history":[{"count":6,"href":"https:\/\/agora.xtec.cat\/iesjoanbrossa\/wp-json\/wp\/v2\/pages\/1011\/revisions"}],"predecessor-version":[{"id":2070,"href":"https:\/\/agora.xtec.cat\/iesjoanbrossa\/wp-json\/wp\/v2\/pages\/1011\/revisions\/2070"}],"up":[{"embeddable":true,"href":"https:\/\/agora.xtec.cat\/iesjoanbrossa\/wp-json\/wp\/v2\/pages\/1012"}],"wp:attachment":[{"href":"https:\/\/agora.xtec.cat\/iesjoanbrossa\/wp-json\/wp\/v2\/media?parent=1011"}],"curies":[{"name":"wp","href":"https:\/\/api.w.org\/{rel}","templated":true}]}}