{"id":1007,"date":"2025-03-06T18:36:27","date_gmt":"2025-03-06T17:36:27","guid":{"rendered":"https:\/\/agora.xtec.cat\/iesjoanbrossa\/?page_id=1007"},"modified":"2026-05-07T22:07:56","modified_gmt":"2026-05-07T20:07:56","slug":"organigrama","status":"publish","type":"page","link":"https:\/\/agora.xtec.cat\/iesjoanbrossa\/qui-som-2\/organigrama\/","title":{"rendered":"Organigrama 25-26"},"content":{"rendered":"\n<div class=\"wp-block-columns is-layout-flex wp-container-core-columns-is-layout-1 wp-block-columns-is-layout-flex\" style=\"padding-top:0;padding-bottom:15px;padding-left:0px\">\n<div class=\"wp-block-column is-layout-flow wp-block-column-is-layout-flow\">\n<h5><span style=\"color: #ff0000;\"><strong>Equip directiu<\/strong><\/span><\/h5>\n<\/div>\n<\/div>\n\n\n\n<div class=\"wp-block-columns is-layout-flex wp-container-core-columns-is-layout-2 wp-block-columns-is-layout-flex\" style=\"padding-top:0px;padding-bottom:0px;padding-left:0px\">\n<div class=\"wp-block-column is-layout-flow wp-block-column-is-layout-flow\">\n<p>Directora: Elena Garc\u00eda<br>Cap d&#8217;estudis: Maria Rodr\u00edguez<br>Coordinadora pedag\u00f2gica: Adriana Zampa<br>Secretari: Daniel Gal\u00e1n<\/p>\n<\/div>\n<\/div>\n\n\n\n<div class=\"wp-block-columns is-layout-flex wp-container-core-columns-is-layout-3 wp-block-columns-is-layout-flex\" style=\"padding-top:2.5rem;padding-bottom:15px;padding-left:0px\">\n<div class=\"wp-block-column is-layout-flow wp-block-column-is-layout-flow\">\n<h5><span style=\"color: #ff0000;\"><strong>\u00c0mbit ling\u00fc\u00edstic<\/strong><\/span><\/h5>\n<\/div>\n<\/div>\n\n\n\n<div class=\"wp-block-columns is-layout-flex wp-container-core-columns-is-layout-4 wp-block-columns-is-layout-flex\" style=\"padding-top:0;padding-right:0;padding-bottom:0;padding-left:2.25rem\">\n<div class=\"wp-block-column is-layout-flow wp-block-column-is-layout-flow\">\n<p><strong>Lleng\u00fces estrangeres<\/strong><br \/>Elena Ar\u00fas<br \/>Eva Brun<br \/>Eul\u00e0lia Garc\u00e9s<br \/>Elisa Ropero<br \/>Olga Siurana<br \/><br \/><\/p>\n<\/div>\n\n\n\n<div class=\"wp-block-column is-layout-flow wp-block-column-is-layout-flow\">\n<p><strong>Cl\u00e0ssiques<\/strong><br><span data-sheets-root=\"1\">Marc Arag\u00fc\u00e9s<\/span><\/p>\n<\/div>\n\n\n\n<div class=\"wp-block-column is-layout-flow wp-block-column-is-layout-flow\" style=\"padding-bottom:0\">\n<p><strong>Llengua castellana<br><\/strong>Sole Mu\u00f1oz<br>Teresa S\u00e1ez<br>Cristina Teruel<br>Lorena Payo<br><br><\/p>\n<\/div>\n\n\n\n<div class=\"wp-block-column is-layout-flow wp-block-column-is-layout-flow\">\n<p><strong>Llengua catalana<br><\/strong>Eva Aranda<br>Jaume Bentanachs<br>Lourdes Estruch<br>Montse Ferrer<br>Imma Oliveres<\/p>\n<\/div>\n<\/div>\n\n\n\n<div class=\"wp-block-columns is-layout-flex wp-container-core-columns-is-layout-5 wp-block-columns-is-layout-flex\" style=\"padding-top:2.5rem;padding-bottom:15px;padding-left:0px\">\n<div class=\"wp-block-column is-layout-flow wp-block-column-is-layout-flow\">\n<h5><span style=\"color: #ff0000;\"><strong>\u00c0mbit cos i ment<\/strong><\/span><\/h5>\n<\/div>\n<\/div>\n\n\n\n<div class=\"wp-block-columns is-layout-flex wp-container-core-columns-is-layout-6 wp-block-columns-is-layout-flex\" style=\"padding-top:0;padding-right:0;padding-bottom:0;padding-left:2.31rem\">\n<div class=\"wp-block-column is-layout-flow wp-block-column-is-layout-flow\">\n<p><strong>Educaci\u00f3 f\u00edsica<\/strong><br \/><span data-sheets-root=\"1\">Meritxell Bages<br \/><\/span>Jaume Feixas<br \/>Gonzalo Fr\u00edas<br \/>Aura Mengual<\/p>\n<\/div>\n\n\n\n<div class=\"wp-block-column is-layout-flow wp-block-column-is-layout-flow\">\n<p><strong>Orientaci\u00f3<\/strong><br>M\u00edriam Bastos<br>Elena Garc\u00eda<br>Maria Rodr\u00edguez<br>Laura Masi\u00e0 <br>Silvia Salsini<\/p>\n<\/div>\n\n\n\n<div class=\"wp-block-column is-layout-flow wp-block-column-is-layout-flow\">\n<p><strong>Educadora<br \/><\/strong>Ester Serrano<\/p>\n<p><strong>Vetllador<\/strong><br \/>Guillem Planas<\/p>\n<\/div>\n\n\n\n<div class=\"wp-block-column is-layout-flow wp-block-column-is-layout-flow\">\n<p><strong>Aula d&#8217;acollida<br><\/strong>Carolina Solanas<\/p>\n<\/div>\n<\/div>\n\n\n\n<div class=\"wp-block-columns is-layout-flex wp-container-core-columns-is-layout-7 wp-block-columns-is-layout-flex\" style=\"padding-top:2.5rem;padding-bottom:15px;padding-left:0px\">\n<div class=\"wp-block-column is-layout-flow wp-block-column-is-layout-flow\">\n<h5><span style=\"color: #ff0000;\"><strong>\u00c0mbit social i art\u00edstic<\/strong><\/span><\/h5>\n<\/div>\n<\/div>\n\n\n\n<div class=\"wp-block-columns is-layout-flex wp-container-core-columns-is-layout-8 wp-block-columns-is-layout-flex\" style=\"margin-top:0;margin-bottom:0;padding-top:0;padding-right:0;padding-bottom:0;padding-left:2.25rem\">\n<div class=\"wp-block-column is-layout-flow wp-container-core-column-is-layout-14 wp-block-column-is-layout-flow\">\n<p><strong>Dibuix<\/strong><br \/><span data-sheets-root=\"1\">Natalia Angl\u00e8s<\/span><br \/>Lloren\u00e7 Mestre<br \/>Adriana Zampa<br \/><br \/><br \/><\/p>\n<\/div>\n\n\n\n<div class=\"wp-block-column is-layout-flow wp-block-column-is-layout-flow\">\n<p><strong>Economia<\/strong><br \/><span data-sheets-root=\"1\">Albert Noguera<\/span><br \/><strong><br \/>Filosofia<br \/><\/strong>Gonzalo Escudero<\/p>\n<\/div>\n\n\n\n<div class=\"wp-block-column is-layout-flow wp-block-column-is-layout-flow\">\n<p><strong>Geografia i hist\u00f2ria<br><\/strong>Andreu Castrero<br>Jos\u00e9 Luis Fierro<br>Clara Garcia<br>Marta P\u00e9rez<br>Jorge Red\u00f3n<\/p>\n<\/div>\n\n\n\n<div class=\"wp-block-column is-layout-flow wp-block-column-is-layout-flow\">\n<p><strong>M\u00fasica<\/strong><br>Daniel Gal\u00e1n<br>Imma Oliveres<br><strong><br>Religi\u00f3<\/strong><br>Eva Izaguirre<\/p>\n<\/div>\n<\/div>\n\n\n\n<div class=\"wp-block-columns is-layout-flex wp-container-core-columns-is-layout-9 wp-block-columns-is-layout-flex\" style=\"padding-top:2.5rem;padding-bottom:15px;padding-left:0px\">\n<div class=\"wp-block-column is-layout-flow wp-block-column-is-layout-flow\">\n<h5><span style=\"color: #ff0000;\"><strong>\u00c0mbit STEM<\/strong><\/span><\/h5>\n<\/div>\n<\/div>\n\n\n\n<div class=\"wp-block-columns is-layout-flex wp-container-core-columns-is-layout-10 wp-block-columns-is-layout-flex\" style=\"margin-top:0;padding-top:0;padding-right:0;padding-bottom:0;padding-left:var(--wp--preset--spacing--60)\">\n<div class=\"wp-block-column is-layout-flow wp-block-column-is-layout-flow\">\n<p><strong>Biologia<\/strong><br \/>Marina Caicedo<br \/>Yolanda Ferran<br \/><span data-sheets-root=\"1\">Xavier Moreno<\/span><\/p>\n<\/div>\n\n\n\n<div class=\"wp-block-column is-layout-flow wp-block-column-is-layout-flow\">\n<p><strong>F\u00edsica i Qu\u00edmica<br><\/strong>Andrea Moreno<br>Anna Ribas<br>Guillem Valero<br><br><\/p>\n<\/div>\n\n\n\n<div class=\"wp-block-column is-layout-flow wp-block-column-is-layout-flow\">\n<p><strong>Matem\u00e0tiques<br \/><\/strong>Rosibel Carb\u00f3<br \/>Patricia Dios<br \/>Carme Garc\u00eda<br \/>Manel Fern\u00e1ndez<br \/><span data-sheets-root=\"1\">Maria Mart\u00ednez<\/span><br \/><br \/><br \/><\/p>\n<\/div>\n\n\n\n<div class=\"wp-block-column is-layout-flow wp-block-column-is-layout-flow\">\n<p><strong>Tecnologia<br \/><\/strong>Roger Hereter<br \/>Gemma Thomas<br \/>Cesc Trillo<br \/><br \/><\/p>\n<\/div>\n<\/div>\n\n\n","protected":false},"excerpt":{"rendered":"<p>Equip directiu Directora: Elena Garc\u00edaCap d&#8217;estudis: Maria Rodr\u00edguezCoordinadora pedag\u00f2gica: Adriana ZampaSecretari: Daniel Gal\u00e1n \u00c0mbit ling\u00fc\u00edstic Lleng\u00fces estrangeresElena Ar\u00fasEva BrunEul\u00e0lia Garc\u00e9sElisa RoperoOlga Siurana Cl\u00e0ssiquesMarc Arag\u00fc\u00e9s Llengua castellanaSole Mu\u00f1ozTeresa S\u00e1ezCristina TeruelLorena Payo Llengua catalanaEva ArandaJaume BentanachsLourdes EstruchMontse FerrerImma Oliveres \u00c0mbit cos i ment Educaci\u00f3 f\u00edsicaMeritxell BagesJaume FeixasGonzalo Fr\u00edasAura Mengual Orientaci\u00f3M\u00edriam BastosElena Garc\u00edaMaria Rodr\u00edguezLaura Masi\u00e0 Silvia Salsini EducadoraEster [&hellip;]<\/p>\n","protected":false},"author":3,"featured_media":0,"parent":1006,"menu_order":20,"comment_status":"closed","ping_status":"close","template":"","meta":{"site-sidebar-layout":"default","site-content-layout":"","ast-site-content-layout":"default","site-content-style":"default","site-sidebar-style":"default","ast-global-header-display":"","ast-banner-title-visibility":"","ast-main-header-display":"","ast-hfb-above-header-display":"","ast-hfb-below-header-display":"","ast-hfb-mobile-header-display":"","site-post-title":"","ast-breadcrumbs-content":"","ast-featured-img":"","footer-sml-layout":"","theme-transparent-header-meta":"","adv-header-id-meta":"","stick-header-meta":"","header-above-stick-meta":"","header-main-stick-meta":"","header-below-stick-meta":"","astra-migrate-meta-layouts":"set","ast-page-background-enabled":"default","ast-page-background-meta":{"desktop":{"background-color":"var(--ast-global-color-4)","background-image":"","background-repeat":"repeat","background-position":"center center","background-size":"auto","background-attachment":"scroll","background-type":"","background-media":"","overlay-type":"","overlay-color":"","overlay-opacity":"","overlay-gradient":""},"tablet":{"background-color":"","background-image":"","background-repeat":"repeat","background-position":"center center","background-size":"auto","background-attachment":"scroll","background-type":"","background-media":"","overlay-type":"","overlay-color":"","overlay-opacity":"","overlay-gradient":""},"mobile":{"background-color":"","background-image":"","background-repeat":"repeat","background-position":"center center","background-size":"auto","background-attachment":"scroll","background-type":"","background-media":"","overlay-type":"","overlay-color":"","overlay-opacity":"","overlay-gradient":""}},"ast-content-background-meta":{"desktop":{"background-color":"var(--ast-global-color-5)","background-image":"","background-repeat":"repeat","background-position":"center center","background-size":"auto","background-attachment":"scroll","background-type":"","background-media":"","overlay-type":"","overlay-color":"","overlay-opacity":"","overlay-gradient":""},"tablet":{"background-color":"var(--ast-global-color-5)","background-image":"","background-repeat":"repeat","background-position":"center center","background-size":"auto","background-attachment":"scroll","background-type":"","background-media":"","overlay-type":"","overlay-color":"","overlay-opacity":"","overlay-gradient":""},"mobile":{"background-color":"var(--ast-global-color-5)","background-image":"","background-repeat":"repeat","background-position":"center center","background-size":"auto","background-attachment":"scroll","background-type":"","background-media":"","overlay-type":"","overlay-color":"","overlay-opacity":"","overlay-gradient":""}},"footnotes":""},"class_list":["post-1007","page","type-page","status-publish","hentry"],"post_mailing_queue_ids":[],"_links":{"self":[{"href":"https:\/\/agora.xtec.cat\/iesjoanbrossa\/wp-json\/wp\/v2\/pages\/1007","targetHints":{"allow":["GET"]}}],"collection":[{"href":"https:\/\/agora.xtec.cat\/iesjoanbrossa\/wp-json\/wp\/v2\/pages"}],"about":[{"href":"https:\/\/agora.xtec.cat\/iesjoanbrossa\/wp-json\/wp\/v2\/types\/page"}],"author":[{"embeddable":true,"href":"https:\/\/agora.xtec.cat\/iesjoanbrossa\/wp-json\/wp\/v2\/users\/3"}],"replies":[{"embeddable":true,"href":"https:\/\/agora.xtec.cat\/iesjoanbrossa\/wp-json\/wp\/v2\/comments?post=1007"}],"version-history":[{"count":5,"href":"https:\/\/agora.xtec.cat\/iesjoanbrossa\/wp-json\/wp\/v2\/pages\/1007\/revisions"}],"predecessor-version":[{"id":1973,"href":"https:\/\/agora.xtec.cat\/iesjoanbrossa\/wp-json\/wp\/v2\/pages\/1007\/revisions\/1973"}],"up":[{"embeddable":true,"href":"https:\/\/agora.xtec.cat\/iesjoanbrossa\/wp-json\/wp\/v2\/pages\/1006"}],"wp:attachment":[{"href":"https:\/\/agora.xtec.cat\/iesjoanbrossa\/wp-json\/wp\/v2\/media?parent=1007"}],"curies":[{"name":"wp","href":"https:\/\/api.w.org\/{rel}","templated":true}]}}