{"id":1006,"date":"2025-03-06T18:36:27","date_gmt":"2025-03-06T17:36:27","guid":{"rendered":"https:\/\/agora.xtec.cat\/iesjoanbrossa\/?page_id=1006"},"modified":"2026-05-08T18:58:46","modified_gmt":"2026-05-08T16:58:46","slug":"qui-som-2","status":"publish","type":"page","link":"https:\/\/agora.xtec.cat\/iesjoanbrossa\/qui-som-2\/","title":{"rendered":"Qui som"},"content":{"rendered":"\n<p class=\"cvGsUA direction-ltr align-start para-style-body\"><span class=\"OYPEnA font-feature-liga-off font-feature-clig-off font-feature-calt-off text-decoration-none text-strikethrough-none\">Som un institut p\u00fablic, laic i en proc\u00e9s de construcci\u00f3 i millora cont\u00ednua. <\/span><\/p>\n<p class=\"cvGsUA direction-ltr align-start para-style-body\"><span class=\"OYPEnA font-feature-liga-off font-feature-clig-off font-feature-calt-off text-decoration-none text-strikethrough-none\">La nostra missi\u00f3 \u00e9s acompanyar al nostre alumnat perqu\u00e8 aconsegueixi un creixement personal \u00f2ptim.<\/span><\/p>\n\n\n\n<p><\/p>\n\n\n\n<h3><span style=\"color: #ff0000;\"><strong>QU\u00c8 ENS MOU?<\/strong><\/span><\/h3>\n<ul>\n<li>Coher\u00e8ncia pedag\u00f2gica<\/li>\n<li>Comprom\u00eds amb all\u00f2 que fem<\/li>\n<li>Compartir espais de di\u00e0leg<\/li>\n<li>Mirada respectuosa a la diversitat<\/li>\n<li>Comunitat que avan\u00e7a i apr\u00e8n<\/li>\n<li>Creen\u00e7a en el poder transformador de l\u2019educaci\u00f3<\/li>\n<\/ul>\n","protected":false},"excerpt":{"rendered":"<p>Som un institut p\u00fablic, laic i en proc\u00e9s de construcci\u00f3 i millora cont\u00ednua. La nostra missi\u00f3 \u00e9s acompanyar al nostre alumnat perqu\u00e8 aconsegueixi un creixement personal \u00f2ptim. QU\u00c8 ENS MOU? Coher\u00e8ncia pedag\u00f2gica Comprom\u00eds amb all\u00f2 que fem Compartir espais de di\u00e0leg Mirada respectuosa a la diversitat Comunitat que avan\u00e7a i apr\u00e8n Creen\u00e7a en el poder [&hellip;]<\/p>\n","protected":false},"author":3,"featured_media":0,"parent":0,"menu_order":0,"comment_status":"closed","ping_status":"close","template":"","meta":{"site-sidebar-layout":"default","site-content-layout":"","ast-site-content-layout":"default","site-content-style":"default","site-sidebar-style":"default","ast-global-header-display":"","ast-banner-title-visibility":"","ast-main-header-display":"","ast-hfb-above-header-display":"","ast-hfb-below-header-display":"","ast-hfb-mobile-header-display":"","site-post-title":"","ast-breadcrumbs-content":"","ast-featured-img":"","footer-sml-layout":"","theme-transparent-header-meta":"","adv-header-id-meta":"","stick-header-meta":"","header-above-stick-meta":"","header-main-stick-meta":"","header-below-stick-meta":"","astra-migrate-meta-layouts":"set","ast-page-background-enabled":"default","ast-page-background-meta":{"desktop":{"background-color":"var(--ast-global-color-4)","background-image":"","background-repeat":"repeat","background-position":"center center","background-size":"auto","background-attachment":"scroll","background-type":"","background-media":"","overlay-type":"","overlay-color":"","overlay-opacity":"","overlay-gradient":""},"tablet":{"background-color":"","background-image":"","background-repeat":"repeat","background-position":"center center","background-size":"auto","background-attachment":"scroll","background-type":"","background-media":"","overlay-type":"","overlay-color":"","overlay-opacity":"","overlay-gradient":""},"mobile":{"background-color":"","background-image":"","background-repeat":"repeat","background-position":"center center","background-size":"auto","background-attachment":"scroll","background-type":"","background-media":"","overlay-type":"","overlay-color":"","overlay-opacity":"","overlay-gradient":""}},"ast-content-background-meta":{"desktop":{"background-color":"var(--ast-global-color-5)","background-image":"","background-repeat":"repeat","background-position":"center center","background-size":"auto","background-attachment":"scroll","background-type":"","background-media":"","overlay-type":"","overlay-color":"","overlay-opacity":"","overlay-gradient":""},"tablet":{"background-color":"var(--ast-global-color-5)","background-image":"","background-repeat":"repeat","background-position":"center center","background-size":"auto","background-attachment":"scroll","background-type":"","background-media":"","overlay-type":"","overlay-color":"","overlay-opacity":"","overlay-gradient":""},"mobile":{"background-color":"var(--ast-global-color-5)","background-image":"","background-repeat":"repeat","background-position":"center center","background-size":"auto","background-attachment":"scroll","background-type":"","background-media":"","overlay-type":"","overlay-color":"","overlay-opacity":"","overlay-gradient":""}},"footnotes":""},"class_list":["post-1006","page","type-page","status-publish","hentry"],"post_mailing_queue_ids":[],"_links":{"self":[{"href":"https:\/\/agora.xtec.cat\/iesjoanbrossa\/wp-json\/wp\/v2\/pages\/1006","targetHints":{"allow":["GET"]}}],"collection":[{"href":"https:\/\/agora.xtec.cat\/iesjoanbrossa\/wp-json\/wp\/v2\/pages"}],"about":[{"href":"https:\/\/agora.xtec.cat\/iesjoanbrossa\/wp-json\/wp\/v2\/types\/page"}],"author":[{"embeddable":true,"href":"https:\/\/agora.xtec.cat\/iesjoanbrossa\/wp-json\/wp\/v2\/users\/3"}],"replies":[{"embeddable":true,"href":"https:\/\/agora.xtec.cat\/iesjoanbrossa\/wp-json\/wp\/v2\/comments?post=1006"}],"version-history":[{"count":6,"href":"https:\/\/agora.xtec.cat\/iesjoanbrossa\/wp-json\/wp\/v2\/pages\/1006\/revisions"}],"predecessor-version":[{"id":1998,"href":"https:\/\/agora.xtec.cat\/iesjoanbrossa\/wp-json\/wp\/v2\/pages\/1006\/revisions\/1998"}],"wp:attachment":[{"href":"https:\/\/agora.xtec.cat\/iesjoanbrossa\/wp-json\/wp\/v2\/media?parent=1006"}],"curies":[{"name":"wp","href":"https:\/\/api.w.org\/{rel}","templated":true}]}}