{"id":9,"date":"2014-09-12T10:15:01","date_gmt":"2014-09-12T10:15:01","guid":{"rendered":"http:\/\/agora.xtec.cat\/iesjoanbosca\/?page_id=9"},"modified":"2019-10-23T09:58:41","modified_gmt":"2019-10-23T07:58:41","slug":"pagina-dinici-buida","status":"publish","type":"page","link":"https:\/\/agora.xtec.cat\/iesjoanbosca\/","title":{"rendered":"Inici"},"content":{"rendered":"<p><code><\/code><\/p>\n<h4 style=\"text-align: left;\"><strong><span style=\"color: #993366;\">Un nen educat en la diversitat ser\u00e0 un adult nodrit i tolerant.<br \/>\n<\/span><\/strong><\/h4>\n<h5 style=\"text-align: center;\">\u00a0\u00a0\u00a0\u00a0\u00a0\u00a0\u00a0\u00a0\u00a0\u00a0\u00a0\u00a0\u00a0\u00a0\u00a0\u00a0\u00a0\u00a0\u00a0\u00a0\u00a0\u00a0\u00a0\u00a0\u00a0\u00a0\u00a0\u00a0\u00a0\u00a0\u00a0\u00a0\u00a0\u00a0\u00a0\u00a0\u00a0\u00a0\u00a0\u00a0\u00a0\u00a0\u00a0\u00a0\u00a0\u00a0\u00a0\u00a0\u00a0\u00a0\u00a0\u00a0\u00a0\u00a0\u00a0\u00a0\u00a0\u00a0\u00a0\u00a0\u00a0\u00a0\u00a0\u00a0\u00a0\u00a0\u00a0\u00a0\u00a0\u00a0\u00a0\u00a0\u00a0\u00a0\u00a0\u00a0\u00a0\u00a0\u00a0\u00a0\u00a0\u00a0\u00a0\u00a0\u00a0\u00a0<span style=\"color: #993366;\"> francesco tonucci<\/span><\/h5>\n<p>&nbsp;<\/p>\n<h2 style=\"text-align: center;\"><a href=\"http:\/\/agora.xtec.cat\/iesjoanbosca\/matricula-batxillerat-alumnes-propis-institut-joan-bosca\/\">MATR\u00cdCULA PER CURSAR\u00a0 BATXILLERAT (ALUMNES JOAN BOSC\u00c0)<\/a><\/h2>\n<h2 style=\"text-align: center;\"><a href=\"https:\/\/agora.xtec.cat\/iesjoanbosca\/matricula-per-cursar-eso-alumnes-propis-institut-joan-bosca\/\">MATR\u00cdCULA PER CURSAR ESO (ALUMNES JOAN BOSC\u00c0) <\/a><\/h2>\n<h2 style=\"text-align: center;\"><a href=\"http:\/\/www.institutpedralbes.cat\/2019\/06\/18\/documentacio-matricula-eso\/\"><span style=\"color: #ff0000;\">MATR\u00cdCULA PER CURSAR ESO (ALUMNES NOUS)<\/span><\/a><\/h2>\n<p>&nbsp;<\/p>\n<h2><\/h2>\n<h2 style=\"text-align: center;\"><a href=\"https:\/\/agora.xtec.cat\/iesjoanbosca\/institut-pedralbes-matricul-curs-2019-2020\/\"><span style=\"color: #33cccc;\"><strong>PREINSCRIPCI\u00d3 ESO 2019-2020<\/strong><\/span><\/a><\/h2>\n<h4 style=\"text-align: center;\"><span style=\"color: #ff0000;\">N\u00daMERO PER DETERMINAR L&#8217;ORDRE EN CAS D&#8217;EMPAT: 140.574<\/span><\/h4>\n<h2><\/h2>\n<h2 style=\"text-align: center;\"><a href=\"https:\/\/agora.xtec.cat\/iesjoanbosca\/preinscripcio-batxillerat-curs-2019-2020\/\">PREINSCRIPCI\u00d3 BATXILLERAT 2019-2020<\/a><\/h2>\n<h2><\/h2>\n<h2 style=\"text-align: center;\"><a href=\"http:\/\/www.institutpedralbes.cat\/2019\/05\/13\/oferta-pfi-auxiliar-de-manteniment-dequips-informatics\/\">PREINSCRIPCI\u00d3 PROGRAMES DE FORMACI\u00d3 I INSERCI\u00d3 2019-2020<\/a><\/h2>\n<h2><\/h2>\n<h2 style=\"text-align: center;\"><a href=\"http:\/\/www.institutpedralbes.cat\/\"><span style=\"color: #33cccc;\"><strong>INSTITUT PEDRALBES\u00a0\u00a0 <\/strong><\/span><\/a><\/h2>\n<h2 style=\"text-align: center;\"><a href=\"https:\/\/afapedralbes.wordpress.com\/\"><span style=\"color: #33cccc;\"><strong>AFA INSTITUT PEDRALBES\u00a0 <\/strong><\/span><\/a><\/h2>\n<h2 style=\"text-align: center;\"><a href=\"https:\/\/drive.google.com\/open?id=1ZUuu3sTkJ6T-nIEXoeRMMFDJPzO2TArj\"><span style=\"color: #33cccc;\"><strong>INFORMACI\u00d3 MENJADOR<\/strong><\/span><\/a><\/h2>\n<h2 style=\"text-align: center;\"><\/h2>\n<p>&nbsp;<\/p>\n<h3 style=\"text-align: center;\"><\/h3>\n<p>&nbsp;<\/p>\n<p style=\"text-align: center;\">_______________________________________________________<\/p>\n<h3><\/h3>\n<h3 style=\"text-align: center;\"><strong><span style=\"color: #3366ff;\">\u00a0\u00a0\u00a0\u00a0\u00a0\u00a0\u00a0\u00a0\u00a0\u00a0\u00a0\u00a0\u00a0\u00a0\u00a0 VISITA VIRTUAL DE L&#8217;INSTITUT \u00a0 \u00a0 \u00a0 \u00a0 \u00a0 \u00a0 \u00a0 \u00a0<\/span><\/strong><\/h3>\n<p><a href=\"https:\/\/youtu.be\/6ThPFX2loWY\"><img decoding=\"async\" class=\"aligncenter\" style=\"width: 350px; height: 225px;\" src=\"http:\/\/agora.xtec.cat\/iesjoanbosca\/wp-content\/uploads\/usu539\/2018\/03\/8-3-2018-8.3.4-1.jpg\" \/><\/a><\/p>\n<h5><\/h5>\n<h5><\/h5>\n<h5><span style=\"color: #003300;\">&#8230; sempre enyorada<\/span><\/h5>\n<h4 style=\"text-align: center;\"><a href=\"https:\/\/agora.xtec.cat\/iesjoanbosca\/wp-content\/uploads\/usu539\/2019\/01\/Maria-Merc\u00e8-Mar\u00e7al.jpg\"><img loading=\"lazy\" decoding=\"async\" class=\"size-thumbnail wp-image-1983 aligncenter\" src=\"https:\/\/agora.xtec.cat\/iesjoanbosca\/wp-content\/uploads\/usu539\/2019\/01\/Maria-Merc\u00e8-Mar\u00e7al-150x150.jpg\" alt=\"\" width=\"150\" height=\"150\" \/><\/a><\/h4>\n<h5 style=\"text-align: left;\"><span style=\"color: #003300;\">Al 2018 ha fet vint anys (ja?!) que seguim ensenyant i educant sense tu, per\u00f2 el teu llegat ens acompanya sempre.<\/span><\/h5>\n<p>&nbsp;<\/p>\n<h3 style=\"text-align: center;\"><\/h3>\n<h4 style=\"text-align: center;\"><\/h4>\n<p><!--more--><\/p>\n<p>&nbsp;<\/p>\n","protected":false},"excerpt":{"rendered":"<p>Un nen educat en la diversitat ser\u00e0 un adult nodrit i tolerant.<\/p>\n<p>\u00a0\u00a0\u00a0\u00a0\u00a0\u00a0\u00a0\u00a0\u00a0\u00a0\u00a0\u00a0\u00a0\u00a0\u00a0\u00a0\u00a0\u00a0\u00a0\u00a0\u00a0\u00a0\u00a0\u00a0\u00a0\u00a0\u00a0\u00a0\u00a0\u00a0\u00a0\u00a0\u00a0\u00a0\u00a0\u00a0\u00a0\u00a0\u00a0\u00a0\u00a0\u00a0\u00a0\u00a0\u00a0\u00a0\u00a0\u00a0\u00a0\u00a0\u00a0\u00a0\u00a0\u00a0\u00a0\u00a0\u00a0\u00a0\u00a0\u00a0\u00a0\u00a0\u00a0\u00a0\u00a0\u00a0\u00a0\u00a0\u00a0\u00a0\u00a0\u00a0\u00a0\u00a0\u00a0\u00a0\u00a0\u00a0\u00a0\u00a0\u00a0\u00a0\u00a0\u00a0\u00a0\u00a0 francesco tonucci<br \/>\n&nbsp;<br \/>\n<a href=\"http:\/\/agora.xtec.cat\/iesjoanbosca\/matricula-batxillerat-alumnes-propis-institut-joan-bosca\/\">MATR\u00cdCULA PER CURSAR\u00a0 BATXILLERAT (ALUMNES JOAN BOSC\u00c0)<\/a><br \/>\n<a href=\"https:\/\/agora.xtec.cat\/iesjoanbosca\/matricula-per-cursar-eso-alumnes-propis-institut-joan-bosca\/\">MATR\u00cdCULA PER CURSAR ESO (ALUMNES JOAN BOSC\u00c0) <\/a><br \/>\n<a href=\"http:\/\/www.institutpedralbes.cat\/2019\/06\/18\/documentacio-matricula-eso\/\">MATR\u00cdCULA PER CURSAR ESO (ALUMNES NOUS)<\/a><br \/>\n&nbsp;<\/p>\n<p><a href=\"https:\/\/agora.xtec.cat\/iesjoanbosca\/institut-pedralbes-matricul-curs-2019-2020\/\">PREINSCRIPCI\u00d3 ESO 2019-2020<\/a><br \/>\nN\u00daMERO PER DETERMINAR L&#8217;ORDRE EN CAS D&#8217;EMPAT: 140.574<\/p>\n<p><a&hellip;  <a href=\"https:\/\/agora.xtec.cat\/iesjoanbosca\/\" title=\"Read Inici\">Llegeix m\u00e9s\u00bb<\/a><\/p>\n","protected":false},"author":1,"featured_media":0,"parent":7,"menu_order":0,"comment_status":"closed","ping_status":"closed","template":"page-templates\/front-page.php","meta":{"_bbp_topic_count":0,"_bbp_reply_count":0,"_bbp_total_topic_count":0,"_bbp_total_reply_count":0,"_bbp_voice_count":0,"_bbp_anonymous_reply_count":0,"_bbp_topic_count_hidden":0,"_bbp_reply_count_hidden":0,"_bbp_forum_subforum_count":0,"footnotes":""},"class_list":["post-9","page","type-page","status-publish","hentry"],"post_mailing_queue_ids":[],"_links":{"self":[{"href":"https:\/\/agora.xtec.cat\/iesjoanbosca\/wp-json\/wp\/v2\/pages\/9","targetHints":{"allow":["GET"]}}],"collection":[{"href":"https:\/\/agora.xtec.cat\/iesjoanbosca\/wp-json\/wp\/v2\/pages"}],"about":[{"href":"https:\/\/agora.xtec.cat\/iesjoanbosca\/wp-json\/wp\/v2\/types\/page"}],"author":[{"embeddable":true,"href":"https:\/\/agora.xtec.cat\/iesjoanbosca\/wp-json\/wp\/v2\/users\/1"}],"replies":[{"embeddable":true,"href":"https:\/\/agora.xtec.cat\/iesjoanbosca\/wp-json\/wp\/v2\/comments?post=9"}],"version-history":[{"count":4,"href":"https:\/\/agora.xtec.cat\/iesjoanbosca\/wp-json\/wp\/v2\/pages\/9\/revisions"}],"predecessor-version":[{"id":2273,"href":"https:\/\/agora.xtec.cat\/iesjoanbosca\/wp-json\/wp\/v2\/pages\/9\/revisions\/2273"}],"up":[{"embeddable":true,"href":"https:\/\/agora.xtec.cat\/iesjoanbosca\/wp-json\/wp\/v2\/pages\/7"}],"wp:attachment":[{"href":"https:\/\/agora.xtec.cat\/iesjoanbosca\/wp-json\/wp\/v2\/media?parent=9"}],"curies":[{"name":"wp","href":"https:\/\/api.w.org\/{rel}","templated":true}]}}