{"id":81,"date":"2014-09-18T10:38:05","date_gmt":"2014-09-18T10:38:05","guid":{"rendered":"http:\/\/agora.xtec.cat\/iesjoanbosca\/?page_id=81"},"modified":"2018-10-31T16:18:28","modified_gmt":"2018-10-31T15:18:28","slug":"secretaria","status":"publish","type":"page","link":"https:\/\/agora.xtec.cat\/iesjoanbosca\/secretaria\/","title":{"rendered":"Secretaria"},"content":{"rendered":"<p>&nbsp;<\/p>\n<ul>\n<li>El nostre horari d&#8217;atenci\u00f3 al p\u00fablic \u00e9s:<\/li>\n<\/ul>\n<p>de dilluns a divendres, de\u00a0 9.00h a 13.30 h i tamb\u00e9 les tardes de dilluns i dimecres, de 15.00h a 16.45h (de l&#8217;1 d&#8217;octubre fins al 31 de maig)<\/p>\n<p>&nbsp;<\/p>\n<h4><a href=\"http:\/\/agora.xtec.cat\/iesjoanbosca\/matricula-curs-2017-18\/\">MATR\u00cdCULA PER AL CURS 2018-2019<\/a><\/h4>\n<h4><em><a href=\"https:\/\/drive.google.com\/open?id=1KBEQsB3K5raKwvzgTL70IdpThMgEq9Rg\">PLA EDUCATIU DEL CENTRE 2018 &#8211; 2019<\/a><\/em><\/h4>\n<h4><em><a href=\"https:\/\/drive.google.com\/open?id=17qrCcbWfcpffAnO--HpOSwDbmu400JAt\">GUIA DE PREINSCRIPCI\u00d3 2018-2019 <\/a><\/em><\/h4>\n<h4><em><a href=\"http:\/\/agora.xtec.cat\/iesjoanbosca\/curs-2017-2018\/\">PREINSCRIPCI\u00d3 ESO 2018-2019<\/a><\/em><\/h4>\n<h4><a href=\"http:\/\/agora.xtec.cat\/iesjoanbosca\/preinscripcio-batxillerat-2018-2019\/\">PREINSCRIPCI\u00d3 BATX 2018-2019 &#8211; N\u00fam. desempat: 6.949<\/a><\/h4>\n<p>&nbsp;<\/p>\n","protected":false},"excerpt":{"rendered":"<p>&nbsp;<\/p>\n<ul>\n<li>El nostre horari d&#8217;atenci\u00f3 al p\u00fablic \u00e9s:<\/li>\n<\/ul>\n<p>de dilluns a divendres, de\u00a0 9.00h a 13.30 h i tamb\u00e9 les tardes de dilluns i dimecres, de 15.00h a 16.45h (de l&#8217;1 d&#8217;octubre fins al 31 de maig)<br \/>\n&nbsp;<br \/>\n<a href=\"http:\/\/agora.xtec.cat\/iesjoanbosca\/matricula-curs-2017-18\/\">MATR\u00cdCULA PER AL CURS 2018-2019<\/a><br \/>\n<a href=\"https:\/\/drive.google.com\/open?id=1KBEQsB3K5raKwvzgTL70IdpThMgEq9Rg\">PLA EDUCATIU DEL CENTRE 2018&hellip;  <a href=\"https:\/\/agora.xtec.cat\/iesjoanbosca\/secretaria\/\" title=\"Read Secretaria\">Llegeix m\u00e9s\u00bb<\/a><\/p>\n","protected":false},"author":1,"featured_media":0,"parent":0,"menu_order":0,"comment_status":"closed","ping_status":"closed","template":"page-templates\/side-menu.php","meta":{"_bbp_topic_count":0,"_bbp_reply_count":0,"_bbp_total_topic_count":0,"_bbp_total_reply_count":0,"_bbp_voice_count":0,"_bbp_anonymous_reply_count":0,"_bbp_topic_count_hidden":0,"_bbp_reply_count_hidden":0,"_bbp_forum_subforum_count":0,"footnotes":""},"class_list":["post-81","page","type-page","status-publish","hentry"],"post_mailing_queue_ids":[],"_links":{"self":[{"href":"https:\/\/agora.xtec.cat\/iesjoanbosca\/wp-json\/wp\/v2\/pages\/81","targetHints":{"allow":["GET"]}}],"collection":[{"href":"https:\/\/agora.xtec.cat\/iesjoanbosca\/wp-json\/wp\/v2\/pages"}],"about":[{"href":"https:\/\/agora.xtec.cat\/iesjoanbosca\/wp-json\/wp\/v2\/types\/page"}],"author":[{"embeddable":true,"href":"https:\/\/agora.xtec.cat\/iesjoanbosca\/wp-json\/wp\/v2\/users\/1"}],"replies":[{"embeddable":true,"href":"https:\/\/agora.xtec.cat\/iesjoanbosca\/wp-json\/wp\/v2\/comments?post=81"}],"version-history":[{"count":3,"href":"https:\/\/agora.xtec.cat\/iesjoanbosca\/wp-json\/wp\/v2\/pages\/81\/revisions"}],"predecessor-version":[{"id":1891,"href":"https:\/\/agora.xtec.cat\/iesjoanbosca\/wp-json\/wp\/v2\/pages\/81\/revisions\/1891"}],"wp:attachment":[{"href":"https:\/\/agora.xtec.cat\/iesjoanbosca\/wp-json\/wp\/v2\/media?parent=81"}],"curies":[{"name":"wp","href":"https:\/\/api.w.org\/{rel}","templated":true}]}}