{"id":2174,"date":"2019-05-30T11:22:56","date_gmt":"2019-05-30T09:22:56","guid":{"rendered":"http:\/\/agora.xtec.cat\/iesjoanbosca\/?page_id=2174"},"modified":"2019-06-19T13:58:29","modified_gmt":"2019-06-19T11:58:29","slug":"matricula-per-cursar-eso-alumnes-propis-institut-joan-bosca","status":"publish","type":"page","link":"https:\/\/agora.xtec.cat\/iesjoanbosca\/matricula-per-cursar-eso-alumnes-propis-institut-joan-bosca\/","title":{"rendered":"MATR\u00cdCULA  ESO ALUMNES PROPIS (INSTITUT JOAN BOSC\u00c0)"},"content":{"rendered":"<p><a href=\"https:\/\/drive.google.com\/open?id=1j7N0tgs6x0xs0RjY5bCTGXo_YqqgAMWY\">FITXA DE MATR\u00cdCULA (per a tots els cursos)<\/a><\/p>\n<p><a href=\"https:\/\/drive.google.com\/open?id=1BB8SuisN9HdKyIgqhDs1oGkuwbEXY8B6\">FULL INFORMATIU PER FORMALITZAR LA MATR\u00cdCULA PER A 2n ESO<\/a><\/p>\n<p><a href=\"https:\/\/drive.google.com\/open?id=1plr_LsCD6b-MDQQiR31zz77hcElrtc0w\">FULL DE TRIA D&#8217;OPTATIVES 2n ESO<\/a><\/p>\n<p><a href=\"https:\/\/drive.google.com\/open?id=162JERAgsLsTEPhyTb_gQdGB81YiYVne1\">FULL INFORMATIU PER FORMALITZAR LA MATR\u00cdCULA PER A 3r ESO<\/a><\/p>\n<p><a href=\"https:\/\/drive.google.com\/open?id=1NPkCMdA1G_5qTOHexiTcVaXqYZXQHjc8\">FULL DE TRIA D&#8217;OPTATIVES 3r ESO<\/a><\/p>\n<p><a href=\"https:\/\/drive.google.com\/open?id=1_UuHsXJ1dGXaRV-9_I5wKD_8NfBQwGAB\">FULL INFORMATIU PER FORMALITZAR LA MATR\u00cdCULA PER A 4t ESO<\/a><\/p>\n<p><a href=\"https:\/\/drive.google.com\/open?id=1eSwXlNC2YB9B9jgUV9FoIfYaZ0gcPDFB\">FULL DE TRIA D&#8217;ITINERARI I D&#8217;OPTATIVES 4t ESO<\/a><\/p>\n<p><a href=\"https:\/\/drive.google.com\/open?id=1oL_KVX9jYAbb97zpNtaI-9NvWs6Bahpk\">INFORMACI\u00d3 ASSOCIACI\u00d3 DE FAM\u00cdLIES D&#8217;ALUMNES (AFA)<\/a><\/p>\n<p><a href=\"https:\/\/drive.google.com\/open?id=1nRTcIb1HYBsBcgbOfPOb6LxOJ9jNRxUL\">INFORMACI\u00d3 ACTIVITATS EXTRAESCOLARS ESPORTIVES<\/a><\/p>\n<p><a href=\"https:\/\/drive.google.com\/open?id=1TVyix0HusVAXlBfMWox7GLgK8UPpclsK\">CARTA DE COMPROM\u00cdS EDUCATIU<\/a><\/p>\n","protected":false},"excerpt":{"rendered":"<p><a href=\"https:\/\/drive.google.com\/open?id=1j7N0tgs6x0xs0RjY5bCTGXo_YqqgAMWY\">FITXA DE MATR\u00cdCULA (per a tots els cursos)<\/a><br \/>\n<a href=\"https:\/\/drive.google.com\/open?id=1BB8SuisN9HdKyIgqhDs1oGkuwbEXY8B6\">FULL INFORMATIU PER FORMALITZAR LA MATR\u00cdCULA PER A 2n ESO<\/a><br \/>\n<a href=\"https:\/\/drive.google.com\/open?id=1plr_LsCD6b-MDQQiR31zz77hcElrtc0w\">FULL DE TRIA D&#8217;OPTATIVES 2n ESO<\/a><br \/>\n<a href=\"https:\/\/drive.google.com\/open?id=162JERAgsLsTEPhyTb_gQdGB81YiYVne1\">FULL INFORMATIU PER FORMALITZAR LA MATR\u00cdCULA PER A 3r ESO<\/a><br \/>\n<a href=\"https:\/\/drive.google.com\/open?id=1NPkCMdA1G_5qTOHexiTcVaXqYZXQHjc8\">FULL DE TRIA D&#8217;OPTATIVES 3r ESO<\/a><br \/>\n<a href=\"https:\/\/drive.google.com\/open?id=1_UuHsXJ1dGXaRV-9_I5wKD_8NfBQwGAB\">FULL INFORMATIU PER FORMALITZAR&hellip;  <a href=\"https:\/\/agora.xtec.cat\/iesjoanbosca\/matricula-per-cursar-eso-alumnes-propis-institut-joan-bosca\/\" title=\"Read MATR\u00cdCULA  ESO ALUMNES PROPIS (INSTITUT JOAN BOSC\u00c0)\">Llegeix m\u00e9s\u00bb<\/a><\/p>\n","protected":false},"author":8,"featured_media":0,"parent":0,"menu_order":0,"comment_status":"closed","ping_status":"closed","template":"","meta":{"_bbp_topic_count":0,"_bbp_reply_count":0,"_bbp_total_topic_count":0,"_bbp_total_reply_count":0,"_bbp_voice_count":0,"_bbp_anonymous_reply_count":0,"_bbp_topic_count_hidden":0,"_bbp_reply_count_hidden":0,"_bbp_forum_subforum_count":0,"footnotes":""},"class_list":["post-2174","page","type-page","status-publish","hentry"],"post_mailing_queue_ids":[],"_links":{"self":[{"href":"https:\/\/agora.xtec.cat\/iesjoanbosca\/wp-json\/wp\/v2\/pages\/2174","targetHints":{"allow":["GET"]}}],"collection":[{"href":"https:\/\/agora.xtec.cat\/iesjoanbosca\/wp-json\/wp\/v2\/pages"}],"about":[{"href":"https:\/\/agora.xtec.cat\/iesjoanbosca\/wp-json\/wp\/v2\/types\/page"}],"author":[{"embeddable":true,"href":"https:\/\/agora.xtec.cat\/iesjoanbosca\/wp-json\/wp\/v2\/users\/8"}],"replies":[{"embeddable":true,"href":"https:\/\/agora.xtec.cat\/iesjoanbosca\/wp-json\/wp\/v2\/comments?post=2174"}],"version-history":[{"count":4,"href":"https:\/\/agora.xtec.cat\/iesjoanbosca\/wp-json\/wp\/v2\/pages\/2174\/revisions"}],"predecessor-version":[{"id":2258,"href":"https:\/\/agora.xtec.cat\/iesjoanbosca\/wp-json\/wp\/v2\/pages\/2174\/revisions\/2258"}],"wp:attachment":[{"href":"https:\/\/agora.xtec.cat\/iesjoanbosca\/wp-json\/wp\/v2\/media?parent=2174"}],"curies":[{"name":"wp","href":"https:\/\/api.w.org\/{rel}","templated":true}]}}