{"id":2163,"date":"2019-05-30T10:21:52","date_gmt":"2019-05-30T08:21:52","guid":{"rendered":"http:\/\/agora.xtec.cat\/iesjoanbosca\/?page_id=2163"},"modified":"2019-06-19T13:59:39","modified_gmt":"2019-06-19T11:59:39","slug":"matricula-batxillerat-alumnes-propis-institut-joan-bosca","status":"publish","type":"page","link":"https:\/\/agora.xtec.cat\/iesjoanbosca\/matricula-batxillerat-alumnes-propis-institut-joan-bosca\/","title":{"rendered":"MATR\u00cdCULA BATXILLERAT ALUMNES PROPIS (INSTITUT JOAN BOSC\u00c0)"},"content":{"rendered":"<p><a href=\"https:\/\/drive.google.com\/open?id=1wuXnagLYVawwWdfgZ1xp4t18uDPxo2GJ\">FULL INFORMATIU PER FORMALITZAR LA MATR\u00cdCULA PER A 1r BATXILLERAT<\/a><\/p>\n<p><a href=\"https:\/\/drive.google.com\/open?id=1qkwLlTqkX1uVzpvVNahwLEE17ZvjpFEd\">FULL INFORMATIU PER FORMALITZAR LA MATR\u00cdCULA PER A 2n BATXILLERAT<\/a><\/p>\n<p><a href=\"https:\/\/drive.google.com\/open?id=1pvE1-isOeHgINiBnNOjTIZnbfY0Tay20\">FITXA DE MATR\u00cdCULA<\/a><\/p>\n<p><a href=\"https:\/\/drive.google.com\/open?id=1oL_KVX9jYAbb97zpNtaI-9NvWs6Bahpk\">INFORMACI\u00d3 ASSOCIACI\u00d3 DE FAM\u00cdLIES D&#8217;ALUMNES (AFA)<\/a><\/p>\n<p><a href=\"https:\/\/drive.google.com\/open?id=1nRTcIb1HYBsBcgbOfPOb6LxOJ9jNRxUL\">INFORMACI\u00d3 ACTIVITATS EXTRAESCOLARS ESPORTIVES<\/a><\/p>\n<ul>\n<li><a href=\"https:\/\/drive.google.com\/open?id=1t-0RArscLxhYBgAHukfIhhWhc1s6IbnD\"><strong>TRIA DE MODALITAT I DE MAT\u00c8RIES OPTATIVES PER CURSAR 1r DE BATXILLERAT<\/strong><\/a><\/li>\n<li><a href=\"https:\/\/drive.google.com\/open?id=1rOnATIix_mtZyDe3OhnhLrFvQxgK5gTN\"><strong>TRIA DE MODALITAT I DE MAT\u00c8RIES OPTATIVES PER CURSAR 2n DE BATXILLERAT<\/strong><\/a><\/li>\n<\/ul>\n<p><a href=\"https:\/\/drive.google.com\/open?id=1TVyix0HusVAXlBfMWox7GLgK8UPpclsK\">CARTA DE COMPROM\u00cdS EDUCATIU<\/a><\/p>\n","protected":false},"excerpt":{"rendered":"<p><a href=\"https:\/\/drive.google.com\/open?id=1wuXnagLYVawwWdfgZ1xp4t18uDPxo2GJ\">FULL INFORMATIU PER FORMALITZAR LA MATR\u00cdCULA PER A 1r BATXILLERAT<\/a><br \/>\n<a href=\"https:\/\/drive.google.com\/open?id=1qkwLlTqkX1uVzpvVNahwLEE17ZvjpFEd\">FULL INFORMATIU PER FORMALITZAR LA MATR\u00cdCULA PER A 2n BATXILLERAT<\/a><br \/>\n<a href=\"https:\/\/drive.google.com\/open?id=1pvE1-isOeHgINiBnNOjTIZnbfY0Tay20\">FITXA DE MATR\u00cdCULA<\/a><br \/>\n<a href=\"https:\/\/drive.google.com\/open?id=1oL_KVX9jYAbb97zpNtaI-9NvWs6Bahpk\">INFORMACI\u00d3 ASSOCIACI\u00d3 DE FAM\u00cdLIES D&#8217;ALUMNES (AFA)<\/a><br \/>\n<a href=\"https:\/\/drive.google.com\/open?id=1nRTcIb1HYBsBcgbOfPOb6LxOJ9jNRxUL\">INFORMACI\u00d3 ACTIVITATS EXTRAESCOLARS ESPORTIVES<\/a><\/p>\n<ul>\n<li><a href=\"https:\/\/drive.google.com\/open?id=1t-0RArscLxhYBgAHukfIhhWhc1s6IbnD\">TRIA DE MODALITAT I DE MAT\u00c8RIES OPTATIVES PER CURSAR 1r DE&hellip;  <a href=\"https:\/\/agora.xtec.cat\/iesjoanbosca\/matricula-batxillerat-alumnes-propis-institut-joan-bosca\/\" title=\"Read MATR\u00cdCULA BATXILLERAT ALUMNES PROPIS (INSTITUT JOAN BOSC\u00c0)\">Llegeix m\u00e9s\u00bb<\/a><br \/>\n","protected":false},"author":8,"featured_media":0,"parent":0,"menu_order":0,"comment_status":"closed","ping_status":"closed","template":"","meta":{"_bbp_topic_count":0,"_bbp_reply_count":0,"_bbp_total_topic_count":0,"_bbp_total_reply_count":0,"_bbp_voice_count":0,"_bbp_anonymous_reply_count":0,"_bbp_topic_count_hidden":0,"_bbp_reply_count_hidden":0,"_bbp_forum_subforum_count":0,"footnotes":""},"class_list":["post-2163","page","type-page","status-publish","hentry"],"post_mailing_queue_ids":[],"_links":{"self":[{"href":"https:\/\/agora.xtec.cat\/iesjoanbosca\/wp-json\/wp\/v2\/pages\/2163","targetHints":{"allow":["GET"]}}],"collection":[{"href":"https:\/\/agora.xtec.cat\/iesjoanbosca\/wp-json\/wp\/v2\/pages"}],"about":[{"href":"https:\/\/agora.xtec.cat\/iesjoanbosca\/wp-json\/wp\/v2\/types\/page"}],"author":[{"embeddable":true,"href":"https:\/\/agora.xtec.cat\/iesjoanbosca\/wp-json\/wp\/v2\/users\/8"}],"replies":[{"embeddable":true,"href":"https:\/\/agora.xtec.cat\/iesjoanbosca\/wp-json\/wp\/v2\/comments?post=2163"}],"version-history":[{"count":3,"href":"https:\/\/agora.xtec.cat\/iesjoanbosca\/wp-json\/wp\/v2\/pages\/2163\/revisions"}],"predecessor-version":[{"id":2259,"href":"https:\/\/agora.xtec.cat\/iesjoanbosca\/wp-json\/wp\/v2\/pages\/2163\/revisions\/2259"}],"wp:attachment":[{"href":"https:\/\/agora.xtec.cat\/iesjoanbosca\/wp-json\/wp\/v2\/media?parent=2163"}],"curies":[{"name":"wp","href":"https:\/\/api.w.org\/{rel}","templated":true}]}}