{"id":2093,"date":"2019-05-07T12:22:32","date_gmt":"2019-05-07T10:22:32","guid":{"rendered":"http:\/\/agora.xtec.cat\/iesjoanbosca\/?page_id=2093"},"modified":"2019-06-17T14:33:30","modified_gmt":"2019-06-17T12:33:30","slug":"preinscripcio-batxillerat-curs-2019-2020","status":"publish","type":"page","link":"https:\/\/agora.xtec.cat\/iesjoanbosca\/preinscripcio-batxillerat-curs-2019-2020\/","title":{"rendered":"PREINSCRIPCI\u00d3 BATXILLERAT CURS 2019-2020"},"content":{"rendered":"<h4><span style=\"color: #000000;\">MOLT IMPORTANT!<\/span><\/h4>\n<h4><span style=\"color: #000000;\">Un cop formalitzada la sol\u00b7licitud de preinscripci\u00f3, heu d&#8217;emplenar el document seg\u00fcent, on fareu constar la tria de modalitat i de mat\u00e8ries optatives, i enviar-lo al correu del centre (institutpedralbes@gmail.com).<\/span><\/h4>\n<ul style=\"list-style-type: disc;\">\n<li><a href=\"https:\/\/drive.google.com\/open?id=1uThC5LKbcnzZ8bED3IDjyj69bBUPnjPC\"><strong>TRIA DE MODALITAT I DE MAT\u00c8RIES OPTATIVES PER CURSAR 1r DE BATXILLERAT<\/strong><\/a><\/li>\n<li><a href=\"https:\/\/drive.google.com\/open?id=1rOnATIix_mtZyDe3OhnhLrFvQxgK5gTN\"><strong>TRIA DE MODALITAT I DE MAT\u00c8RIES OPTATIVES PER CURSAR 2n DE BATXILLERAT<\/strong><\/a><\/li>\n<\/ul>\n<div><\/div>\n<p>Dates de la preinscripci\u00f3: del 14 al 21 de maig<\/p>\n<p>Codi del centre: 08076391<\/p>\n<p>Horari d&#8217;atenci\u00f3 al p\u00fablic:<\/p>\n<ul>\n<li>De dilluns a divendres, de 9.00 h a 13.00 h<\/li>\n<li>Dimecres 15 de maig, dijous 16 de maig, dilluns 20 de maig i dimarts 21 de maig, de 15.00 h a 17.00 h<\/li>\n<\/ul>\n<p><a href=\"https:\/\/drive.google.com\/open?id=1EC_GdP1iPyQtYSh13yMQehKZMT3LiI-1\">OFERTA DE PLACES<\/a><\/p>\n<p><a href=\"https:\/\/www.edubcn.cat\/ca\/alumnat_i_familia\/informacio_general_matriculacio\/acces_als_estudis\/batxillerat#\/4\">SOL\u00b7LICITUD DE PREINSCRIPCI\u00d3<\/a><\/p>\n<p><a href=\"https:\/\/drive.google.com\/open?id=1ma02CA2efp4OPfh15Dn482-27Hew4cG5\">INFORMACI\u00d3 RESUM<\/a><\/p>\n<p><a href=\"https:\/\/www.edubcn.cat\/ca\/alumnat_i_familia\/informacio_general_matriculacio\/acces_als_estudis\/batxillerat\">CALENDAR<\/a><a href=\"https:\/\/www.edubcn.cat\/ca\/alumnat_i_familia\/informacio_general_matriculacio\/acces_als_estudis\/3_16#\/1\">I<\/a><\/p>\n<p><a href=\"https:\/\/www.edubcn.cat\/ca\/alumnat_i_familia\/informacio_general_matriculacio\/acces_als_estudis\/batxillerat\">CRITERIS DE PRIORITAT &#8211; DOCUMENTACI\u00d3<\/a><\/p>\n<p><a href=\"https:\/\/drive.google.com\/open?id=19OvZ4RM6fMWrpLAH6TF5f7SX8KhgVowF\">PLA EDUCATIU<\/a><\/p>\n<p><a href=\"https:\/\/www.edubcn.cat\/ca\/alumnat_i_familia\">INFORMACI\u00d3 DES DEL CONSORCI D&#8217;EDUCACI\u00d3 DE BARCELONA<\/a><\/p>\n","protected":false},"excerpt":{"rendered":"<p>MOLT IMPORTANT!<br \/>\nUn cop formalitzada la sol\u00b7licitud de preinscripci\u00f3, heu d&#8217;emplenar el document seg\u00fcent, on fareu constar la tria de modalitat i de mat\u00e8ries optatives, i enviar-lo al correu del centre (institutpedralbes@gmail.com).<\/p>\n<ul style=\"list-style-type: disc;\">\n<li><a href=\"https:\/\/drive.google.com\/open?id=1uThC5LKbcnzZ8bED3IDjyj69bBUPnjPC\">TRIA DE MODALITAT I DE MAT\u00c8RIES OPTATIVES PER CURSAR 1r DE BATXILLERAT<\/a><\/li>\n<li><a&hellip;  <a href=\"https:\/\/agora.xtec.cat\/iesjoanbosca\/preinscripcio-batxillerat-curs-2019-2020\/\" title=\"Read PREINSCRIPCI\u00d3 BATXILLERAT CURS 2019-2020\">Llegeix m\u00e9s\u00bb<\/a><br \/>\n","protected":false},"author":11,"featured_media":0,"parent":0,"menu_order":0,"comment_status":"closed","ping_status":"closed","template":"","meta":{"_bbp_topic_count":0,"_bbp_reply_count":0,"_bbp_total_topic_count":0,"_bbp_total_reply_count":0,"_bbp_voice_count":0,"_bbp_anonymous_reply_count":0,"_bbp_topic_count_hidden":0,"_bbp_reply_count_hidden":0,"_bbp_forum_subforum_count":0,"footnotes":""},"class_list":["post-2093","page","type-page","status-publish","hentry"],"post_mailing_queue_ids":[],"_links":{"self":[{"href":"https:\/\/agora.xtec.cat\/iesjoanbosca\/wp-json\/wp\/v2\/pages\/2093","targetHints":{"allow":["GET"]}}],"collection":[{"href":"https:\/\/agora.xtec.cat\/iesjoanbosca\/wp-json\/wp\/v2\/pages"}],"about":[{"href":"https:\/\/agora.xtec.cat\/iesjoanbosca\/wp-json\/wp\/v2\/types\/page"}],"author":[{"embeddable":true,"href":"https:\/\/agora.xtec.cat\/iesjoanbosca\/wp-json\/wp\/v2\/users\/11"}],"replies":[{"embeddable":true,"href":"https:\/\/agora.xtec.cat\/iesjoanbosca\/wp-json\/wp\/v2\/comments?post=2093"}],"version-history":[{"count":6,"href":"https:\/\/agora.xtec.cat\/iesjoanbosca\/wp-json\/wp\/v2\/pages\/2093\/revisions"}],"predecessor-version":[{"id":2248,"href":"https:\/\/agora.xtec.cat\/iesjoanbosca\/wp-json\/wp\/v2\/pages\/2093\/revisions\/2248"}],"wp:attachment":[{"href":"https:\/\/agora.xtec.cat\/iesjoanbosca\/wp-json\/wp\/v2\/media?parent=2093"}],"curies":[{"name":"wp","href":"https:\/\/api.w.org\/{rel}","templated":true}]}}