{"id":688,"date":"2016-11-19T19:00:05","date_gmt":"2016-11-19T18:00:05","guid":{"rendered":"http:\/\/agora.xtec.cat\/iesjoanamigo\/?page_id=688"},"modified":"2016-12-15T11:18:59","modified_gmt":"2016-12-15T10:18:59","slug":"normativa","status":"publish","type":"page","link":"https:\/\/agora.xtec.cat\/iesjoanamigo\/oferta-formativa\/cfgm-sistemes-microinformatics-i-xarxes\/normativa\/","title":{"rendered":"Normativa"},"content":{"rendered":"<h5>T\u00edtol<\/h5>\n<p>El t\u00edtol de T\u00e8cnic en Sistemes Microinform\u00e0tics i Xarxes (SMX) es basa en el <a href=\"http:\/\/dogc.gencat.cat\/ca\/pdogc_canals_interns\/pdogc_resultats_fitxa\/?action=fitxa&amp;documentId=640586\">Decret 193\/2013<\/a>.<\/p>\n<h5>Formaci\u00f3 professional en zones de baixa densitat de poblaci\u00f3<\/h5>\n<p>El cicle formatiu que es cursa al nostre institut est\u00e0 regit per la <a href=\"http:\/\/dogc.gencat.cat\/ca\/pdogc_canals_interns\/pdogc_resultats_fitxa\/?action=fitxa&amp;documentId=517018\">Resoluci\u00f3 EDU\/1492\/2009<\/a>, on es d\u00f3na tota la informaci\u00f3 legal sobre el funcionament del cicle al nostre institut.<\/p>\n<p>Tamb\u00e9 es pot consultar la <a href=\"http:\/\/dogc.gencat.cat\/ca\/pdogc_canals_interns\/pdogc_resultats_fitxa\/?action=fitxa&amp;documentId=549002\">Resoluci\u00f3 EDU\/2963\/2010<\/a>, amb la informaci\u00f3 de l&#8217;ampliaci\u00f3 del nombre de centres amb l&#8217;experi\u00e8ncia anterior i on surt reconegut el nostre institut.<\/p>\n","protected":false},"excerpt":{"rendered":"<p>T\u00edtol El t\u00edtol de T\u00e8cnic en Sistemes Microinform\u00e0tics i Xarxes (SMX) es basa en el Decret 193\/2013. Formaci\u00f3 professional en zones de baixa densitat de poblaci\u00f3 El cicle formatiu que es cursa al nostre institut est\u00e0 regit per la Resoluci\u00f3 EDU\/1492\/2009, on es d\u00f3na tota la informaci\u00f3 legal sobre el funcionament del cicle al nostre [&hellip;]<\/p>\n","protected":false},"author":1,"featured_media":0,"parent":586,"menu_order":15,"comment_status":"closed","ping_status":"closed","template":"page-templates\/side-menu.php","meta":{"_bbp_topic_count":0,"_bbp_reply_count":0,"_bbp_total_topic_count":0,"_bbp_total_reply_count":0,"_bbp_voice_count":0,"_bbp_anonymous_reply_count":0,"_bbp_topic_count_hidden":0,"_bbp_reply_count_hidden":0,"_bbp_forum_subforum_count":0,"site-sidebar-layout":"default","site-content-layout":"","ast-site-content-layout":"","site-content-style":"default","site-sidebar-style":"default","ast-global-header-display":"","ast-banner-title-visibility":"","ast-main-header-display":"","ast-hfb-above-header-display":"","ast-hfb-below-header-display":"","ast-hfb-mobile-header-display":"","site-post-title":"","ast-breadcrumbs-content":"","ast-featured-img":"","footer-sml-layout":"","theme-transparent-header-meta":"","adv-header-id-meta":"","stick-header-meta":"","header-above-stick-meta":"","header-main-stick-meta":"","header-below-stick-meta":"","astra-migrate-meta-layouts":"default","ast-page-background-enabled":"default","ast-page-background-meta":{"desktop":{"background-color":"var(--ast-global-color-4)","background-image":"","background-repeat":"repeat","background-position":"center center","background-size":"auto","background-attachment":"scroll","background-type":"","background-media":"","overlay-type":"","overlay-color":"","overlay-opacity":"","overlay-gradient":""},"tablet":{"background-color":"","background-image":"","background-repeat":"repeat","background-position":"center center","background-size":"auto","background-attachment":"scroll","background-type":"","background-media":"","overlay-type":"","overlay-color":"","overlay-opacity":"","overlay-gradient":""},"mobile":{"background-color":"","background-image":"","background-repeat":"repeat","background-position":"center center","background-size":"auto","background-attachment":"scroll","background-type":"","background-media":"","overlay-type":"","overlay-color":"","overlay-opacity":"","overlay-gradient":""}},"ast-content-background-meta":{"desktop":{"background-color":"var(--ast-global-color-5)","background-image":"","background-repeat":"repeat","background-position":"center center","background-size":"auto","background-attachment":"scroll","background-type":"","background-media":"","overlay-type":"","overlay-color":"","overlay-opacity":"","overlay-gradient":""},"tablet":{"background-color":"var(--ast-global-color-5)","background-image":"","background-repeat":"repeat","background-position":"center center","background-size":"auto","background-attachment":"scroll","background-type":"","background-media":"","overlay-type":"","overlay-color":"","overlay-opacity":"","overlay-gradient":""},"mobile":{"background-color":"var(--ast-global-color-5)","background-image":"","background-repeat":"repeat","background-position":"center center","background-size":"auto","background-attachment":"scroll","background-type":"","background-media":"","overlay-type":"","overlay-color":"","overlay-opacity":"","overlay-gradient":""}},"footnotes":""},"class_list":["post-688","page","type-page","status-publish","hentry"],"post_mailing_queue_ids":[],"_links":{"self":[{"href":"https:\/\/agora.xtec.cat\/iesjoanamigo\/wp-json\/wp\/v2\/pages\/688","targetHints":{"allow":["GET"]}}],"collection":[{"href":"https:\/\/agora.xtec.cat\/iesjoanamigo\/wp-json\/wp\/v2\/pages"}],"about":[{"href":"https:\/\/agora.xtec.cat\/iesjoanamigo\/wp-json\/wp\/v2\/types\/page"}],"author":[{"embeddable":true,"href":"https:\/\/agora.xtec.cat\/iesjoanamigo\/wp-json\/wp\/v2\/users\/1"}],"replies":[{"embeddable":true,"href":"https:\/\/agora.xtec.cat\/iesjoanamigo\/wp-json\/wp\/v2\/comments?post=688"}],"version-history":[{"count":2,"href":"https:\/\/agora.xtec.cat\/iesjoanamigo\/wp-json\/wp\/v2\/pages\/688\/revisions"}],"predecessor-version":[{"id":836,"href":"https:\/\/agora.xtec.cat\/iesjoanamigo\/wp-json\/wp\/v2\/pages\/688\/revisions\/836"}],"up":[{"embeddable":true,"href":"https:\/\/agora.xtec.cat\/iesjoanamigo\/wp-json\/wp\/v2\/pages\/586"}],"wp:attachment":[{"href":"https:\/\/agora.xtec.cat\/iesjoanamigo\/wp-json\/wp\/v2\/media?parent=688"}],"curies":[{"name":"wp","href":"https:\/\/api.w.org\/{rel}","templated":true}]}}