{"id":685,"date":"2016-11-19T18:54:49","date_gmt":"2016-11-19T17:54:49","guid":{"rendered":"http:\/\/agora.xtec.cat\/iesjoanamigo\/?page_id=685"},"modified":"2016-11-19T18:55:21","modified_gmt":"2016-11-19T17:55:21","slug":"moduls-professionals","status":"publish","type":"page","link":"https:\/\/agora.xtec.cat\/iesjoanamigo\/oferta-formativa\/cfgm-sistemes-microinformatics-i-xarxes\/moduls-professionals\/","title":{"rendered":"M\u00f2duls professionals"},"content":{"rendered":"<p>Aquests son els m\u00f2duls professionals i les corresponents unitats formatives (amb la corresponent assignaci\u00f3 hor\u00e0ria):<\/p>\n<ul>\n<li><strong>M\u00f2dul 1: Muntatge i manteniment d&#8217;equips<\/strong> (198 hores)\n<ul>\n<li>UF 1: Electricitat a l\u2019ordinador: 25 hores<\/li>\n<li>UF 2: Components d\u2019un equip microinform\u00e0tic: 28 hores<\/li>\n<li>UF 3: Muntatge d\u2019un equip microinform\u00e0tic: 28 hores<\/li>\n<li>UF 4: Noves tend\u00e8ncies de muntatge: 28 hores<\/li>\n<li>UF 5: Manteniment d\u2019equips microinform\u00e0tics: 28 hores<\/li>\n<li>UF 6: Instal\u00b7laci\u00f3 de programari: 28 hores<\/li>\n<\/ul>\n<\/li>\n<li><strong>M\u00f2dul 2: Sistemes Operatius Monolloc<\/strong> (132 hores)\n<ul>\n<li>UF 1: Introducci\u00f3 als sistemes operatius: 44 hores<\/li>\n<li>UF 2: Sistemes operatius propietaris: 44 hores<\/li>\n<li>UF 3: Sistemes operatius lliures: 44 hores<\/li>\n<\/ul>\n<\/li>\n<li><strong>M\u00f2dul 3: Aplicacions ofim\u00e0tiques<\/strong> (165 hores)\n<ul>\n<li>UF 1: Aplicacions ofim\u00e0tiques i atenci\u00f3 a l\u2019usuari: 20 hores<\/li>\n<li>UF 2: El correu i l\u2019agenda electr\u00f2nica: 20 hores<\/li>\n<li>UF 3: Processadors de text: 30 hores<\/li>\n<li>UF 4: Fulls de c\u00e0lcul: 30 hores<\/li>\n<li>UF 5: Bases de dades: 35 hores<\/li>\n<li>UF 6: Imatge i v\u00eddeo \u2013 Presentacions: 30 hores<\/li>\n<\/ul>\n<\/li>\n<li><strong>M\u00f2dul 4: Sistemes operatius en xarxa<\/strong> (132 hores)\n<ul>\n<li>UF 1: Sistemes operatius propietaris en xarxa: 36 hores<\/li>\n<li>UF 2: Sistemes operatius lliures en xarxa: 36 hores<\/li>\n<li>UF 3: Compartici\u00f3 de recursos i seguretat: 24 hores<\/li>\n<li>UF 4: Integraci\u00f3 de sistemes operatius: 36 hores<\/li>\n<\/ul>\n<\/li>\n<li><strong>M\u00f2dul 5: Xarxes locals<\/strong> (165 hores)\n<ul>\n<li>UF 1: Introducci\u00f3 a les xarxes locals: 66 hores<\/li>\n<li>UF 2: Configuraci\u00f3 de commutadors i encaminadors: 66 hores<\/li>\n<li>UF 3: Resoluci\u00f3 d&#8217;incid\u00e8ncies en xarxes locals: 33 hores<\/li>\n<\/ul>\n<\/li>\n<li><strong>M\u00f2dul 6: Seguretat inform\u00e0tica<\/strong> (132 hores)\n<ul>\n<li>UF 1: Seguretat passiva: 24 hores<\/li>\n<li>UF 2: C\u00f2pies de seguretat: 26 hores<\/li>\n<li>UF 3: Legislaci\u00f3 de seguretat i protecci\u00f3 de dades: 20 hores<\/li>\n<li>UF 4: Seguretat activa: 24 hores<\/li>\n<li>UF 5: Tallafocs i monitoratge de xarxes: 38 hores<\/li>\n<\/ul>\n<\/li>\n<li><strong>M\u00f2dul 7: Serveis de xarxa<\/strong> (165 hores)\n<ul>\n<li>UF 1: Configuraci\u00f3 de la xarxa (DNS i DHCP): 36 hores<\/li>\n<li>UF 2: Correu electr\u00f2nic i transmissi\u00f3 d\u2019arxius: 32 hores<\/li>\n<li>UF 3: Servidors web i proxy: 32 hores<\/li>\n<li>UF 4: Acc\u00e9s a sistemes remots: 32 hores<\/li>\n<\/ul>\n<\/li>\n<li><strong>M\u00f2dul 8: Aplicacions Web<\/strong> (198 hores)\n<ul>\n<li>UF 1: Ofim\u00e0tica i eines web: 22 hores<\/li>\n<li>UF 2: Gestors d\u2019arxius web: 25 hores<\/li>\n<li>UF 3: Gestors de continguts: 30 hores<\/li>\n<li>UF 4: Portals web d\u2019aprenentatge: 30 hores<\/li>\n<li>UF 5: Fonaments d&#8217;HTML i fulls d&#8217;estils: 58 hores<\/li>\n<\/ul>\n<\/li>\n<li><strong>M\u00f2dul 9: Formaci\u00f3 i orientaci\u00f3 laboral<\/strong> (99 hores)\n<ul>\n<li>UF 1: Incorporaci\u00f3 al treball: 66 hores<\/li>\n<li>UF 2: Prevenci\u00f3 de riscos laborals: 33 hores<\/li>\n<\/ul>\n<\/li>\n<li><strong>M\u00f2dul 10: Empresa i iniciativa emprenedora<\/strong> (66 hores)<\/li>\n<li><strong>M\u00f2dul 11: Angl\u00e8s<\/strong> (99 hores)<\/li>\n<li><strong>M\u00f2dul 12: S\u00edntesi<\/strong> (99 hores)<\/li>\n<li><strong>M\u00f2dul 13: Formaci\u00f3 en centres de treball<\/strong> (350 hores)<\/li>\n<\/ul>\n","protected":false},"excerpt":{"rendered":"<p>Aquests son els m\u00f2duls professionals i les corresponents unitats formatives (amb la corresponent assignaci\u00f3 hor\u00e0ria): M\u00f2dul 1: Muntatge i manteniment d&#8217;equips (198 hores) UF 1: Electricitat a l\u2019ordinador: 25 hores UF 2: Components d\u2019un equip microinform\u00e0tic: 28 hores UF 3: Muntatge d\u2019un equip microinform\u00e0tic: 28 hores UF 4: Noves tend\u00e8ncies de muntatge: 28 hores UF [&hellip;]<\/p>\n","protected":false},"author":1,"featured_media":0,"parent":586,"menu_order":5,"comment_status":"closed","ping_status":"closed","template":"page-templates\/side-menu.php","meta":{"_bbp_topic_count":0,"_bbp_reply_count":0,"_bbp_total_topic_count":0,"_bbp_total_reply_count":0,"_bbp_voice_count":0,"_bbp_anonymous_reply_count":0,"_bbp_topic_count_hidden":0,"_bbp_reply_count_hidden":0,"_bbp_forum_subforum_count":0,"site-sidebar-layout":"default","site-content-layout":"","ast-site-content-layout":"","site-content-style":"default","site-sidebar-style":"default","ast-global-header-display":"","ast-banner-title-visibility":"","ast-main-header-display":"","ast-hfb-above-header-display":"","ast-hfb-below-header-display":"","ast-hfb-mobile-header-display":"","site-post-title":"","ast-breadcrumbs-content":"","ast-featured-img":"","footer-sml-layout":"","theme-transparent-header-meta":"","adv-header-id-meta":"","stick-header-meta":"","header-above-stick-meta":"","header-main-stick-meta":"","header-below-stick-meta":"","astra-migrate-meta-layouts":"default","ast-page-background-enabled":"default","ast-page-background-meta":{"desktop":{"background-color":"var(--ast-global-color-4)","background-image":"","background-repeat":"repeat","background-position":"center center","background-size":"auto","background-attachment":"scroll","background-type":"","background-media":"","overlay-type":"","overlay-color":"","overlay-opacity":"","overlay-gradient":""},"tablet":{"background-color":"","background-image":"","background-repeat":"repeat","background-position":"center center","background-size":"auto","background-attachment":"scroll","background-type":"","background-media":"","overlay-type":"","overlay-color":"","overlay-opacity":"","overlay-gradient":""},"mobile":{"background-color":"","background-image":"","background-repeat":"repeat","background-position":"center center","background-size":"auto","background-attachment":"scroll","background-type":"","background-media":"","overlay-type":"","overlay-color":"","overlay-opacity":"","overlay-gradient":""}},"ast-content-background-meta":{"desktop":{"background-color":"var(--ast-global-color-5)","background-image":"","background-repeat":"repeat","background-position":"center center","background-size":"auto","background-attachment":"scroll","background-type":"","background-media":"","overlay-type":"","overlay-color":"","overlay-opacity":"","overlay-gradient":""},"tablet":{"background-color":"var(--ast-global-color-5)","background-image":"","background-repeat":"repeat","background-position":"center center","background-size":"auto","background-attachment":"scroll","background-type":"","background-media":"","overlay-type":"","overlay-color":"","overlay-opacity":"","overlay-gradient":""},"mobile":{"background-color":"var(--ast-global-color-5)","background-image":"","background-repeat":"repeat","background-position":"center center","background-size":"auto","background-attachment":"scroll","background-type":"","background-media":"","overlay-type":"","overlay-color":"","overlay-opacity":"","overlay-gradient":""}},"footnotes":""},"class_list":["post-685","page","type-page","status-publish","hentry"],"post_mailing_queue_ids":[],"_links":{"self":[{"href":"https:\/\/agora.xtec.cat\/iesjoanamigo\/wp-json\/wp\/v2\/pages\/685","targetHints":{"allow":["GET"]}}],"collection":[{"href":"https:\/\/agora.xtec.cat\/iesjoanamigo\/wp-json\/wp\/v2\/pages"}],"about":[{"href":"https:\/\/agora.xtec.cat\/iesjoanamigo\/wp-json\/wp\/v2\/types\/page"}],"author":[{"embeddable":true,"href":"https:\/\/agora.xtec.cat\/iesjoanamigo\/wp-json\/wp\/v2\/users\/1"}],"replies":[{"embeddable":true,"href":"https:\/\/agora.xtec.cat\/iesjoanamigo\/wp-json\/wp\/v2\/comments?post=685"}],"version-history":[{"count":1,"href":"https:\/\/agora.xtec.cat\/iesjoanamigo\/wp-json\/wp\/v2\/pages\/685\/revisions"}],"predecessor-version":[{"id":686,"href":"https:\/\/agora.xtec.cat\/iesjoanamigo\/wp-json\/wp\/v2\/pages\/685\/revisions\/686"}],"up":[{"embeddable":true,"href":"https:\/\/agora.xtec.cat\/iesjoanamigo\/wp-json\/wp\/v2\/pages\/586"}],"wp:attachment":[{"href":"https:\/\/agora.xtec.cat\/iesjoanamigo\/wp-json\/wp\/v2\/media?parent=685"}],"curies":[{"name":"wp","href":"https:\/\/api.w.org\/{rel}","templated":true}]}}